{"id":30288,"date":"2026-02-09T16:05:58","date_gmt":"2026-02-09T14:05:58","guid":{"rendered":"https:\/\/10motifs.com\/?post_type=product&#038;p=30288"},"modified":"2026-02-09T20:47:48","modified_gmt":"2026-02-09T18:47:48","slug":"individualizuota-pakuote","status":"publish","type":"product","link":"https:\/\/10motifs.com\/lt\/produktas\/individualizuota-pakuote\/","title":{"rendered":"[&nbsp;Individualizuota pakuot\u0117&nbsp;]"},"content":{"rendered":"<p style=\"text-align: center;\">Bonjour, meil\u0117 \u2013 detal\u0117se\u2764\ufe0f<\/p>\n<p style=\"text-align: center;\">O personalizavimas \u2013 tai kai dovana kalba vardu\u2728<br \/>\nVienodos daiktos pamir\u0161tamos.<br \/>\nO d\u0117\u017eut\u0117 su jo ar jos vardu \u2013 lieka.<br \/>\nNes tai jau ne tik pakuot\u0117.<br \/>\nTai \u017eenklas: \u201eA\u0161 galvojau b\u016btent apie tave\u201c.<\/p>\n<p style=\"text-align: center;\">\u2728 Kod\u0117l personalizuota pakuot\u0117 yra wow:<\/p>\n<p style=\"text-align: center;\">\u2014 i\u0161 karto sukelia emocijas<br \/>\n\u2014 atrodo kaip dovana, o ne pirkimas<br \/>\n\u2014 sukuria i\u0161skirtinumo jausm\u0105<br \/>\n\u2014 norisi i\u0161saugoti, o ne i\u0161mesti<\/p>\n<p style=\"text-align: center;\">Ypatingoms dienoms ir \u0161vent\u0117ms mes, \u201e10motifs\u201c, gaminame pakuotes, kurios kalba u\u017e jus:<br \/>\napie jausmus, r\u016bpest\u012f ir d\u0117mes\u012f smulkmenoms \u2764\ufe0f<\/p>\n<p style=\"text-align: center;\">Prid\u0117kite vard\u0105.<br \/>\nPrid\u0117kite \u0161ird\u012f.<br \/>\nPrid\u0117kite meil\u0119.<br \/>\nNes brangiausios dovanos yra asmenin\u0117s \ud83d\udc8c<\/p>\n","protected":false},"excerpt":{"rendered":"<p>Stora matinio kartono d\u0117\u017eut\u0117 paver\u010dia pirkim\u0105 dovana \u2764\ufe0f<br \/>\nMes kruop\u0161\u010diai supakuosime u\u017esakym\u0105, kad jis b\u016bt\u0173 pristatytas idealios b\u016bkl\u0117s ir paruo\u0161tas \u012fteikimui. Svarbiausia \u2013 individualizavimas: u\u017esakymo komentaruose galite nurodyti bet kok\u012f tekst\u0105 ar vard\u0105, kur\u012f norite \u012fra\u0161yti ant pakuot\u0117s, ir mes supakuosime d\u0117\u017eut\u0119 taip, kaip j\u016bs norite. Ma\u017ea detal\u0117, kuri padaro dovan\u0105 tikrai asmeni\u0161ka<\/p>\n<p>Avec l&#8217;amour, 10motifs [\ud83e\udd0d]<\/p>\n","protected":false},"featured_media":30375,"template":"","meta":[],"product_brand":[],"product_cat":[864,838,1129,922],"product_tag":[],"class_list":{"0":"post-30288","1":"product","2":"type-product","3":"status-publish","4":"has-post-thumbnail","6":"product_cat-aksesuarai","7":"product_cat-dovanos","8":"product_cat-love-box","9":"product_cat-dovanu-rinkiniai-dovanos","10":"product_shipping_class-vidurinis-langelis","12":"first","13":"instock","14":"shipping-taxable","15":"purchasable","16":"product-type-variable","17":"has-default-attributes"},"yoast_head":"<!-- This site is optimized with the Yoast SEO plugin v27.4 - https:\/\/yoast.com\/product\/yoast-seo-wordpress\/ -->\n<title>[ Individualizuota pakuot\u0117 ] pirkti internetu Lietuvoje \u2764\ufe0f 10motifs<\/title>\n<meta name=\"description\" content=\"U\u017esisakykite [ Individualizuota pakuot\u0117 ] su pristatymu Europoje ir JAV. \u2764\ufe0f Kainos Baltarusijos prek\u0117s \u017eenklo drabu\u017ei\u0173 su \u0161irdel\u0117mis internetin\u0117je parduotuv\u0117je 10 motyv\u0173 \u2764\ufe0f 10 motyv\u0173\" \/>\n<meta name=\"robots\" content=\"index, follow, max-snippet:-1, max-image-preview:large, max-video-preview:-1\" \/>\n<link rel=\"canonical\" href=\"https:\/\/10motifs.com\/lt\/produktas\/individualizuota-pakuote\/\" \/>\n<meta property=\"og:locale\" content=\"lt_LT\" \/>\n<meta property=\"og:type\" content=\"article\" \/>\n<meta property=\"og:title\" content=\"[ Individualizuota pakuot\u0117 ] pirkti internetu Lietuvoje \u2764\ufe0f 10motifs\" \/>\n<meta property=\"og:description\" content=\"U\u017esisakykite [ Individualizuota pakuot\u0117 ] su pristatymu Europoje ir JAV. \u2764\ufe0f Kainos Baltarusijos prek\u0117s \u017eenklo drabu\u017ei\u0173 su \u0161irdel\u0117mis internetin\u0117je parduotuv\u0117je 10 motyv\u0173 \u2764\ufe0f 10 motyv\u0173\" \/>\n<meta property=\"og:url\" content=\"https:\/\/10motifs.com\/lt\/produktas\/individualizuota-pakuote\/\" \/>\n<meta property=\"og:site_name\" content=\"10motifs\" \/>\n<meta property=\"article:modified_time\" content=\"2026-02-09T18:47:48+00:00\" \/>\n<meta property=\"og:image\" content=\"https:\/\/10motifs.com\/wp-content\/uploads\/2026\/02\/love-box-6-1.jpg\" \/>\n\t<meta property=\"og:image:width\" content=\"700\" \/>\n\t<meta property=\"og:image:height\" content=\"800\" \/>\n\t<meta property=\"og:image:type\" content=\"image\/jpeg\" \/>\n<meta name=\"twitter:card\" content=\"summary_large_image\" \/>\n<meta name=\"twitter:label1\" content=\"Est. reading time\" \/>\n\t<meta name=\"twitter:data1\" content=\"1 minut\u0117\" \/>\n<script type=\"application\/ld+json\" class=\"yoast-schema-graph\">{\"@context\":\"https:\\\/\\\/schema.org\",\"@graph\":[{\"@type\":\"WebPage\",\"@id\":\"https:\\\/\\\/10motifs.com\\\/lt\\\/produktas\\\/individualizuota-pakuote\\\/\",\"url\":\"https:\\\/\\\/10motifs.com\\\/lt\\\/produktas\\\/individualizuota-pakuote\\\/\",\"name\":\"[ Individualizuota pakuot\u0117 ] pirkti internetu Lietuvoje \u2764\ufe0f 10motifs\",\"isPartOf\":{\"@id\":\"https:\\\/\\\/10motifs.com\\\/lt\\\/#website\"},\"primaryImageOfPage\":{\"@id\":\"https:\\\/\\\/10motifs.com\\\/lt\\\/produktas\\\/individualizuota-pakuote\\\/#primaryimage\"},\"image\":{\"@id\":\"https:\\\/\\\/10motifs.com\\\/lt\\\/produktas\\\/individualizuota-pakuote\\\/#primaryimage\"},\"thumbnailUrl\":\"https:\\\/\\\/10motifs.com\\\/wp-content\\\/uploads\\\/2026\\\/02\\\/love-box-6-1.jpg\",\"datePublished\":\"2026-02-09T14:05:58+00:00\",\"dateModified\":\"2026-02-09T18:47:48+00:00\",\"description\":\"U\u017esisakykite [ Individualizuota pakuot\u0117 ] su pristatymu Europoje ir JAV. \u2764\ufe0f Kainos Baltarusijos prek\u0117s \u017eenklo drabu\u017ei\u0173 su \u0161irdel\u0117mis internetin\u0117je parduotuv\u0117je 10 motyv\u0173 \u2764\ufe0f 10 motyv\u0173\",\"breadcrumb\":{\"@id\":\"https:\\\/\\\/10motifs.com\\\/lt\\\/produktas\\\/individualizuota-pakuote\\\/#breadcrumb\"},\"inLanguage\":\"lt-LT\",\"potentialAction\":[{\"@type\":\"ReadAction\",\"target\":[\"https:\\\/\\\/10motifs.com\\\/lt\\\/produktas\\\/individualizuota-pakuote\\\/\"]}]},{\"@type\":\"ImageObject\",\"inLanguage\":\"lt-LT\",\"@id\":\"https:\\\/\\\/10motifs.com\\\/lt\\\/produktas\\\/individualizuota-pakuote\\\/#primaryimage\",\"url\":\"https:\\\/\\\/10motifs.com\\\/wp-content\\\/uploads\\\/2026\\\/02\\\/love-box-6-1.jpg\",\"contentUrl\":\"https:\\\/\\\/10motifs.com\\\/wp-content\\\/uploads\\\/2026\\\/02\\\/love-box-6-1.jpg\",\"width\":700,\"height\":800,\"caption\":\"Love Box\"},{\"@type\":\"BreadcrumbList\",\"@id\":\"https:\\\/\\\/10motifs.com\\\/lt\\\/produktas\\\/individualizuota-pakuote\\\/#breadcrumb\",\"itemListElement\":[{\"@type\":\"ListItem\",\"position\":1,\"name\":\"Pagrindinis puslapis\",\"item\":\"https:\\\/\\\/10motifs.com\\\/lt\\\/\"},{\"@type\":\"ListItem\",\"position\":2,\"name\":\"Parduotuv\u0117\",\"item\":\"https:\\\/\\\/10motifs.com\\\/lt\\\/parduotuve\\\/\"},{\"@type\":\"ListItem\",\"position\":3,\"name\":\"[ Individualizuota pakuot\u0117 ]\"}]},{\"@type\":\"WebSite\",\"@id\":\"https:\\\/\\\/10motifs.com\\\/lt\\\/#website\",\"url\":\"https:\\\/\\\/10motifs.com\\\/lt\\\/\",\"name\":\"10motifs\",\"description\":\"Internetin\u0117 dizaineri\u0173 drabu\u017ei\u0173 parduotuv\u0117\",\"publisher\":{\"@id\":\"https:\\\/\\\/10motifs.com\\\/lt\\\/#organization\"},\"alternateName\":\"10motifs\",\"potentialAction\":[{\"@type\":\"SearchAction\",\"target\":{\"@type\":\"EntryPoint\",\"urlTemplate\":\"https:\\\/\\\/10motifs.com\\\/lt\\\/?s={search_term_string}\"},\"query-input\":{\"@type\":\"PropertyValueSpecification\",\"valueRequired\":true,\"valueName\":\"search_term_string\"}}],\"inLanguage\":\"lt-LT\"},{\"@type\":\"Organization\",\"@id\":\"https:\\\/\\\/10motifs.com\\\/lt\\\/#organization\",\"name\":\"10motifs\",\"alternateName\":\"10motifs\",\"url\":\"https:\\\/\\\/10motifs.com\\\/lt\\\/\",\"logo\":{\"@type\":\"ImageObject\",\"inLanguage\":\"lt-LT\",\"@id\":\"https:\\\/\\\/10motifs.com\\\/lt\\\/#\\\/schema\\\/logo\\\/image\\\/\",\"url\":\"https:\\\/\\\/10motifs.com\\\/wp-content\\\/uploads\\\/2024\\\/04\\\/cropped-img_6859.jpg\",\"contentUrl\":\"https:\\\/\\\/10motifs.com\\\/wp-content\\\/uploads\\\/2024\\\/04\\\/cropped-img_6859.jpg\",\"width\":512,\"height\":512,\"caption\":\"10motifs\"},\"image\":{\"@id\":\"https:\\\/\\\/10motifs.com\\\/lt\\\/#\\\/schema\\\/logo\\\/image\\\/\"},\"sameAs\":[\"https:\\\/\\\/www.instagram.com\\\/10motifs\\\/\"]}]}<\/script>\n<!-- \/ Yoast SEO plugin. -->","yoast_head_json":{"title":"[ Individualizuota pakuot\u0117 ] pirkti internetu Lietuvoje \u2764\ufe0f 10motifs","description":"U\u017esisakykite [ Individualizuota pakuot\u0117 ] su pristatymu Europoje ir JAV. \u2764\ufe0f Kainos Baltarusijos prek\u0117s \u017eenklo drabu\u017ei\u0173 su \u0161irdel\u0117mis internetin\u0117je parduotuv\u0117je 10 motyv\u0173 \u2764\ufe0f 10 motyv\u0173","robots":{"index":"index","follow":"follow","max-snippet":"max-snippet:-1","max-image-preview":"max-image-preview:large","max-video-preview":"max-video-preview:-1"},"canonical":"https:\/\/10motifs.com\/lt\/produktas\/individualizuota-pakuote\/","og_locale":"lt_LT","og_type":"article","og_title":"[ Individualizuota pakuot\u0117 ] pirkti internetu Lietuvoje \u2764\ufe0f 10motifs","og_description":"U\u017esisakykite [ Individualizuota pakuot\u0117 ] su pristatymu Europoje ir JAV. \u2764\ufe0f Kainos Baltarusijos prek\u0117s \u017eenklo drabu\u017ei\u0173 su \u0161irdel\u0117mis internetin\u0117je parduotuv\u0117je 10 motyv\u0173 \u2764\ufe0f 10 motyv\u0173","og_url":"https:\/\/10motifs.com\/lt\/produktas\/individualizuota-pakuote\/","og_site_name":"10motifs","article_modified_time":"2026-02-09T18:47:48+00:00","og_image":[{"width":700,"height":800,"url":"https:\/\/10motifs.com\/wp-content\/uploads\/2026\/02\/love-box-6-1.jpg","type":"image\/jpeg"}],"twitter_card":"summary_large_image","twitter_misc":{"Est. reading time":"1 minut\u0117"},"schema":{"@context":"https:\/\/schema.org","@graph":[{"@type":"WebPage","@id":"https:\/\/10motifs.com\/lt\/produktas\/individualizuota-pakuote\/","url":"https:\/\/10motifs.com\/lt\/produktas\/individualizuota-pakuote\/","name":"[ Individualizuota pakuot\u0117 ] pirkti internetu Lietuvoje \u2764\ufe0f 10motifs","isPartOf":{"@id":"https:\/\/10motifs.com\/lt\/#website"},"primaryImageOfPage":{"@id":"https:\/\/10motifs.com\/lt\/produktas\/individualizuota-pakuote\/#primaryimage"},"image":{"@id":"https:\/\/10motifs.com\/lt\/produktas\/individualizuota-pakuote\/#primaryimage"},"thumbnailUrl":"https:\/\/10motifs.com\/wp-content\/uploads\/2026\/02\/love-box-6-1.jpg","datePublished":"2026-02-09T14:05:58+00:00","dateModified":"2026-02-09T18:47:48+00:00","description":"U\u017esisakykite [ Individualizuota pakuot\u0117 ] su pristatymu Europoje ir JAV. \u2764\ufe0f Kainos Baltarusijos prek\u0117s \u017eenklo drabu\u017ei\u0173 su \u0161irdel\u0117mis internetin\u0117je parduotuv\u0117je 10 motyv\u0173 \u2764\ufe0f 10 motyv\u0173","breadcrumb":{"@id":"https:\/\/10motifs.com\/lt\/produktas\/individualizuota-pakuote\/#breadcrumb"},"inLanguage":"lt-LT","potentialAction":[{"@type":"ReadAction","target":["https:\/\/10motifs.com\/lt\/produktas\/individualizuota-pakuote\/"]}]},{"@type":"ImageObject","inLanguage":"lt-LT","@id":"https:\/\/10motifs.com\/lt\/produktas\/individualizuota-pakuote\/#primaryimage","url":"https:\/\/10motifs.com\/wp-content\/uploads\/2026\/02\/love-box-6-1.jpg","contentUrl":"https:\/\/10motifs.com\/wp-content\/uploads\/2026\/02\/love-box-6-1.jpg","width":700,"height":800,"caption":"Love Box"},{"@type":"BreadcrumbList","@id":"https:\/\/10motifs.com\/lt\/produktas\/individualizuota-pakuote\/#breadcrumb","itemListElement":[{"@type":"ListItem","position":1,"name":"Pagrindinis puslapis","item":"https:\/\/10motifs.com\/lt\/"},{"@type":"ListItem","position":2,"name":"Parduotuv\u0117","item":"https:\/\/10motifs.com\/lt\/parduotuve\/"},{"@type":"ListItem","position":3,"name":"[ Individualizuota pakuot\u0117 ]"}]},{"@type":"WebSite","@id":"https:\/\/10motifs.com\/lt\/#website","url":"https:\/\/10motifs.com\/lt\/","name":"10motifs","description":"Internetin\u0117 dizaineri\u0173 drabu\u017ei\u0173 parduotuv\u0117","publisher":{"@id":"https:\/\/10motifs.com\/lt\/#organization"},"alternateName":"10motifs","potentialAction":[{"@type":"SearchAction","target":{"@type":"EntryPoint","urlTemplate":"https:\/\/10motifs.com\/lt\/?s={search_term_string}"},"query-input":{"@type":"PropertyValueSpecification","valueRequired":true,"valueName":"search_term_string"}}],"inLanguage":"lt-LT"},{"@type":"Organization","@id":"https:\/\/10motifs.com\/lt\/#organization","name":"10motifs","alternateName":"10motifs","url":"https:\/\/10motifs.com\/lt\/","logo":{"@type":"ImageObject","inLanguage":"lt-LT","@id":"https:\/\/10motifs.com\/lt\/#\/schema\/logo\/image\/","url":"https:\/\/10motifs.com\/wp-content\/uploads\/2024\/04\/cropped-img_6859.jpg","contentUrl":"https:\/\/10motifs.com\/wp-content\/uploads\/2024\/04\/cropped-img_6859.jpg","width":512,"height":512,"caption":"10motifs"},"image":{"@id":"https:\/\/10motifs.com\/lt\/#\/schema\/logo\/image\/"},"sameAs":["https:\/\/www.instagram.com\/10motifs\/"]}]}},"_links":{"self":[{"href":"https:\/\/10motifs.com\/lt\/wp-json\/wp\/v2\/product\/30288","targetHints":{"allow":["GET"]}}],"collection":[{"href":"https:\/\/10motifs.com\/lt\/wp-json\/wp\/v2\/product"}],"about":[{"href":"https:\/\/10motifs.com\/lt\/wp-json\/wp\/v2\/types\/product"}],"version-history":[{"count":4,"href":"https:\/\/10motifs.com\/lt\/wp-json\/wp\/v2\/product\/30288\/revisions"}],"predecessor-version":[{"id":30436,"href":"https:\/\/10motifs.com\/lt\/wp-json\/wp\/v2\/product\/30288\/revisions\/30436"}],"wp:featuredmedia":[{"embeddable":true,"href":"https:\/\/10motifs.com\/lt\/wp-json\/wp\/v2\/media\/30375"}],"wp:attachment":[{"href":"https:\/\/10motifs.com\/lt\/wp-json\/wp\/v2\/media?parent=30288"}],"wp:term":[{"taxonomy":"product_brand","embeddable":true,"href":"https:\/\/10motifs.com\/lt\/wp-json\/wp\/v2\/product_brand?post=30288"},{"taxonomy":"product_cat","embeddable":true,"href":"https:\/\/10motifs.com\/lt\/wp-json\/wp\/v2\/product_cat?post=30288"},{"taxonomy":"product_tag","embeddable":true,"href":"https:\/\/10motifs.com\/lt\/wp-json\/wp\/v2\/product_tag?post=30288"}],"curies":[{"name":"wp","href":"https:\/\/api.w.org\/{rel}","templated":true}]}}