{"id":29902,"date":"2026-01-29T17:22:05","date_gmt":"2026-01-29T15:22:05","guid":{"rendered":"https:\/\/10motifs.com\/?post_type=product&#038;p=29902"},"modified":"2026-01-29T21:03:20","modified_gmt":"2026-01-29T19:03:20","slug":"10motifs-pukuota-kepure","status":"publish","type":"product","link":"https:\/\/10motifs.com\/lt\/produktas\/10motifs-pukuota-kepure\/","title":{"rendered":"[&nbsp;10motifs P\u016bkuota kepur\u0117&nbsp;]"},"content":{"rendered":"<p style=\"text-align: center;\">\u012esivaizduokite, kad yra \u017eenklas, pagal kur\u012f<br \/>\ngalima atpa\u017einti artim\u0105 \u017emog\u0173 \u2013 pana\u0161\u0173<br \/>\njausmais, nuotaika ir po\u017ei\u016briu \u012f pasaul\u012f.<br \/>\n\u201e10motifs\u201c mes suk\u016br\u0117me \u0161irdeles kaip meil\u0117s,<br \/>\n\u0161ilumos ir vienyb\u0117s simbol\u012f.<br \/>\nTai ne tik dizaino elementas \u2013 tai \u017eenklas,<br \/>\npriklausantis tiems, kurie jau\u010dia t\u0105 pat\u012f.<\/p>\n<p style=\"text-align: center;\">Ne\u0161iokite m\u016bs\u0173 kepures su pasidid\u017eiavimu.<br \/>\nB\u016bkite atpa\u017e\u012fstami bet kurioje pasaulio vietoje.<\/p>\n","protected":false},"excerpt":{"rendered":"<p>Kai d\u0117vite 10motifs kepur\u0119, netgi \u0161al\u010diausios dienos nebekelia baim\u0117s, o \u017eiema tampa ilgo pasivaik\u0161\u010diojimo, jauki\u0173 mar\u0161rut\u0173 ir ma\u017e\u0173 atradim\u0173 laiku.<\/p>\n<p>M\u016bs\u0173 kepur\u0117 \u2013 pagrindin\u0117 \u0161altojo sezono heroj\u0117. \u0160ilta, atpa\u017e\u012fstama ir lengvai deranti prie bet kokio \u012fvaizd\u017eio \u2013 nuo atsipalaidavusio nam\u0173 iki miesto ir eleganti\u0161ko. Ji \u0161ildo ne tik galv\u0105, bet ir nuotaik\u0105 \ud83e\udd0d Ir jei nenor\u0117site jos nusiimti \u2013 mes nekalti.<\/p>\n<p>O jei nor\u0117site \u012f savo garderob\u0105 \u012ftraukti dar \u0161iek tiek \u0161ilumos \u2013 mes b\u016bsime \u0161alia.<\/p>\n<p>Dydis: universalus<br \/>\nVisi\u0161kai rank\u0173 darbo<\/p>\n<p>Avec l&#8217;amour, 10motifs [\ud83e\udd0d]<\/p>\n","protected":false},"featured_media":29995,"template":"","meta":[],"product_brand":[],"product_cat":[838,874],"product_tag":[],"class_list":{"0":"post-29902","1":"product","2":"type-product","3":"status-publish","4":"has-post-thumbnail","6":"product_cat-dovanos","7":"product_cat-kepures-panama-skrybeles","8":"product_shipping_class-vidurinis-langelis","10":"first","11":"instock","12":"shipping-taxable","13":"purchasable","14":"product-type-variable"},"yoast_head":"<!-- This site is optimized with the Yoast SEO plugin v27.3 - https:\/\/yoast.com\/product\/yoast-seo-wordpress\/ -->\n<title>[ 10motifs P\u016bkuota kepur\u0117 ] pirkti internetu Lietuvoje \u2764\ufe0f 10motifs<\/title>\n<meta name=\"description\" content=\"U\u017esisakykite [ 10motifs P\u016bkuota kepur\u0117 ] su pristatymu Europoje ir JAV. \u2764\ufe0f Kainos Baltarusijos prek\u0117s \u017eenklo drabu\u017ei\u0173 su \u0161irdel\u0117mis internetin\u0117je parduotuv\u0117je 10 motyv\u0173 \u2764\ufe0f 10 motyv\u0173\" \/>\n<meta name=\"robots\" content=\"index, follow, max-snippet:-1, max-image-preview:large, max-video-preview:-1\" \/>\n<link rel=\"canonical\" href=\"https:\/\/10motifs.com\/lt\/produktas\/10motifs-pukuota-kepure\/\" \/>\n<meta property=\"og:locale\" content=\"lt_LT\" \/>\n<meta property=\"og:type\" content=\"article\" \/>\n<meta property=\"og:title\" content=\"[ 10motifs P\u016bkuota kepur\u0117 ] pirkti internetu Lietuvoje \u2764\ufe0f 10motifs\" \/>\n<meta property=\"og:description\" content=\"U\u017esisakykite [ 10motifs P\u016bkuota kepur\u0117 ] su pristatymu Europoje ir JAV. \u2764\ufe0f Kainos Baltarusijos prek\u0117s \u017eenklo drabu\u017ei\u0173 su \u0161irdel\u0117mis internetin\u0117je parduotuv\u0117je 10 motyv\u0173 \u2764\ufe0f 10 motyv\u0173\" \/>\n<meta property=\"og:url\" content=\"https:\/\/10motifs.com\/lt\/produktas\/10motifs-pukuota-kepure\/\" \/>\n<meta property=\"og:site_name\" content=\"10motifs\" \/>\n<meta property=\"article:modified_time\" content=\"2026-01-29T19:03:20+00:00\" \/>\n<meta property=\"og:image\" content=\"https:\/\/10motifs.com\/wp-content\/uploads\/2026\/01\/shapochka-zhemchuzhnaya.jpg\" \/>\n\t<meta property=\"og:image:width\" content=\"700\" \/>\n\t<meta property=\"og:image:height\" content=\"800\" \/>\n\t<meta property=\"og:image:type\" content=\"image\/jpeg\" \/>\n<meta name=\"twitter:card\" content=\"summary_large_image\" \/>\n<meta name=\"twitter:label1\" content=\"Est. reading time\" \/>\n\t<meta name=\"twitter:data1\" content=\"1 minut\u0117\" \/>\n<script type=\"application\/ld+json\" class=\"yoast-schema-graph\">{\"@context\":\"https:\\\/\\\/schema.org\",\"@graph\":[{\"@type\":\"WebPage\",\"@id\":\"https:\\\/\\\/10motifs.com\\\/lt\\\/produktas\\\/10motifs-pukuota-kepure\\\/\",\"url\":\"https:\\\/\\\/10motifs.com\\\/lt\\\/produktas\\\/10motifs-pukuota-kepure\\\/\",\"name\":\"[ 10motifs P\u016bkuota kepur\u0117 ] pirkti internetu Lietuvoje \u2764\ufe0f 10motifs\",\"isPartOf\":{\"@id\":\"https:\\\/\\\/10motifs.com\\\/lt\\\/#website\"},\"primaryImageOfPage\":{\"@id\":\"https:\\\/\\\/10motifs.com\\\/lt\\\/produktas\\\/10motifs-pukuota-kepure\\\/#primaryimage\"},\"image\":{\"@id\":\"https:\\\/\\\/10motifs.com\\\/lt\\\/produktas\\\/10motifs-pukuota-kepure\\\/#primaryimage\"},\"thumbnailUrl\":\"https:\\\/\\\/10motifs.com\\\/wp-content\\\/uploads\\\/2026\\\/01\\\/shapochka-zhemchuzhnaya.jpg\",\"datePublished\":\"2026-01-29T15:22:05+00:00\",\"dateModified\":\"2026-01-29T19:03:20+00:00\",\"description\":\"U\u017esisakykite [ 10motifs P\u016bkuota kepur\u0117 ] su pristatymu Europoje ir JAV. \u2764\ufe0f Kainos Baltarusijos prek\u0117s \u017eenklo drabu\u017ei\u0173 su \u0161irdel\u0117mis internetin\u0117je parduotuv\u0117je 10 motyv\u0173 \u2764\ufe0f 10 motyv\u0173\",\"breadcrumb\":{\"@id\":\"https:\\\/\\\/10motifs.com\\\/lt\\\/produktas\\\/10motifs-pukuota-kepure\\\/#breadcrumb\"},\"inLanguage\":\"lt-LT\",\"potentialAction\":[{\"@type\":\"ReadAction\",\"target\":[\"https:\\\/\\\/10motifs.com\\\/lt\\\/produktas\\\/10motifs-pukuota-kepure\\\/\"]}]},{\"@type\":\"ImageObject\",\"inLanguage\":\"lt-LT\",\"@id\":\"https:\\\/\\\/10motifs.com\\\/lt\\\/produktas\\\/10motifs-pukuota-kepure\\\/#primaryimage\",\"url\":\"https:\\\/\\\/10motifs.com\\\/wp-content\\\/uploads\\\/2026\\\/01\\\/shapochka-zhemchuzhnaya.jpg\",\"contentUrl\":\"https:\\\/\\\/10motifs.com\\\/wp-content\\\/uploads\\\/2026\\\/01\\\/shapochka-zhemchuzhnaya.jpg\",\"width\":700,\"height\":800,\"caption\":\"\u0428\u0430\u043f\u043e\u0447\u043a\u0430 \u043f\u0443\u0448\u0438\u0441\u0442\u0438\u043a\"},{\"@type\":\"BreadcrumbList\",\"@id\":\"https:\\\/\\\/10motifs.com\\\/lt\\\/produktas\\\/10motifs-pukuota-kepure\\\/#breadcrumb\",\"itemListElement\":[{\"@type\":\"ListItem\",\"position\":1,\"name\":\"Pagrindinis puslapis\",\"item\":\"https:\\\/\\\/10motifs.com\\\/lt\\\/\"},{\"@type\":\"ListItem\",\"position\":2,\"name\":\"Parduotuv\u0117\",\"item\":\"https:\\\/\\\/10motifs.com\\\/lt\\\/parduotuve\\\/\"},{\"@type\":\"ListItem\",\"position\":3,\"name\":\"[ 10motifs P\u016bkuota kepur\u0117 ]\"}]},{\"@type\":\"WebSite\",\"@id\":\"https:\\\/\\\/10motifs.com\\\/lt\\\/#website\",\"url\":\"https:\\\/\\\/10motifs.com\\\/lt\\\/\",\"name\":\"10motifs\",\"description\":\"Internetin\u0117 dizaineri\u0173 drabu\u017ei\u0173 parduotuv\u0117\",\"publisher\":{\"@id\":\"https:\\\/\\\/10motifs.com\\\/lt\\\/#organization\"},\"alternateName\":\"10motifs\",\"potentialAction\":[{\"@type\":\"SearchAction\",\"target\":{\"@type\":\"EntryPoint\",\"urlTemplate\":\"https:\\\/\\\/10motifs.com\\\/lt\\\/?s={search_term_string}\"},\"query-input\":{\"@type\":\"PropertyValueSpecification\",\"valueRequired\":true,\"valueName\":\"search_term_string\"}}],\"inLanguage\":\"lt-LT\"},{\"@type\":\"Organization\",\"@id\":\"https:\\\/\\\/10motifs.com\\\/lt\\\/#organization\",\"name\":\"10motifs\",\"alternateName\":\"10motifs\",\"url\":\"https:\\\/\\\/10motifs.com\\\/lt\\\/\",\"logo\":{\"@type\":\"ImageObject\",\"inLanguage\":\"lt-LT\",\"@id\":\"https:\\\/\\\/10motifs.com\\\/lt\\\/#\\\/schema\\\/logo\\\/image\\\/\",\"url\":\"https:\\\/\\\/10motifs.com\\\/wp-content\\\/uploads\\\/2024\\\/04\\\/cropped-img_6859.jpg\",\"contentUrl\":\"https:\\\/\\\/10motifs.com\\\/wp-content\\\/uploads\\\/2024\\\/04\\\/cropped-img_6859.jpg\",\"width\":512,\"height\":512,\"caption\":\"10motifs\"},\"image\":{\"@id\":\"https:\\\/\\\/10motifs.com\\\/lt\\\/#\\\/schema\\\/logo\\\/image\\\/\"},\"sameAs\":[\"https:\\\/\\\/www.instagram.com\\\/10motifs\\\/\"]}]}<\/script>\n<!-- \/ Yoast SEO plugin. -->","yoast_head_json":{"title":"[ 10motifs P\u016bkuota kepur\u0117 ] pirkti internetu Lietuvoje \u2764\ufe0f 10motifs","description":"U\u017esisakykite [ 10motifs P\u016bkuota kepur\u0117 ] su pristatymu Europoje ir JAV. \u2764\ufe0f Kainos Baltarusijos prek\u0117s \u017eenklo drabu\u017ei\u0173 su \u0161irdel\u0117mis internetin\u0117je parduotuv\u0117je 10 motyv\u0173 \u2764\ufe0f 10 motyv\u0173","robots":{"index":"index","follow":"follow","max-snippet":"max-snippet:-1","max-image-preview":"max-image-preview:large","max-video-preview":"max-video-preview:-1"},"canonical":"https:\/\/10motifs.com\/lt\/produktas\/10motifs-pukuota-kepure\/","og_locale":"lt_LT","og_type":"article","og_title":"[ 10motifs P\u016bkuota kepur\u0117 ] pirkti internetu Lietuvoje \u2764\ufe0f 10motifs","og_description":"U\u017esisakykite [ 10motifs P\u016bkuota kepur\u0117 ] su pristatymu Europoje ir JAV. \u2764\ufe0f Kainos Baltarusijos prek\u0117s \u017eenklo drabu\u017ei\u0173 su \u0161irdel\u0117mis internetin\u0117je parduotuv\u0117je 10 motyv\u0173 \u2764\ufe0f 10 motyv\u0173","og_url":"https:\/\/10motifs.com\/lt\/produktas\/10motifs-pukuota-kepure\/","og_site_name":"10motifs","article_modified_time":"2026-01-29T19:03:20+00:00","og_image":[{"width":700,"height":800,"url":"https:\/\/10motifs.com\/wp-content\/uploads\/2026\/01\/shapochka-zhemchuzhnaya.jpg","type":"image\/jpeg"}],"twitter_card":"summary_large_image","twitter_misc":{"Est. reading time":"1 minut\u0117"},"schema":{"@context":"https:\/\/schema.org","@graph":[{"@type":"WebPage","@id":"https:\/\/10motifs.com\/lt\/produktas\/10motifs-pukuota-kepure\/","url":"https:\/\/10motifs.com\/lt\/produktas\/10motifs-pukuota-kepure\/","name":"[ 10motifs P\u016bkuota kepur\u0117 ] pirkti internetu Lietuvoje \u2764\ufe0f 10motifs","isPartOf":{"@id":"https:\/\/10motifs.com\/lt\/#website"},"primaryImageOfPage":{"@id":"https:\/\/10motifs.com\/lt\/produktas\/10motifs-pukuota-kepure\/#primaryimage"},"image":{"@id":"https:\/\/10motifs.com\/lt\/produktas\/10motifs-pukuota-kepure\/#primaryimage"},"thumbnailUrl":"https:\/\/10motifs.com\/wp-content\/uploads\/2026\/01\/shapochka-zhemchuzhnaya.jpg","datePublished":"2026-01-29T15:22:05+00:00","dateModified":"2026-01-29T19:03:20+00:00","description":"U\u017esisakykite [ 10motifs P\u016bkuota kepur\u0117 ] su pristatymu Europoje ir JAV. \u2764\ufe0f Kainos Baltarusijos prek\u0117s \u017eenklo drabu\u017ei\u0173 su \u0161irdel\u0117mis internetin\u0117je parduotuv\u0117je 10 motyv\u0173 \u2764\ufe0f 10 motyv\u0173","breadcrumb":{"@id":"https:\/\/10motifs.com\/lt\/produktas\/10motifs-pukuota-kepure\/#breadcrumb"},"inLanguage":"lt-LT","potentialAction":[{"@type":"ReadAction","target":["https:\/\/10motifs.com\/lt\/produktas\/10motifs-pukuota-kepure\/"]}]},{"@type":"ImageObject","inLanguage":"lt-LT","@id":"https:\/\/10motifs.com\/lt\/produktas\/10motifs-pukuota-kepure\/#primaryimage","url":"https:\/\/10motifs.com\/wp-content\/uploads\/2026\/01\/shapochka-zhemchuzhnaya.jpg","contentUrl":"https:\/\/10motifs.com\/wp-content\/uploads\/2026\/01\/shapochka-zhemchuzhnaya.jpg","width":700,"height":800,"caption":"\u0428\u0430\u043f\u043e\u0447\u043a\u0430 \u043f\u0443\u0448\u0438\u0441\u0442\u0438\u043a"},{"@type":"BreadcrumbList","@id":"https:\/\/10motifs.com\/lt\/produktas\/10motifs-pukuota-kepure\/#breadcrumb","itemListElement":[{"@type":"ListItem","position":1,"name":"Pagrindinis puslapis","item":"https:\/\/10motifs.com\/lt\/"},{"@type":"ListItem","position":2,"name":"Parduotuv\u0117","item":"https:\/\/10motifs.com\/lt\/parduotuve\/"},{"@type":"ListItem","position":3,"name":"[ 10motifs P\u016bkuota kepur\u0117 ]"}]},{"@type":"WebSite","@id":"https:\/\/10motifs.com\/lt\/#website","url":"https:\/\/10motifs.com\/lt\/","name":"10motifs","description":"Internetin\u0117 dizaineri\u0173 drabu\u017ei\u0173 parduotuv\u0117","publisher":{"@id":"https:\/\/10motifs.com\/lt\/#organization"},"alternateName":"10motifs","potentialAction":[{"@type":"SearchAction","target":{"@type":"EntryPoint","urlTemplate":"https:\/\/10motifs.com\/lt\/?s={search_term_string}"},"query-input":{"@type":"PropertyValueSpecification","valueRequired":true,"valueName":"search_term_string"}}],"inLanguage":"lt-LT"},{"@type":"Organization","@id":"https:\/\/10motifs.com\/lt\/#organization","name":"10motifs","alternateName":"10motifs","url":"https:\/\/10motifs.com\/lt\/","logo":{"@type":"ImageObject","inLanguage":"lt-LT","@id":"https:\/\/10motifs.com\/lt\/#\/schema\/logo\/image\/","url":"https:\/\/10motifs.com\/wp-content\/uploads\/2024\/04\/cropped-img_6859.jpg","contentUrl":"https:\/\/10motifs.com\/wp-content\/uploads\/2024\/04\/cropped-img_6859.jpg","width":512,"height":512,"caption":"10motifs"},"image":{"@id":"https:\/\/10motifs.com\/lt\/#\/schema\/logo\/image\/"},"sameAs":["https:\/\/www.instagram.com\/10motifs\/"]}]}},"_links":{"self":[{"href":"https:\/\/10motifs.com\/lt\/wp-json\/wp\/v2\/product\/29902","targetHints":{"allow":["GET"]}}],"collection":[{"href":"https:\/\/10motifs.com\/lt\/wp-json\/wp\/v2\/product"}],"about":[{"href":"https:\/\/10motifs.com\/lt\/wp-json\/wp\/v2\/types\/product"}],"version-history":[{"count":3,"href":"https:\/\/10motifs.com\/lt\/wp-json\/wp\/v2\/product\/29902\/revisions"}],"predecessor-version":[{"id":30140,"href":"https:\/\/10motifs.com\/lt\/wp-json\/wp\/v2\/product\/29902\/revisions\/30140"}],"wp:featuredmedia":[{"embeddable":true,"href":"https:\/\/10motifs.com\/lt\/wp-json\/wp\/v2\/media\/29995"}],"wp:attachment":[{"href":"https:\/\/10motifs.com\/lt\/wp-json\/wp\/v2\/media?parent=29902"}],"wp:term":[{"taxonomy":"product_brand","embeddable":true,"href":"https:\/\/10motifs.com\/lt\/wp-json\/wp\/v2\/product_brand?post=29902"},{"taxonomy":"product_cat","embeddable":true,"href":"https:\/\/10motifs.com\/lt\/wp-json\/wp\/v2\/product_cat?post=29902"},{"taxonomy":"product_tag","embeddable":true,"href":"https:\/\/10motifs.com\/lt\/wp-json\/wp\/v2\/product_tag?post=29902"}],"curies":[{"name":"wp","href":"https:\/\/api.w.org\/{rel}","templated":true}]}}