{"id":29376,"date":"2024-12-18T19:01:58","date_gmt":"2024-12-18T17:01:58","guid":{"rendered":"https:\/\/10motifs.com\/?post_type=product&#038;p=29376"},"modified":"2024-12-23T16:49:42","modified_gmt":"2024-12-23T14:49:42","slug":"dovanu-rinkinys-piashchota-jaukumas-kiekviename-geste-copy","status":"publish","type":"product","link":"https:\/\/10motifs.com\/lt\/produktas\/dovanu-rinkinys-piashchota-jaukumas-kiekviename-geste-copy\/","title":{"rendered":"Didelis dovan\u0173 rinkinys [&nbsp;Kahayu&nbsp;]: Meil\u0117s dovana"},"content":{"rendered":"<p style=\"text-align: center;\">Didelis dovan\u0173 rinkinys [\u201eKahayu\u201c] yra tarsi \u0161iltas apkabinimas \u0161alt\u0105 dien\u0105, kuris su\u0161ildo ne tik k\u016bn\u0105, bet ir siel\u0105. \u0160is rinkinys bus puikus b\u016bdas pasakyti \u201ea\u0161 tave myliu\u201c ir parodyti r\u016bpest\u012f, kuris toks svarbus kasdienio gyvenimo \u0161urmulyje.<\/p>\n<p style=\"text-align: center;\">Dovan\u0173 d\u0117\u017eut\u0117 [ Kahayu ]:<br \/>\n&#8211; Rank\u0173 darbo \u0161alikas (pasirinktos spalvos: perlamutras, ro\u017ein\u0117, dangaus, nakties dangus) &#8211; lengvas ir jaukus, jis bus i\u0161tikimas palydovas \u0161altuoju met\u0173 laiku;<br \/>\n&#8211; vilnon\u0117s kojin\u0117s (pasirinktos spalvos: perlamutras, sm\u0117lio spalvos, juoda, \u0161okolado, naktinio dangaus, grafito, pieno, raudona, vyno) &#8211; mink\u0161tos ir \u0161iltos, tarsi \u0161velnus prisilietimas;<br \/>\n&#8211; Aromatin\u0117 \u017evak\u0117 [ Kahayu ] &#8211; saldus ir svaiginantis brangi\u0173 susitikim\u0173 aromatas, kai kiekviena akimirka persmelkta meil\u0117s ir \u0161ilumos.<\/p>\n<p style=\"text-align: center;\">\u0160is rinkinys suteiks jaukumo atmosfer\u0105 ir primins svarbiausius jausmus, kuriuos saugome giliai \u0161irdyje. Leiskite savo artimiesiems pajusti j\u016bs\u0173 r\u016bpest\u012f kiekviename \u0161ios dovanos elemente.<\/p>\n<p style=\"text-align: center;\">Avec amour, 10motifs [ \ud83c\udf84 ]<\/p>\n","protected":false},"excerpt":{"rendered":"<p>Dovan\u0173 rinkinys j\u016bs\u0173 m\u0117gstamiausiam [ Kahayu ]. J\u012f sudaro:<\/p>\n<p>&#8211; \u0161alikas (galite pasirinkti bet koki\u0105 spalv\u0105, nurodykite j\u0105 pastaboje)<br \/>\n&#8211; vilnon\u0117s kojin\u0117s (bet kokios spalvos, nurodykite j\u0105 pastaboje)<br \/>\n&#8211; kvapioji \u017evak\u0117 [ Kahayu ].<\/p>\n<p>\u0160aliko atspalviai: perlamutras, ro\u017ein\u0117, dangaus, nakties dangus<br \/>\nKojini\u0173 atspalviai: perlamutras, sm\u0117lio spalvos, juoda, \u0161okolado, naktinio dangaus, grafito, pieno, raudona, vyno<\/p>\n<p>Avec l&#8217;amour, 10motifs [\ud83e\udd0d]<\/p>\n","protected":false},"featured_media":29385,"template":"","meta":[],"product_brand":[],"product_cat":[922],"product_tag":[],"class_list":{"0":"post-29376","1":"product","2":"type-product","3":"status-publish","4":"has-post-thumbnail","6":"product_cat-dovanu-rinkiniai-dovanos","7":"product_shipping_class-vidurinis-langelis","8":"pa_czveta-sharfa-dangiskasis","9":"pa_czveta-sharfa-nakties-dangus","10":"pa_czveta-sharfa-perlas","11":"pa_czveta-sharfa-rozinis","12":"pa_nosochki-grafitas","13":"pa_nosochki-juoda","14":"pa_nosochki-nakties-dangus","15":"pa_nosochki-perlas-lt","16":"pa_nosochki-pienas","17":"pa_nosochki-scarlet-lt","18":"pa_nosochki-smelio-spalvos","19":"pa_nosochki-sokoladas","20":"pa_nosochki-vyno","22":"first","23":"instock","24":"shipping-taxable","25":"purchasable","26":"product-type-variable"},"yoast_head":"<!-- This site is optimized with the Yoast SEO plugin v27.4 - https:\/\/yoast.com\/product\/yoast-seo-wordpress\/ -->\n<title>Didelis dovan\u0173 rinkinys [ Kahayu ]: Meil\u0117s dovana pirkti internetu Lietuvoje \u2764\ufe0f 10motifs<\/title>\n<meta name=\"description\" content=\"U\u017esisakykite Didelis dovan\u0173 rinkinys [ Kahayu ]: Meil\u0117s dovana su pristatymu Europoje ir JAV. \u2764\ufe0f Kainos Baltarusijos prek\u0117s \u017eenklo drabu\u017ei\u0173 su \u0161irdel\u0117mis internetin\u0117je parduotuv\u0117je 10 motyv\u0173 \u2764\ufe0f 10 motyv\u0173\" \/>\n<meta name=\"robots\" content=\"index, follow, max-snippet:-1, max-image-preview:large, max-video-preview:-1\" \/>\n<link rel=\"canonical\" href=\"https:\/\/10motifs.com\/lt\/produktas\/dovanu-rinkinys-piashchota-jaukumas-kiekviename-geste-copy\/\" \/>\n<meta property=\"og:locale\" content=\"lt_LT\" \/>\n<meta property=\"og:type\" content=\"article\" \/>\n<meta property=\"og:title\" content=\"Didelis dovan\u0173 rinkinys [ Kahayu ]: Meil\u0117s dovana pirkti internetu Lietuvoje \u2764\ufe0f 10motifs\" \/>\n<meta property=\"og:description\" content=\"U\u017esisakykite Didelis dovan\u0173 rinkinys [ Kahayu ]: Meil\u0117s dovana su pristatymu Europoje ir JAV. \u2764\ufe0f Kainos Baltarusijos prek\u0117s \u017eenklo drabu\u017ei\u0173 su \u0161irdel\u0117mis internetin\u0117je parduotuv\u0117je 10 motyv\u0173 \u2764\ufe0f 10 motyv\u0173\" \/>\n<meta property=\"og:url\" content=\"https:\/\/10motifs.com\/lt\/produktas\/dovanu-rinkinys-piashchota-jaukumas-kiekviename-geste-copy\/\" \/>\n<meta property=\"og:site_name\" content=\"10motifs\" \/>\n<meta property=\"article:modified_time\" content=\"2024-12-23T14:49:42+00:00\" \/>\n<meta property=\"og:image\" content=\"https:\/\/10motifs.com\/wp-content\/uploads\/2024\/12\/bolshoj-podarochnyj-boks-kahayu-2-1.png\" \/>\n\t<meta property=\"og:image:width\" content=\"700\" \/>\n\t<meta property=\"og:image:height\" content=\"800\" \/>\n\t<meta property=\"og:image:type\" content=\"image\/png\" \/>\n<meta name=\"twitter:card\" content=\"summary_large_image\" \/>\n<meta name=\"twitter:label1\" content=\"Est. reading time\" \/>\n\t<meta name=\"twitter:data1\" content=\"1 minut\u0117\" \/>\n<script type=\"application\/ld+json\" class=\"yoast-schema-graph\">{\"@context\":\"https:\\\/\\\/schema.org\",\"@graph\":[{\"@type\":\"WebPage\",\"@id\":\"https:\\\/\\\/10motifs.com\\\/lt\\\/produktas\\\/dovanu-rinkinys-piashchota-jaukumas-kiekviename-geste-copy\\\/\",\"url\":\"https:\\\/\\\/10motifs.com\\\/lt\\\/produktas\\\/dovanu-rinkinys-piashchota-jaukumas-kiekviename-geste-copy\\\/\",\"name\":\"Didelis dovan\u0173 rinkinys [ Kahayu ]: Meil\u0117s dovana pirkti internetu Lietuvoje \u2764\ufe0f 10motifs\",\"isPartOf\":{\"@id\":\"https:\\\/\\\/10motifs.com\\\/lt\\\/#website\"},\"primaryImageOfPage\":{\"@id\":\"https:\\\/\\\/10motifs.com\\\/lt\\\/produktas\\\/dovanu-rinkinys-piashchota-jaukumas-kiekviename-geste-copy\\\/#primaryimage\"},\"image\":{\"@id\":\"https:\\\/\\\/10motifs.com\\\/lt\\\/produktas\\\/dovanu-rinkinys-piashchota-jaukumas-kiekviename-geste-copy\\\/#primaryimage\"},\"thumbnailUrl\":\"https:\\\/\\\/10motifs.com\\\/wp-content\\\/uploads\\\/2024\\\/12\\\/bolshoj-podarochnyj-boks-kahayu-2-1.png\",\"datePublished\":\"2024-12-18T17:01:58+00:00\",\"dateModified\":\"2024-12-23T14:49:42+00:00\",\"description\":\"U\u017esisakykite Didelis dovan\u0173 rinkinys [ Kahayu ]: Meil\u0117s dovana su pristatymu Europoje ir JAV. \u2764\ufe0f Kainos Baltarusijos prek\u0117s \u017eenklo drabu\u017ei\u0173 su \u0161irdel\u0117mis internetin\u0117je parduotuv\u0117je 10 motyv\u0173 \u2764\ufe0f 10 motyv\u0173\",\"breadcrumb\":{\"@id\":\"https:\\\/\\\/10motifs.com\\\/lt\\\/produktas\\\/dovanu-rinkinys-piashchota-jaukumas-kiekviename-geste-copy\\\/#breadcrumb\"},\"inLanguage\":\"lt-LT\",\"potentialAction\":[{\"@type\":\"ReadAction\",\"target\":[\"https:\\\/\\\/10motifs.com\\\/lt\\\/produktas\\\/dovanu-rinkinys-piashchota-jaukumas-kiekviename-geste-copy\\\/\"]}]},{\"@type\":\"ImageObject\",\"inLanguage\":\"lt-LT\",\"@id\":\"https:\\\/\\\/10motifs.com\\\/lt\\\/produktas\\\/dovanu-rinkinys-piashchota-jaukumas-kiekviename-geste-copy\\\/#primaryimage\",\"url\":\"https:\\\/\\\/10motifs.com\\\/wp-content\\\/uploads\\\/2024\\\/12\\\/bolshoj-podarochnyj-boks-kahayu-2-1.png\",\"contentUrl\":\"https:\\\/\\\/10motifs.com\\\/wp-content\\\/uploads\\\/2024\\\/12\\\/bolshoj-podarochnyj-boks-kahayu-2-1.png\",\"width\":700,\"height\":800},{\"@type\":\"BreadcrumbList\",\"@id\":\"https:\\\/\\\/10motifs.com\\\/lt\\\/produktas\\\/dovanu-rinkinys-piashchota-jaukumas-kiekviename-geste-copy\\\/#breadcrumb\",\"itemListElement\":[{\"@type\":\"ListItem\",\"position\":1,\"name\":\"Pagrindinis puslapis\",\"item\":\"https:\\\/\\\/10motifs.com\\\/lt\\\/\"},{\"@type\":\"ListItem\",\"position\":2,\"name\":\"Parduotuv\u0117\",\"item\":\"https:\\\/\\\/10motifs.com\\\/lt\\\/parduotuve\\\/\"},{\"@type\":\"ListItem\",\"position\":3,\"name\":\"Didelis dovan\u0173 rinkinys [&nbsp;Kahayu&nbsp;]: Meil\u0117s dovana\"}]},{\"@type\":\"WebSite\",\"@id\":\"https:\\\/\\\/10motifs.com\\\/lt\\\/#website\",\"url\":\"https:\\\/\\\/10motifs.com\\\/lt\\\/\",\"name\":\"10motifs\",\"description\":\"Internetin\u0117 dizaineri\u0173 drabu\u017ei\u0173 parduotuv\u0117\",\"publisher\":{\"@id\":\"https:\\\/\\\/10motifs.com\\\/lt\\\/#organization\"},\"alternateName\":\"10motifs\",\"potentialAction\":[{\"@type\":\"SearchAction\",\"target\":{\"@type\":\"EntryPoint\",\"urlTemplate\":\"https:\\\/\\\/10motifs.com\\\/lt\\\/?s={search_term_string}\"},\"query-input\":{\"@type\":\"PropertyValueSpecification\",\"valueRequired\":true,\"valueName\":\"search_term_string\"}}],\"inLanguage\":\"lt-LT\"},{\"@type\":\"Organization\",\"@id\":\"https:\\\/\\\/10motifs.com\\\/lt\\\/#organization\",\"name\":\"10motifs\",\"alternateName\":\"10motifs\",\"url\":\"https:\\\/\\\/10motifs.com\\\/lt\\\/\",\"logo\":{\"@type\":\"ImageObject\",\"inLanguage\":\"lt-LT\",\"@id\":\"https:\\\/\\\/10motifs.com\\\/lt\\\/#\\\/schema\\\/logo\\\/image\\\/\",\"url\":\"https:\\\/\\\/10motifs.com\\\/wp-content\\\/uploads\\\/2024\\\/04\\\/cropped-img_6859.jpg\",\"contentUrl\":\"https:\\\/\\\/10motifs.com\\\/wp-content\\\/uploads\\\/2024\\\/04\\\/cropped-img_6859.jpg\",\"width\":512,\"height\":512,\"caption\":\"10motifs\"},\"image\":{\"@id\":\"https:\\\/\\\/10motifs.com\\\/lt\\\/#\\\/schema\\\/logo\\\/image\\\/\"},\"sameAs\":[\"https:\\\/\\\/www.instagram.com\\\/10motifs\\\/\"]}]}<\/script>\n<!-- \/ Yoast SEO plugin. -->","yoast_head_json":{"title":"Didelis dovan\u0173 rinkinys [ Kahayu ]: Meil\u0117s dovana pirkti internetu Lietuvoje \u2764\ufe0f 10motifs","description":"U\u017esisakykite Didelis dovan\u0173 rinkinys [ Kahayu ]: Meil\u0117s dovana su pristatymu Europoje ir JAV. \u2764\ufe0f Kainos Baltarusijos prek\u0117s \u017eenklo drabu\u017ei\u0173 su \u0161irdel\u0117mis internetin\u0117je parduotuv\u0117je 10 motyv\u0173 \u2764\ufe0f 10 motyv\u0173","robots":{"index":"index","follow":"follow","max-snippet":"max-snippet:-1","max-image-preview":"max-image-preview:large","max-video-preview":"max-video-preview:-1"},"canonical":"https:\/\/10motifs.com\/lt\/produktas\/dovanu-rinkinys-piashchota-jaukumas-kiekviename-geste-copy\/","og_locale":"lt_LT","og_type":"article","og_title":"Didelis dovan\u0173 rinkinys [ Kahayu ]: Meil\u0117s dovana pirkti internetu Lietuvoje \u2764\ufe0f 10motifs","og_description":"U\u017esisakykite Didelis dovan\u0173 rinkinys [ Kahayu ]: Meil\u0117s dovana su pristatymu Europoje ir JAV. \u2764\ufe0f Kainos Baltarusijos prek\u0117s \u017eenklo drabu\u017ei\u0173 su \u0161irdel\u0117mis internetin\u0117je parduotuv\u0117je 10 motyv\u0173 \u2764\ufe0f 10 motyv\u0173","og_url":"https:\/\/10motifs.com\/lt\/produktas\/dovanu-rinkinys-piashchota-jaukumas-kiekviename-geste-copy\/","og_site_name":"10motifs","article_modified_time":"2024-12-23T14:49:42+00:00","og_image":[{"width":700,"height":800,"url":"https:\/\/10motifs.com\/wp-content\/uploads\/2024\/12\/bolshoj-podarochnyj-boks-kahayu-2-1.png","type":"image\/png"}],"twitter_card":"summary_large_image","twitter_misc":{"Est. reading time":"1 minut\u0117"},"schema":{"@context":"https:\/\/schema.org","@graph":[{"@type":"WebPage","@id":"https:\/\/10motifs.com\/lt\/produktas\/dovanu-rinkinys-piashchota-jaukumas-kiekviename-geste-copy\/","url":"https:\/\/10motifs.com\/lt\/produktas\/dovanu-rinkinys-piashchota-jaukumas-kiekviename-geste-copy\/","name":"Didelis dovan\u0173 rinkinys [ Kahayu ]: Meil\u0117s dovana pirkti internetu Lietuvoje \u2764\ufe0f 10motifs","isPartOf":{"@id":"https:\/\/10motifs.com\/lt\/#website"},"primaryImageOfPage":{"@id":"https:\/\/10motifs.com\/lt\/produktas\/dovanu-rinkinys-piashchota-jaukumas-kiekviename-geste-copy\/#primaryimage"},"image":{"@id":"https:\/\/10motifs.com\/lt\/produktas\/dovanu-rinkinys-piashchota-jaukumas-kiekviename-geste-copy\/#primaryimage"},"thumbnailUrl":"https:\/\/10motifs.com\/wp-content\/uploads\/2024\/12\/bolshoj-podarochnyj-boks-kahayu-2-1.png","datePublished":"2024-12-18T17:01:58+00:00","dateModified":"2024-12-23T14:49:42+00:00","description":"U\u017esisakykite Didelis dovan\u0173 rinkinys [ Kahayu ]: Meil\u0117s dovana su pristatymu Europoje ir JAV. \u2764\ufe0f Kainos Baltarusijos prek\u0117s \u017eenklo drabu\u017ei\u0173 su \u0161irdel\u0117mis internetin\u0117je parduotuv\u0117je 10 motyv\u0173 \u2764\ufe0f 10 motyv\u0173","breadcrumb":{"@id":"https:\/\/10motifs.com\/lt\/produktas\/dovanu-rinkinys-piashchota-jaukumas-kiekviename-geste-copy\/#breadcrumb"},"inLanguage":"lt-LT","potentialAction":[{"@type":"ReadAction","target":["https:\/\/10motifs.com\/lt\/produktas\/dovanu-rinkinys-piashchota-jaukumas-kiekviename-geste-copy\/"]}]},{"@type":"ImageObject","inLanguage":"lt-LT","@id":"https:\/\/10motifs.com\/lt\/produktas\/dovanu-rinkinys-piashchota-jaukumas-kiekviename-geste-copy\/#primaryimage","url":"https:\/\/10motifs.com\/wp-content\/uploads\/2024\/12\/bolshoj-podarochnyj-boks-kahayu-2-1.png","contentUrl":"https:\/\/10motifs.com\/wp-content\/uploads\/2024\/12\/bolshoj-podarochnyj-boks-kahayu-2-1.png","width":700,"height":800},{"@type":"BreadcrumbList","@id":"https:\/\/10motifs.com\/lt\/produktas\/dovanu-rinkinys-piashchota-jaukumas-kiekviename-geste-copy\/#breadcrumb","itemListElement":[{"@type":"ListItem","position":1,"name":"Pagrindinis puslapis","item":"https:\/\/10motifs.com\/lt\/"},{"@type":"ListItem","position":2,"name":"Parduotuv\u0117","item":"https:\/\/10motifs.com\/lt\/parduotuve\/"},{"@type":"ListItem","position":3,"name":"Didelis dovan\u0173 rinkinys [&nbsp;Kahayu&nbsp;]: Meil\u0117s dovana"}]},{"@type":"WebSite","@id":"https:\/\/10motifs.com\/lt\/#website","url":"https:\/\/10motifs.com\/lt\/","name":"10motifs","description":"Internetin\u0117 dizaineri\u0173 drabu\u017ei\u0173 parduotuv\u0117","publisher":{"@id":"https:\/\/10motifs.com\/lt\/#organization"},"alternateName":"10motifs","potentialAction":[{"@type":"SearchAction","target":{"@type":"EntryPoint","urlTemplate":"https:\/\/10motifs.com\/lt\/?s={search_term_string}"},"query-input":{"@type":"PropertyValueSpecification","valueRequired":true,"valueName":"search_term_string"}}],"inLanguage":"lt-LT"},{"@type":"Organization","@id":"https:\/\/10motifs.com\/lt\/#organization","name":"10motifs","alternateName":"10motifs","url":"https:\/\/10motifs.com\/lt\/","logo":{"@type":"ImageObject","inLanguage":"lt-LT","@id":"https:\/\/10motifs.com\/lt\/#\/schema\/logo\/image\/","url":"https:\/\/10motifs.com\/wp-content\/uploads\/2024\/04\/cropped-img_6859.jpg","contentUrl":"https:\/\/10motifs.com\/wp-content\/uploads\/2024\/04\/cropped-img_6859.jpg","width":512,"height":512,"caption":"10motifs"},"image":{"@id":"https:\/\/10motifs.com\/lt\/#\/schema\/logo\/image\/"},"sameAs":["https:\/\/www.instagram.com\/10motifs\/"]}]}},"_links":{"self":[{"href":"https:\/\/10motifs.com\/lt\/wp-json\/wp\/v2\/product\/29376","targetHints":{"allow":["GET"]}}],"collection":[{"href":"https:\/\/10motifs.com\/lt\/wp-json\/wp\/v2\/product"}],"about":[{"href":"https:\/\/10motifs.com\/lt\/wp-json\/wp\/v2\/types\/product"}],"version-history":[{"count":5,"href":"https:\/\/10motifs.com\/lt\/wp-json\/wp\/v2\/product\/29376\/revisions"}],"predecessor-version":[{"id":29533,"href":"https:\/\/10motifs.com\/lt\/wp-json\/wp\/v2\/product\/29376\/revisions\/29533"}],"wp:featuredmedia":[{"embeddable":true,"href":"https:\/\/10motifs.com\/lt\/wp-json\/wp\/v2\/media\/29385"}],"wp:attachment":[{"href":"https:\/\/10motifs.com\/lt\/wp-json\/wp\/v2\/media?parent=29376"}],"wp:term":[{"taxonomy":"product_brand","embeddable":true,"href":"https:\/\/10motifs.com\/lt\/wp-json\/wp\/v2\/product_brand?post=29376"},{"taxonomy":"product_cat","embeddable":true,"href":"https:\/\/10motifs.com\/lt\/wp-json\/wp\/v2\/product_cat?post=29376"},{"taxonomy":"product_tag","embeddable":true,"href":"https:\/\/10motifs.com\/lt\/wp-json\/wp\/v2\/product_tag?post=29376"}],"curies":[{"name":"wp","href":"https:\/\/api.w.org\/{rel}","templated":true}]}}