{"id":29306,"date":"2024-12-18T17:53:15","date_gmt":"2024-12-18T15:53:15","guid":{"rendered":"https:\/\/10motifs.com\/?post_type=product&#038;p=29306"},"modified":"2024-12-23T16:43:33","modified_gmt":"2024-12-23T14:43:33","slug":"dovanu-rinkinys-piashchota-copy","status":"publish","type":"product","link":"https:\/\/10motifs.com\/lt\/produktas\/dovanu-rinkinys-piashchota-copy\/","title":{"rendered":"Dovan\u0173 rinkinys [&nbsp;Razam&nbsp;]: \u0160iluma jau arti"},"content":{"rendered":"<p style=\"text-align: center;\">[ Razam ] dovan\u0173 rinkinys &#8211; tai tarsi ypatinga \u017einia, kad viskas kartu tampa \u0161il\u010diau. \u0160is rinkinys pad\u0117s sukurti \u0161ventin\u0119 nuotaik\u0105 ir suteiks d\u017eiaugsmo j\u016bs\u0173 artimiesiems.<\/p>\n<p style=\"text-align: center;\">Dovan\u0173 d\u0117\u017eut\u0117je [ Razam ]:<br \/>\n&#8211; vilnon\u0117s kojin\u0117s (galima rinktis i\u0161 \u0161i\u0173 atspalvi\u0173: perlamutras, sm\u0117lio spalvos, juoda, \u0161okolado, naktinio dangaus, grafito, pieno, raudona, vyno);<br \/>\n&#8211; \u017eaisliukai eglutei papuo\u0161ti arba eglutei dekoruoti;<br \/>\n&#8211; atvirut\u0117 [ Razam ] &#8211; \u012fra\u0161ykite svarbiausius \u017eod\u017eius.<\/p>\n<p style=\"text-align: center;\">Kiekvienai rinkinio detalei galite skirti d\u0117mesio ir \u0161ilumos.<\/p>\n","protected":false},"excerpt":{"rendered":"<p>Dovan\u0173 rinkinys [ Razam ]. J\u012f sudaro:<\/p>\n<p>&#8211; 2 poros vilnoni\u0173 kojini\u0173 (galite pasirinkti bet koki\u0105 spalv\u0105, nurodykite j\u0105 pastaboje).<br \/>\n&#8211; Nam\u0173 dekoras<\/p>\n<p>Kojini\u0173 spalvos: perlamutras, sm\u0117lio spalvos, juoda, \u0161okolado, naktinio dangaus, grafito, pieno, raudona, vyno.<\/p>\n<p>Avec l&#8217;amour, 10motifs [\ud83e\udd0d]<\/p>\n","protected":false},"featured_media":29315,"template":"","meta":[],"product_brand":[],"product_cat":[922],"product_tag":[],"class_list":{"0":"post-29306","1":"product","2":"type-product","3":"status-publish","4":"has-post-thumbnail","6":"product_cat-dovanu-rinkiniai-dovanos","7":"product_shipping_class-vidurinis-langelis","8":"pa_nosochki-grafitas","9":"pa_nosochki-juoda","10":"pa_nosochki-nakties-dangus","11":"pa_nosochki-perlas-lt","12":"pa_nosochki-pienas","13":"pa_nosochki-scarlet-lt","14":"pa_nosochki-smelio-spalvos","15":"pa_nosochki-sokoladas","16":"pa_nosochki-vyno","18":"first","19":"instock","20":"shipping-taxable","21":"purchasable","22":"product-type-variable"},"yoast_head":"<!-- This site is optimized with the Yoast SEO plugin v27.3 - https:\/\/yoast.com\/product\/yoast-seo-wordpress\/ -->\n<title>Dovan\u0173 rinkinys [ Razam ]: \u0160iluma jau arti pirkti internetu Lietuvoje \u2764\ufe0f 10motifs<\/title>\n<meta name=\"description\" content=\"U\u017esisakykite Dovan\u0173 rinkinys [ Razam ]: \u0160iluma jau arti su pristatymu Europoje ir JAV. \u2764\ufe0f Kainos Baltarusijos prek\u0117s \u017eenklo drabu\u017ei\u0173 su \u0161irdel\u0117mis internetin\u0117je parduotuv\u0117je 10 motyv\u0173 \u2764\ufe0f 10 motyv\u0173\" \/>\n<meta name=\"robots\" content=\"index, follow, max-snippet:-1, max-image-preview:large, max-video-preview:-1\" \/>\n<link rel=\"canonical\" href=\"https:\/\/10motifs.com\/lt\/produktas\/dovanu-rinkinys-piashchota-copy\/\" \/>\n<meta property=\"og:locale\" content=\"lt_LT\" \/>\n<meta property=\"og:type\" content=\"article\" \/>\n<meta property=\"og:title\" content=\"Dovan\u0173 rinkinys [ Razam ]: \u0160iluma jau arti pirkti internetu Lietuvoje \u2764\ufe0f 10motifs\" \/>\n<meta property=\"og:description\" content=\"U\u017esisakykite Dovan\u0173 rinkinys [ Razam ]: \u0160iluma jau arti su pristatymu Europoje ir JAV. \u2764\ufe0f Kainos Baltarusijos prek\u0117s \u017eenklo drabu\u017ei\u0173 su \u0161irdel\u0117mis internetin\u0117je parduotuv\u0117je 10 motyv\u0173 \u2764\ufe0f 10 motyv\u0173\" \/>\n<meta property=\"og:url\" content=\"https:\/\/10motifs.com\/lt\/produktas\/dovanu-rinkinys-piashchota-copy\/\" \/>\n<meta property=\"og:site_name\" content=\"10motifs\" \/>\n<meta property=\"article:modified_time\" content=\"2024-12-23T14:43:33+00:00\" \/>\n<meta property=\"og:image\" content=\"https:\/\/10motifs.com\/wp-content\/uploads\/2024\/12\/podarochnyj-boks-razam-1-1.png\" \/>\n\t<meta property=\"og:image:width\" content=\"700\" \/>\n\t<meta property=\"og:image:height\" content=\"800\" \/>\n\t<meta property=\"og:image:type\" content=\"image\/png\" \/>\n<meta name=\"twitter:card\" content=\"summary_large_image\" \/>\n<meta name=\"twitter:label1\" content=\"Est. reading time\" \/>\n\t<meta name=\"twitter:data1\" content=\"1 minut\u0117\" \/>\n<script type=\"application\/ld+json\" class=\"yoast-schema-graph\">{\"@context\":\"https:\\\/\\\/schema.org\",\"@graph\":[{\"@type\":\"WebPage\",\"@id\":\"https:\\\/\\\/10motifs.com\\\/lt\\\/produktas\\\/dovanu-rinkinys-piashchota-copy\\\/\",\"url\":\"https:\\\/\\\/10motifs.com\\\/lt\\\/produktas\\\/dovanu-rinkinys-piashchota-copy\\\/\",\"name\":\"Dovan\u0173 rinkinys [ Razam ]: \u0160iluma jau arti pirkti internetu Lietuvoje \u2764\ufe0f 10motifs\",\"isPartOf\":{\"@id\":\"https:\\\/\\\/10motifs.com\\\/lt\\\/#website\"},\"primaryImageOfPage\":{\"@id\":\"https:\\\/\\\/10motifs.com\\\/lt\\\/produktas\\\/dovanu-rinkinys-piashchota-copy\\\/#primaryimage\"},\"image\":{\"@id\":\"https:\\\/\\\/10motifs.com\\\/lt\\\/produktas\\\/dovanu-rinkinys-piashchota-copy\\\/#primaryimage\"},\"thumbnailUrl\":\"https:\\\/\\\/10motifs.com\\\/wp-content\\\/uploads\\\/2024\\\/12\\\/podarochnyj-boks-razam-1-1.png\",\"datePublished\":\"2024-12-18T15:53:15+00:00\",\"dateModified\":\"2024-12-23T14:43:33+00:00\",\"description\":\"U\u017esisakykite Dovan\u0173 rinkinys [ Razam ]: \u0160iluma jau arti su pristatymu Europoje ir JAV. \u2764\ufe0f Kainos Baltarusijos prek\u0117s \u017eenklo drabu\u017ei\u0173 su \u0161irdel\u0117mis internetin\u0117je parduotuv\u0117je 10 motyv\u0173 \u2764\ufe0f 10 motyv\u0173\",\"breadcrumb\":{\"@id\":\"https:\\\/\\\/10motifs.com\\\/lt\\\/produktas\\\/dovanu-rinkinys-piashchota-copy\\\/#breadcrumb\"},\"inLanguage\":\"lt-LT\",\"potentialAction\":[{\"@type\":\"ReadAction\",\"target\":[\"https:\\\/\\\/10motifs.com\\\/lt\\\/produktas\\\/dovanu-rinkinys-piashchota-copy\\\/\"]}]},{\"@type\":\"ImageObject\",\"inLanguage\":\"lt-LT\",\"@id\":\"https:\\\/\\\/10motifs.com\\\/lt\\\/produktas\\\/dovanu-rinkinys-piashchota-copy\\\/#primaryimage\",\"url\":\"https:\\\/\\\/10motifs.com\\\/wp-content\\\/uploads\\\/2024\\\/12\\\/podarochnyj-boks-razam-1-1.png\",\"contentUrl\":\"https:\\\/\\\/10motifs.com\\\/wp-content\\\/uploads\\\/2024\\\/12\\\/podarochnyj-boks-razam-1-1.png\",\"width\":700,\"height\":800},{\"@type\":\"BreadcrumbList\",\"@id\":\"https:\\\/\\\/10motifs.com\\\/lt\\\/produktas\\\/dovanu-rinkinys-piashchota-copy\\\/#breadcrumb\",\"itemListElement\":[{\"@type\":\"ListItem\",\"position\":1,\"name\":\"Pagrindinis puslapis\",\"item\":\"https:\\\/\\\/10motifs.com\\\/lt\\\/\"},{\"@type\":\"ListItem\",\"position\":2,\"name\":\"Parduotuv\u0117\",\"item\":\"https:\\\/\\\/10motifs.com\\\/lt\\\/parduotuve\\\/\"},{\"@type\":\"ListItem\",\"position\":3,\"name\":\"Dovan\u0173 rinkinys [&nbsp;Razam&nbsp;]: \u0160iluma jau arti\"}]},{\"@type\":\"WebSite\",\"@id\":\"https:\\\/\\\/10motifs.com\\\/lt\\\/#website\",\"url\":\"https:\\\/\\\/10motifs.com\\\/lt\\\/\",\"name\":\"10motifs\",\"description\":\"Internetin\u0117 dizaineri\u0173 drabu\u017ei\u0173 parduotuv\u0117\",\"publisher\":{\"@id\":\"https:\\\/\\\/10motifs.com\\\/lt\\\/#organization\"},\"alternateName\":\"10motifs\",\"potentialAction\":[{\"@type\":\"SearchAction\",\"target\":{\"@type\":\"EntryPoint\",\"urlTemplate\":\"https:\\\/\\\/10motifs.com\\\/lt\\\/?s={search_term_string}\"},\"query-input\":{\"@type\":\"PropertyValueSpecification\",\"valueRequired\":true,\"valueName\":\"search_term_string\"}}],\"inLanguage\":\"lt-LT\"},{\"@type\":\"Organization\",\"@id\":\"https:\\\/\\\/10motifs.com\\\/lt\\\/#organization\",\"name\":\"10motifs\",\"alternateName\":\"10motifs\",\"url\":\"https:\\\/\\\/10motifs.com\\\/lt\\\/\",\"logo\":{\"@type\":\"ImageObject\",\"inLanguage\":\"lt-LT\",\"@id\":\"https:\\\/\\\/10motifs.com\\\/lt\\\/#\\\/schema\\\/logo\\\/image\\\/\",\"url\":\"https:\\\/\\\/10motifs.com\\\/wp-content\\\/uploads\\\/2024\\\/04\\\/cropped-img_6859.jpg\",\"contentUrl\":\"https:\\\/\\\/10motifs.com\\\/wp-content\\\/uploads\\\/2024\\\/04\\\/cropped-img_6859.jpg\",\"width\":512,\"height\":512,\"caption\":\"10motifs\"},\"image\":{\"@id\":\"https:\\\/\\\/10motifs.com\\\/lt\\\/#\\\/schema\\\/logo\\\/image\\\/\"},\"sameAs\":[\"https:\\\/\\\/www.instagram.com\\\/10motifs\\\/\"]}]}<\/script>\n<!-- \/ Yoast SEO plugin. -->","yoast_head_json":{"title":"Dovan\u0173 rinkinys [ Razam ]: \u0160iluma jau arti pirkti internetu Lietuvoje \u2764\ufe0f 10motifs","description":"U\u017esisakykite Dovan\u0173 rinkinys [ Razam ]: \u0160iluma jau arti su pristatymu Europoje ir JAV. \u2764\ufe0f Kainos Baltarusijos prek\u0117s \u017eenklo drabu\u017ei\u0173 su \u0161irdel\u0117mis internetin\u0117je parduotuv\u0117je 10 motyv\u0173 \u2764\ufe0f 10 motyv\u0173","robots":{"index":"index","follow":"follow","max-snippet":"max-snippet:-1","max-image-preview":"max-image-preview:large","max-video-preview":"max-video-preview:-1"},"canonical":"https:\/\/10motifs.com\/lt\/produktas\/dovanu-rinkinys-piashchota-copy\/","og_locale":"lt_LT","og_type":"article","og_title":"Dovan\u0173 rinkinys [ Razam ]: \u0160iluma jau arti pirkti internetu Lietuvoje \u2764\ufe0f 10motifs","og_description":"U\u017esisakykite Dovan\u0173 rinkinys [ Razam ]: \u0160iluma jau arti su pristatymu Europoje ir JAV. \u2764\ufe0f Kainos Baltarusijos prek\u0117s \u017eenklo drabu\u017ei\u0173 su \u0161irdel\u0117mis internetin\u0117je parduotuv\u0117je 10 motyv\u0173 \u2764\ufe0f 10 motyv\u0173","og_url":"https:\/\/10motifs.com\/lt\/produktas\/dovanu-rinkinys-piashchota-copy\/","og_site_name":"10motifs","article_modified_time":"2024-12-23T14:43:33+00:00","og_image":[{"width":700,"height":800,"url":"https:\/\/10motifs.com\/wp-content\/uploads\/2024\/12\/podarochnyj-boks-razam-1-1.png","type":"image\/png"}],"twitter_card":"summary_large_image","twitter_misc":{"Est. reading time":"1 minut\u0117"},"schema":{"@context":"https:\/\/schema.org","@graph":[{"@type":"WebPage","@id":"https:\/\/10motifs.com\/lt\/produktas\/dovanu-rinkinys-piashchota-copy\/","url":"https:\/\/10motifs.com\/lt\/produktas\/dovanu-rinkinys-piashchota-copy\/","name":"Dovan\u0173 rinkinys [ Razam ]: \u0160iluma jau arti pirkti internetu Lietuvoje \u2764\ufe0f 10motifs","isPartOf":{"@id":"https:\/\/10motifs.com\/lt\/#website"},"primaryImageOfPage":{"@id":"https:\/\/10motifs.com\/lt\/produktas\/dovanu-rinkinys-piashchota-copy\/#primaryimage"},"image":{"@id":"https:\/\/10motifs.com\/lt\/produktas\/dovanu-rinkinys-piashchota-copy\/#primaryimage"},"thumbnailUrl":"https:\/\/10motifs.com\/wp-content\/uploads\/2024\/12\/podarochnyj-boks-razam-1-1.png","datePublished":"2024-12-18T15:53:15+00:00","dateModified":"2024-12-23T14:43:33+00:00","description":"U\u017esisakykite Dovan\u0173 rinkinys [ Razam ]: \u0160iluma jau arti su pristatymu Europoje ir JAV. \u2764\ufe0f Kainos Baltarusijos prek\u0117s \u017eenklo drabu\u017ei\u0173 su \u0161irdel\u0117mis internetin\u0117je parduotuv\u0117je 10 motyv\u0173 \u2764\ufe0f 10 motyv\u0173","breadcrumb":{"@id":"https:\/\/10motifs.com\/lt\/produktas\/dovanu-rinkinys-piashchota-copy\/#breadcrumb"},"inLanguage":"lt-LT","potentialAction":[{"@type":"ReadAction","target":["https:\/\/10motifs.com\/lt\/produktas\/dovanu-rinkinys-piashchota-copy\/"]}]},{"@type":"ImageObject","inLanguage":"lt-LT","@id":"https:\/\/10motifs.com\/lt\/produktas\/dovanu-rinkinys-piashchota-copy\/#primaryimage","url":"https:\/\/10motifs.com\/wp-content\/uploads\/2024\/12\/podarochnyj-boks-razam-1-1.png","contentUrl":"https:\/\/10motifs.com\/wp-content\/uploads\/2024\/12\/podarochnyj-boks-razam-1-1.png","width":700,"height":800},{"@type":"BreadcrumbList","@id":"https:\/\/10motifs.com\/lt\/produktas\/dovanu-rinkinys-piashchota-copy\/#breadcrumb","itemListElement":[{"@type":"ListItem","position":1,"name":"Pagrindinis puslapis","item":"https:\/\/10motifs.com\/lt\/"},{"@type":"ListItem","position":2,"name":"Parduotuv\u0117","item":"https:\/\/10motifs.com\/lt\/parduotuve\/"},{"@type":"ListItem","position":3,"name":"Dovan\u0173 rinkinys [&nbsp;Razam&nbsp;]: \u0160iluma jau arti"}]},{"@type":"WebSite","@id":"https:\/\/10motifs.com\/lt\/#website","url":"https:\/\/10motifs.com\/lt\/","name":"10motifs","description":"Internetin\u0117 dizaineri\u0173 drabu\u017ei\u0173 parduotuv\u0117","publisher":{"@id":"https:\/\/10motifs.com\/lt\/#organization"},"alternateName":"10motifs","potentialAction":[{"@type":"SearchAction","target":{"@type":"EntryPoint","urlTemplate":"https:\/\/10motifs.com\/lt\/?s={search_term_string}"},"query-input":{"@type":"PropertyValueSpecification","valueRequired":true,"valueName":"search_term_string"}}],"inLanguage":"lt-LT"},{"@type":"Organization","@id":"https:\/\/10motifs.com\/lt\/#organization","name":"10motifs","alternateName":"10motifs","url":"https:\/\/10motifs.com\/lt\/","logo":{"@type":"ImageObject","inLanguage":"lt-LT","@id":"https:\/\/10motifs.com\/lt\/#\/schema\/logo\/image\/","url":"https:\/\/10motifs.com\/wp-content\/uploads\/2024\/04\/cropped-img_6859.jpg","contentUrl":"https:\/\/10motifs.com\/wp-content\/uploads\/2024\/04\/cropped-img_6859.jpg","width":512,"height":512,"caption":"10motifs"},"image":{"@id":"https:\/\/10motifs.com\/lt\/#\/schema\/logo\/image\/"},"sameAs":["https:\/\/www.instagram.com\/10motifs\/"]}]}},"_links":{"self":[{"href":"https:\/\/10motifs.com\/lt\/wp-json\/wp\/v2\/product\/29306","targetHints":{"allow":["GET"]}}],"collection":[{"href":"https:\/\/10motifs.com\/lt\/wp-json\/wp\/v2\/product"}],"about":[{"href":"https:\/\/10motifs.com\/lt\/wp-json\/wp\/v2\/types\/product"}],"version-history":[{"count":5,"href":"https:\/\/10motifs.com\/lt\/wp-json\/wp\/v2\/product\/29306\/revisions"}],"predecessor-version":[{"id":29522,"href":"https:\/\/10motifs.com\/lt\/wp-json\/wp\/v2\/product\/29306\/revisions\/29522"}],"wp:featuredmedia":[{"embeddable":true,"href":"https:\/\/10motifs.com\/lt\/wp-json\/wp\/v2\/media\/29315"}],"wp:attachment":[{"href":"https:\/\/10motifs.com\/lt\/wp-json\/wp\/v2\/media?parent=29306"}],"wp:term":[{"taxonomy":"product_brand","embeddable":true,"href":"https:\/\/10motifs.com\/lt\/wp-json\/wp\/v2\/product_brand?post=29306"},{"taxonomy":"product_cat","embeddable":true,"href":"https:\/\/10motifs.com\/lt\/wp-json\/wp\/v2\/product_cat?post=29306"},{"taxonomy":"product_tag","embeddable":true,"href":"https:\/\/10motifs.com\/lt\/wp-json\/wp\/v2\/product_tag?post=29306"}],"curies":[{"name":"wp","href":"https:\/\/api.w.org\/{rel}","templated":true}]}}