{"id":29290,"date":"2024-12-18T17:37:55","date_gmt":"2024-12-18T15:37:55","guid":{"rendered":"https:\/\/10motifs.com\/?post_type=product&#038;p=29290"},"modified":"2024-12-23T16:42:08","modified_gmt":"2024-12-23T14:42:08","slug":"zvakiu-rinkinys-kahayu-ir-tsaluyu-copy","status":"publish","type":"product","link":"https:\/\/10motifs.com\/lt\/produktas\/zvakiu-rinkinys-kahayu-ir-tsaluyu-copy\/","title":{"rendered":"Dovan\u0173 rinkinys [&nbsp;Piashchota&nbsp;]"},"content":{"rendered":"<p style=\"text-align: center;\">Dovan\u0173 d\u0117\u017eut\u0117 [ Piashchota ] &#8211; tai \u0161velnumo ir \u0161ilumos kupinas rinkinys. Kiekvienas jos elementas byloja apie d\u0117mes\u012f detal\u0117ms ir nor\u0105, kad dovana b\u016bt\u0173 ypatinga. \u0160is rinkinys skirtas dalytis \u0161velnumu, \u0161iluma ir meile.<\/p>\n<p style=\"text-align: center;\">Dovan\u0173 d\u0117\u017eut\u0117je [ Piashchota ]:<br \/>\n&#8211; Rank\u0173 darbo kepurait\u0117 (galima rinktis i\u0161 \u0161i\u0173 spalv\u0173: apelsin\u0173, levand\u0173, pudros, \u0161okolado, naktinio dangaus, pieno, vyno, perl\u0173) &#8211; lengva, mink\u0161ta ir stilinga, ji bus j\u016bs\u0173 i\u0161tikima palydov\u0117 \u0161altomis dienomis;<br \/>\n&#8211; kepur\u0117s tono \u0161alikas, kuris apgaubs jus \u0161velnumu ir su\u0161ildys savo \u0161iluma;<br \/>\n&#8211; Sojos aromatin\u0117 \u017evak\u0117 su medine dagtimi (pasirinkite kvap\u0105: [ KAHAYU ], [ TZALUU ], [ RAZAM ]), kuri sukurs jauki\u0105 atmosfer\u0105 ir pripildys namus maloni\u0173 prisiminim\u0173.<\/p>\n<p style=\"text-align: center;\">\u0160i d\u0117\u017eut\u0117 skirta tam, kas i\u0161 ties\u0173 svarbu: r\u016bpes\u010diui, d\u0117mesiui ir \u0161ilumai, kuria galima dalytis su artimaisiais. Leiskite jai tapti j\u016bs\u0173 laiming\u0173 akimirk\u0173 dalimi.<\/p>\n<p style=\"text-align: center;\">Avec amour, 10motifs [ \ud83c\udf84 ]<\/p>\n","protected":false},"excerpt":{"rendered":"<p>Dovan\u0173 rinkinys [ Piashchota ]. J\u012f sudaro:<\/p>\n<p>&#8211; kepur\u0117 (spalv\u0105 galima pasirinkti bet koki\u0105, nurodykite j\u0105 pastaboje)<br \/>\n&#8211; \u0161alikas (bet kokios spalvos, nurodykite j\u0105 pastaboje)<br \/>\n&#8211; sojos kvapo \u017evak\u0117 (kvap\u0105 nurodykite pastaboje).<\/p>\n<p>Dangtelio atspalviai: oran\u017ein\u0117, levand\u0173, pudros, \u0161okolado, naktinio dangaus, pieno, vyno, perl\u0173.<br \/>\n\u0160aliko atspalviai: pudros, naktinio dangaus, dangaus, baltos, pieno, grafito, sm\u0117lio, raudonos, vyno<br \/>\nGalimos \u017evak\u0117s: [ KAHAYU ], [ TSALUYU ], [ RAZAM ]<\/p>\n<p>Avec l&#8217;amour, 10motifs [\ud83e\udd0d]<\/p>\n","protected":false},"featured_media":29293,"template":"","meta":[],"product_brand":[],"product_cat":[922],"product_tag":[],"class_list":{"0":"post-29290","1":"product","2":"type-product","3":"status-publish","4":"has-post-thumbnail","6":"product_cat-dovanu-rinkiniai-dovanos","7":"product_shipping_class-vidurinis-langelis","8":"pa_czvet-shapochek-levandu","9":"pa_czvet-shapochek-miltelinis","10":"pa_czvet-shapochek-nakties-dangus","11":"pa_czvet-shapochek-oranzine","12":"pa_czvet-shapochek-perlas","13":"pa_czvet-shapochek-pienas","14":"pa_czvet-shapochek-sokoladas","15":"pa_czvet-shapochek-vyno","17":"first","18":"instock","19":"shipping-taxable","20":"purchasable","21":"product-type-variable"},"yoast_head":"<!-- This site is optimized with the Yoast SEO plugin v27.4 - https:\/\/yoast.com\/product\/yoast-seo-wordpress\/ -->\n<title>Dovan\u0173 rinkinys [ Piashchota ] pirkti internetu Lietuvoje \u2764\ufe0f 10motifs<\/title>\n<meta name=\"description\" content=\"U\u017esisakykite Dovan\u0173 rinkinys [ Piashchota ] su pristatymu Europoje ir JAV. \u2764\ufe0f Kainos Baltarusijos prek\u0117s \u017eenklo drabu\u017ei\u0173 su \u0161irdel\u0117mis internetin\u0117je parduotuv\u0117je 10 motyv\u0173 \u2764\ufe0f 10 motyv\u0173\" \/>\n<meta name=\"robots\" content=\"index, follow, max-snippet:-1, max-image-preview:large, max-video-preview:-1\" \/>\n<link rel=\"canonical\" href=\"https:\/\/10motifs.com\/lt\/produktas\/zvakiu-rinkinys-kahayu-ir-tsaluyu-copy\/\" \/>\n<meta property=\"og:locale\" content=\"lt_LT\" \/>\n<meta property=\"og:type\" content=\"article\" \/>\n<meta property=\"og:title\" content=\"Dovan\u0173 rinkinys [ Piashchota ] pirkti internetu Lietuvoje \u2764\ufe0f 10motifs\" \/>\n<meta property=\"og:description\" content=\"U\u017esisakykite Dovan\u0173 rinkinys [ Piashchota ] su pristatymu Europoje ir JAV. \u2764\ufe0f Kainos Baltarusijos prek\u0117s \u017eenklo drabu\u017ei\u0173 su \u0161irdel\u0117mis internetin\u0117je parduotuv\u0117je 10 motyv\u0173 \u2764\ufe0f 10 motyv\u0173\" \/>\n<meta property=\"og:url\" content=\"https:\/\/10motifs.com\/lt\/produktas\/zvakiu-rinkinys-kahayu-ir-tsaluyu-copy\/\" \/>\n<meta property=\"og:site_name\" content=\"10motifs\" \/>\n<meta property=\"article:modified_time\" content=\"2024-12-23T14:42:08+00:00\" \/>\n<meta property=\"og:image\" content=\"https:\/\/10motifs.com\/wp-content\/uploads\/2024\/12\/podarochnyj-nabor-pyashchota-1.png\" \/>\n\t<meta property=\"og:image:width\" content=\"700\" \/>\n\t<meta property=\"og:image:height\" content=\"800\" \/>\n\t<meta property=\"og:image:type\" content=\"image\/png\" \/>\n<meta name=\"twitter:card\" content=\"summary_large_image\" \/>\n<meta name=\"twitter:label1\" content=\"Est. reading time\" \/>\n\t<meta name=\"twitter:data1\" content=\"1 minut\u0117\" \/>\n<script type=\"application\/ld+json\" class=\"yoast-schema-graph\">{\"@context\":\"https:\\\/\\\/schema.org\",\"@graph\":[{\"@type\":\"WebPage\",\"@id\":\"https:\\\/\\\/10motifs.com\\\/lt\\\/produktas\\\/zvakiu-rinkinys-kahayu-ir-tsaluyu-copy\\\/\",\"url\":\"https:\\\/\\\/10motifs.com\\\/lt\\\/produktas\\\/zvakiu-rinkinys-kahayu-ir-tsaluyu-copy\\\/\",\"name\":\"Dovan\u0173 rinkinys [ Piashchota ] pirkti internetu Lietuvoje \u2764\ufe0f 10motifs\",\"isPartOf\":{\"@id\":\"https:\\\/\\\/10motifs.com\\\/lt\\\/#website\"},\"primaryImageOfPage\":{\"@id\":\"https:\\\/\\\/10motifs.com\\\/lt\\\/produktas\\\/zvakiu-rinkinys-kahayu-ir-tsaluyu-copy\\\/#primaryimage\"},\"image\":{\"@id\":\"https:\\\/\\\/10motifs.com\\\/lt\\\/produktas\\\/zvakiu-rinkinys-kahayu-ir-tsaluyu-copy\\\/#primaryimage\"},\"thumbnailUrl\":\"https:\\\/\\\/10motifs.com\\\/wp-content\\\/uploads\\\/2024\\\/12\\\/podarochnyj-nabor-pyashchota-1.png\",\"datePublished\":\"2024-12-18T15:37:55+00:00\",\"dateModified\":\"2024-12-23T14:42:08+00:00\",\"description\":\"U\u017esisakykite Dovan\u0173 rinkinys [ Piashchota ] su pristatymu Europoje ir JAV. \u2764\ufe0f Kainos Baltarusijos prek\u0117s \u017eenklo drabu\u017ei\u0173 su \u0161irdel\u0117mis internetin\u0117je parduotuv\u0117je 10 motyv\u0173 \u2764\ufe0f 10 motyv\u0173\",\"breadcrumb\":{\"@id\":\"https:\\\/\\\/10motifs.com\\\/lt\\\/produktas\\\/zvakiu-rinkinys-kahayu-ir-tsaluyu-copy\\\/#breadcrumb\"},\"inLanguage\":\"lt-LT\",\"potentialAction\":[{\"@type\":\"ReadAction\",\"target\":[\"https:\\\/\\\/10motifs.com\\\/lt\\\/produktas\\\/zvakiu-rinkinys-kahayu-ir-tsaluyu-copy\\\/\"]}]},{\"@type\":\"ImageObject\",\"inLanguage\":\"lt-LT\",\"@id\":\"https:\\\/\\\/10motifs.com\\\/lt\\\/produktas\\\/zvakiu-rinkinys-kahayu-ir-tsaluyu-copy\\\/#primaryimage\",\"url\":\"https:\\\/\\\/10motifs.com\\\/wp-content\\\/uploads\\\/2024\\\/12\\\/podarochnyj-nabor-pyashchota-1.png\",\"contentUrl\":\"https:\\\/\\\/10motifs.com\\\/wp-content\\\/uploads\\\/2024\\\/12\\\/podarochnyj-nabor-pyashchota-1.png\",\"width\":700,\"height\":800},{\"@type\":\"BreadcrumbList\",\"@id\":\"https:\\\/\\\/10motifs.com\\\/lt\\\/produktas\\\/zvakiu-rinkinys-kahayu-ir-tsaluyu-copy\\\/#breadcrumb\",\"itemListElement\":[{\"@type\":\"ListItem\",\"position\":1,\"name\":\"Pagrindinis puslapis\",\"item\":\"https:\\\/\\\/10motifs.com\\\/lt\\\/\"},{\"@type\":\"ListItem\",\"position\":2,\"name\":\"Parduotuv\u0117\",\"item\":\"https:\\\/\\\/10motifs.com\\\/lt\\\/parduotuve\\\/\"},{\"@type\":\"ListItem\",\"position\":3,\"name\":\"Dovan\u0173 rinkinys [&nbsp;Piashchota&nbsp;]\"}]},{\"@type\":\"WebSite\",\"@id\":\"https:\\\/\\\/10motifs.com\\\/lt\\\/#website\",\"url\":\"https:\\\/\\\/10motifs.com\\\/lt\\\/\",\"name\":\"10motifs\",\"description\":\"Internetin\u0117 dizaineri\u0173 drabu\u017ei\u0173 parduotuv\u0117\",\"publisher\":{\"@id\":\"https:\\\/\\\/10motifs.com\\\/lt\\\/#organization\"},\"alternateName\":\"10motifs\",\"potentialAction\":[{\"@type\":\"SearchAction\",\"target\":{\"@type\":\"EntryPoint\",\"urlTemplate\":\"https:\\\/\\\/10motifs.com\\\/lt\\\/?s={search_term_string}\"},\"query-input\":{\"@type\":\"PropertyValueSpecification\",\"valueRequired\":true,\"valueName\":\"search_term_string\"}}],\"inLanguage\":\"lt-LT\"},{\"@type\":\"Organization\",\"@id\":\"https:\\\/\\\/10motifs.com\\\/lt\\\/#organization\",\"name\":\"10motifs\",\"alternateName\":\"10motifs\",\"url\":\"https:\\\/\\\/10motifs.com\\\/lt\\\/\",\"logo\":{\"@type\":\"ImageObject\",\"inLanguage\":\"lt-LT\",\"@id\":\"https:\\\/\\\/10motifs.com\\\/lt\\\/#\\\/schema\\\/logo\\\/image\\\/\",\"url\":\"https:\\\/\\\/10motifs.com\\\/wp-content\\\/uploads\\\/2024\\\/04\\\/cropped-img_6859.jpg\",\"contentUrl\":\"https:\\\/\\\/10motifs.com\\\/wp-content\\\/uploads\\\/2024\\\/04\\\/cropped-img_6859.jpg\",\"width\":512,\"height\":512,\"caption\":\"10motifs\"},\"image\":{\"@id\":\"https:\\\/\\\/10motifs.com\\\/lt\\\/#\\\/schema\\\/logo\\\/image\\\/\"},\"sameAs\":[\"https:\\\/\\\/www.instagram.com\\\/10motifs\\\/\"]}]}<\/script>\n<!-- \/ Yoast SEO plugin. -->","yoast_head_json":{"title":"Dovan\u0173 rinkinys [ Piashchota ] pirkti internetu Lietuvoje \u2764\ufe0f 10motifs","description":"U\u017esisakykite Dovan\u0173 rinkinys [ Piashchota ] su pristatymu Europoje ir JAV. \u2764\ufe0f Kainos Baltarusijos prek\u0117s \u017eenklo drabu\u017ei\u0173 su \u0161irdel\u0117mis internetin\u0117je parduotuv\u0117je 10 motyv\u0173 \u2764\ufe0f 10 motyv\u0173","robots":{"index":"index","follow":"follow","max-snippet":"max-snippet:-1","max-image-preview":"max-image-preview:large","max-video-preview":"max-video-preview:-1"},"canonical":"https:\/\/10motifs.com\/lt\/produktas\/zvakiu-rinkinys-kahayu-ir-tsaluyu-copy\/","og_locale":"lt_LT","og_type":"article","og_title":"Dovan\u0173 rinkinys [ Piashchota ] pirkti internetu Lietuvoje \u2764\ufe0f 10motifs","og_description":"U\u017esisakykite Dovan\u0173 rinkinys [ Piashchota ] su pristatymu Europoje ir JAV. \u2764\ufe0f Kainos Baltarusijos prek\u0117s \u017eenklo drabu\u017ei\u0173 su \u0161irdel\u0117mis internetin\u0117je parduotuv\u0117je 10 motyv\u0173 \u2764\ufe0f 10 motyv\u0173","og_url":"https:\/\/10motifs.com\/lt\/produktas\/zvakiu-rinkinys-kahayu-ir-tsaluyu-copy\/","og_site_name":"10motifs","article_modified_time":"2024-12-23T14:42:08+00:00","og_image":[{"width":700,"height":800,"url":"https:\/\/10motifs.com\/wp-content\/uploads\/2024\/12\/podarochnyj-nabor-pyashchota-1.png","type":"image\/png"}],"twitter_card":"summary_large_image","twitter_misc":{"Est. reading time":"1 minut\u0117"},"schema":{"@context":"https:\/\/schema.org","@graph":[{"@type":"WebPage","@id":"https:\/\/10motifs.com\/lt\/produktas\/zvakiu-rinkinys-kahayu-ir-tsaluyu-copy\/","url":"https:\/\/10motifs.com\/lt\/produktas\/zvakiu-rinkinys-kahayu-ir-tsaluyu-copy\/","name":"Dovan\u0173 rinkinys [ Piashchota ] pirkti internetu Lietuvoje \u2764\ufe0f 10motifs","isPartOf":{"@id":"https:\/\/10motifs.com\/lt\/#website"},"primaryImageOfPage":{"@id":"https:\/\/10motifs.com\/lt\/produktas\/zvakiu-rinkinys-kahayu-ir-tsaluyu-copy\/#primaryimage"},"image":{"@id":"https:\/\/10motifs.com\/lt\/produktas\/zvakiu-rinkinys-kahayu-ir-tsaluyu-copy\/#primaryimage"},"thumbnailUrl":"https:\/\/10motifs.com\/wp-content\/uploads\/2024\/12\/podarochnyj-nabor-pyashchota-1.png","datePublished":"2024-12-18T15:37:55+00:00","dateModified":"2024-12-23T14:42:08+00:00","description":"U\u017esisakykite Dovan\u0173 rinkinys [ Piashchota ] su pristatymu Europoje ir JAV. \u2764\ufe0f Kainos Baltarusijos prek\u0117s \u017eenklo drabu\u017ei\u0173 su \u0161irdel\u0117mis internetin\u0117je parduotuv\u0117je 10 motyv\u0173 \u2764\ufe0f 10 motyv\u0173","breadcrumb":{"@id":"https:\/\/10motifs.com\/lt\/produktas\/zvakiu-rinkinys-kahayu-ir-tsaluyu-copy\/#breadcrumb"},"inLanguage":"lt-LT","potentialAction":[{"@type":"ReadAction","target":["https:\/\/10motifs.com\/lt\/produktas\/zvakiu-rinkinys-kahayu-ir-tsaluyu-copy\/"]}]},{"@type":"ImageObject","inLanguage":"lt-LT","@id":"https:\/\/10motifs.com\/lt\/produktas\/zvakiu-rinkinys-kahayu-ir-tsaluyu-copy\/#primaryimage","url":"https:\/\/10motifs.com\/wp-content\/uploads\/2024\/12\/podarochnyj-nabor-pyashchota-1.png","contentUrl":"https:\/\/10motifs.com\/wp-content\/uploads\/2024\/12\/podarochnyj-nabor-pyashchota-1.png","width":700,"height":800},{"@type":"BreadcrumbList","@id":"https:\/\/10motifs.com\/lt\/produktas\/zvakiu-rinkinys-kahayu-ir-tsaluyu-copy\/#breadcrumb","itemListElement":[{"@type":"ListItem","position":1,"name":"Pagrindinis puslapis","item":"https:\/\/10motifs.com\/lt\/"},{"@type":"ListItem","position":2,"name":"Parduotuv\u0117","item":"https:\/\/10motifs.com\/lt\/parduotuve\/"},{"@type":"ListItem","position":3,"name":"Dovan\u0173 rinkinys [&nbsp;Piashchota&nbsp;]"}]},{"@type":"WebSite","@id":"https:\/\/10motifs.com\/lt\/#website","url":"https:\/\/10motifs.com\/lt\/","name":"10motifs","description":"Internetin\u0117 dizaineri\u0173 drabu\u017ei\u0173 parduotuv\u0117","publisher":{"@id":"https:\/\/10motifs.com\/lt\/#organization"},"alternateName":"10motifs","potentialAction":[{"@type":"SearchAction","target":{"@type":"EntryPoint","urlTemplate":"https:\/\/10motifs.com\/lt\/?s={search_term_string}"},"query-input":{"@type":"PropertyValueSpecification","valueRequired":true,"valueName":"search_term_string"}}],"inLanguage":"lt-LT"},{"@type":"Organization","@id":"https:\/\/10motifs.com\/lt\/#organization","name":"10motifs","alternateName":"10motifs","url":"https:\/\/10motifs.com\/lt\/","logo":{"@type":"ImageObject","inLanguage":"lt-LT","@id":"https:\/\/10motifs.com\/lt\/#\/schema\/logo\/image\/","url":"https:\/\/10motifs.com\/wp-content\/uploads\/2024\/04\/cropped-img_6859.jpg","contentUrl":"https:\/\/10motifs.com\/wp-content\/uploads\/2024\/04\/cropped-img_6859.jpg","width":512,"height":512,"caption":"10motifs"},"image":{"@id":"https:\/\/10motifs.com\/lt\/#\/schema\/logo\/image\/"},"sameAs":["https:\/\/www.instagram.com\/10motifs\/"]}]}},"_links":{"self":[{"href":"https:\/\/10motifs.com\/lt\/wp-json\/wp\/v2\/product\/29290","targetHints":{"allow":["GET"]}}],"collection":[{"href":"https:\/\/10motifs.com\/lt\/wp-json\/wp\/v2\/product"}],"about":[{"href":"https:\/\/10motifs.com\/lt\/wp-json\/wp\/v2\/types\/product"}],"version-history":[{"count":4,"href":"https:\/\/10motifs.com\/lt\/wp-json\/wp\/v2\/product\/29290\/revisions"}],"predecessor-version":[{"id":29300,"href":"https:\/\/10motifs.com\/lt\/wp-json\/wp\/v2\/product\/29290\/revisions\/29300"}],"wp:featuredmedia":[{"embeddable":true,"href":"https:\/\/10motifs.com\/lt\/wp-json\/wp\/v2\/media\/29293"}],"wp:attachment":[{"href":"https:\/\/10motifs.com\/lt\/wp-json\/wp\/v2\/media?parent=29290"}],"wp:term":[{"taxonomy":"product_brand","embeddable":true,"href":"https:\/\/10motifs.com\/lt\/wp-json\/wp\/v2\/product_brand?post=29290"},{"taxonomy":"product_cat","embeddable":true,"href":"https:\/\/10motifs.com\/lt\/wp-json\/wp\/v2\/product_cat?post=29290"},{"taxonomy":"product_tag","embeddable":true,"href":"https:\/\/10motifs.com\/lt\/wp-json\/wp\/v2\/product_tag?post=29290"}],"curies":[{"name":"wp","href":"https:\/\/api.w.org\/{rel}","templated":true}]}}