{"id":29265,"date":"2024-12-18T17:16:09","date_gmt":"2024-12-18T15:16:09","guid":{"rendered":"https:\/\/10motifs.com\/?post_type=product&#038;p=29265"},"modified":"2024-12-18T17:23:55","modified_gmt":"2024-12-18T15:23:55","slug":"dovanu-rinkinys-buciavimasis-kartu-ir-patogiai-copy","status":"publish","type":"product","link":"https:\/\/10motifs.com\/lt\/produktas\/dovanu-rinkinys-buciavimasis-kartu-ir-patogiai-copy\/","title":{"rendered":"\u017dvaki\u0173 rinkinys [&nbsp;Kahayu ir Tsaluyu&nbsp;]"},"content":{"rendered":"<p style=\"text-align: center;\">Riboto tira\u017eo rank\u0173 darbo \u017evaki\u0173 kolekcija, sukurta bendradarbiaujant su \u017evaki\u0173 gamintoju, nukelia mus \u012f laikus, kai buvome laimingi ir ner\u016bpestingi.<br \/>\nTai nam\u0173 kvapas bet kurioje pasaulio vietoje, pripildytas milijono prasmi\u0173 ir emocij\u0173.<\/p>\n<p style=\"text-align: center;\">[ CAHAYU ]<br \/>\nSaldus ir svaiginantis brangi\u0173 susitikim\u0173, naktini\u0173 \u0161nab\u017edesi\u0173 ir \u0161irdies prisilietim\u0173 aromatas.<br \/>\nRo\u017e\u0117s, pa\u010diuli\u0173 ir sandalmed\u017eio natos skleid\u017eiasi ugnies liepsnose, apgaubdamos jus intymumo ir meil\u0117s atmosfera.<\/p>\n<p style=\"text-align: center;\">[ CHEERING ]<br \/>\nSerbent\u0173 uogien\u0117s saldumas ir m\u0117t\u0173 arbatos aromatas &#8211; tai baltarusi\u0161kos vasaros kvapas i\u0161 m\u016bs\u0173 vaikyst\u0117s, kai oras kvepia meile, laime ir \u0161iltu lietumi.<\/p>\n<p style=\"text-align: center;\">Avec amour, 10motifs [ \ud83c\udf84 ]<\/p>\n","protected":false},"excerpt":{"rendered":"<p>\u017dvaki\u0173 dovan\u0173 rinkin\u012f sudaro:<\/p>\n<p>&#8211; Sojos kvapioji \u017evak\u0117 su mediniu dag\u010diu [ KAHAYU ].<br \/>\n&#8211; Sojos kvapioji \u017evak\u0117 su mediniu dag\u010diu [ TZALUYU ].<\/p>\n<p>Avec l&#8217;amour, 10motifs [ \ud83e\udd0d ]<\/p>\n","protected":false},"featured_media":29277,"template":"","meta":[],"product_brand":[],"product_cat":[922],"product_tag":[],"class_list":{"0":"post-29265","1":"product","2":"type-product","3":"status-publish","4":"has-post-thumbnail","6":"product_cat-dovanu-rinkiniai-dovanos","7":"product_shipping_class-vidurinis-langelis","9":"first","10":"instock","11":"shipping-taxable","12":"purchasable","13":"product-type-simple"},"yoast_head":"<!-- This site is optimized with the Yoast SEO plugin v27.4 - https:\/\/yoast.com\/product\/yoast-seo-wordpress\/ -->\n<title>\u017dvaki\u0173 rinkinys [ Kahayu ir Tsaluyu ] pirkti internetu Lietuvoje \u2764\ufe0f 10motifs<\/title>\n<meta name=\"description\" content=\"U\u017esisakykite \u017dvaki\u0173 rinkinys [ Kahayu ir Tsaluyu ] su pristatymu Europoje ir JAV. \u2764\ufe0f Kainos Baltarusijos prek\u0117s \u017eenklo drabu\u017ei\u0173 su \u0161irdel\u0117mis internetin\u0117je parduotuv\u0117je 10 motyv\u0173 \u2764\ufe0f 10 motyv\u0173\" \/>\n<meta name=\"robots\" content=\"index, follow, max-snippet:-1, max-image-preview:large, max-video-preview:-1\" \/>\n<link rel=\"canonical\" href=\"https:\/\/10motifs.com\/lt\/produktas\/dovanu-rinkinys-buciavimasis-kartu-ir-patogiai-copy\/\" \/>\n<meta property=\"og:locale\" content=\"lt_LT\" \/>\n<meta property=\"og:type\" content=\"article\" \/>\n<meta property=\"og:title\" content=\"\u017dvaki\u0173 rinkinys [ Kahayu ir Tsaluyu ] pirkti internetu Lietuvoje \u2764\ufe0f 10motifs\" \/>\n<meta property=\"og:description\" content=\"U\u017esisakykite \u017dvaki\u0173 rinkinys [ Kahayu ir Tsaluyu ] su pristatymu Europoje ir JAV. \u2764\ufe0f Kainos Baltarusijos prek\u0117s \u017eenklo drabu\u017ei\u0173 su \u0161irdel\u0117mis internetin\u0117je parduotuv\u0117je 10 motyv\u0173 \u2764\ufe0f 10 motyv\u0173\" \/>\n<meta property=\"og:url\" content=\"https:\/\/10motifs.com\/lt\/produktas\/dovanu-rinkinys-buciavimasis-kartu-ir-patogiai-copy\/\" \/>\n<meta property=\"og:site_name\" content=\"10motifs\" \/>\n<meta property=\"article:modified_time\" content=\"2024-12-18T15:23:55+00:00\" \/>\n<meta property=\"og:image\" content=\"https:\/\/10motifs.com\/wp-content\/uploads\/2024\/12\/nabor-svechej-kahayu-i-czaluyu-2-1.png\" \/>\n\t<meta property=\"og:image:width\" content=\"700\" \/>\n\t<meta property=\"og:image:height\" content=\"800\" \/>\n\t<meta property=\"og:image:type\" content=\"image\/png\" \/>\n<meta name=\"twitter:card\" content=\"summary_large_image\" \/>\n<meta name=\"twitter:label1\" content=\"Est. reading time\" \/>\n\t<meta name=\"twitter:data1\" content=\"1 minut\u0117\" \/>\n<script type=\"application\/ld+json\" class=\"yoast-schema-graph\">{\"@context\":\"https:\\\/\\\/schema.org\",\"@graph\":[{\"@type\":\"WebPage\",\"@id\":\"https:\\\/\\\/10motifs.com\\\/lt\\\/produktas\\\/dovanu-rinkinys-buciavimasis-kartu-ir-patogiai-copy\\\/\",\"url\":\"https:\\\/\\\/10motifs.com\\\/lt\\\/produktas\\\/dovanu-rinkinys-buciavimasis-kartu-ir-patogiai-copy\\\/\",\"name\":\"\u017dvaki\u0173 rinkinys [ Kahayu ir Tsaluyu ] pirkti internetu Lietuvoje \u2764\ufe0f 10motifs\",\"isPartOf\":{\"@id\":\"https:\\\/\\\/10motifs.com\\\/lt\\\/#website\"},\"primaryImageOfPage\":{\"@id\":\"https:\\\/\\\/10motifs.com\\\/lt\\\/produktas\\\/dovanu-rinkinys-buciavimasis-kartu-ir-patogiai-copy\\\/#primaryimage\"},\"image\":{\"@id\":\"https:\\\/\\\/10motifs.com\\\/lt\\\/produktas\\\/dovanu-rinkinys-buciavimasis-kartu-ir-patogiai-copy\\\/#primaryimage\"},\"thumbnailUrl\":\"https:\\\/\\\/10motifs.com\\\/wp-content\\\/uploads\\\/2024\\\/12\\\/nabor-svechej-kahayu-i-czaluyu-2-1.png\",\"datePublished\":\"2024-12-18T15:16:09+00:00\",\"dateModified\":\"2024-12-18T15:23:55+00:00\",\"description\":\"U\u017esisakykite \u017dvaki\u0173 rinkinys [ Kahayu ir Tsaluyu ] su pristatymu Europoje ir JAV. \u2764\ufe0f Kainos Baltarusijos prek\u0117s \u017eenklo drabu\u017ei\u0173 su \u0161irdel\u0117mis internetin\u0117je parduotuv\u0117je 10 motyv\u0173 \u2764\ufe0f 10 motyv\u0173\",\"breadcrumb\":{\"@id\":\"https:\\\/\\\/10motifs.com\\\/lt\\\/produktas\\\/dovanu-rinkinys-buciavimasis-kartu-ir-patogiai-copy\\\/#breadcrumb\"},\"inLanguage\":\"lt-LT\",\"potentialAction\":[{\"@type\":\"ReadAction\",\"target\":[\"https:\\\/\\\/10motifs.com\\\/lt\\\/produktas\\\/dovanu-rinkinys-buciavimasis-kartu-ir-patogiai-copy\\\/\"]}]},{\"@type\":\"ImageObject\",\"inLanguage\":\"lt-LT\",\"@id\":\"https:\\\/\\\/10motifs.com\\\/lt\\\/produktas\\\/dovanu-rinkinys-buciavimasis-kartu-ir-patogiai-copy\\\/#primaryimage\",\"url\":\"https:\\\/\\\/10motifs.com\\\/wp-content\\\/uploads\\\/2024\\\/12\\\/nabor-svechej-kahayu-i-czaluyu-2-1.png\",\"contentUrl\":\"https:\\\/\\\/10motifs.com\\\/wp-content\\\/uploads\\\/2024\\\/12\\\/nabor-svechej-kahayu-i-czaluyu-2-1.png\",\"width\":700,\"height\":800},{\"@type\":\"BreadcrumbList\",\"@id\":\"https:\\\/\\\/10motifs.com\\\/lt\\\/produktas\\\/dovanu-rinkinys-buciavimasis-kartu-ir-patogiai-copy\\\/#breadcrumb\",\"itemListElement\":[{\"@type\":\"ListItem\",\"position\":1,\"name\":\"Pagrindinis puslapis\",\"item\":\"https:\\\/\\\/10motifs.com\\\/lt\\\/\"},{\"@type\":\"ListItem\",\"position\":2,\"name\":\"Parduotuv\u0117\",\"item\":\"https:\\\/\\\/10motifs.com\\\/lt\\\/parduotuve\\\/\"},{\"@type\":\"ListItem\",\"position\":3,\"name\":\"\u017dvaki\u0173 rinkinys [&nbsp;Kahayu ir Tsaluyu&nbsp;]\"}]},{\"@type\":\"WebSite\",\"@id\":\"https:\\\/\\\/10motifs.com\\\/lt\\\/#website\",\"url\":\"https:\\\/\\\/10motifs.com\\\/lt\\\/\",\"name\":\"10motifs\",\"description\":\"Internetin\u0117 dizaineri\u0173 drabu\u017ei\u0173 parduotuv\u0117\",\"publisher\":{\"@id\":\"https:\\\/\\\/10motifs.com\\\/lt\\\/#organization\"},\"alternateName\":\"10motifs\",\"potentialAction\":[{\"@type\":\"SearchAction\",\"target\":{\"@type\":\"EntryPoint\",\"urlTemplate\":\"https:\\\/\\\/10motifs.com\\\/lt\\\/?s={search_term_string}\"},\"query-input\":{\"@type\":\"PropertyValueSpecification\",\"valueRequired\":true,\"valueName\":\"search_term_string\"}}],\"inLanguage\":\"lt-LT\"},{\"@type\":\"Organization\",\"@id\":\"https:\\\/\\\/10motifs.com\\\/lt\\\/#organization\",\"name\":\"10motifs\",\"alternateName\":\"10motifs\",\"url\":\"https:\\\/\\\/10motifs.com\\\/lt\\\/\",\"logo\":{\"@type\":\"ImageObject\",\"inLanguage\":\"lt-LT\",\"@id\":\"https:\\\/\\\/10motifs.com\\\/lt\\\/#\\\/schema\\\/logo\\\/image\\\/\",\"url\":\"https:\\\/\\\/10motifs.com\\\/wp-content\\\/uploads\\\/2024\\\/04\\\/cropped-img_6859.jpg\",\"contentUrl\":\"https:\\\/\\\/10motifs.com\\\/wp-content\\\/uploads\\\/2024\\\/04\\\/cropped-img_6859.jpg\",\"width\":512,\"height\":512,\"caption\":\"10motifs\"},\"image\":{\"@id\":\"https:\\\/\\\/10motifs.com\\\/lt\\\/#\\\/schema\\\/logo\\\/image\\\/\"},\"sameAs\":[\"https:\\\/\\\/www.instagram.com\\\/10motifs\\\/\"]}]}<\/script>\n<!-- \/ Yoast SEO plugin. -->","yoast_head_json":{"title":"\u017dvaki\u0173 rinkinys [ Kahayu ir Tsaluyu ] pirkti internetu Lietuvoje \u2764\ufe0f 10motifs","description":"U\u017esisakykite \u017dvaki\u0173 rinkinys [ Kahayu ir Tsaluyu ] su pristatymu Europoje ir JAV. \u2764\ufe0f Kainos Baltarusijos prek\u0117s \u017eenklo drabu\u017ei\u0173 su \u0161irdel\u0117mis internetin\u0117je parduotuv\u0117je 10 motyv\u0173 \u2764\ufe0f 10 motyv\u0173","robots":{"index":"index","follow":"follow","max-snippet":"max-snippet:-1","max-image-preview":"max-image-preview:large","max-video-preview":"max-video-preview:-1"},"canonical":"https:\/\/10motifs.com\/lt\/produktas\/dovanu-rinkinys-buciavimasis-kartu-ir-patogiai-copy\/","og_locale":"lt_LT","og_type":"article","og_title":"\u017dvaki\u0173 rinkinys [ Kahayu ir Tsaluyu ] pirkti internetu Lietuvoje \u2764\ufe0f 10motifs","og_description":"U\u017esisakykite \u017dvaki\u0173 rinkinys [ Kahayu ir Tsaluyu ] su pristatymu Europoje ir JAV. \u2764\ufe0f Kainos Baltarusijos prek\u0117s \u017eenklo drabu\u017ei\u0173 su \u0161irdel\u0117mis internetin\u0117je parduotuv\u0117je 10 motyv\u0173 \u2764\ufe0f 10 motyv\u0173","og_url":"https:\/\/10motifs.com\/lt\/produktas\/dovanu-rinkinys-buciavimasis-kartu-ir-patogiai-copy\/","og_site_name":"10motifs","article_modified_time":"2024-12-18T15:23:55+00:00","og_image":[{"width":700,"height":800,"url":"https:\/\/10motifs.com\/wp-content\/uploads\/2024\/12\/nabor-svechej-kahayu-i-czaluyu-2-1.png","type":"image\/png"}],"twitter_card":"summary_large_image","twitter_misc":{"Est. reading time":"1 minut\u0117"},"schema":{"@context":"https:\/\/schema.org","@graph":[{"@type":"WebPage","@id":"https:\/\/10motifs.com\/lt\/produktas\/dovanu-rinkinys-buciavimasis-kartu-ir-patogiai-copy\/","url":"https:\/\/10motifs.com\/lt\/produktas\/dovanu-rinkinys-buciavimasis-kartu-ir-patogiai-copy\/","name":"\u017dvaki\u0173 rinkinys [ Kahayu ir Tsaluyu ] pirkti internetu Lietuvoje \u2764\ufe0f 10motifs","isPartOf":{"@id":"https:\/\/10motifs.com\/lt\/#website"},"primaryImageOfPage":{"@id":"https:\/\/10motifs.com\/lt\/produktas\/dovanu-rinkinys-buciavimasis-kartu-ir-patogiai-copy\/#primaryimage"},"image":{"@id":"https:\/\/10motifs.com\/lt\/produktas\/dovanu-rinkinys-buciavimasis-kartu-ir-patogiai-copy\/#primaryimage"},"thumbnailUrl":"https:\/\/10motifs.com\/wp-content\/uploads\/2024\/12\/nabor-svechej-kahayu-i-czaluyu-2-1.png","datePublished":"2024-12-18T15:16:09+00:00","dateModified":"2024-12-18T15:23:55+00:00","description":"U\u017esisakykite \u017dvaki\u0173 rinkinys [ Kahayu ir Tsaluyu ] su pristatymu Europoje ir JAV. \u2764\ufe0f Kainos Baltarusijos prek\u0117s \u017eenklo drabu\u017ei\u0173 su \u0161irdel\u0117mis internetin\u0117je parduotuv\u0117je 10 motyv\u0173 \u2764\ufe0f 10 motyv\u0173","breadcrumb":{"@id":"https:\/\/10motifs.com\/lt\/produktas\/dovanu-rinkinys-buciavimasis-kartu-ir-patogiai-copy\/#breadcrumb"},"inLanguage":"lt-LT","potentialAction":[{"@type":"ReadAction","target":["https:\/\/10motifs.com\/lt\/produktas\/dovanu-rinkinys-buciavimasis-kartu-ir-patogiai-copy\/"]}]},{"@type":"ImageObject","inLanguage":"lt-LT","@id":"https:\/\/10motifs.com\/lt\/produktas\/dovanu-rinkinys-buciavimasis-kartu-ir-patogiai-copy\/#primaryimage","url":"https:\/\/10motifs.com\/wp-content\/uploads\/2024\/12\/nabor-svechej-kahayu-i-czaluyu-2-1.png","contentUrl":"https:\/\/10motifs.com\/wp-content\/uploads\/2024\/12\/nabor-svechej-kahayu-i-czaluyu-2-1.png","width":700,"height":800},{"@type":"BreadcrumbList","@id":"https:\/\/10motifs.com\/lt\/produktas\/dovanu-rinkinys-buciavimasis-kartu-ir-patogiai-copy\/#breadcrumb","itemListElement":[{"@type":"ListItem","position":1,"name":"Pagrindinis puslapis","item":"https:\/\/10motifs.com\/lt\/"},{"@type":"ListItem","position":2,"name":"Parduotuv\u0117","item":"https:\/\/10motifs.com\/lt\/parduotuve\/"},{"@type":"ListItem","position":3,"name":"\u017dvaki\u0173 rinkinys [&nbsp;Kahayu ir Tsaluyu&nbsp;]"}]},{"@type":"WebSite","@id":"https:\/\/10motifs.com\/lt\/#website","url":"https:\/\/10motifs.com\/lt\/","name":"10motifs","description":"Internetin\u0117 dizaineri\u0173 drabu\u017ei\u0173 parduotuv\u0117","publisher":{"@id":"https:\/\/10motifs.com\/lt\/#organization"},"alternateName":"10motifs","potentialAction":[{"@type":"SearchAction","target":{"@type":"EntryPoint","urlTemplate":"https:\/\/10motifs.com\/lt\/?s={search_term_string}"},"query-input":{"@type":"PropertyValueSpecification","valueRequired":true,"valueName":"search_term_string"}}],"inLanguage":"lt-LT"},{"@type":"Organization","@id":"https:\/\/10motifs.com\/lt\/#organization","name":"10motifs","alternateName":"10motifs","url":"https:\/\/10motifs.com\/lt\/","logo":{"@type":"ImageObject","inLanguage":"lt-LT","@id":"https:\/\/10motifs.com\/lt\/#\/schema\/logo\/image\/","url":"https:\/\/10motifs.com\/wp-content\/uploads\/2024\/04\/cropped-img_6859.jpg","contentUrl":"https:\/\/10motifs.com\/wp-content\/uploads\/2024\/04\/cropped-img_6859.jpg","width":512,"height":512,"caption":"10motifs"},"image":{"@id":"https:\/\/10motifs.com\/lt\/#\/schema\/logo\/image\/"},"sameAs":["https:\/\/www.instagram.com\/10motifs\/"]}]}},"_links":{"self":[{"href":"https:\/\/10motifs.com\/lt\/wp-json\/wp\/v2\/product\/29265","targetHints":{"allow":["GET"]}}],"collection":[{"href":"https:\/\/10motifs.com\/lt\/wp-json\/wp\/v2\/product"}],"about":[{"href":"https:\/\/10motifs.com\/lt\/wp-json\/wp\/v2\/types\/product"}],"version-history":[{"count":3,"href":"https:\/\/10motifs.com\/lt\/wp-json\/wp\/v2\/product\/29265\/revisions"}],"predecessor-version":[{"id":29286,"href":"https:\/\/10motifs.com\/lt\/wp-json\/wp\/v2\/product\/29265\/revisions\/29286"}],"wp:featuredmedia":[{"embeddable":true,"href":"https:\/\/10motifs.com\/lt\/wp-json\/wp\/v2\/media\/29277"}],"wp:attachment":[{"href":"https:\/\/10motifs.com\/lt\/wp-json\/wp\/v2\/media?parent=29265"}],"wp:term":[{"taxonomy":"product_brand","embeddable":true,"href":"https:\/\/10motifs.com\/lt\/wp-json\/wp\/v2\/product_brand?post=29265"},{"taxonomy":"product_cat","embeddable":true,"href":"https:\/\/10motifs.com\/lt\/wp-json\/wp\/v2\/product_cat?post=29265"},{"taxonomy":"product_tag","embeddable":true,"href":"https:\/\/10motifs.com\/lt\/wp-json\/wp\/v2\/product_tag?post=29265"}],"curies":[{"name":"wp","href":"https:\/\/api.w.org\/{rel}","templated":true}]}}