{"id":29254,"date":"2024-12-18T17:07:05","date_gmt":"2024-12-18T15:07:05","guid":{"rendered":"https:\/\/10motifs.com\/?post_type=product&#038;p=29254"},"modified":"2024-12-23T16:39:04","modified_gmt":"2024-12-23T14:39:04","slug":"dovanu-rinkinys-buciavimasis-ikvepimas-sirdziai-copy","status":"publish","type":"product","link":"https:\/\/10motifs.com\/lt\/produktas\/dovanu-rinkinys-buciavimasis-ikvepimas-sirdziai-copy\/","title":{"rendered":"Dovan\u0173 rinkinys [&nbsp;Bu\u010diavimasis&nbsp;]: kartu ir patogiai"},"content":{"rendered":"<p style=\"text-align: center;\">Dovana, kuri su\u0161ildys ne tik k\u016bn\u0105, bet ir \u0161ird\u012f.<\/p>\n<p style=\"text-align: center;\">Dovan\u0173 rinkinyje [ Bu\u010dinys ]: \u0161alikas.<\/p>\n<p style=\"text-align: center;\">\u0160aliko atspalviai: perlamutras, ro\u017ein\u0117, dangaus, nakties dangus.<\/p>\n<p style=\"text-align: center;\">\u012e j\u012f \u012fd\u0117jome 10 u\u017ekoduot\u0173 id\u0117j\u0173:<\/p>\n<p style=\"text-align: center;\">\u2764\ufe0f jausm\u0105, kad gyvenimas &#8211; tai apkabinimas;<br \/>\n\u2764\ufe0f rytin\u012f pasivaik\u0161\u010diojim\u0105 su kava, jau\u010diant pirmuosius snaigi\u0173 prisilietimus;<br \/>\n\u2764\ufe0f suvokimas, kad kiekvieno i\u0161 m\u016bs\u0173 \u0161irdyje slypi \u0161velnumas, r\u016bpestis ir \u0161iluma;<br \/>\n\u2764\ufe0f jausmas &#8211; visa tai, k\u0105 myli ir kas esi tu;<br \/>\n\u2764\ufe0f r\u016bpinimasis savimi ir nauji sveiki \u012fpro\u010diai jau dabar;<br \/>\n\u2764\ufe0f naujos \u0161eimos tradicijos k\u016brimas;<br \/>\n\u2764\ufe0f to, k\u0105 darote, svarbos suvokim\u0105;<br \/>\n\u2764\ufe0f \u012fkv\u0117pim\u0105 naujai kelionei ar knygai gruod\u017eio m\u0117nes\u012f;<br \/>\n\u2764\ufe0f atsitiktini\u0173 ir laiming\u0173 prog\u0173;<br \/>\n\u2764\ufe0f nauj\u0105 nepamir\u0161tam\u0105 pa\u017eint\u012f.<\/p>\n<p style=\"text-align: center;\">Taigi jei ie\u0161kote daikto, kuris pakeis j\u016bs\u0173 gyvenim\u0105 ir nei\u0161eis i\u0161 mados, si\u016blome rinktis m\u016bs\u0173 naujov\u0119.<\/p>\n","protected":false},"excerpt":{"rendered":"<p>Dovan\u0173 rinkinys [ Bu\u010diniai ]. J\u012f sudaro:<\/p>\n<p>&#8211; \u0161alikas (galite pasirinkti bet koki\u0105 spalv\u0105, nurodykite j\u0105 pastaboje)<\/p>\n<p>\u0160aliko atspalviai: perlamutras, ro\u017ein\u0117, dangaus, nakties dangus<\/p>\n<p>Avec l&#8217;amour, 10motifs [\ud83e\udd0d]<\/p>\n","protected":false},"featured_media":28658,"template":"","meta":[],"product_brand":[],"product_cat":[922],"product_tag":[],"class_list":{"0":"post-29254","1":"product","2":"type-product","3":"status-publish","4":"has-post-thumbnail","6":"product_cat-dovanu-rinkiniai-dovanos","7":"product_shipping_class-vidurinis-langelis","8":"pa_czveta-sharfa-dangiskasis","9":"pa_czveta-sharfa-nakties-dangus","10":"pa_czveta-sharfa-perlas","11":"pa_czveta-sharfa-rozinis","13":"first","14":"instock","15":"shipping-taxable","16":"purchasable","17":"product-type-variable"},"yoast_head":"<!-- This site is optimized with the Yoast SEO plugin v27.3 - https:\/\/yoast.com\/product\/yoast-seo-wordpress\/ -->\n<title>Dovan\u0173 rinkinys [ Bu\u010diavimasis ]: kartu ir patogiai pirkti internetu Lietuvoje \u2764\ufe0f 10motifs<\/title>\n<meta name=\"description\" content=\"U\u017esisakykite Dovan\u0173 rinkinys [ Bu\u010diavimasis ]: kartu ir patogiai su pristatymu Europoje ir JAV. \u2764\ufe0f Kainos Baltarusijos prek\u0117s \u017eenklo drabu\u017ei\u0173 su \u0161irdel\u0117mis internetin\u0117je parduotuv\u0117je 10 motyv\u0173 \u2764\ufe0f 10 motyv\u0173\" \/>\n<meta name=\"robots\" content=\"index, follow, max-snippet:-1, max-image-preview:large, max-video-preview:-1\" \/>\n<link rel=\"canonical\" href=\"https:\/\/10motifs.com\/lt\/produktas\/dovanu-rinkinys-buciavimasis-ikvepimas-sirdziai-copy\/\" \/>\n<meta property=\"og:locale\" content=\"lt_LT\" \/>\n<meta property=\"og:type\" content=\"article\" \/>\n<meta property=\"og:title\" content=\"Dovan\u0173 rinkinys [ Bu\u010diavimasis ]: kartu ir patogiai pirkti internetu Lietuvoje \u2764\ufe0f 10motifs\" \/>\n<meta property=\"og:description\" content=\"U\u017esisakykite Dovan\u0173 rinkinys [ Bu\u010diavimasis ]: kartu ir patogiai su pristatymu Europoje ir JAV. \u2764\ufe0f Kainos Baltarusijos prek\u0117s \u017eenklo drabu\u017ei\u0173 su \u0161irdel\u0117mis internetin\u0117je parduotuv\u0117je 10 motyv\u0173 \u2764\ufe0f 10 motyv\u0173\" \/>\n<meta property=\"og:url\" content=\"https:\/\/10motifs.com\/lt\/produktas\/dovanu-rinkinys-buciavimasis-ikvepimas-sirdziai-copy\/\" \/>\n<meta property=\"og:site_name\" content=\"10motifs\" \/>\n<meta property=\"article:modified_time\" content=\"2024-12-23T14:39:04+00:00\" \/>\n<meta property=\"og:image\" content=\"https:\/\/10motifs.com\/wp-content\/uploads\/2024\/12\/sharf-3.png\" \/>\n\t<meta property=\"og:image:width\" content=\"700\" \/>\n\t<meta property=\"og:image:height\" content=\"800\" \/>\n\t<meta property=\"og:image:type\" content=\"image\/png\" \/>\n<meta name=\"twitter:card\" content=\"summary_large_image\" \/>\n<meta name=\"twitter:label1\" content=\"Est. reading time\" \/>\n\t<meta name=\"twitter:data1\" content=\"1 minut\u0117\" \/>\n<script type=\"application\/ld+json\" class=\"yoast-schema-graph\">{\"@context\":\"https:\\\/\\\/schema.org\",\"@graph\":[{\"@type\":\"WebPage\",\"@id\":\"https:\\\/\\\/10motifs.com\\\/lt\\\/produktas\\\/dovanu-rinkinys-buciavimasis-ikvepimas-sirdziai-copy\\\/\",\"url\":\"https:\\\/\\\/10motifs.com\\\/lt\\\/produktas\\\/dovanu-rinkinys-buciavimasis-ikvepimas-sirdziai-copy\\\/\",\"name\":\"Dovan\u0173 rinkinys [ Bu\u010diavimasis ]: kartu ir patogiai pirkti internetu Lietuvoje \u2764\ufe0f 10motifs\",\"isPartOf\":{\"@id\":\"https:\\\/\\\/10motifs.com\\\/lt\\\/#website\"},\"primaryImageOfPage\":{\"@id\":\"https:\\\/\\\/10motifs.com\\\/lt\\\/produktas\\\/dovanu-rinkinys-buciavimasis-ikvepimas-sirdziai-copy\\\/#primaryimage\"},\"image\":{\"@id\":\"https:\\\/\\\/10motifs.com\\\/lt\\\/produktas\\\/dovanu-rinkinys-buciavimasis-ikvepimas-sirdziai-copy\\\/#primaryimage\"},\"thumbnailUrl\":\"https:\\\/\\\/10motifs.com\\\/wp-content\\\/uploads\\\/2024\\\/12\\\/sharf-3.png\",\"datePublished\":\"2024-12-18T15:07:05+00:00\",\"dateModified\":\"2024-12-23T14:39:04+00:00\",\"description\":\"U\u017esisakykite Dovan\u0173 rinkinys [ Bu\u010diavimasis ]: kartu ir patogiai su pristatymu Europoje ir JAV. \u2764\ufe0f Kainos Baltarusijos prek\u0117s \u017eenklo drabu\u017ei\u0173 su \u0161irdel\u0117mis internetin\u0117je parduotuv\u0117je 10 motyv\u0173 \u2764\ufe0f 10 motyv\u0173\",\"breadcrumb\":{\"@id\":\"https:\\\/\\\/10motifs.com\\\/lt\\\/produktas\\\/dovanu-rinkinys-buciavimasis-ikvepimas-sirdziai-copy\\\/#breadcrumb\"},\"inLanguage\":\"lt-LT\",\"potentialAction\":[{\"@type\":\"ReadAction\",\"target\":[\"https:\\\/\\\/10motifs.com\\\/lt\\\/produktas\\\/dovanu-rinkinys-buciavimasis-ikvepimas-sirdziai-copy\\\/\"]}]},{\"@type\":\"ImageObject\",\"inLanguage\":\"lt-LT\",\"@id\":\"https:\\\/\\\/10motifs.com\\\/lt\\\/produktas\\\/dovanu-rinkinys-buciavimasis-ikvepimas-sirdziai-copy\\\/#primaryimage\",\"url\":\"https:\\\/\\\/10motifs.com\\\/wp-content\\\/uploads\\\/2024\\\/12\\\/sharf-3.png\",\"contentUrl\":\"https:\\\/\\\/10motifs.com\\\/wp-content\\\/uploads\\\/2024\\\/12\\\/sharf-3.png\",\"width\":700,\"height\":800},{\"@type\":\"BreadcrumbList\",\"@id\":\"https:\\\/\\\/10motifs.com\\\/lt\\\/produktas\\\/dovanu-rinkinys-buciavimasis-ikvepimas-sirdziai-copy\\\/#breadcrumb\",\"itemListElement\":[{\"@type\":\"ListItem\",\"position\":1,\"name\":\"Pagrindinis puslapis\",\"item\":\"https:\\\/\\\/10motifs.com\\\/lt\\\/\"},{\"@type\":\"ListItem\",\"position\":2,\"name\":\"Parduotuv\u0117\",\"item\":\"https:\\\/\\\/10motifs.com\\\/lt\\\/parduotuve\\\/\"},{\"@type\":\"ListItem\",\"position\":3,\"name\":\"Dovan\u0173 rinkinys [&nbsp;Bu\u010diavimasis&nbsp;]: kartu ir patogiai\"}]},{\"@type\":\"WebSite\",\"@id\":\"https:\\\/\\\/10motifs.com\\\/lt\\\/#website\",\"url\":\"https:\\\/\\\/10motifs.com\\\/lt\\\/\",\"name\":\"10motifs\",\"description\":\"Internetin\u0117 dizaineri\u0173 drabu\u017ei\u0173 parduotuv\u0117\",\"publisher\":{\"@id\":\"https:\\\/\\\/10motifs.com\\\/lt\\\/#organization\"},\"alternateName\":\"10motifs\",\"potentialAction\":[{\"@type\":\"SearchAction\",\"target\":{\"@type\":\"EntryPoint\",\"urlTemplate\":\"https:\\\/\\\/10motifs.com\\\/lt\\\/?s={search_term_string}\"},\"query-input\":{\"@type\":\"PropertyValueSpecification\",\"valueRequired\":true,\"valueName\":\"search_term_string\"}}],\"inLanguage\":\"lt-LT\"},{\"@type\":\"Organization\",\"@id\":\"https:\\\/\\\/10motifs.com\\\/lt\\\/#organization\",\"name\":\"10motifs\",\"alternateName\":\"10motifs\",\"url\":\"https:\\\/\\\/10motifs.com\\\/lt\\\/\",\"logo\":{\"@type\":\"ImageObject\",\"inLanguage\":\"lt-LT\",\"@id\":\"https:\\\/\\\/10motifs.com\\\/lt\\\/#\\\/schema\\\/logo\\\/image\\\/\",\"url\":\"https:\\\/\\\/10motifs.com\\\/wp-content\\\/uploads\\\/2024\\\/04\\\/cropped-img_6859.jpg\",\"contentUrl\":\"https:\\\/\\\/10motifs.com\\\/wp-content\\\/uploads\\\/2024\\\/04\\\/cropped-img_6859.jpg\",\"width\":512,\"height\":512,\"caption\":\"10motifs\"},\"image\":{\"@id\":\"https:\\\/\\\/10motifs.com\\\/lt\\\/#\\\/schema\\\/logo\\\/image\\\/\"},\"sameAs\":[\"https:\\\/\\\/www.instagram.com\\\/10motifs\\\/\"]}]}<\/script>\n<!-- \/ Yoast SEO plugin. -->","yoast_head_json":{"title":"Dovan\u0173 rinkinys [ Bu\u010diavimasis ]: kartu ir patogiai pirkti internetu Lietuvoje \u2764\ufe0f 10motifs","description":"U\u017esisakykite Dovan\u0173 rinkinys [ Bu\u010diavimasis ]: kartu ir patogiai su pristatymu Europoje ir JAV. \u2764\ufe0f Kainos Baltarusijos prek\u0117s \u017eenklo drabu\u017ei\u0173 su \u0161irdel\u0117mis internetin\u0117je parduotuv\u0117je 10 motyv\u0173 \u2764\ufe0f 10 motyv\u0173","robots":{"index":"index","follow":"follow","max-snippet":"max-snippet:-1","max-image-preview":"max-image-preview:large","max-video-preview":"max-video-preview:-1"},"canonical":"https:\/\/10motifs.com\/lt\/produktas\/dovanu-rinkinys-buciavimasis-ikvepimas-sirdziai-copy\/","og_locale":"lt_LT","og_type":"article","og_title":"Dovan\u0173 rinkinys [ Bu\u010diavimasis ]: kartu ir patogiai pirkti internetu Lietuvoje \u2764\ufe0f 10motifs","og_description":"U\u017esisakykite Dovan\u0173 rinkinys [ Bu\u010diavimasis ]: kartu ir patogiai su pristatymu Europoje ir JAV. \u2764\ufe0f Kainos Baltarusijos prek\u0117s \u017eenklo drabu\u017ei\u0173 su \u0161irdel\u0117mis internetin\u0117je parduotuv\u0117je 10 motyv\u0173 \u2764\ufe0f 10 motyv\u0173","og_url":"https:\/\/10motifs.com\/lt\/produktas\/dovanu-rinkinys-buciavimasis-ikvepimas-sirdziai-copy\/","og_site_name":"10motifs","article_modified_time":"2024-12-23T14:39:04+00:00","og_image":[{"width":700,"height":800,"url":"https:\/\/10motifs.com\/wp-content\/uploads\/2024\/12\/sharf-3.png","type":"image\/png"}],"twitter_card":"summary_large_image","twitter_misc":{"Est. reading time":"1 minut\u0117"},"schema":{"@context":"https:\/\/schema.org","@graph":[{"@type":"WebPage","@id":"https:\/\/10motifs.com\/lt\/produktas\/dovanu-rinkinys-buciavimasis-ikvepimas-sirdziai-copy\/","url":"https:\/\/10motifs.com\/lt\/produktas\/dovanu-rinkinys-buciavimasis-ikvepimas-sirdziai-copy\/","name":"Dovan\u0173 rinkinys [ Bu\u010diavimasis ]: kartu ir patogiai pirkti internetu Lietuvoje \u2764\ufe0f 10motifs","isPartOf":{"@id":"https:\/\/10motifs.com\/lt\/#website"},"primaryImageOfPage":{"@id":"https:\/\/10motifs.com\/lt\/produktas\/dovanu-rinkinys-buciavimasis-ikvepimas-sirdziai-copy\/#primaryimage"},"image":{"@id":"https:\/\/10motifs.com\/lt\/produktas\/dovanu-rinkinys-buciavimasis-ikvepimas-sirdziai-copy\/#primaryimage"},"thumbnailUrl":"https:\/\/10motifs.com\/wp-content\/uploads\/2024\/12\/sharf-3.png","datePublished":"2024-12-18T15:07:05+00:00","dateModified":"2024-12-23T14:39:04+00:00","description":"U\u017esisakykite Dovan\u0173 rinkinys [ Bu\u010diavimasis ]: kartu ir patogiai su pristatymu Europoje ir JAV. \u2764\ufe0f Kainos Baltarusijos prek\u0117s \u017eenklo drabu\u017ei\u0173 su \u0161irdel\u0117mis internetin\u0117je parduotuv\u0117je 10 motyv\u0173 \u2764\ufe0f 10 motyv\u0173","breadcrumb":{"@id":"https:\/\/10motifs.com\/lt\/produktas\/dovanu-rinkinys-buciavimasis-ikvepimas-sirdziai-copy\/#breadcrumb"},"inLanguage":"lt-LT","potentialAction":[{"@type":"ReadAction","target":["https:\/\/10motifs.com\/lt\/produktas\/dovanu-rinkinys-buciavimasis-ikvepimas-sirdziai-copy\/"]}]},{"@type":"ImageObject","inLanguage":"lt-LT","@id":"https:\/\/10motifs.com\/lt\/produktas\/dovanu-rinkinys-buciavimasis-ikvepimas-sirdziai-copy\/#primaryimage","url":"https:\/\/10motifs.com\/wp-content\/uploads\/2024\/12\/sharf-3.png","contentUrl":"https:\/\/10motifs.com\/wp-content\/uploads\/2024\/12\/sharf-3.png","width":700,"height":800},{"@type":"BreadcrumbList","@id":"https:\/\/10motifs.com\/lt\/produktas\/dovanu-rinkinys-buciavimasis-ikvepimas-sirdziai-copy\/#breadcrumb","itemListElement":[{"@type":"ListItem","position":1,"name":"Pagrindinis puslapis","item":"https:\/\/10motifs.com\/lt\/"},{"@type":"ListItem","position":2,"name":"Parduotuv\u0117","item":"https:\/\/10motifs.com\/lt\/parduotuve\/"},{"@type":"ListItem","position":3,"name":"Dovan\u0173 rinkinys [&nbsp;Bu\u010diavimasis&nbsp;]: kartu ir patogiai"}]},{"@type":"WebSite","@id":"https:\/\/10motifs.com\/lt\/#website","url":"https:\/\/10motifs.com\/lt\/","name":"10motifs","description":"Internetin\u0117 dizaineri\u0173 drabu\u017ei\u0173 parduotuv\u0117","publisher":{"@id":"https:\/\/10motifs.com\/lt\/#organization"},"alternateName":"10motifs","potentialAction":[{"@type":"SearchAction","target":{"@type":"EntryPoint","urlTemplate":"https:\/\/10motifs.com\/lt\/?s={search_term_string}"},"query-input":{"@type":"PropertyValueSpecification","valueRequired":true,"valueName":"search_term_string"}}],"inLanguage":"lt-LT"},{"@type":"Organization","@id":"https:\/\/10motifs.com\/lt\/#organization","name":"10motifs","alternateName":"10motifs","url":"https:\/\/10motifs.com\/lt\/","logo":{"@type":"ImageObject","inLanguage":"lt-LT","@id":"https:\/\/10motifs.com\/lt\/#\/schema\/logo\/image\/","url":"https:\/\/10motifs.com\/wp-content\/uploads\/2024\/04\/cropped-img_6859.jpg","contentUrl":"https:\/\/10motifs.com\/wp-content\/uploads\/2024\/04\/cropped-img_6859.jpg","width":512,"height":512,"caption":"10motifs"},"image":{"@id":"https:\/\/10motifs.com\/lt\/#\/schema\/logo\/image\/"},"sameAs":["https:\/\/www.instagram.com\/10motifs\/"]}]}},"_links":{"self":[{"href":"https:\/\/10motifs.com\/lt\/wp-json\/wp\/v2\/product\/29254","targetHints":{"allow":["GET"]}}],"collection":[{"href":"https:\/\/10motifs.com\/lt\/wp-json\/wp\/v2\/product"}],"about":[{"href":"https:\/\/10motifs.com\/lt\/wp-json\/wp\/v2\/types\/product"}],"version-history":[{"count":4,"href":"https:\/\/10motifs.com\/lt\/wp-json\/wp\/v2\/product\/29254\/revisions"}],"predecessor-version":[{"id":29515,"href":"https:\/\/10motifs.com\/lt\/wp-json\/wp\/v2\/product\/29254\/revisions\/29515"}],"wp:featuredmedia":[{"embeddable":true,"href":"https:\/\/10motifs.com\/lt\/wp-json\/wp\/v2\/media\/28658"}],"wp:attachment":[{"href":"https:\/\/10motifs.com\/lt\/wp-json\/wp\/v2\/media?parent=29254"}],"wp:term":[{"taxonomy":"product_brand","embeddable":true,"href":"https:\/\/10motifs.com\/lt\/wp-json\/wp\/v2\/product_brand?post=29254"},{"taxonomy":"product_cat","embeddable":true,"href":"https:\/\/10motifs.com\/lt\/wp-json\/wp\/v2\/product_cat?post=29254"},{"taxonomy":"product_tag","embeddable":true,"href":"https:\/\/10motifs.com\/lt\/wp-json\/wp\/v2\/product_tag?post=29254"}],"curies":[{"name":"wp","href":"https:\/\/api.w.org\/{rel}","templated":true}]}}