{"id":28679,"date":"2024-12-16T01:50:13","date_gmt":"2024-12-15T23:50:13","guid":{"rendered":"https:\/\/10motifs.com\/?post_type=product&#038;p=28679"},"modified":"2024-12-23T15:18:43","modified_gmt":"2024-12-23T13:18:43","slug":"didele-deze-razam-copy-copy-copy-copy-copy-copy","status":"publish","type":"product","link":"https:\/\/10motifs.com\/lt\/produktas\/didele-deze-razam-copy-copy-copy-copy-copy-copy\/","title":{"rendered":"Dovan\u0173 rinkinys [&nbsp;Razam&nbsp;]: kartu ir patogiai"},"content":{"rendered":"<p style=\"text-align: center;\">\u0160is rinkinys \u012fk\u016bnija meil\u0119, kuri su\u0161ildo net \u0161al\u010diausiomis dienomis. Jis sukurtas siekiant dovanoti ne tik daiktus, bet ir jausmus, kuriuos galima pajusti ir patirti kiekvien\u0105 dien\u0105. Su juo lengva perteikti \u201eA\u0161 esu \u0161alia tav\u0119s\u201c &#8211; bet kokioje situacijoje, bet kuriuo metu.<\/p>\n<p style=\"text-align: center;\">Dovan\u0173 rinkinyje [ Razam ]:<br \/>\n&#8211; Dangtelis (pasirinktos spalvos)<br \/>\n&#8211; \u0160alikas (pasirinkta spalva)<br \/>\n&#8211; pir\u0161tin\u0117s (pasirinkta spalva)<\/p>\n<p style=\"text-align: center;\">kepur\u0117s atspalviai: apelsin\u0173, levand\u0173, pudros, \u0161okolado, naktinio dangaus, pieno, vyno, perl\u0173<br \/>\n\u0160aliko atspalviai: perlamutras, ro\u017ein\u0117, dangaus, nakties dangus.<br \/>\nPir\u0161tini\u0173 atspalviai: naktinis dangus, perlamutras, dangaus, levand\u0173, raudona, vynas, \u0161okoladas, grafitas<\/p>\n","protected":false},"excerpt":{"rendered":"<p>Didelis dovan\u0173 rinkinys [ Razam ]. J\u012f sudaro:<\/p>\n<p>&#8211; kepur\u0117 (galima pasirinkti bet koki\u0105 spalv\u0105, nurodykite j\u0105 pastaboje)<br \/>\n&#8211; \u0161alikas (bet kokios spalvos, pra\u0161ome nurodyti pastaboje)<br \/>\n&#8211; pir\u0161tin\u0117s (bet kokios spalvos, nurodykite pastaboje)<\/p>\n<p>Kepur\u0117s atspalviai: apelsin\u0173, levand\u0173, pudros, \u0161okolado, naktinio dangaus, pieno, vyno, perl\u0173.<br \/>\n\u0160aliko atspalviai: perlamutras, ro\u017ein\u0117, dangaus, nakties dangus.<br \/>\nPir\u0161tini\u0173 atspalviai: naktinis dangus, perlamutras, dangaus, levand\u0173, raudona, vynas, \u0161okoladas, grafitas.<\/p>\n<p>Avec l&#8217;amour, 10motifs [\ud83e\udd0d]<\/p>\n","protected":false},"featured_media":28682,"template":"","meta":[],"product_brand":[],"product_cat":[922],"product_tag":[],"class_list":{"0":"post-28679","1":"product","2":"type-product","3":"status-publish","4":"has-post-thumbnail","6":"product_cat-dovanu-rinkiniai-dovanos","7":"product_shipping_class-vidurinis-langelis","8":"pa_czvet-shapochek-levandu","9":"pa_czvet-shapochek-miltelinis","10":"pa_czvet-shapochek-nakties-dangus","11":"pa_czvet-shapochek-oranzine","12":"pa_czvet-shapochek-perlas","13":"pa_czvet-shapochek-pienas","14":"pa_czvet-shapochek-sokoladas","15":"pa_czvet-shapochek-vyno","16":"pa_czveta-sharfa-dangiskasis","17":"pa_czveta-sharfa-nakties-dangus","18":"pa_czveta-sharfa-perlas","19":"pa_czveta-sharfa-rozinis","20":"pa_varezhki-dangiskasis","21":"pa_varezhki-grafitas","22":"pa_varezhki-levandu","23":"pa_varezhki-nakties-dangus","24":"pa_varezhki-perlas","25":"pa_varezhki-scarlet-lt","26":"pa_varezhki-sokoladas","27":"pa_varezhki-vyno","29":"first","30":"instock","31":"shipping-taxable","32":"purchasable","33":"product-type-variable"},"yoast_head":"<!-- This site is optimized with the Yoast SEO plugin v27.3 - https:\/\/yoast.com\/product\/yoast-seo-wordpress\/ -->\n<title>Dovan\u0173 rinkinys [ Razam ]: kartu ir patogiai pirkti internetu Lietuvoje \u2764\ufe0f 10motifs<\/title>\n<meta name=\"description\" content=\"U\u017esisakykite Dovan\u0173 rinkinys [ Razam ]: kartu ir patogiai su pristatymu Europoje ir JAV. \u2764\ufe0f Kainos Baltarusijos prek\u0117s \u017eenklo drabu\u017ei\u0173 su \u0161irdel\u0117mis internetin\u0117je parduotuv\u0117je 10 motyv\u0173 \u2764\ufe0f 10 motyv\u0173\" \/>\n<meta name=\"robots\" content=\"index, follow, max-snippet:-1, max-image-preview:large, max-video-preview:-1\" \/>\n<link rel=\"canonical\" href=\"https:\/\/10motifs.com\/lt\/produktas\/didele-deze-razam-copy-copy-copy-copy-copy-copy\/\" \/>\n<meta property=\"og:locale\" content=\"lt_LT\" \/>\n<meta property=\"og:type\" content=\"article\" \/>\n<meta property=\"og:title\" content=\"Dovan\u0173 rinkinys [ Razam ]: kartu ir patogiai pirkti internetu Lietuvoje \u2764\ufe0f 10motifs\" \/>\n<meta property=\"og:description\" content=\"U\u017esisakykite Dovan\u0173 rinkinys [ Razam ]: kartu ir patogiai su pristatymu Europoje ir JAV. \u2764\ufe0f Kainos Baltarusijos prek\u0117s \u017eenklo drabu\u017ei\u0173 su \u0161irdel\u0117mis internetin\u0117je parduotuv\u0117je 10 motyv\u0173 \u2764\ufe0f 10 motyv\u0173\" \/>\n<meta property=\"og:url\" content=\"https:\/\/10motifs.com\/lt\/produktas\/didele-deze-razam-copy-copy-copy-copy-copy-copy\/\" \/>\n<meta property=\"og:site_name\" content=\"10motifs\" \/>\n<meta property=\"article:modified_time\" content=\"2024-12-23T13:18:43+00:00\" \/>\n<meta property=\"og:image\" content=\"https:\/\/10motifs.com\/wp-content\/uploads\/2024\/12\/bolshoj-podarochnyj-boks-razam-1.png\" \/>\n\t<meta property=\"og:image:width\" content=\"700\" \/>\n\t<meta property=\"og:image:height\" content=\"800\" \/>\n\t<meta property=\"og:image:type\" content=\"image\/png\" \/>\n<meta name=\"twitter:card\" content=\"summary_large_image\" \/>\n<meta name=\"twitter:label1\" content=\"Est. reading time\" \/>\n\t<meta name=\"twitter:data1\" content=\"1 minut\u0117\" \/>\n<script type=\"application\/ld+json\" class=\"yoast-schema-graph\">{\"@context\":\"https:\\\/\\\/schema.org\",\"@graph\":[{\"@type\":\"WebPage\",\"@id\":\"https:\\\/\\\/10motifs.com\\\/lt\\\/produktas\\\/didele-deze-razam-copy-copy-copy-copy-copy-copy\\\/\",\"url\":\"https:\\\/\\\/10motifs.com\\\/lt\\\/produktas\\\/didele-deze-razam-copy-copy-copy-copy-copy-copy\\\/\",\"name\":\"Dovan\u0173 rinkinys [ Razam ]: kartu ir patogiai pirkti internetu Lietuvoje \u2764\ufe0f 10motifs\",\"isPartOf\":{\"@id\":\"https:\\\/\\\/10motifs.com\\\/lt\\\/#website\"},\"primaryImageOfPage\":{\"@id\":\"https:\\\/\\\/10motifs.com\\\/lt\\\/produktas\\\/didele-deze-razam-copy-copy-copy-copy-copy-copy\\\/#primaryimage\"},\"image\":{\"@id\":\"https:\\\/\\\/10motifs.com\\\/lt\\\/produktas\\\/didele-deze-razam-copy-copy-copy-copy-copy-copy\\\/#primaryimage\"},\"thumbnailUrl\":\"https:\\\/\\\/10motifs.com\\\/wp-content\\\/uploads\\\/2024\\\/12\\\/bolshoj-podarochnyj-boks-razam-1.png\",\"datePublished\":\"2024-12-15T23:50:13+00:00\",\"dateModified\":\"2024-12-23T13:18:43+00:00\",\"description\":\"U\u017esisakykite Dovan\u0173 rinkinys [ Razam ]: kartu ir patogiai su pristatymu Europoje ir JAV. \u2764\ufe0f Kainos Baltarusijos prek\u0117s \u017eenklo drabu\u017ei\u0173 su \u0161irdel\u0117mis internetin\u0117je parduotuv\u0117je 10 motyv\u0173 \u2764\ufe0f 10 motyv\u0173\",\"breadcrumb\":{\"@id\":\"https:\\\/\\\/10motifs.com\\\/lt\\\/produktas\\\/didele-deze-razam-copy-copy-copy-copy-copy-copy\\\/#breadcrumb\"},\"inLanguage\":\"lt-LT\",\"potentialAction\":[{\"@type\":\"ReadAction\",\"target\":[\"https:\\\/\\\/10motifs.com\\\/lt\\\/produktas\\\/didele-deze-razam-copy-copy-copy-copy-copy-copy\\\/\"]}]},{\"@type\":\"ImageObject\",\"inLanguage\":\"lt-LT\",\"@id\":\"https:\\\/\\\/10motifs.com\\\/lt\\\/produktas\\\/didele-deze-razam-copy-copy-copy-copy-copy-copy\\\/#primaryimage\",\"url\":\"https:\\\/\\\/10motifs.com\\\/wp-content\\\/uploads\\\/2024\\\/12\\\/bolshoj-podarochnyj-boks-razam-1.png\",\"contentUrl\":\"https:\\\/\\\/10motifs.com\\\/wp-content\\\/uploads\\\/2024\\\/12\\\/bolshoj-podarochnyj-boks-razam-1.png\",\"width\":700,\"height\":800},{\"@type\":\"BreadcrumbList\",\"@id\":\"https:\\\/\\\/10motifs.com\\\/lt\\\/produktas\\\/didele-deze-razam-copy-copy-copy-copy-copy-copy\\\/#breadcrumb\",\"itemListElement\":[{\"@type\":\"ListItem\",\"position\":1,\"name\":\"Pagrindinis puslapis\",\"item\":\"https:\\\/\\\/10motifs.com\\\/lt\\\/\"},{\"@type\":\"ListItem\",\"position\":2,\"name\":\"Parduotuv\u0117\",\"item\":\"https:\\\/\\\/10motifs.com\\\/lt\\\/parduotuve\\\/\"},{\"@type\":\"ListItem\",\"position\":3,\"name\":\"Dovan\u0173 rinkinys [&nbsp;Razam&nbsp;]: kartu ir patogiai\"}]},{\"@type\":\"WebSite\",\"@id\":\"https:\\\/\\\/10motifs.com\\\/lt\\\/#website\",\"url\":\"https:\\\/\\\/10motifs.com\\\/lt\\\/\",\"name\":\"10motifs\",\"description\":\"Internetin\u0117 dizaineri\u0173 drabu\u017ei\u0173 parduotuv\u0117\",\"publisher\":{\"@id\":\"https:\\\/\\\/10motifs.com\\\/lt\\\/#organization\"},\"alternateName\":\"10motifs\",\"potentialAction\":[{\"@type\":\"SearchAction\",\"target\":{\"@type\":\"EntryPoint\",\"urlTemplate\":\"https:\\\/\\\/10motifs.com\\\/lt\\\/?s={search_term_string}\"},\"query-input\":{\"@type\":\"PropertyValueSpecification\",\"valueRequired\":true,\"valueName\":\"search_term_string\"}}],\"inLanguage\":\"lt-LT\"},{\"@type\":\"Organization\",\"@id\":\"https:\\\/\\\/10motifs.com\\\/lt\\\/#organization\",\"name\":\"10motifs\",\"alternateName\":\"10motifs\",\"url\":\"https:\\\/\\\/10motifs.com\\\/lt\\\/\",\"logo\":{\"@type\":\"ImageObject\",\"inLanguage\":\"lt-LT\",\"@id\":\"https:\\\/\\\/10motifs.com\\\/lt\\\/#\\\/schema\\\/logo\\\/image\\\/\",\"url\":\"https:\\\/\\\/10motifs.com\\\/wp-content\\\/uploads\\\/2024\\\/04\\\/cropped-img_6859.jpg\",\"contentUrl\":\"https:\\\/\\\/10motifs.com\\\/wp-content\\\/uploads\\\/2024\\\/04\\\/cropped-img_6859.jpg\",\"width\":512,\"height\":512,\"caption\":\"10motifs\"},\"image\":{\"@id\":\"https:\\\/\\\/10motifs.com\\\/lt\\\/#\\\/schema\\\/logo\\\/image\\\/\"},\"sameAs\":[\"https:\\\/\\\/www.instagram.com\\\/10motifs\\\/\"]}]}<\/script>\n<!-- \/ Yoast SEO plugin. -->","yoast_head_json":{"title":"Dovan\u0173 rinkinys [ Razam ]: kartu ir patogiai pirkti internetu Lietuvoje \u2764\ufe0f 10motifs","description":"U\u017esisakykite Dovan\u0173 rinkinys [ Razam ]: kartu ir patogiai su pristatymu Europoje ir JAV. \u2764\ufe0f Kainos Baltarusijos prek\u0117s \u017eenklo drabu\u017ei\u0173 su \u0161irdel\u0117mis internetin\u0117je parduotuv\u0117je 10 motyv\u0173 \u2764\ufe0f 10 motyv\u0173","robots":{"index":"index","follow":"follow","max-snippet":"max-snippet:-1","max-image-preview":"max-image-preview:large","max-video-preview":"max-video-preview:-1"},"canonical":"https:\/\/10motifs.com\/lt\/produktas\/didele-deze-razam-copy-copy-copy-copy-copy-copy\/","og_locale":"lt_LT","og_type":"article","og_title":"Dovan\u0173 rinkinys [ Razam ]: kartu ir patogiai pirkti internetu Lietuvoje \u2764\ufe0f 10motifs","og_description":"U\u017esisakykite Dovan\u0173 rinkinys [ Razam ]: kartu ir patogiai su pristatymu Europoje ir JAV. \u2764\ufe0f Kainos Baltarusijos prek\u0117s \u017eenklo drabu\u017ei\u0173 su \u0161irdel\u0117mis internetin\u0117je parduotuv\u0117je 10 motyv\u0173 \u2764\ufe0f 10 motyv\u0173","og_url":"https:\/\/10motifs.com\/lt\/produktas\/didele-deze-razam-copy-copy-copy-copy-copy-copy\/","og_site_name":"10motifs","article_modified_time":"2024-12-23T13:18:43+00:00","og_image":[{"width":700,"height":800,"url":"https:\/\/10motifs.com\/wp-content\/uploads\/2024\/12\/bolshoj-podarochnyj-boks-razam-1.png","type":"image\/png"}],"twitter_card":"summary_large_image","twitter_misc":{"Est. reading time":"1 minut\u0117"},"schema":{"@context":"https:\/\/schema.org","@graph":[{"@type":"WebPage","@id":"https:\/\/10motifs.com\/lt\/produktas\/didele-deze-razam-copy-copy-copy-copy-copy-copy\/","url":"https:\/\/10motifs.com\/lt\/produktas\/didele-deze-razam-copy-copy-copy-copy-copy-copy\/","name":"Dovan\u0173 rinkinys [ Razam ]: kartu ir patogiai pirkti internetu Lietuvoje \u2764\ufe0f 10motifs","isPartOf":{"@id":"https:\/\/10motifs.com\/lt\/#website"},"primaryImageOfPage":{"@id":"https:\/\/10motifs.com\/lt\/produktas\/didele-deze-razam-copy-copy-copy-copy-copy-copy\/#primaryimage"},"image":{"@id":"https:\/\/10motifs.com\/lt\/produktas\/didele-deze-razam-copy-copy-copy-copy-copy-copy\/#primaryimage"},"thumbnailUrl":"https:\/\/10motifs.com\/wp-content\/uploads\/2024\/12\/bolshoj-podarochnyj-boks-razam-1.png","datePublished":"2024-12-15T23:50:13+00:00","dateModified":"2024-12-23T13:18:43+00:00","description":"U\u017esisakykite Dovan\u0173 rinkinys [ Razam ]: kartu ir patogiai su pristatymu Europoje ir JAV. \u2764\ufe0f Kainos Baltarusijos prek\u0117s \u017eenklo drabu\u017ei\u0173 su \u0161irdel\u0117mis internetin\u0117je parduotuv\u0117je 10 motyv\u0173 \u2764\ufe0f 10 motyv\u0173","breadcrumb":{"@id":"https:\/\/10motifs.com\/lt\/produktas\/didele-deze-razam-copy-copy-copy-copy-copy-copy\/#breadcrumb"},"inLanguage":"lt-LT","potentialAction":[{"@type":"ReadAction","target":["https:\/\/10motifs.com\/lt\/produktas\/didele-deze-razam-copy-copy-copy-copy-copy-copy\/"]}]},{"@type":"ImageObject","inLanguage":"lt-LT","@id":"https:\/\/10motifs.com\/lt\/produktas\/didele-deze-razam-copy-copy-copy-copy-copy-copy\/#primaryimage","url":"https:\/\/10motifs.com\/wp-content\/uploads\/2024\/12\/bolshoj-podarochnyj-boks-razam-1.png","contentUrl":"https:\/\/10motifs.com\/wp-content\/uploads\/2024\/12\/bolshoj-podarochnyj-boks-razam-1.png","width":700,"height":800},{"@type":"BreadcrumbList","@id":"https:\/\/10motifs.com\/lt\/produktas\/didele-deze-razam-copy-copy-copy-copy-copy-copy\/#breadcrumb","itemListElement":[{"@type":"ListItem","position":1,"name":"Pagrindinis puslapis","item":"https:\/\/10motifs.com\/lt\/"},{"@type":"ListItem","position":2,"name":"Parduotuv\u0117","item":"https:\/\/10motifs.com\/lt\/parduotuve\/"},{"@type":"ListItem","position":3,"name":"Dovan\u0173 rinkinys [&nbsp;Razam&nbsp;]: kartu ir patogiai"}]},{"@type":"WebSite","@id":"https:\/\/10motifs.com\/lt\/#website","url":"https:\/\/10motifs.com\/lt\/","name":"10motifs","description":"Internetin\u0117 dizaineri\u0173 drabu\u017ei\u0173 parduotuv\u0117","publisher":{"@id":"https:\/\/10motifs.com\/lt\/#organization"},"alternateName":"10motifs","potentialAction":[{"@type":"SearchAction","target":{"@type":"EntryPoint","urlTemplate":"https:\/\/10motifs.com\/lt\/?s={search_term_string}"},"query-input":{"@type":"PropertyValueSpecification","valueRequired":true,"valueName":"search_term_string"}}],"inLanguage":"lt-LT"},{"@type":"Organization","@id":"https:\/\/10motifs.com\/lt\/#organization","name":"10motifs","alternateName":"10motifs","url":"https:\/\/10motifs.com\/lt\/","logo":{"@type":"ImageObject","inLanguage":"lt-LT","@id":"https:\/\/10motifs.com\/lt\/#\/schema\/logo\/image\/","url":"https:\/\/10motifs.com\/wp-content\/uploads\/2024\/04\/cropped-img_6859.jpg","contentUrl":"https:\/\/10motifs.com\/wp-content\/uploads\/2024\/04\/cropped-img_6859.jpg","width":512,"height":512,"caption":"10motifs"},"image":{"@id":"https:\/\/10motifs.com\/lt\/#\/schema\/logo\/image\/"},"sameAs":["https:\/\/www.instagram.com\/10motifs\/"]}]}},"_links":{"self":[{"href":"https:\/\/10motifs.com\/lt\/wp-json\/wp\/v2\/product\/28679","targetHints":{"allow":["GET"]}}],"collection":[{"href":"https:\/\/10motifs.com\/lt\/wp-json\/wp\/v2\/product"}],"about":[{"href":"https:\/\/10motifs.com\/lt\/wp-json\/wp\/v2\/types\/product"}],"version-history":[{"count":5,"href":"https:\/\/10motifs.com\/lt\/wp-json\/wp\/v2\/product\/28679\/revisions"}],"predecessor-version":[{"id":29233,"href":"https:\/\/10motifs.com\/lt\/wp-json\/wp\/v2\/product\/28679\/revisions\/29233"}],"wp:featuredmedia":[{"embeddable":true,"href":"https:\/\/10motifs.com\/lt\/wp-json\/wp\/v2\/media\/28682"}],"wp:attachment":[{"href":"https:\/\/10motifs.com\/lt\/wp-json\/wp\/v2\/media?parent=28679"}],"wp:term":[{"taxonomy":"product_brand","embeddable":true,"href":"https:\/\/10motifs.com\/lt\/wp-json\/wp\/v2\/product_brand?post=28679"},{"taxonomy":"product_cat","embeddable":true,"href":"https:\/\/10motifs.com\/lt\/wp-json\/wp\/v2\/product_cat?post=28679"},{"taxonomy":"product_tag","embeddable":true,"href":"https:\/\/10motifs.com\/lt\/wp-json\/wp\/v2\/product_tag?post=28679"}],"curies":[{"name":"wp","href":"https:\/\/api.w.org\/{rel}","templated":true}]}}