{"id":28610,"date":"2024-12-16T00:42:38","date_gmt":"2024-12-15T22:42:38","guid":{"rendered":"https:\/\/10motifs.com\/?post_type=product&#038;p=28610"},"modified":"2024-12-23T13:23:20","modified_gmt":"2024-12-23T11:23:20","slug":"didele-deze-razam-copy","status":"publish","type":"product","link":"https:\/\/10motifs.com\/lt\/produktas\/didele-deze-razam-copy\/","title":{"rendered":"Dovan\u0173 rinkinys [&nbsp;Bu\u010diniai&nbsp;] : \u0161iluma kiekvienoje detal\u0117je"},"content":{"rendered":"<p style=\"text-align: center;\">Didelis dovan\u0173 rinkinys [ Bu\u010dinys ] &#8211; tai susitikimas su ka\u017ekuo, kas su\u0161ildo \u0161ird\u012f ir pripildo dien\u0105 ypatinga prasme. \u0160iame rinkinyje sujung\u0117me daiktus, kurie lengvai taps bet kurios spintos dalimi ir kiekvien\u0105 minut\u0119 suteiks ne tik \u0161ilumos, bet ir \u0161velnumo. Nes \u201eBu\u010dinys\u201c &#8211; tai ne tik \u017eod\u017eiai, bet ir emocijos, kurias norisi patirti v\u0117l ir v\u0117l.<\/p>\n<p style=\"text-align: center;\">D\u0117\u017eut\u0117je:<br \/>\n&#8211; Mar\u0161kin\u0117liai. Mar\u0161kin\u0117li\u0173 atspalviai: milteliai, naktinis dangus, dangus, balta, pienas, grafitas.<br \/>\n&#8211; Kojin\u0117s. Kojini\u0173 atspalviai: perlamutras, sm\u0117lio spalvos, juoda, \u0161okolado, naktinio dangaus, grafito, pieno, raudona, vyno.<br \/>\n&#8211; \u017dvak\u0117 [ Tsaluyu ] &#8211; u\u017epildo erdv\u0119 \u0161iltu, jaukiu kvapu, kuris lydi svarbiausiomis akimirkomis.<\/p>\n<p style=\"text-align: center;\">\u0160ie daiktai &#8211; tai r\u016bpes\u010dio ir \u0161ilumos simboliai, kurie net \u0161al\u010diausiomis dienomis primins maloniausius jausmus.<\/p>\n<p style=\"text-align: center;\">Spalvas i\u0161sirinksite patys, ir, \u017einoma, esame pasireng\u0119 \u012fgyvendinti bet kokius j\u016bs\u0173 dovanos pageidavimus.<\/p>\n","protected":false},"excerpt":{"rendered":"<p>Didelis dovan\u0173 rinkinys [ Bu\u010diniai ]. J\u012f sudaro:<\/p>\n<p>&#8211; mar\u0161kin\u0117liai (bet kokios norimos spalvos, nurodykite j\u0105 pastaboje)<br \/>\n&#8211; kojin\u0117s (bet kokios norimos spalvos, nurodykite pastaboje)<br \/>\n&#8211; \u017evak\u0117<\/p>\n<p>Mar\u0161kin\u0117li\u0173 atspalviai: milteliai, naktinis dangus, dangus, balta, pienas, grafitas.<br \/>\nKojini\u0173 atspalviai: perlamutras, sm\u0117lio spalvos, juoda, \u0161okolado, naktinio dangaus, grafito, pieno, raudona, vyno.<\/p>\n<p>Avec l&#8217;amour, 10motifs [\ud83e\udd0d]<\/p>\n","protected":false},"featured_media":28613,"template":"","meta":[],"product_brand":[],"product_cat":[922],"product_tag":[],"class_list":{"0":"post-28610","1":"product","2":"type-product","3":"status-publish","4":"has-post-thumbnail","6":"product_cat-dovanu-rinkiniai-dovanos","7":"product_shipping_class-vidurinis-langelis","8":"pa_futbolki-balta","9":"pa_futbolki-dangiskasis","10":"pa_futbolki-grafitas","11":"pa_futbolki-miltelinis","12":"pa_futbolki-nakties-dangus","13":"pa_futbolki-pienas","14":"pa_nosochki-grafitas","15":"pa_nosochki-juoda","16":"pa_nosochki-nakties-dangus","17":"pa_nosochki-perlas-lt","18":"pa_nosochki-pienas","19":"pa_nosochki-scarlet-lt","20":"pa_nosochki-smelio-spalvos","21":"pa_nosochki-sokoladas","22":"pa_nosochki-vyno","24":"first","25":"instock","26":"shipping-taxable","27":"purchasable","28":"product-type-variable"},"yoast_head":"<!-- This site is optimized with the Yoast SEO plugin v27.3 - https:\/\/yoast.com\/product\/yoast-seo-wordpress\/ -->\n<title>Dovan\u0173 rinkinys [ Bu\u010diniai ] : \u0161iluma kiekvienoje detal\u0117je pirkti internetu Lietuvoje \u2764\ufe0f 10motifs<\/title>\n<meta name=\"description\" content=\"U\u017esisakykite Dovan\u0173 rinkinys [ Bu\u010diniai ] : \u0161iluma kiekvienoje detal\u0117je su pristatymu Europoje ir JAV. \u2764\ufe0f Kainos Baltarusijos prek\u0117s \u017eenklo drabu\u017ei\u0173 su \u0161irdel\u0117mis internetin\u0117je parduotuv\u0117je 10 motyv\u0173 \u2764\ufe0f 10 motyv\u0173\" \/>\n<meta name=\"robots\" content=\"index, follow, max-snippet:-1, max-image-preview:large, max-video-preview:-1\" \/>\n<link rel=\"canonical\" href=\"https:\/\/10motifs.com\/lt\/produktas\/didele-deze-razam-copy\/\" \/>\n<meta property=\"og:locale\" content=\"lt_LT\" \/>\n<meta property=\"og:type\" content=\"article\" \/>\n<meta property=\"og:title\" content=\"Dovan\u0173 rinkinys [ Bu\u010diniai ] : \u0161iluma kiekvienoje detal\u0117je pirkti internetu Lietuvoje \u2764\ufe0f 10motifs\" \/>\n<meta property=\"og:description\" content=\"U\u017esisakykite Dovan\u0173 rinkinys [ Bu\u010diniai ] : \u0161iluma kiekvienoje detal\u0117je su pristatymu Europoje ir JAV. \u2764\ufe0f Kainos Baltarusijos prek\u0117s \u017eenklo drabu\u017ei\u0173 su \u0161irdel\u0117mis internetin\u0117je parduotuv\u0117je 10 motyv\u0173 \u2764\ufe0f 10 motyv\u0173\" \/>\n<meta property=\"og:url\" content=\"https:\/\/10motifs.com\/lt\/produktas\/didele-deze-razam-copy\/\" \/>\n<meta property=\"og:site_name\" content=\"10motifs\" \/>\n<meta property=\"article:modified_time\" content=\"2024-12-23T11:23:20+00:00\" \/>\n<meta property=\"og:image\" content=\"https:\/\/10motifs.com\/wp-content\/uploads\/2024\/12\/bolshoj-podarochnyj-boks-czaluyu-.png\" \/>\n\t<meta property=\"og:image:width\" content=\"350\" \/>\n\t<meta property=\"og:image:height\" content=\"400\" \/>\n\t<meta property=\"og:image:type\" content=\"image\/png\" \/>\n<meta name=\"twitter:card\" content=\"summary_large_image\" \/>\n<meta name=\"twitter:label1\" content=\"Est. reading time\" \/>\n\t<meta name=\"twitter:data1\" content=\"1 minut\u0117\" \/>\n<script type=\"application\/ld+json\" class=\"yoast-schema-graph\">{\"@context\":\"https:\\\/\\\/schema.org\",\"@graph\":[{\"@type\":\"WebPage\",\"@id\":\"https:\\\/\\\/10motifs.com\\\/lt\\\/produktas\\\/didele-deze-razam-copy\\\/\",\"url\":\"https:\\\/\\\/10motifs.com\\\/lt\\\/produktas\\\/didele-deze-razam-copy\\\/\",\"name\":\"Dovan\u0173 rinkinys [ Bu\u010diniai ] : \u0161iluma kiekvienoje detal\u0117je pirkti internetu Lietuvoje \u2764\ufe0f 10motifs\",\"isPartOf\":{\"@id\":\"https:\\\/\\\/10motifs.com\\\/lt\\\/#website\"},\"primaryImageOfPage\":{\"@id\":\"https:\\\/\\\/10motifs.com\\\/lt\\\/produktas\\\/didele-deze-razam-copy\\\/#primaryimage\"},\"image\":{\"@id\":\"https:\\\/\\\/10motifs.com\\\/lt\\\/produktas\\\/didele-deze-razam-copy\\\/#primaryimage\"},\"thumbnailUrl\":\"https:\\\/\\\/10motifs.com\\\/wp-content\\\/uploads\\\/2024\\\/12\\\/bolshoj-podarochnyj-boks-czaluyu-.png\",\"datePublished\":\"2024-12-15T22:42:38+00:00\",\"dateModified\":\"2024-12-23T11:23:20+00:00\",\"description\":\"U\u017esisakykite Dovan\u0173 rinkinys [ Bu\u010diniai ] : \u0161iluma kiekvienoje detal\u0117je su pristatymu Europoje ir JAV. \u2764\ufe0f Kainos Baltarusijos prek\u0117s \u017eenklo drabu\u017ei\u0173 su \u0161irdel\u0117mis internetin\u0117je parduotuv\u0117je 10 motyv\u0173 \u2764\ufe0f 10 motyv\u0173\",\"breadcrumb\":{\"@id\":\"https:\\\/\\\/10motifs.com\\\/lt\\\/produktas\\\/didele-deze-razam-copy\\\/#breadcrumb\"},\"inLanguage\":\"lt-LT\",\"potentialAction\":[{\"@type\":\"ReadAction\",\"target\":[\"https:\\\/\\\/10motifs.com\\\/lt\\\/produktas\\\/didele-deze-razam-copy\\\/\"]}]},{\"@type\":\"ImageObject\",\"inLanguage\":\"lt-LT\",\"@id\":\"https:\\\/\\\/10motifs.com\\\/lt\\\/produktas\\\/didele-deze-razam-copy\\\/#primaryimage\",\"url\":\"https:\\\/\\\/10motifs.com\\\/wp-content\\\/uploads\\\/2024\\\/12\\\/bolshoj-podarochnyj-boks-czaluyu-.png\",\"contentUrl\":\"https:\\\/\\\/10motifs.com\\\/wp-content\\\/uploads\\\/2024\\\/12\\\/bolshoj-podarochnyj-boks-czaluyu-.png\",\"width\":350,\"height\":400},{\"@type\":\"BreadcrumbList\",\"@id\":\"https:\\\/\\\/10motifs.com\\\/lt\\\/produktas\\\/didele-deze-razam-copy\\\/#breadcrumb\",\"itemListElement\":[{\"@type\":\"ListItem\",\"position\":1,\"name\":\"Pagrindinis puslapis\",\"item\":\"https:\\\/\\\/10motifs.com\\\/lt\\\/\"},{\"@type\":\"ListItem\",\"position\":2,\"name\":\"Parduotuv\u0117\",\"item\":\"https:\\\/\\\/10motifs.com\\\/lt\\\/parduotuve\\\/\"},{\"@type\":\"ListItem\",\"position\":3,\"name\":\"Dovan\u0173 rinkinys [&nbsp;Bu\u010diniai&nbsp;] : \u0161iluma kiekvienoje detal\u0117je\"}]},{\"@type\":\"WebSite\",\"@id\":\"https:\\\/\\\/10motifs.com\\\/lt\\\/#website\",\"url\":\"https:\\\/\\\/10motifs.com\\\/lt\\\/\",\"name\":\"10motifs\",\"description\":\"Internetin\u0117 dizaineri\u0173 drabu\u017ei\u0173 parduotuv\u0117\",\"publisher\":{\"@id\":\"https:\\\/\\\/10motifs.com\\\/lt\\\/#organization\"},\"alternateName\":\"10motifs\",\"potentialAction\":[{\"@type\":\"SearchAction\",\"target\":{\"@type\":\"EntryPoint\",\"urlTemplate\":\"https:\\\/\\\/10motifs.com\\\/lt\\\/?s={search_term_string}\"},\"query-input\":{\"@type\":\"PropertyValueSpecification\",\"valueRequired\":true,\"valueName\":\"search_term_string\"}}],\"inLanguage\":\"lt-LT\"},{\"@type\":\"Organization\",\"@id\":\"https:\\\/\\\/10motifs.com\\\/lt\\\/#organization\",\"name\":\"10motifs\",\"alternateName\":\"10motifs\",\"url\":\"https:\\\/\\\/10motifs.com\\\/lt\\\/\",\"logo\":{\"@type\":\"ImageObject\",\"inLanguage\":\"lt-LT\",\"@id\":\"https:\\\/\\\/10motifs.com\\\/lt\\\/#\\\/schema\\\/logo\\\/image\\\/\",\"url\":\"https:\\\/\\\/10motifs.com\\\/wp-content\\\/uploads\\\/2024\\\/04\\\/cropped-img_6859.jpg\",\"contentUrl\":\"https:\\\/\\\/10motifs.com\\\/wp-content\\\/uploads\\\/2024\\\/04\\\/cropped-img_6859.jpg\",\"width\":512,\"height\":512,\"caption\":\"10motifs\"},\"image\":{\"@id\":\"https:\\\/\\\/10motifs.com\\\/lt\\\/#\\\/schema\\\/logo\\\/image\\\/\"},\"sameAs\":[\"https:\\\/\\\/www.instagram.com\\\/10motifs\\\/\"]}]}<\/script>\n<!-- \/ Yoast SEO plugin. -->","yoast_head_json":{"title":"Dovan\u0173 rinkinys [ Bu\u010diniai ] : \u0161iluma kiekvienoje detal\u0117je pirkti internetu Lietuvoje \u2764\ufe0f 10motifs","description":"U\u017esisakykite Dovan\u0173 rinkinys [ Bu\u010diniai ] : \u0161iluma kiekvienoje detal\u0117je su pristatymu Europoje ir JAV. \u2764\ufe0f Kainos Baltarusijos prek\u0117s \u017eenklo drabu\u017ei\u0173 su \u0161irdel\u0117mis internetin\u0117je parduotuv\u0117je 10 motyv\u0173 \u2764\ufe0f 10 motyv\u0173","robots":{"index":"index","follow":"follow","max-snippet":"max-snippet:-1","max-image-preview":"max-image-preview:large","max-video-preview":"max-video-preview:-1"},"canonical":"https:\/\/10motifs.com\/lt\/produktas\/didele-deze-razam-copy\/","og_locale":"lt_LT","og_type":"article","og_title":"Dovan\u0173 rinkinys [ Bu\u010diniai ] : \u0161iluma kiekvienoje detal\u0117je pirkti internetu Lietuvoje \u2764\ufe0f 10motifs","og_description":"U\u017esisakykite Dovan\u0173 rinkinys [ Bu\u010diniai ] : \u0161iluma kiekvienoje detal\u0117je su pristatymu Europoje ir JAV. \u2764\ufe0f Kainos Baltarusijos prek\u0117s \u017eenklo drabu\u017ei\u0173 su \u0161irdel\u0117mis internetin\u0117je parduotuv\u0117je 10 motyv\u0173 \u2764\ufe0f 10 motyv\u0173","og_url":"https:\/\/10motifs.com\/lt\/produktas\/didele-deze-razam-copy\/","og_site_name":"10motifs","article_modified_time":"2024-12-23T11:23:20+00:00","og_image":[{"width":350,"height":400,"url":"https:\/\/10motifs.com\/wp-content\/uploads\/2024\/12\/bolshoj-podarochnyj-boks-czaluyu-.png","type":"image\/png"}],"twitter_card":"summary_large_image","twitter_misc":{"Est. reading time":"1 minut\u0117"},"schema":{"@context":"https:\/\/schema.org","@graph":[{"@type":"WebPage","@id":"https:\/\/10motifs.com\/lt\/produktas\/didele-deze-razam-copy\/","url":"https:\/\/10motifs.com\/lt\/produktas\/didele-deze-razam-copy\/","name":"Dovan\u0173 rinkinys [ Bu\u010diniai ] : \u0161iluma kiekvienoje detal\u0117je pirkti internetu Lietuvoje \u2764\ufe0f 10motifs","isPartOf":{"@id":"https:\/\/10motifs.com\/lt\/#website"},"primaryImageOfPage":{"@id":"https:\/\/10motifs.com\/lt\/produktas\/didele-deze-razam-copy\/#primaryimage"},"image":{"@id":"https:\/\/10motifs.com\/lt\/produktas\/didele-deze-razam-copy\/#primaryimage"},"thumbnailUrl":"https:\/\/10motifs.com\/wp-content\/uploads\/2024\/12\/bolshoj-podarochnyj-boks-czaluyu-.png","datePublished":"2024-12-15T22:42:38+00:00","dateModified":"2024-12-23T11:23:20+00:00","description":"U\u017esisakykite Dovan\u0173 rinkinys [ Bu\u010diniai ] : \u0161iluma kiekvienoje detal\u0117je su pristatymu Europoje ir JAV. \u2764\ufe0f Kainos Baltarusijos prek\u0117s \u017eenklo drabu\u017ei\u0173 su \u0161irdel\u0117mis internetin\u0117je parduotuv\u0117je 10 motyv\u0173 \u2764\ufe0f 10 motyv\u0173","breadcrumb":{"@id":"https:\/\/10motifs.com\/lt\/produktas\/didele-deze-razam-copy\/#breadcrumb"},"inLanguage":"lt-LT","potentialAction":[{"@type":"ReadAction","target":["https:\/\/10motifs.com\/lt\/produktas\/didele-deze-razam-copy\/"]}]},{"@type":"ImageObject","inLanguage":"lt-LT","@id":"https:\/\/10motifs.com\/lt\/produktas\/didele-deze-razam-copy\/#primaryimage","url":"https:\/\/10motifs.com\/wp-content\/uploads\/2024\/12\/bolshoj-podarochnyj-boks-czaluyu-.png","contentUrl":"https:\/\/10motifs.com\/wp-content\/uploads\/2024\/12\/bolshoj-podarochnyj-boks-czaluyu-.png","width":350,"height":400},{"@type":"BreadcrumbList","@id":"https:\/\/10motifs.com\/lt\/produktas\/didele-deze-razam-copy\/#breadcrumb","itemListElement":[{"@type":"ListItem","position":1,"name":"Pagrindinis puslapis","item":"https:\/\/10motifs.com\/lt\/"},{"@type":"ListItem","position":2,"name":"Parduotuv\u0117","item":"https:\/\/10motifs.com\/lt\/parduotuve\/"},{"@type":"ListItem","position":3,"name":"Dovan\u0173 rinkinys [&nbsp;Bu\u010diniai&nbsp;] : \u0161iluma kiekvienoje detal\u0117je"}]},{"@type":"WebSite","@id":"https:\/\/10motifs.com\/lt\/#website","url":"https:\/\/10motifs.com\/lt\/","name":"10motifs","description":"Internetin\u0117 dizaineri\u0173 drabu\u017ei\u0173 parduotuv\u0117","publisher":{"@id":"https:\/\/10motifs.com\/lt\/#organization"},"alternateName":"10motifs","potentialAction":[{"@type":"SearchAction","target":{"@type":"EntryPoint","urlTemplate":"https:\/\/10motifs.com\/lt\/?s={search_term_string}"},"query-input":{"@type":"PropertyValueSpecification","valueRequired":true,"valueName":"search_term_string"}}],"inLanguage":"lt-LT"},{"@type":"Organization","@id":"https:\/\/10motifs.com\/lt\/#organization","name":"10motifs","alternateName":"10motifs","url":"https:\/\/10motifs.com\/lt\/","logo":{"@type":"ImageObject","inLanguage":"lt-LT","@id":"https:\/\/10motifs.com\/lt\/#\/schema\/logo\/image\/","url":"https:\/\/10motifs.com\/wp-content\/uploads\/2024\/04\/cropped-img_6859.jpg","contentUrl":"https:\/\/10motifs.com\/wp-content\/uploads\/2024\/04\/cropped-img_6859.jpg","width":512,"height":512,"caption":"10motifs"},"image":{"@id":"https:\/\/10motifs.com\/lt\/#\/schema\/logo\/image\/"},"sameAs":["https:\/\/www.instagram.com\/10motifs\/"]}]}},"_links":{"self":[{"href":"https:\/\/10motifs.com\/lt\/wp-json\/wp\/v2\/product\/28610","targetHints":{"allow":["GET"]}}],"collection":[{"href":"https:\/\/10motifs.com\/lt\/wp-json\/wp\/v2\/product"}],"about":[{"href":"https:\/\/10motifs.com\/lt\/wp-json\/wp\/v2\/types\/product"}],"version-history":[{"count":6,"href":"https:\/\/10motifs.com\/lt\/wp-json\/wp\/v2\/product\/28610\/revisions"}],"predecessor-version":[{"id":29493,"href":"https:\/\/10motifs.com\/lt\/wp-json\/wp\/v2\/product\/28610\/revisions\/29493"}],"wp:featuredmedia":[{"embeddable":true,"href":"https:\/\/10motifs.com\/lt\/wp-json\/wp\/v2\/media\/28613"}],"wp:attachment":[{"href":"https:\/\/10motifs.com\/lt\/wp-json\/wp\/v2\/media?parent=28610"}],"wp:term":[{"taxonomy":"product_brand","embeddable":true,"href":"https:\/\/10motifs.com\/lt\/wp-json\/wp\/v2\/product_brand?post=28610"},{"taxonomy":"product_cat","embeddable":true,"href":"https:\/\/10motifs.com\/lt\/wp-json\/wp\/v2\/product_cat?post=28610"},{"taxonomy":"product_tag","embeddable":true,"href":"https:\/\/10motifs.com\/lt\/wp-json\/wp\/v2\/product_tag?post=28610"}],"curies":[{"name":"wp","href":"https:\/\/api.w.org\/{rel}","templated":true}]}}