{"id":28567,"date":"2024-12-15T18:42:24","date_gmt":"2024-12-15T16:42:24","guid":{"rendered":"https:\/\/10motifs.com\/?post_type=product&#038;p=28567"},"modified":"2024-12-22T19:57:25","modified_gmt":"2024-12-22T17:57:25","slug":"dovanu-dezute-mylimam-zmogui-buciniai-copy-copy","status":"publish","type":"product","link":"https:\/\/10motifs.com\/lt\/produktas\/dovanu-dezute-mylimam-zmogui-buciniai-copy-copy\/","title":{"rendered":"Dovan\u0173 rinkinys [&nbsp;Kahayu&nbsp;]"},"content":{"rendered":"<p style=\"text-align: center;\">Dovan\u0173 rinkinys [ Kahayu ] &#8211; tai \u0161velnumas ir r\u016bpestingumas kiekvienoje detal\u0117je. \u0160is rinkinys sukurtas tam, kad \u0161ildyt\u0173 ne tik \u0161altomis dienomis, bet ir akimirkomis, kai norisi be \u017eod\u017ei\u0173 pasakyti \u201emyliu\u201c. Jis taps puikiu j\u016bs\u0173 palydovu \u0161altuoju met\u0173 laiku, suteiks \u0161ilumos ir jaukumo, kuris visada bus su jumis. Viskas, ko reikia, kad kiekviename prisilietime jaustum\u0117te r\u016bpest\u012f ir \u0161ilum\u0105.<\/p>\n<p style=\"text-align: center;\">D\u0117\u017eut\u0117je [ Kahayu ]:<br \/>\n&#8211; Kepur\u0117 (pasirinktos spalvos)<br \/>\n&#8211; pir\u0161tin\u0117s (pasirinkta spalva)<\/p>\n<p style=\"text-align: center;\">Kepur\u0117s atspalviai: apelsin\u0173, levand\u0173, pudros, \u0161okolado, naktinio dangaus, pieno, vyno, perl\u0173.<br \/>\nPir\u0161tini\u0173 atspalviai: naktinis dangus, perlamutras, dangaus, levand\u0173, raudona, vynas, \u0161okoladas, grafitas &#8211; pasirinkite savo stili\u0173 ir nuotaik\u0105 atspindint\u012f atspalv\u012f.<\/p>\n<p style=\"text-align: center;\">Rinkinys su meile sukurs jaukumo jausm\u0105, kur\u012f nor\u0117site d\u0117v\u0117ti visada, net kai pasaulis aplink jus bus \u0161altas.<\/p>\n","protected":false},"excerpt":{"rendered":"<p>Dovan\u0173 rinkinys [ Kahayu ] . J\u012f sudaro:<\/p>\n<p>&#8211; kepurait\u0117 (bet kokios spalvos, pra\u0161ome nurodyti pastaboje)<br \/>\n&#8211; pir\u0161tin\u0117s (bet kokios norimos spalvos, nurodykite pastaboje).<\/p>\n<p>Kepur\u0117s atspalviai: apelsin\u0173, levand\u0173, pudros, \u0161okolado, naktinio dangaus, pieno, vyno, perl\u0173.<br \/>\nPir\u0161tini\u0173 atspalviai: naktinis dangus, perlamutras, dangaus, levand\u0173, raudona, vynas, \u0161okoladas, grafitas.<\/p>\n<p>Avec l&#8217;amour, 10motifs [\ud83e\udd0d]<\/p>\n","protected":false},"featured_media":28572,"template":"","meta":[],"product_brand":[],"product_cat":[922],"product_tag":[],"class_list":{"0":"post-28567","1":"product","2":"type-product","3":"status-publish","4":"has-post-thumbnail","6":"product_cat-dovanu-rinkiniai-dovanos","7":"product_shipping_class-vidurinis-langelis","8":"pa_czvet-shapochek-levandu","9":"pa_czvet-shapochek-miltelinis","10":"pa_czvet-shapochek-nakties-dangus","11":"pa_czvet-shapochek-oranzine","12":"pa_czvet-shapochek-perlas","13":"pa_czvet-shapochek-pienas","14":"pa_czvet-shapochek-sokoladas","15":"pa_czvet-shapochek-vyno","16":"pa_varezhki-dangiskasis","17":"pa_varezhki-grafitas","18":"pa_varezhki-levandu","19":"pa_varezhki-nakties-dangus","20":"pa_varezhki-perlas","21":"pa_varezhki-scarlet-lt","22":"pa_varezhki-sokoladas","23":"pa_varezhki-vyno","25":"first","26":"instock","27":"shipping-taxable","28":"purchasable","29":"product-type-variable"},"yoast_head":"<!-- This site is optimized with the Yoast SEO plugin v27.3 - https:\/\/yoast.com\/product\/yoast-seo-wordpress\/ -->\n<title>Dovan\u0173 rinkinys [ Kahayu ] pirkti internetu Lietuvoje \u2764\ufe0f 10motifs<\/title>\n<meta name=\"description\" content=\"U\u017esisakykite Dovan\u0173 rinkinys [ Kahayu ] su pristatymu Europoje ir JAV. \u2764\ufe0f Kainos Baltarusijos prek\u0117s \u017eenklo drabu\u017ei\u0173 su \u0161irdel\u0117mis internetin\u0117je parduotuv\u0117je 10 motyv\u0173 \u2764\ufe0f 10 motyv\u0173\" \/>\n<meta name=\"robots\" content=\"index, follow, max-snippet:-1, max-image-preview:large, max-video-preview:-1\" \/>\n<link rel=\"canonical\" href=\"https:\/\/10motifs.com\/lt\/produktas\/dovanu-dezute-mylimam-zmogui-buciniai-copy-copy\/\" \/>\n<meta property=\"og:locale\" content=\"lt_LT\" \/>\n<meta property=\"og:type\" content=\"article\" \/>\n<meta property=\"og:title\" content=\"Dovan\u0173 rinkinys [ Kahayu ] pirkti internetu Lietuvoje \u2764\ufe0f 10motifs\" \/>\n<meta property=\"og:description\" content=\"U\u017esisakykite Dovan\u0173 rinkinys [ Kahayu ] su pristatymu Europoje ir JAV. \u2764\ufe0f Kainos Baltarusijos prek\u0117s \u017eenklo drabu\u017ei\u0173 su \u0161irdel\u0117mis internetin\u0117je parduotuv\u0117je 10 motyv\u0173 \u2764\ufe0f 10 motyv\u0173\" \/>\n<meta property=\"og:url\" content=\"https:\/\/10motifs.com\/lt\/produktas\/dovanu-dezute-mylimam-zmogui-buciniai-copy-copy\/\" \/>\n<meta property=\"og:site_name\" content=\"10motifs\" \/>\n<meta property=\"article:modified_time\" content=\"2024-12-22T17:57:25+00:00\" \/>\n<meta property=\"og:image\" content=\"https:\/\/10motifs.com\/wp-content\/uploads\/2024\/12\/podarochnyj-boks-kahayu-1.png\" \/>\n\t<meta property=\"og:image:width\" content=\"700\" \/>\n\t<meta property=\"og:image:height\" content=\"800\" \/>\n\t<meta property=\"og:image:type\" content=\"image\/png\" \/>\n<meta name=\"twitter:card\" content=\"summary_large_image\" \/>\n<meta name=\"twitter:label1\" content=\"Est. reading time\" \/>\n\t<meta name=\"twitter:data1\" content=\"1 minut\u0117\" \/>\n<script type=\"application\/ld+json\" class=\"yoast-schema-graph\">{\"@context\":\"https:\\\/\\\/schema.org\",\"@graph\":[{\"@type\":\"WebPage\",\"@id\":\"https:\\\/\\\/10motifs.com\\\/lt\\\/produktas\\\/dovanu-dezute-mylimam-zmogui-buciniai-copy-copy\\\/\",\"url\":\"https:\\\/\\\/10motifs.com\\\/lt\\\/produktas\\\/dovanu-dezute-mylimam-zmogui-buciniai-copy-copy\\\/\",\"name\":\"Dovan\u0173 rinkinys [ Kahayu ] pirkti internetu Lietuvoje \u2764\ufe0f 10motifs\",\"isPartOf\":{\"@id\":\"https:\\\/\\\/10motifs.com\\\/lt\\\/#website\"},\"primaryImageOfPage\":{\"@id\":\"https:\\\/\\\/10motifs.com\\\/lt\\\/produktas\\\/dovanu-dezute-mylimam-zmogui-buciniai-copy-copy\\\/#primaryimage\"},\"image\":{\"@id\":\"https:\\\/\\\/10motifs.com\\\/lt\\\/produktas\\\/dovanu-dezute-mylimam-zmogui-buciniai-copy-copy\\\/#primaryimage\"},\"thumbnailUrl\":\"https:\\\/\\\/10motifs.com\\\/wp-content\\\/uploads\\\/2024\\\/12\\\/podarochnyj-boks-kahayu-1.png\",\"datePublished\":\"2024-12-15T16:42:24+00:00\",\"dateModified\":\"2024-12-22T17:57:25+00:00\",\"description\":\"U\u017esisakykite Dovan\u0173 rinkinys [ Kahayu ] su pristatymu Europoje ir JAV. \u2764\ufe0f Kainos Baltarusijos prek\u0117s \u017eenklo drabu\u017ei\u0173 su \u0161irdel\u0117mis internetin\u0117je parduotuv\u0117je 10 motyv\u0173 \u2764\ufe0f 10 motyv\u0173\",\"breadcrumb\":{\"@id\":\"https:\\\/\\\/10motifs.com\\\/lt\\\/produktas\\\/dovanu-dezute-mylimam-zmogui-buciniai-copy-copy\\\/#breadcrumb\"},\"inLanguage\":\"lt-LT\",\"potentialAction\":[{\"@type\":\"ReadAction\",\"target\":[\"https:\\\/\\\/10motifs.com\\\/lt\\\/produktas\\\/dovanu-dezute-mylimam-zmogui-buciniai-copy-copy\\\/\"]}]},{\"@type\":\"ImageObject\",\"inLanguage\":\"lt-LT\",\"@id\":\"https:\\\/\\\/10motifs.com\\\/lt\\\/produktas\\\/dovanu-dezute-mylimam-zmogui-buciniai-copy-copy\\\/#primaryimage\",\"url\":\"https:\\\/\\\/10motifs.com\\\/wp-content\\\/uploads\\\/2024\\\/12\\\/podarochnyj-boks-kahayu-1.png\",\"contentUrl\":\"https:\\\/\\\/10motifs.com\\\/wp-content\\\/uploads\\\/2024\\\/12\\\/podarochnyj-boks-kahayu-1.png\",\"width\":700,\"height\":800},{\"@type\":\"BreadcrumbList\",\"@id\":\"https:\\\/\\\/10motifs.com\\\/lt\\\/produktas\\\/dovanu-dezute-mylimam-zmogui-buciniai-copy-copy\\\/#breadcrumb\",\"itemListElement\":[{\"@type\":\"ListItem\",\"position\":1,\"name\":\"Pagrindinis puslapis\",\"item\":\"https:\\\/\\\/10motifs.com\\\/lt\\\/\"},{\"@type\":\"ListItem\",\"position\":2,\"name\":\"Parduotuv\u0117\",\"item\":\"https:\\\/\\\/10motifs.com\\\/lt\\\/parduotuve\\\/\"},{\"@type\":\"ListItem\",\"position\":3,\"name\":\"Dovan\u0173 rinkinys [&nbsp;Kahayu&nbsp;]\"}]},{\"@type\":\"WebSite\",\"@id\":\"https:\\\/\\\/10motifs.com\\\/lt\\\/#website\",\"url\":\"https:\\\/\\\/10motifs.com\\\/lt\\\/\",\"name\":\"10motifs\",\"description\":\"Internetin\u0117 dizaineri\u0173 drabu\u017ei\u0173 parduotuv\u0117\",\"publisher\":{\"@id\":\"https:\\\/\\\/10motifs.com\\\/lt\\\/#organization\"},\"alternateName\":\"10motifs\",\"potentialAction\":[{\"@type\":\"SearchAction\",\"target\":{\"@type\":\"EntryPoint\",\"urlTemplate\":\"https:\\\/\\\/10motifs.com\\\/lt\\\/?s={search_term_string}\"},\"query-input\":{\"@type\":\"PropertyValueSpecification\",\"valueRequired\":true,\"valueName\":\"search_term_string\"}}],\"inLanguage\":\"lt-LT\"},{\"@type\":\"Organization\",\"@id\":\"https:\\\/\\\/10motifs.com\\\/lt\\\/#organization\",\"name\":\"10motifs\",\"alternateName\":\"10motifs\",\"url\":\"https:\\\/\\\/10motifs.com\\\/lt\\\/\",\"logo\":{\"@type\":\"ImageObject\",\"inLanguage\":\"lt-LT\",\"@id\":\"https:\\\/\\\/10motifs.com\\\/lt\\\/#\\\/schema\\\/logo\\\/image\\\/\",\"url\":\"https:\\\/\\\/10motifs.com\\\/wp-content\\\/uploads\\\/2024\\\/04\\\/cropped-img_6859.jpg\",\"contentUrl\":\"https:\\\/\\\/10motifs.com\\\/wp-content\\\/uploads\\\/2024\\\/04\\\/cropped-img_6859.jpg\",\"width\":512,\"height\":512,\"caption\":\"10motifs\"},\"image\":{\"@id\":\"https:\\\/\\\/10motifs.com\\\/lt\\\/#\\\/schema\\\/logo\\\/image\\\/\"},\"sameAs\":[\"https:\\\/\\\/www.instagram.com\\\/10motifs\\\/\"]}]}<\/script>\n<!-- \/ Yoast SEO plugin. -->","yoast_head_json":{"title":"Dovan\u0173 rinkinys [ Kahayu ] pirkti internetu Lietuvoje \u2764\ufe0f 10motifs","description":"U\u017esisakykite Dovan\u0173 rinkinys [ Kahayu ] su pristatymu Europoje ir JAV. \u2764\ufe0f Kainos Baltarusijos prek\u0117s \u017eenklo drabu\u017ei\u0173 su \u0161irdel\u0117mis internetin\u0117je parduotuv\u0117je 10 motyv\u0173 \u2764\ufe0f 10 motyv\u0173","robots":{"index":"index","follow":"follow","max-snippet":"max-snippet:-1","max-image-preview":"max-image-preview:large","max-video-preview":"max-video-preview:-1"},"canonical":"https:\/\/10motifs.com\/lt\/produktas\/dovanu-dezute-mylimam-zmogui-buciniai-copy-copy\/","og_locale":"lt_LT","og_type":"article","og_title":"Dovan\u0173 rinkinys [ Kahayu ] pirkti internetu Lietuvoje \u2764\ufe0f 10motifs","og_description":"U\u017esisakykite Dovan\u0173 rinkinys [ Kahayu ] su pristatymu Europoje ir JAV. \u2764\ufe0f Kainos Baltarusijos prek\u0117s \u017eenklo drabu\u017ei\u0173 su \u0161irdel\u0117mis internetin\u0117je parduotuv\u0117je 10 motyv\u0173 \u2764\ufe0f 10 motyv\u0173","og_url":"https:\/\/10motifs.com\/lt\/produktas\/dovanu-dezute-mylimam-zmogui-buciniai-copy-copy\/","og_site_name":"10motifs","article_modified_time":"2024-12-22T17:57:25+00:00","og_image":[{"width":700,"height":800,"url":"https:\/\/10motifs.com\/wp-content\/uploads\/2024\/12\/podarochnyj-boks-kahayu-1.png","type":"image\/png"}],"twitter_card":"summary_large_image","twitter_misc":{"Est. reading time":"1 minut\u0117"},"schema":{"@context":"https:\/\/schema.org","@graph":[{"@type":"WebPage","@id":"https:\/\/10motifs.com\/lt\/produktas\/dovanu-dezute-mylimam-zmogui-buciniai-copy-copy\/","url":"https:\/\/10motifs.com\/lt\/produktas\/dovanu-dezute-mylimam-zmogui-buciniai-copy-copy\/","name":"Dovan\u0173 rinkinys [ Kahayu ] pirkti internetu Lietuvoje \u2764\ufe0f 10motifs","isPartOf":{"@id":"https:\/\/10motifs.com\/lt\/#website"},"primaryImageOfPage":{"@id":"https:\/\/10motifs.com\/lt\/produktas\/dovanu-dezute-mylimam-zmogui-buciniai-copy-copy\/#primaryimage"},"image":{"@id":"https:\/\/10motifs.com\/lt\/produktas\/dovanu-dezute-mylimam-zmogui-buciniai-copy-copy\/#primaryimage"},"thumbnailUrl":"https:\/\/10motifs.com\/wp-content\/uploads\/2024\/12\/podarochnyj-boks-kahayu-1.png","datePublished":"2024-12-15T16:42:24+00:00","dateModified":"2024-12-22T17:57:25+00:00","description":"U\u017esisakykite Dovan\u0173 rinkinys [ Kahayu ] su pristatymu Europoje ir JAV. \u2764\ufe0f Kainos Baltarusijos prek\u0117s \u017eenklo drabu\u017ei\u0173 su \u0161irdel\u0117mis internetin\u0117je parduotuv\u0117je 10 motyv\u0173 \u2764\ufe0f 10 motyv\u0173","breadcrumb":{"@id":"https:\/\/10motifs.com\/lt\/produktas\/dovanu-dezute-mylimam-zmogui-buciniai-copy-copy\/#breadcrumb"},"inLanguage":"lt-LT","potentialAction":[{"@type":"ReadAction","target":["https:\/\/10motifs.com\/lt\/produktas\/dovanu-dezute-mylimam-zmogui-buciniai-copy-copy\/"]}]},{"@type":"ImageObject","inLanguage":"lt-LT","@id":"https:\/\/10motifs.com\/lt\/produktas\/dovanu-dezute-mylimam-zmogui-buciniai-copy-copy\/#primaryimage","url":"https:\/\/10motifs.com\/wp-content\/uploads\/2024\/12\/podarochnyj-boks-kahayu-1.png","contentUrl":"https:\/\/10motifs.com\/wp-content\/uploads\/2024\/12\/podarochnyj-boks-kahayu-1.png","width":700,"height":800},{"@type":"BreadcrumbList","@id":"https:\/\/10motifs.com\/lt\/produktas\/dovanu-dezute-mylimam-zmogui-buciniai-copy-copy\/#breadcrumb","itemListElement":[{"@type":"ListItem","position":1,"name":"Pagrindinis puslapis","item":"https:\/\/10motifs.com\/lt\/"},{"@type":"ListItem","position":2,"name":"Parduotuv\u0117","item":"https:\/\/10motifs.com\/lt\/parduotuve\/"},{"@type":"ListItem","position":3,"name":"Dovan\u0173 rinkinys [&nbsp;Kahayu&nbsp;]"}]},{"@type":"WebSite","@id":"https:\/\/10motifs.com\/lt\/#website","url":"https:\/\/10motifs.com\/lt\/","name":"10motifs","description":"Internetin\u0117 dizaineri\u0173 drabu\u017ei\u0173 parduotuv\u0117","publisher":{"@id":"https:\/\/10motifs.com\/lt\/#organization"},"alternateName":"10motifs","potentialAction":[{"@type":"SearchAction","target":{"@type":"EntryPoint","urlTemplate":"https:\/\/10motifs.com\/lt\/?s={search_term_string}"},"query-input":{"@type":"PropertyValueSpecification","valueRequired":true,"valueName":"search_term_string"}}],"inLanguage":"lt-LT"},{"@type":"Organization","@id":"https:\/\/10motifs.com\/lt\/#organization","name":"10motifs","alternateName":"10motifs","url":"https:\/\/10motifs.com\/lt\/","logo":{"@type":"ImageObject","inLanguage":"lt-LT","@id":"https:\/\/10motifs.com\/lt\/#\/schema\/logo\/image\/","url":"https:\/\/10motifs.com\/wp-content\/uploads\/2024\/04\/cropped-img_6859.jpg","contentUrl":"https:\/\/10motifs.com\/wp-content\/uploads\/2024\/04\/cropped-img_6859.jpg","width":512,"height":512,"caption":"10motifs"},"image":{"@id":"https:\/\/10motifs.com\/lt\/#\/schema\/logo\/image\/"},"sameAs":["https:\/\/www.instagram.com\/10motifs\/"]}]}},"_links":{"self":[{"href":"https:\/\/10motifs.com\/lt\/wp-json\/wp\/v2\/product\/28567","targetHints":{"allow":["GET"]}}],"collection":[{"href":"https:\/\/10motifs.com\/lt\/wp-json\/wp\/v2\/product"}],"about":[{"href":"https:\/\/10motifs.com\/lt\/wp-json\/wp\/v2\/types\/product"}],"version-history":[{"count":8,"href":"https:\/\/10motifs.com\/lt\/wp-json\/wp\/v2\/product\/28567\/revisions"}],"predecessor-version":[{"id":29487,"href":"https:\/\/10motifs.com\/lt\/wp-json\/wp\/v2\/product\/28567\/revisions\/29487"}],"wp:featuredmedia":[{"embeddable":true,"href":"https:\/\/10motifs.com\/lt\/wp-json\/wp\/v2\/media\/28572"}],"wp:attachment":[{"href":"https:\/\/10motifs.com\/lt\/wp-json\/wp\/v2\/media?parent=28567"}],"wp:term":[{"taxonomy":"product_brand","embeddable":true,"href":"https:\/\/10motifs.com\/lt\/wp-json\/wp\/v2\/product_brand?post=28567"},{"taxonomy":"product_cat","embeddable":true,"href":"https:\/\/10motifs.com\/lt\/wp-json\/wp\/v2\/product_cat?post=28567"},{"taxonomy":"product_tag","embeddable":true,"href":"https:\/\/10motifs.com\/lt\/wp-json\/wp\/v2\/product_tag?post=28567"}],"curies":[{"name":"wp","href":"https:\/\/api.w.org\/{rel}","templated":true}]}}