{"id":28408,"date":"2024-12-09T23:52:36","date_gmt":"2024-12-09T21:52:36","guid":{"rendered":"http:\/\/10motifs.com\/?post_type=product&#038;p=28408"},"modified":"2024-12-17T02:16:36","modified_gmt":"2024-12-17T00:16:36","slug":"10motifs-pirstines-coeur-copy-copy-copy-copy","status":"publish","type":"product","link":"https:\/\/10motifs.com\/lt\/produktas\/10motifs-pirstines-coeur-copy-copy-copy-copy\/","title":{"rendered":"[&nbsp;\u0160alikas KAHAYU Milk&nbsp;]"},"content":{"rendered":"<p class=\"p1\" style=\"text-align: center;\">\u0160iandien papasakosime apie ypating\u0105 KAHAYU \u0161alik\u0105.<\/p>\n<p class=\"p1\" style=\"text-align: center;\">10 u\u017ekoduot\u0173 id\u0117j\u0173, kurias \u012f j\u012f \u012ftrauk\u0117me:<span class=\"Apple-converted-space\"><br \/>\n<\/span>\u2764\ufe0f jausmas, kad gyvenimas yra apkabinimas;<span class=\"Apple-converted-space\"><br \/>\n<\/span>\u2764\ufe0f rytinis pasivaik\u0161\u010diojimas su kava, jau\u010diant pirmuosius snaigi\u0173 prisilietimus;<span class=\"Apple-converted-space\"><br \/>\n<\/span>\u2764\ufe0f Suvokimas, kad kiekvieno i\u0161 m\u016bs\u0173 \u0161irdyje slypi \u0161velnumas, r\u016bpestis ir \u0161iluma;<span class=\"Apple-converted-space\"><br \/>\n<\/span>\u2764\ufe0f jausmas &#8211; viskas, k\u0105 mylite, esate j\u016bs;<span class=\"Apple-converted-space\"><br \/>\n<\/span>\u2764\ufe0f r\u016bpintis savimi ir naujais sveikais \u012fpro\u010diais;<span class=\"Apple-converted-space\"><br \/>\n<\/span>\u2764\ufe0f sukurti nauj\u0105 \u0161eimos tradicij\u0105;<span class=\"Apple-converted-space\"><br \/>\n<\/span>\u2764\ufe0f suvokti savo veiklos svarb\u0105;<span class=\"Apple-converted-space\"><br \/>\n<\/span>\u2764\ufe0f \u012ekv\u0117pimas naujai kelionei ar knygai gruod\u017eio m\u0117n;<span class=\"Apple-converted-space\"><br \/>\n<\/span>\u2764\ufe0f atsitiktin\u0117s ir laimingos galimyb\u0117s;<span class=\"Apple-converted-space\"><br \/>\n<\/span>\u2764\ufe0f nepamir\u0161tama nauja pa\u017eintis.<\/p>\n<p class=\"p1\" style=\"text-align: center;\">Taigi, jei ie\u0161kote daikto, kuris pakeis j\u016bs\u0173 gyvenim\u0105 ir nei\u0161eis i\u0161 mados, si\u016blome rinktis m\u016bs\u0173 naujov\u0119.<\/p>\n","protected":false},"excerpt":{"rendered":"<p>\u201eBonjour\u201c, mums kolekcij\u0173 k\u016brimas &#8211; tai ne tik nauj\u0173 produkt\u0173 k\u016brimas, bet ir prasm\u0117s bei prane\u0161imai.<\/p>\n<p>Avec l&#8217;amour, 10motifs [\ud83e\udd0d]<\/p>\n","protected":false},"featured_media":28397,"template":"","meta":[],"product_brand":[],"product_cat":[864,838],"product_tag":[],"class_list":{"0":"post-28408","1":"product","2":"type-product","3":"status-publish","4":"has-post-thumbnail","6":"product_cat-aksesuarai","7":"product_cat-dovanos","8":"product_shipping_class-vidurinis-langelis","10":"first","11":"instock","12":"shipping-taxable","13":"purchasable","14":"product-type-variable"},"yoast_head":"<!-- This site is optimized with the Yoast SEO plugin v27.3 - https:\/\/yoast.com\/product\/yoast-seo-wordpress\/ -->\n<title>[ \u0160alikas KAHAYU Milk ] pirkti internetu Lietuvoje \u2764\ufe0f 10motifs<\/title>\n<meta name=\"description\" content=\"U\u017esisakykite [ \u0160alikas KAHAYU Milk ] su pristatymu Europoje ir JAV. \u2764\ufe0f Kainos Baltarusijos prek\u0117s \u017eenklo drabu\u017ei\u0173 su \u0161irdel\u0117mis internetin\u0117je parduotuv\u0117je 10 motyv\u0173 \u2764\ufe0f 10 motyv\u0173\" \/>\n<meta name=\"robots\" content=\"index, follow, max-snippet:-1, max-image-preview:large, max-video-preview:-1\" \/>\n<link rel=\"canonical\" href=\"https:\/\/10motifs.com\/lt\/produktas\/10motifs-pirstines-coeur-copy-copy-copy-copy\/\" \/>\n<meta property=\"og:locale\" content=\"lt_LT\" \/>\n<meta property=\"og:type\" content=\"article\" \/>\n<meta property=\"og:title\" content=\"[ \u0160alikas KAHAYU Milk ] pirkti internetu Lietuvoje \u2764\ufe0f 10motifs\" \/>\n<meta property=\"og:description\" content=\"U\u017esisakykite [ \u0160alikas KAHAYU Milk ] su pristatymu Europoje ir JAV. \u2764\ufe0f Kainos Baltarusijos prek\u0117s \u017eenklo drabu\u017ei\u0173 su \u0161irdel\u0117mis internetin\u0117je parduotuv\u0117je 10 motyv\u0173 \u2764\ufe0f 10 motyv\u0173\" \/>\n<meta property=\"og:url\" content=\"https:\/\/10motifs.com\/lt\/produktas\/10motifs-pirstines-coeur-copy-copy-copy-copy\/\" \/>\n<meta property=\"og:site_name\" content=\"10motifs\" \/>\n<meta property=\"article:modified_time\" content=\"2024-12-17T00:16:36+00:00\" \/>\n<meta property=\"og:image\" content=\"https:\/\/10motifs.com\/wp-content\/uploads\/2024\/12\/sharf-kahayu-molochnyj-min.png\" \/>\n\t<meta property=\"og:image:width\" content=\"700\" \/>\n\t<meta property=\"og:image:height\" content=\"800\" \/>\n\t<meta property=\"og:image:type\" content=\"image\/png\" \/>\n<meta name=\"twitter:card\" content=\"summary_large_image\" \/>\n<meta name=\"twitter:label1\" content=\"Est. reading time\" \/>\n\t<meta name=\"twitter:data1\" content=\"1 minut\u0117\" \/>\n<script type=\"application\/ld+json\" class=\"yoast-schema-graph\">{\"@context\":\"https:\\\/\\\/schema.org\",\"@graph\":[{\"@type\":\"WebPage\",\"@id\":\"https:\\\/\\\/10motifs.com\\\/lt\\\/produktas\\\/10motifs-pirstines-coeur-copy-copy-copy-copy\\\/\",\"url\":\"https:\\\/\\\/10motifs.com\\\/lt\\\/produktas\\\/10motifs-pirstines-coeur-copy-copy-copy-copy\\\/\",\"name\":\"[ \u0160alikas KAHAYU Milk ] pirkti internetu Lietuvoje \u2764\ufe0f 10motifs\",\"isPartOf\":{\"@id\":\"https:\\\/\\\/10motifs.com\\\/lt\\\/#website\"},\"primaryImageOfPage\":{\"@id\":\"https:\\\/\\\/10motifs.com\\\/lt\\\/produktas\\\/10motifs-pirstines-coeur-copy-copy-copy-copy\\\/#primaryimage\"},\"image\":{\"@id\":\"https:\\\/\\\/10motifs.com\\\/lt\\\/produktas\\\/10motifs-pirstines-coeur-copy-copy-copy-copy\\\/#primaryimage\"},\"thumbnailUrl\":\"https:\\\/\\\/10motifs.com\\\/wp-content\\\/uploads\\\/2024\\\/12\\\/sharf-kahayu-molochnyj-min.png\",\"datePublished\":\"2024-12-09T21:52:36+00:00\",\"dateModified\":\"2024-12-17T00:16:36+00:00\",\"description\":\"U\u017esisakykite [ \u0160alikas KAHAYU Milk ] su pristatymu Europoje ir JAV. \u2764\ufe0f Kainos Baltarusijos prek\u0117s \u017eenklo drabu\u017ei\u0173 su \u0161irdel\u0117mis internetin\u0117je parduotuv\u0117je 10 motyv\u0173 \u2764\ufe0f 10 motyv\u0173\",\"breadcrumb\":{\"@id\":\"https:\\\/\\\/10motifs.com\\\/lt\\\/produktas\\\/10motifs-pirstines-coeur-copy-copy-copy-copy\\\/#breadcrumb\"},\"inLanguage\":\"lt-LT\",\"potentialAction\":[{\"@type\":\"ReadAction\",\"target\":[\"https:\\\/\\\/10motifs.com\\\/lt\\\/produktas\\\/10motifs-pirstines-coeur-copy-copy-copy-copy\\\/\"]}]},{\"@type\":\"ImageObject\",\"inLanguage\":\"lt-LT\",\"@id\":\"https:\\\/\\\/10motifs.com\\\/lt\\\/produktas\\\/10motifs-pirstines-coeur-copy-copy-copy-copy\\\/#primaryimage\",\"url\":\"https:\\\/\\\/10motifs.com\\\/wp-content\\\/uploads\\\/2024\\\/12\\\/sharf-kahayu-molochnyj-min.png\",\"contentUrl\":\"https:\\\/\\\/10motifs.com\\\/wp-content\\\/uploads\\\/2024\\\/12\\\/sharf-kahayu-molochnyj-min.png\",\"width\":700,\"height\":800},{\"@type\":\"BreadcrumbList\",\"@id\":\"https:\\\/\\\/10motifs.com\\\/lt\\\/produktas\\\/10motifs-pirstines-coeur-copy-copy-copy-copy\\\/#breadcrumb\",\"itemListElement\":[{\"@type\":\"ListItem\",\"position\":1,\"name\":\"Pagrindinis puslapis\",\"item\":\"https:\\\/\\\/10motifs.com\\\/lt\\\/\"},{\"@type\":\"ListItem\",\"position\":2,\"name\":\"Parduotuv\u0117\",\"item\":\"https:\\\/\\\/10motifs.com\\\/lt\\\/parduotuve\\\/\"},{\"@type\":\"ListItem\",\"position\":3,\"name\":\"[ \u0160alikas KAHAYU Milk ]\"}]},{\"@type\":\"WebSite\",\"@id\":\"https:\\\/\\\/10motifs.com\\\/lt\\\/#website\",\"url\":\"https:\\\/\\\/10motifs.com\\\/lt\\\/\",\"name\":\"10motifs\",\"description\":\"Internetin\u0117 dizaineri\u0173 drabu\u017ei\u0173 parduotuv\u0117\",\"publisher\":{\"@id\":\"https:\\\/\\\/10motifs.com\\\/lt\\\/#organization\"},\"alternateName\":\"10motifs\",\"potentialAction\":[{\"@type\":\"SearchAction\",\"target\":{\"@type\":\"EntryPoint\",\"urlTemplate\":\"https:\\\/\\\/10motifs.com\\\/lt\\\/?s={search_term_string}\"},\"query-input\":{\"@type\":\"PropertyValueSpecification\",\"valueRequired\":true,\"valueName\":\"search_term_string\"}}],\"inLanguage\":\"lt-LT\"},{\"@type\":\"Organization\",\"@id\":\"https:\\\/\\\/10motifs.com\\\/lt\\\/#organization\",\"name\":\"10motifs\",\"alternateName\":\"10motifs\",\"url\":\"https:\\\/\\\/10motifs.com\\\/lt\\\/\",\"logo\":{\"@type\":\"ImageObject\",\"inLanguage\":\"lt-LT\",\"@id\":\"https:\\\/\\\/10motifs.com\\\/lt\\\/#\\\/schema\\\/logo\\\/image\\\/\",\"url\":\"https:\\\/\\\/10motifs.com\\\/wp-content\\\/uploads\\\/2024\\\/04\\\/cropped-img_6859.jpg\",\"contentUrl\":\"https:\\\/\\\/10motifs.com\\\/wp-content\\\/uploads\\\/2024\\\/04\\\/cropped-img_6859.jpg\",\"width\":512,\"height\":512,\"caption\":\"10motifs\"},\"image\":{\"@id\":\"https:\\\/\\\/10motifs.com\\\/lt\\\/#\\\/schema\\\/logo\\\/image\\\/\"},\"sameAs\":[\"https:\\\/\\\/www.instagram.com\\\/10motifs\\\/\"]}]}<\/script>\n<!-- \/ Yoast SEO plugin. -->","yoast_head_json":{"title":"[ \u0160alikas KAHAYU Milk ] pirkti internetu Lietuvoje \u2764\ufe0f 10motifs","description":"U\u017esisakykite [ \u0160alikas KAHAYU Milk ] su pristatymu Europoje ir JAV. \u2764\ufe0f Kainos Baltarusijos prek\u0117s \u017eenklo drabu\u017ei\u0173 su \u0161irdel\u0117mis internetin\u0117je parduotuv\u0117je 10 motyv\u0173 \u2764\ufe0f 10 motyv\u0173","robots":{"index":"index","follow":"follow","max-snippet":"max-snippet:-1","max-image-preview":"max-image-preview:large","max-video-preview":"max-video-preview:-1"},"canonical":"https:\/\/10motifs.com\/lt\/produktas\/10motifs-pirstines-coeur-copy-copy-copy-copy\/","og_locale":"lt_LT","og_type":"article","og_title":"[ \u0160alikas KAHAYU Milk ] pirkti internetu Lietuvoje \u2764\ufe0f 10motifs","og_description":"U\u017esisakykite [ \u0160alikas KAHAYU Milk ] su pristatymu Europoje ir JAV. \u2764\ufe0f Kainos Baltarusijos prek\u0117s \u017eenklo drabu\u017ei\u0173 su \u0161irdel\u0117mis internetin\u0117je parduotuv\u0117je 10 motyv\u0173 \u2764\ufe0f 10 motyv\u0173","og_url":"https:\/\/10motifs.com\/lt\/produktas\/10motifs-pirstines-coeur-copy-copy-copy-copy\/","og_site_name":"10motifs","article_modified_time":"2024-12-17T00:16:36+00:00","og_image":[{"width":700,"height":800,"url":"https:\/\/10motifs.com\/wp-content\/uploads\/2024\/12\/sharf-kahayu-molochnyj-min.png","type":"image\/png"}],"twitter_card":"summary_large_image","twitter_misc":{"Est. reading time":"1 minut\u0117"},"schema":{"@context":"https:\/\/schema.org","@graph":[{"@type":"WebPage","@id":"https:\/\/10motifs.com\/lt\/produktas\/10motifs-pirstines-coeur-copy-copy-copy-copy\/","url":"https:\/\/10motifs.com\/lt\/produktas\/10motifs-pirstines-coeur-copy-copy-copy-copy\/","name":"[ \u0160alikas KAHAYU Milk ] pirkti internetu Lietuvoje \u2764\ufe0f 10motifs","isPartOf":{"@id":"https:\/\/10motifs.com\/lt\/#website"},"primaryImageOfPage":{"@id":"https:\/\/10motifs.com\/lt\/produktas\/10motifs-pirstines-coeur-copy-copy-copy-copy\/#primaryimage"},"image":{"@id":"https:\/\/10motifs.com\/lt\/produktas\/10motifs-pirstines-coeur-copy-copy-copy-copy\/#primaryimage"},"thumbnailUrl":"https:\/\/10motifs.com\/wp-content\/uploads\/2024\/12\/sharf-kahayu-molochnyj-min.png","datePublished":"2024-12-09T21:52:36+00:00","dateModified":"2024-12-17T00:16:36+00:00","description":"U\u017esisakykite [ \u0160alikas KAHAYU Milk ] su pristatymu Europoje ir JAV. \u2764\ufe0f Kainos Baltarusijos prek\u0117s \u017eenklo drabu\u017ei\u0173 su \u0161irdel\u0117mis internetin\u0117je parduotuv\u0117je 10 motyv\u0173 \u2764\ufe0f 10 motyv\u0173","breadcrumb":{"@id":"https:\/\/10motifs.com\/lt\/produktas\/10motifs-pirstines-coeur-copy-copy-copy-copy\/#breadcrumb"},"inLanguage":"lt-LT","potentialAction":[{"@type":"ReadAction","target":["https:\/\/10motifs.com\/lt\/produktas\/10motifs-pirstines-coeur-copy-copy-copy-copy\/"]}]},{"@type":"ImageObject","inLanguage":"lt-LT","@id":"https:\/\/10motifs.com\/lt\/produktas\/10motifs-pirstines-coeur-copy-copy-copy-copy\/#primaryimage","url":"https:\/\/10motifs.com\/wp-content\/uploads\/2024\/12\/sharf-kahayu-molochnyj-min.png","contentUrl":"https:\/\/10motifs.com\/wp-content\/uploads\/2024\/12\/sharf-kahayu-molochnyj-min.png","width":700,"height":800},{"@type":"BreadcrumbList","@id":"https:\/\/10motifs.com\/lt\/produktas\/10motifs-pirstines-coeur-copy-copy-copy-copy\/#breadcrumb","itemListElement":[{"@type":"ListItem","position":1,"name":"Pagrindinis puslapis","item":"https:\/\/10motifs.com\/lt\/"},{"@type":"ListItem","position":2,"name":"Parduotuv\u0117","item":"https:\/\/10motifs.com\/lt\/parduotuve\/"},{"@type":"ListItem","position":3,"name":"[ \u0160alikas KAHAYU Milk ]"}]},{"@type":"WebSite","@id":"https:\/\/10motifs.com\/lt\/#website","url":"https:\/\/10motifs.com\/lt\/","name":"10motifs","description":"Internetin\u0117 dizaineri\u0173 drabu\u017ei\u0173 parduotuv\u0117","publisher":{"@id":"https:\/\/10motifs.com\/lt\/#organization"},"alternateName":"10motifs","potentialAction":[{"@type":"SearchAction","target":{"@type":"EntryPoint","urlTemplate":"https:\/\/10motifs.com\/lt\/?s={search_term_string}"},"query-input":{"@type":"PropertyValueSpecification","valueRequired":true,"valueName":"search_term_string"}}],"inLanguage":"lt-LT"},{"@type":"Organization","@id":"https:\/\/10motifs.com\/lt\/#organization","name":"10motifs","alternateName":"10motifs","url":"https:\/\/10motifs.com\/lt\/","logo":{"@type":"ImageObject","inLanguage":"lt-LT","@id":"https:\/\/10motifs.com\/lt\/#\/schema\/logo\/image\/","url":"https:\/\/10motifs.com\/wp-content\/uploads\/2024\/04\/cropped-img_6859.jpg","contentUrl":"https:\/\/10motifs.com\/wp-content\/uploads\/2024\/04\/cropped-img_6859.jpg","width":512,"height":512,"caption":"10motifs"},"image":{"@id":"https:\/\/10motifs.com\/lt\/#\/schema\/logo\/image\/"},"sameAs":["https:\/\/www.instagram.com\/10motifs\/"]}]}},"_links":{"self":[{"href":"https:\/\/10motifs.com\/lt\/wp-json\/wp\/v2\/product\/28408","targetHints":{"allow":["GET"]}}],"collection":[{"href":"https:\/\/10motifs.com\/lt\/wp-json\/wp\/v2\/product"}],"about":[{"href":"https:\/\/10motifs.com\/lt\/wp-json\/wp\/v2\/types\/product"}],"version-history":[{"count":4,"href":"https:\/\/10motifs.com\/lt\/wp-json\/wp\/v2\/product\/28408\/revisions"}],"predecessor-version":[{"id":29068,"href":"https:\/\/10motifs.com\/lt\/wp-json\/wp\/v2\/product\/28408\/revisions\/29068"}],"wp:featuredmedia":[{"embeddable":true,"href":"https:\/\/10motifs.com\/lt\/wp-json\/wp\/v2\/media\/28397"}],"wp:attachment":[{"href":"https:\/\/10motifs.com\/lt\/wp-json\/wp\/v2\/media?parent=28408"}],"wp:term":[{"taxonomy":"product_brand","embeddable":true,"href":"https:\/\/10motifs.com\/lt\/wp-json\/wp\/v2\/product_brand?post=28408"},{"taxonomy":"product_cat","embeddable":true,"href":"https:\/\/10motifs.com\/lt\/wp-json\/wp\/v2\/product_cat?post=28408"},{"taxonomy":"product_tag","embeddable":true,"href":"https:\/\/10motifs.com\/lt\/wp-json\/wp\/v2\/product_tag?post=28408"}],"curies":[{"name":"wp","href":"https:\/\/api.w.org\/{rel}","templated":true}]}}