{"id":26869,"date":"2024-04-21T02:19:21","date_gmt":"2024-04-20T23:19:21","guid":{"rendered":"http:\/\/10motifs.com\/product\/i-virsu\/"},"modified":"2024-12-16T14:15:34","modified_gmt":"2024-12-16T12:15:34","slug":"10motifs-topas-kahaju","status":"publish","type":"product","link":"https:\/\/10motifs.com\/lt\/produktas\/10motifs-topas-kahaju\/","title":{"rendered":"[&nbsp;10motifs Topas Kahaju&nbsp;]"},"content":{"rendered":"<p style=\"text-align: center;\">We&#8217;ve picked out one trick that allows you to adapt<br \/>\nthis trend into your closet now.<br \/>\nA laconic basic top in wool is one of those things<br \/>\nthat makes you feel comfortable every day. It can be<br \/>\nas the main accent &#8211; for example, as<br \/>\nas the first layer for your favorite oversize jacket.<br \/>\nThe thin and soft cotton knit fabric<br \/>\nmaintains an optimal body temperature<br \/>\nand is almost wrinkle-free. We recommend pairing it with a skirt<br \/>\nor pants from our collection.<\/p>\n","protected":false},"excerpt":{"rendered":"<p>Megztas topas su pla\u010diomis petne\u0161omis ir giliais i\u0161kirpimais \u2013 universalus papildymas vasaros dienomis. Mink\u0161tas ir tvirtas medvilninis trikota\u017eas puikiai praleid\u017eia or\u0105, o dirbtini\u0173 pluo\u0161t\u0173 priedai suteikia audiniui ilgaam\u017ei\u0161kumo ir elastingumo.<\/p>\n<p>\u0160io topo i\u0161skirtinumas tas, kad mes jau \u012fsiuvome j\u0105 papuo\u0161imu, tod\u0117l tur\u0117site pa\u010di\u0105 universaliausi\u0105 baz\u0119 po \u0161varku ir jokio laiko gai\u0161imo ie\u0161kant aksesuar\u0173. Viskas paruo\u0161ta \u2013 Voil\u00e0. Tai atspindi m\u016bs\u0173 antr\u0105j\u012f motyv\u0105 [ Tradicij\u0173 ir rank\u0173 darbo i\u0161saugojimas automatizacijos am\u017eiuje].<br \/>\nApplikacija pagaminta i\u0161 \u0161ilko ir viskoz\u0117s &#8211; rank\u0173 darbas.<\/p>\n<p>Avec l\u2019amour, 10motifs [\ud83e\udd0d]<\/p>\n","protected":false},"featured_media":26882,"template":"","meta":[],"product_brand":[],"product_cat":[838,912],"product_tag":[],"class_list":{"0":"post-26869","1":"product","2":"type-product","3":"status-publish","4":"has-post-thumbnail","6":"product_cat-dovanos","7":"product_cat-topai","8":"product_shipping_class-vidurinis-langelis","10":"first","11":"instock","12":"shipping-taxable","13":"purchasable","14":"product-type-variable"},"yoast_head":"<!-- This site is optimized with the Yoast SEO plugin v27.3 - https:\/\/yoast.com\/product\/yoast-seo-wordpress\/ -->\n<title>[ 10motifs Topas Kahaju ] pirkti internetu Lietuvoje \u2764\ufe0f 10motifs<\/title>\n<meta name=\"description\" content=\"U\u017esisakykite [ 10motifs Topas Kahaju ] su pristatymu Europoje ir JAV. \u2764\ufe0f Kainos Baltarusijos prek\u0117s \u017eenklo drabu\u017ei\u0173 su \u0161irdel\u0117mis internetin\u0117je parduotuv\u0117je 10 motyv\u0173 \u2764\ufe0f 10 motyv\u0173\" \/>\n<meta name=\"robots\" content=\"index, follow, max-snippet:-1, max-image-preview:large, max-video-preview:-1\" \/>\n<link rel=\"canonical\" href=\"https:\/\/10motifs.com\/lt\/produktas\/10motifs-topas-kahaju\/\" \/>\n<meta property=\"og:locale\" content=\"lt_LT\" \/>\n<meta property=\"og:type\" content=\"article\" \/>\n<meta property=\"og:title\" content=\"[ 10motifs Topas Kahaju ] pirkti internetu Lietuvoje \u2764\ufe0f 10motifs\" \/>\n<meta property=\"og:description\" content=\"U\u017esisakykite [ 10motifs Topas Kahaju ] su pristatymu Europoje ir JAV. \u2764\ufe0f Kainos Baltarusijos prek\u0117s \u017eenklo drabu\u017ei\u0173 su \u0161irdel\u0117mis internetin\u0117je parduotuv\u0117je 10 motyv\u0173 \u2764\ufe0f 10 motyv\u0173\" \/>\n<meta property=\"og:url\" content=\"https:\/\/10motifs.com\/lt\/produktas\/10motifs-topas-kahaju\/\" \/>\n<meta property=\"og:site_name\" content=\"10motifs\" \/>\n<meta property=\"article:modified_time\" content=\"2024-12-16T12:15:34+00:00\" \/>\n<meta property=\"og:image\" content=\"https:\/\/10motifs.com\/wp-content\/uploads\/2024\/04\/img_6727.jpg\" \/>\n\t<meta property=\"og:image:width\" content=\"1400\" \/>\n\t<meta property=\"og:image:height\" content=\"1600\" \/>\n\t<meta property=\"og:image:type\" content=\"image\/jpeg\" \/>\n<meta name=\"twitter:card\" content=\"summary_large_image\" \/>\n<meta name=\"twitter:label1\" content=\"Est. reading time\" \/>\n\t<meta name=\"twitter:data1\" content=\"1 minut\u0117\" \/>\n<script type=\"application\/ld+json\" class=\"yoast-schema-graph\">{\"@context\":\"https:\\\/\\\/schema.org\",\"@graph\":[{\"@type\":\"WebPage\",\"@id\":\"https:\\\/\\\/10motifs.com\\\/lt\\\/produktas\\\/10motifs-topas-kahaju\\\/\",\"url\":\"https:\\\/\\\/10motifs.com\\\/lt\\\/produktas\\\/10motifs-topas-kahaju\\\/\",\"name\":\"[ 10motifs Topas Kahaju ] pirkti internetu Lietuvoje \u2764\ufe0f 10motifs\",\"isPartOf\":{\"@id\":\"https:\\\/\\\/10motifs.com\\\/lt\\\/#website\"},\"primaryImageOfPage\":{\"@id\":\"https:\\\/\\\/10motifs.com\\\/lt\\\/produktas\\\/10motifs-topas-kahaju\\\/#primaryimage\"},\"image\":{\"@id\":\"https:\\\/\\\/10motifs.com\\\/lt\\\/produktas\\\/10motifs-topas-kahaju\\\/#primaryimage\"},\"thumbnailUrl\":\"https:\\\/\\\/10motifs.com\\\/wp-content\\\/uploads\\\/2024\\\/04\\\/img_6727.jpg\",\"datePublished\":\"2024-04-20T23:19:21+00:00\",\"dateModified\":\"2024-12-16T12:15:34+00:00\",\"description\":\"U\u017esisakykite [ 10motifs Topas Kahaju ] su pristatymu Europoje ir JAV. \u2764\ufe0f Kainos Baltarusijos prek\u0117s \u017eenklo drabu\u017ei\u0173 su \u0161irdel\u0117mis internetin\u0117je parduotuv\u0117je 10 motyv\u0173 \u2764\ufe0f 10 motyv\u0173\",\"breadcrumb\":{\"@id\":\"https:\\\/\\\/10motifs.com\\\/lt\\\/produktas\\\/10motifs-topas-kahaju\\\/#breadcrumb\"},\"inLanguage\":\"lt-LT\",\"potentialAction\":[{\"@type\":\"ReadAction\",\"target\":[\"https:\\\/\\\/10motifs.com\\\/lt\\\/produktas\\\/10motifs-topas-kahaju\\\/\"]}]},{\"@type\":\"ImageObject\",\"inLanguage\":\"lt-LT\",\"@id\":\"https:\\\/\\\/10motifs.com\\\/lt\\\/produktas\\\/10motifs-topas-kahaju\\\/#primaryimage\",\"url\":\"https:\\\/\\\/10motifs.com\\\/wp-content\\\/uploads\\\/2024\\\/04\\\/img_6727.jpg\",\"contentUrl\":\"https:\\\/\\\/10motifs.com\\\/wp-content\\\/uploads\\\/2024\\\/04\\\/img_6727.jpg\",\"width\":1400,\"height\":1600},{\"@type\":\"BreadcrumbList\",\"@id\":\"https:\\\/\\\/10motifs.com\\\/lt\\\/produktas\\\/10motifs-topas-kahaju\\\/#breadcrumb\",\"itemListElement\":[{\"@type\":\"ListItem\",\"position\":1,\"name\":\"Pagrindinis puslapis\",\"item\":\"https:\\\/\\\/10motifs.com\\\/lt\\\/\"},{\"@type\":\"ListItem\",\"position\":2,\"name\":\"Parduotuv\u0117\",\"item\":\"https:\\\/\\\/10motifs.com\\\/lt\\\/parduotuve\\\/\"},{\"@type\":\"ListItem\",\"position\":3,\"name\":\"[&nbsp;10motifs Topas Kahaju&nbsp;]\"}]},{\"@type\":\"WebSite\",\"@id\":\"https:\\\/\\\/10motifs.com\\\/lt\\\/#website\",\"url\":\"https:\\\/\\\/10motifs.com\\\/lt\\\/\",\"name\":\"10motifs\",\"description\":\"Internetin\u0117 dizaineri\u0173 drabu\u017ei\u0173 parduotuv\u0117\",\"publisher\":{\"@id\":\"https:\\\/\\\/10motifs.com\\\/lt\\\/#organization\"},\"alternateName\":\"10motifs\",\"potentialAction\":[{\"@type\":\"SearchAction\",\"target\":{\"@type\":\"EntryPoint\",\"urlTemplate\":\"https:\\\/\\\/10motifs.com\\\/lt\\\/?s={search_term_string}\"},\"query-input\":{\"@type\":\"PropertyValueSpecification\",\"valueRequired\":true,\"valueName\":\"search_term_string\"}}],\"inLanguage\":\"lt-LT\"},{\"@type\":\"Organization\",\"@id\":\"https:\\\/\\\/10motifs.com\\\/lt\\\/#organization\",\"name\":\"10motifs\",\"alternateName\":\"10motifs\",\"url\":\"https:\\\/\\\/10motifs.com\\\/lt\\\/\",\"logo\":{\"@type\":\"ImageObject\",\"inLanguage\":\"lt-LT\",\"@id\":\"https:\\\/\\\/10motifs.com\\\/lt\\\/#\\\/schema\\\/logo\\\/image\\\/\",\"url\":\"https:\\\/\\\/10motifs.com\\\/wp-content\\\/uploads\\\/2024\\\/04\\\/cropped-img_6859.jpg\",\"contentUrl\":\"https:\\\/\\\/10motifs.com\\\/wp-content\\\/uploads\\\/2024\\\/04\\\/cropped-img_6859.jpg\",\"width\":512,\"height\":512,\"caption\":\"10motifs\"},\"image\":{\"@id\":\"https:\\\/\\\/10motifs.com\\\/lt\\\/#\\\/schema\\\/logo\\\/image\\\/\"},\"sameAs\":[\"https:\\\/\\\/www.instagram.com\\\/10motifs\\\/\"]}]}<\/script>\n<!-- \/ Yoast SEO plugin. -->","yoast_head_json":{"title":"[ 10motifs Topas Kahaju ] pirkti internetu Lietuvoje \u2764\ufe0f 10motifs","description":"U\u017esisakykite [ 10motifs Topas Kahaju ] su pristatymu Europoje ir JAV. \u2764\ufe0f Kainos Baltarusijos prek\u0117s \u017eenklo drabu\u017ei\u0173 su \u0161irdel\u0117mis internetin\u0117je parduotuv\u0117je 10 motyv\u0173 \u2764\ufe0f 10 motyv\u0173","robots":{"index":"index","follow":"follow","max-snippet":"max-snippet:-1","max-image-preview":"max-image-preview:large","max-video-preview":"max-video-preview:-1"},"canonical":"https:\/\/10motifs.com\/lt\/produktas\/10motifs-topas-kahaju\/","og_locale":"lt_LT","og_type":"article","og_title":"[ 10motifs Topas Kahaju ] pirkti internetu Lietuvoje \u2764\ufe0f 10motifs","og_description":"U\u017esisakykite [ 10motifs Topas Kahaju ] su pristatymu Europoje ir JAV. \u2764\ufe0f Kainos Baltarusijos prek\u0117s \u017eenklo drabu\u017ei\u0173 su \u0161irdel\u0117mis internetin\u0117je parduotuv\u0117je 10 motyv\u0173 \u2764\ufe0f 10 motyv\u0173","og_url":"https:\/\/10motifs.com\/lt\/produktas\/10motifs-topas-kahaju\/","og_site_name":"10motifs","article_modified_time":"2024-12-16T12:15:34+00:00","og_image":[{"width":1400,"height":1600,"url":"https:\/\/10motifs.com\/wp-content\/uploads\/2024\/04\/img_6727.jpg","type":"image\/jpeg"}],"twitter_card":"summary_large_image","twitter_misc":{"Est. reading time":"1 minut\u0117"},"schema":{"@context":"https:\/\/schema.org","@graph":[{"@type":"WebPage","@id":"https:\/\/10motifs.com\/lt\/produktas\/10motifs-topas-kahaju\/","url":"https:\/\/10motifs.com\/lt\/produktas\/10motifs-topas-kahaju\/","name":"[ 10motifs Topas Kahaju ] pirkti internetu Lietuvoje \u2764\ufe0f 10motifs","isPartOf":{"@id":"https:\/\/10motifs.com\/lt\/#website"},"primaryImageOfPage":{"@id":"https:\/\/10motifs.com\/lt\/produktas\/10motifs-topas-kahaju\/#primaryimage"},"image":{"@id":"https:\/\/10motifs.com\/lt\/produktas\/10motifs-topas-kahaju\/#primaryimage"},"thumbnailUrl":"https:\/\/10motifs.com\/wp-content\/uploads\/2024\/04\/img_6727.jpg","datePublished":"2024-04-20T23:19:21+00:00","dateModified":"2024-12-16T12:15:34+00:00","description":"U\u017esisakykite [ 10motifs Topas Kahaju ] su pristatymu Europoje ir JAV. \u2764\ufe0f Kainos Baltarusijos prek\u0117s \u017eenklo drabu\u017ei\u0173 su \u0161irdel\u0117mis internetin\u0117je parduotuv\u0117je 10 motyv\u0173 \u2764\ufe0f 10 motyv\u0173","breadcrumb":{"@id":"https:\/\/10motifs.com\/lt\/produktas\/10motifs-topas-kahaju\/#breadcrumb"},"inLanguage":"lt-LT","potentialAction":[{"@type":"ReadAction","target":["https:\/\/10motifs.com\/lt\/produktas\/10motifs-topas-kahaju\/"]}]},{"@type":"ImageObject","inLanguage":"lt-LT","@id":"https:\/\/10motifs.com\/lt\/produktas\/10motifs-topas-kahaju\/#primaryimage","url":"https:\/\/10motifs.com\/wp-content\/uploads\/2024\/04\/img_6727.jpg","contentUrl":"https:\/\/10motifs.com\/wp-content\/uploads\/2024\/04\/img_6727.jpg","width":1400,"height":1600},{"@type":"BreadcrumbList","@id":"https:\/\/10motifs.com\/lt\/produktas\/10motifs-topas-kahaju\/#breadcrumb","itemListElement":[{"@type":"ListItem","position":1,"name":"Pagrindinis puslapis","item":"https:\/\/10motifs.com\/lt\/"},{"@type":"ListItem","position":2,"name":"Parduotuv\u0117","item":"https:\/\/10motifs.com\/lt\/parduotuve\/"},{"@type":"ListItem","position":3,"name":"[&nbsp;10motifs Topas Kahaju&nbsp;]"}]},{"@type":"WebSite","@id":"https:\/\/10motifs.com\/lt\/#website","url":"https:\/\/10motifs.com\/lt\/","name":"10motifs","description":"Internetin\u0117 dizaineri\u0173 drabu\u017ei\u0173 parduotuv\u0117","publisher":{"@id":"https:\/\/10motifs.com\/lt\/#organization"},"alternateName":"10motifs","potentialAction":[{"@type":"SearchAction","target":{"@type":"EntryPoint","urlTemplate":"https:\/\/10motifs.com\/lt\/?s={search_term_string}"},"query-input":{"@type":"PropertyValueSpecification","valueRequired":true,"valueName":"search_term_string"}}],"inLanguage":"lt-LT"},{"@type":"Organization","@id":"https:\/\/10motifs.com\/lt\/#organization","name":"10motifs","alternateName":"10motifs","url":"https:\/\/10motifs.com\/lt\/","logo":{"@type":"ImageObject","inLanguage":"lt-LT","@id":"https:\/\/10motifs.com\/lt\/#\/schema\/logo\/image\/","url":"https:\/\/10motifs.com\/wp-content\/uploads\/2024\/04\/cropped-img_6859.jpg","contentUrl":"https:\/\/10motifs.com\/wp-content\/uploads\/2024\/04\/cropped-img_6859.jpg","width":512,"height":512,"caption":"10motifs"},"image":{"@id":"https:\/\/10motifs.com\/lt\/#\/schema\/logo\/image\/"},"sameAs":["https:\/\/www.instagram.com\/10motifs\/"]}]}},"_links":{"self":[{"href":"https:\/\/10motifs.com\/lt\/wp-json\/wp\/v2\/product\/26869","targetHints":{"allow":["GET"]}}],"collection":[{"href":"https:\/\/10motifs.com\/lt\/wp-json\/wp\/v2\/product"}],"about":[{"href":"https:\/\/10motifs.com\/lt\/wp-json\/wp\/v2\/types\/product"}],"version-history":[{"count":4,"href":"https:\/\/10motifs.com\/lt\/wp-json\/wp\/v2\/product\/26869\/revisions"}],"predecessor-version":[{"id":28824,"href":"https:\/\/10motifs.com\/lt\/wp-json\/wp\/v2\/product\/26869\/revisions\/28824"}],"wp:featuredmedia":[{"embeddable":true,"href":"https:\/\/10motifs.com\/lt\/wp-json\/wp\/v2\/media\/26882"}],"wp:attachment":[{"href":"https:\/\/10motifs.com\/lt\/wp-json\/wp\/v2\/media?parent=26869"}],"wp:term":[{"taxonomy":"product_brand","embeddable":true,"href":"https:\/\/10motifs.com\/lt\/wp-json\/wp\/v2\/product_brand?post=26869"},{"taxonomy":"product_cat","embeddable":true,"href":"https:\/\/10motifs.com\/lt\/wp-json\/wp\/v2\/product_cat?post=26869"},{"taxonomy":"product_tag","embeddable":true,"href":"https:\/\/10motifs.com\/lt\/wp-json\/wp\/v2\/product_tag?post=26869"}],"curies":[{"name":"wp","href":"https:\/\/api.w.org\/{rel}","templated":true}]}}