{"id":26823,"date":"2024-04-21T01:51:11","date_gmt":"2024-04-20T22:51:11","guid":{"rendered":"http:\/\/10motifs.com\/product\/clair-kelnes\/"},"modified":"2024-12-16T14:07:28","modified_gmt":"2024-12-16T12:07:28","slug":"10motifs-kelnes-clair","status":"publish","type":"product","link":"https:\/\/10motifs.com\/lt\/produktas\/10motifs-kelnes-clair\/","title":{"rendered":"[&nbsp;10motifs Keln\u0117s CLAIR&nbsp;]"},"content":{"rendered":"<p style=\"text-align: center;\">M\u016bs\u0173 bestseleris \u2013 tiesios, laisvai krentan\u010dios keln\u0117s,<br \/>\nkurias galima derinti tiek vakarui, tiek kasdieniams<br \/>\n\u012fvaizd\u017eiams. Malonus liesti, viskoz\u0117s pagrindu pagamintas<br \/>\naudinys gerai laiko form\u0105 ir kv\u0117puoja.<br \/>\nU\u017esegimas u\u017etrauktuku ir akcentine sagute.<br \/>\nDerinkite su \u0161varku arba bomberiu i\u0161 m\u016bs\u0173 kolekcijos.<\/p>\n","protected":false},"excerpt":{"rendered":"<p class=\"p1\">Tvarkingos pla\u010dios keln\u0117s i\u0161 viskoz\u0117s su poliesterio priedu \u2013 plazdantis siluetas, \u0161iek tiek \u017eemesn\u0117 juosmens linija, vertikalios rauk\u0161l\u0117s. Keln\u0117s yra \u0161velnios, elastingos ir \u0161iek tiek blizgios judesyje. Derinkite su d\u017eemperiu ir mar\u0161kiniais i\u0161 m\u016bs\u0173 kolekcijos.<br \/>\n\u012eeina \u012f m\u016bs\u0173 1 motyv\u0105 [ emocijos detal\u0117se ], atsispindi drabu\u017ei\u0173 dizaino ir d\u0117mesio kokybei, audini\u0173, kirpimo ir detali\u0173 at\u017evilgiu.<\/p>\n<p class=\"p1\">Priedai &#8211; sidabrinis metalas<\/p>\n<p>Avec l\u2019amour, 10motifs [\ud83e\udd0d]<\/p>\n","protected":false},"featured_media":26836,"template":"","meta":[],"product_brand":[],"product_cat":[911,862],"product_tag":[],"class_list":{"0":"post-26823","1":"product","2":"type-product","3":"status-publish","4":"has-post-thumbnail","6":"product_cat-kelnes","7":"product_cat-moterys","8":"product_shipping_class-didele-deze","9":"product_shipping_class-malenkaya-korobka-lt","10":"product_shipping_class-vidurinis-langelis","12":"first","13":"instock","14":"shipping-taxable","15":"purchasable","16":"product-type-variable"},"yoast_head":"<!-- This site is optimized with the Yoast SEO plugin v27.4 - https:\/\/yoast.com\/product\/yoast-seo-wordpress\/ -->\n<title>[ 10motifs Keln\u0117s CLAIR ] pirkti internetu Lietuvoje \u2764\ufe0f 10motifs<\/title>\n<meta name=\"description\" content=\"U\u017esisakykite [ 10motifs Keln\u0117s CLAIR ] su pristatymu Europoje ir JAV. \u2764\ufe0f Kainos Baltarusijos prek\u0117s \u017eenklo drabu\u017ei\u0173 su \u0161irdel\u0117mis internetin\u0117je parduotuv\u0117je 10 motyv\u0173 \u2764\ufe0f 10 motyv\u0173\" \/>\n<meta name=\"robots\" content=\"index, follow, max-snippet:-1, max-image-preview:large, max-video-preview:-1\" \/>\n<link rel=\"canonical\" href=\"https:\/\/10motifs.com\/lt\/produktas\/10motifs-kelnes-clair\/\" \/>\n<meta property=\"og:locale\" content=\"lt_LT\" \/>\n<meta property=\"og:type\" content=\"article\" \/>\n<meta property=\"og:title\" content=\"[ 10motifs Keln\u0117s CLAIR ] pirkti internetu Lietuvoje \u2764\ufe0f 10motifs\" \/>\n<meta property=\"og:description\" content=\"U\u017esisakykite [ 10motifs Keln\u0117s CLAIR ] su pristatymu Europoje ir JAV. \u2764\ufe0f Kainos Baltarusijos prek\u0117s \u017eenklo drabu\u017ei\u0173 su \u0161irdel\u0117mis internetin\u0117je parduotuv\u0117je 10 motyv\u0173 \u2764\ufe0f 10 motyv\u0173\" \/>\n<meta property=\"og:url\" content=\"https:\/\/10motifs.com\/lt\/produktas\/10motifs-kelnes-clair\/\" \/>\n<meta property=\"og:site_name\" content=\"10motifs\" \/>\n<meta property=\"article:modified_time\" content=\"2024-12-16T12:07:28+00:00\" \/>\n<meta property=\"og:image\" content=\"https:\/\/10motifs.com\/wp-content\/uploads\/2024\/04\/photo_2024-04-09-01.17.jpg\" \/>\n\t<meta property=\"og:image:width\" content=\"700\" \/>\n\t<meta property=\"og:image:height\" content=\"800\" \/>\n\t<meta property=\"og:image:type\" content=\"image\/jpeg\" \/>\n<meta name=\"twitter:card\" content=\"summary_large_image\" \/>\n<meta name=\"twitter:label1\" content=\"Est. reading time\" \/>\n\t<meta name=\"twitter:data1\" content=\"1 minut\u0117\" \/>\n<script type=\"application\/ld+json\" class=\"yoast-schema-graph\">{\"@context\":\"https:\\\/\\\/schema.org\",\"@graph\":[{\"@type\":\"WebPage\",\"@id\":\"https:\\\/\\\/10motifs.com\\\/lt\\\/produktas\\\/10motifs-kelnes-clair\\\/\",\"url\":\"https:\\\/\\\/10motifs.com\\\/lt\\\/produktas\\\/10motifs-kelnes-clair\\\/\",\"name\":\"[ 10motifs Keln\u0117s CLAIR ] pirkti internetu Lietuvoje \u2764\ufe0f 10motifs\",\"isPartOf\":{\"@id\":\"https:\\\/\\\/10motifs.com\\\/lt\\\/#website\"},\"primaryImageOfPage\":{\"@id\":\"https:\\\/\\\/10motifs.com\\\/lt\\\/produktas\\\/10motifs-kelnes-clair\\\/#primaryimage\"},\"image\":{\"@id\":\"https:\\\/\\\/10motifs.com\\\/lt\\\/produktas\\\/10motifs-kelnes-clair\\\/#primaryimage\"},\"thumbnailUrl\":\"https:\\\/\\\/10motifs.com\\\/wp-content\\\/uploads\\\/2024\\\/04\\\/photo_2024-04-09-01.17.jpg\",\"datePublished\":\"2024-04-20T22:51:11+00:00\",\"dateModified\":\"2024-12-16T12:07:28+00:00\",\"description\":\"U\u017esisakykite [ 10motifs Keln\u0117s CLAIR ] su pristatymu Europoje ir JAV. \u2764\ufe0f Kainos Baltarusijos prek\u0117s \u017eenklo drabu\u017ei\u0173 su \u0161irdel\u0117mis internetin\u0117je parduotuv\u0117je 10 motyv\u0173 \u2764\ufe0f 10 motyv\u0173\",\"breadcrumb\":{\"@id\":\"https:\\\/\\\/10motifs.com\\\/lt\\\/produktas\\\/10motifs-kelnes-clair\\\/#breadcrumb\"},\"inLanguage\":\"lt-LT\",\"potentialAction\":[{\"@type\":\"ReadAction\",\"target\":[\"https:\\\/\\\/10motifs.com\\\/lt\\\/produktas\\\/10motifs-kelnes-clair\\\/\"]}]},{\"@type\":\"ImageObject\",\"inLanguage\":\"lt-LT\",\"@id\":\"https:\\\/\\\/10motifs.com\\\/lt\\\/produktas\\\/10motifs-kelnes-clair\\\/#primaryimage\",\"url\":\"https:\\\/\\\/10motifs.com\\\/wp-content\\\/uploads\\\/2024\\\/04\\\/photo_2024-04-09-01.17.jpg\",\"contentUrl\":\"https:\\\/\\\/10motifs.com\\\/wp-content\\\/uploads\\\/2024\\\/04\\\/photo_2024-04-09-01.17.jpg\",\"width\":700,\"height\":800},{\"@type\":\"BreadcrumbList\",\"@id\":\"https:\\\/\\\/10motifs.com\\\/lt\\\/produktas\\\/10motifs-kelnes-clair\\\/#breadcrumb\",\"itemListElement\":[{\"@type\":\"ListItem\",\"position\":1,\"name\":\"Pagrindinis puslapis\",\"item\":\"https:\\\/\\\/10motifs.com\\\/lt\\\/\"},{\"@type\":\"ListItem\",\"position\":2,\"name\":\"Parduotuv\u0117\",\"item\":\"https:\\\/\\\/10motifs.com\\\/lt\\\/parduotuve\\\/\"},{\"@type\":\"ListItem\",\"position\":3,\"name\":\"[ 10motifs Keln\u0117s CLAIR ]\"}]},{\"@type\":\"WebSite\",\"@id\":\"https:\\\/\\\/10motifs.com\\\/lt\\\/#website\",\"url\":\"https:\\\/\\\/10motifs.com\\\/lt\\\/\",\"name\":\"10motifs\",\"description\":\"Internetin\u0117 dizaineri\u0173 drabu\u017ei\u0173 parduotuv\u0117\",\"publisher\":{\"@id\":\"https:\\\/\\\/10motifs.com\\\/lt\\\/#organization\"},\"alternateName\":\"10motifs\",\"potentialAction\":[{\"@type\":\"SearchAction\",\"target\":{\"@type\":\"EntryPoint\",\"urlTemplate\":\"https:\\\/\\\/10motifs.com\\\/lt\\\/?s={search_term_string}\"},\"query-input\":{\"@type\":\"PropertyValueSpecification\",\"valueRequired\":true,\"valueName\":\"search_term_string\"}}],\"inLanguage\":\"lt-LT\"},{\"@type\":\"Organization\",\"@id\":\"https:\\\/\\\/10motifs.com\\\/lt\\\/#organization\",\"name\":\"10motifs\",\"alternateName\":\"10motifs\",\"url\":\"https:\\\/\\\/10motifs.com\\\/lt\\\/\",\"logo\":{\"@type\":\"ImageObject\",\"inLanguage\":\"lt-LT\",\"@id\":\"https:\\\/\\\/10motifs.com\\\/lt\\\/#\\\/schema\\\/logo\\\/image\\\/\",\"url\":\"https:\\\/\\\/10motifs.com\\\/wp-content\\\/uploads\\\/2024\\\/04\\\/cropped-img_6859.jpg\",\"contentUrl\":\"https:\\\/\\\/10motifs.com\\\/wp-content\\\/uploads\\\/2024\\\/04\\\/cropped-img_6859.jpg\",\"width\":512,\"height\":512,\"caption\":\"10motifs\"},\"image\":{\"@id\":\"https:\\\/\\\/10motifs.com\\\/lt\\\/#\\\/schema\\\/logo\\\/image\\\/\"},\"sameAs\":[\"https:\\\/\\\/www.instagram.com\\\/10motifs\\\/\"]}]}<\/script>\n<!-- \/ Yoast SEO plugin. -->","yoast_head_json":{"title":"[ 10motifs Keln\u0117s CLAIR ] pirkti internetu Lietuvoje \u2764\ufe0f 10motifs","description":"U\u017esisakykite [ 10motifs Keln\u0117s CLAIR ] su pristatymu Europoje ir JAV. \u2764\ufe0f Kainos Baltarusijos prek\u0117s \u017eenklo drabu\u017ei\u0173 su \u0161irdel\u0117mis internetin\u0117je parduotuv\u0117je 10 motyv\u0173 \u2764\ufe0f 10 motyv\u0173","robots":{"index":"index","follow":"follow","max-snippet":"max-snippet:-1","max-image-preview":"max-image-preview:large","max-video-preview":"max-video-preview:-1"},"canonical":"https:\/\/10motifs.com\/lt\/produktas\/10motifs-kelnes-clair\/","og_locale":"lt_LT","og_type":"article","og_title":"[ 10motifs Keln\u0117s CLAIR ] pirkti internetu Lietuvoje \u2764\ufe0f 10motifs","og_description":"U\u017esisakykite [ 10motifs Keln\u0117s CLAIR ] su pristatymu Europoje ir JAV. \u2764\ufe0f Kainos Baltarusijos prek\u0117s \u017eenklo drabu\u017ei\u0173 su \u0161irdel\u0117mis internetin\u0117je parduotuv\u0117je 10 motyv\u0173 \u2764\ufe0f 10 motyv\u0173","og_url":"https:\/\/10motifs.com\/lt\/produktas\/10motifs-kelnes-clair\/","og_site_name":"10motifs","article_modified_time":"2024-12-16T12:07:28+00:00","og_image":[{"width":700,"height":800,"url":"https:\/\/10motifs.com\/wp-content\/uploads\/2024\/04\/photo_2024-04-09-01.17.jpg","type":"image\/jpeg"}],"twitter_card":"summary_large_image","twitter_misc":{"Est. reading time":"1 minut\u0117"},"schema":{"@context":"https:\/\/schema.org","@graph":[{"@type":"WebPage","@id":"https:\/\/10motifs.com\/lt\/produktas\/10motifs-kelnes-clair\/","url":"https:\/\/10motifs.com\/lt\/produktas\/10motifs-kelnes-clair\/","name":"[ 10motifs Keln\u0117s CLAIR ] pirkti internetu Lietuvoje \u2764\ufe0f 10motifs","isPartOf":{"@id":"https:\/\/10motifs.com\/lt\/#website"},"primaryImageOfPage":{"@id":"https:\/\/10motifs.com\/lt\/produktas\/10motifs-kelnes-clair\/#primaryimage"},"image":{"@id":"https:\/\/10motifs.com\/lt\/produktas\/10motifs-kelnes-clair\/#primaryimage"},"thumbnailUrl":"https:\/\/10motifs.com\/wp-content\/uploads\/2024\/04\/photo_2024-04-09-01.17.jpg","datePublished":"2024-04-20T22:51:11+00:00","dateModified":"2024-12-16T12:07:28+00:00","description":"U\u017esisakykite [ 10motifs Keln\u0117s CLAIR ] su pristatymu Europoje ir JAV. \u2764\ufe0f Kainos Baltarusijos prek\u0117s \u017eenklo drabu\u017ei\u0173 su \u0161irdel\u0117mis internetin\u0117je parduotuv\u0117je 10 motyv\u0173 \u2764\ufe0f 10 motyv\u0173","breadcrumb":{"@id":"https:\/\/10motifs.com\/lt\/produktas\/10motifs-kelnes-clair\/#breadcrumb"},"inLanguage":"lt-LT","potentialAction":[{"@type":"ReadAction","target":["https:\/\/10motifs.com\/lt\/produktas\/10motifs-kelnes-clair\/"]}]},{"@type":"ImageObject","inLanguage":"lt-LT","@id":"https:\/\/10motifs.com\/lt\/produktas\/10motifs-kelnes-clair\/#primaryimage","url":"https:\/\/10motifs.com\/wp-content\/uploads\/2024\/04\/photo_2024-04-09-01.17.jpg","contentUrl":"https:\/\/10motifs.com\/wp-content\/uploads\/2024\/04\/photo_2024-04-09-01.17.jpg","width":700,"height":800},{"@type":"BreadcrumbList","@id":"https:\/\/10motifs.com\/lt\/produktas\/10motifs-kelnes-clair\/#breadcrumb","itemListElement":[{"@type":"ListItem","position":1,"name":"Pagrindinis puslapis","item":"https:\/\/10motifs.com\/lt\/"},{"@type":"ListItem","position":2,"name":"Parduotuv\u0117","item":"https:\/\/10motifs.com\/lt\/parduotuve\/"},{"@type":"ListItem","position":3,"name":"[ 10motifs Keln\u0117s CLAIR ]"}]},{"@type":"WebSite","@id":"https:\/\/10motifs.com\/lt\/#website","url":"https:\/\/10motifs.com\/lt\/","name":"10motifs","description":"Internetin\u0117 dizaineri\u0173 drabu\u017ei\u0173 parduotuv\u0117","publisher":{"@id":"https:\/\/10motifs.com\/lt\/#organization"},"alternateName":"10motifs","potentialAction":[{"@type":"SearchAction","target":{"@type":"EntryPoint","urlTemplate":"https:\/\/10motifs.com\/lt\/?s={search_term_string}"},"query-input":{"@type":"PropertyValueSpecification","valueRequired":true,"valueName":"search_term_string"}}],"inLanguage":"lt-LT"},{"@type":"Organization","@id":"https:\/\/10motifs.com\/lt\/#organization","name":"10motifs","alternateName":"10motifs","url":"https:\/\/10motifs.com\/lt\/","logo":{"@type":"ImageObject","inLanguage":"lt-LT","@id":"https:\/\/10motifs.com\/lt\/#\/schema\/logo\/image\/","url":"https:\/\/10motifs.com\/wp-content\/uploads\/2024\/04\/cropped-img_6859.jpg","contentUrl":"https:\/\/10motifs.com\/wp-content\/uploads\/2024\/04\/cropped-img_6859.jpg","width":512,"height":512,"caption":"10motifs"},"image":{"@id":"https:\/\/10motifs.com\/lt\/#\/schema\/logo\/image\/"},"sameAs":["https:\/\/www.instagram.com\/10motifs\/"]}]}},"_links":{"self":[{"href":"https:\/\/10motifs.com\/lt\/wp-json\/wp\/v2\/product\/26823","targetHints":{"allow":["GET"]}}],"collection":[{"href":"https:\/\/10motifs.com\/lt\/wp-json\/wp\/v2\/product"}],"about":[{"href":"https:\/\/10motifs.com\/lt\/wp-json\/wp\/v2\/types\/product"}],"version-history":[{"count":3,"href":"https:\/\/10motifs.com\/lt\/wp-json\/wp\/v2\/product\/26823\/revisions"}],"predecessor-version":[{"id":28820,"href":"https:\/\/10motifs.com\/lt\/wp-json\/wp\/v2\/product\/26823\/revisions\/28820"}],"wp:featuredmedia":[{"embeddable":true,"href":"https:\/\/10motifs.com\/lt\/wp-json\/wp\/v2\/media\/26836"}],"wp:attachment":[{"href":"https:\/\/10motifs.com\/lt\/wp-json\/wp\/v2\/media?parent=26823"}],"wp:term":[{"taxonomy":"product_brand","embeddable":true,"href":"https:\/\/10motifs.com\/lt\/wp-json\/wp\/v2\/product_brand?post=26823"},{"taxonomy":"product_cat","embeddable":true,"href":"https:\/\/10motifs.com\/lt\/wp-json\/wp\/v2\/product_cat?post=26823"},{"taxonomy":"product_tag","embeddable":true,"href":"https:\/\/10motifs.com\/lt\/wp-json\/wp\/v2\/product_tag?post=26823"}],"curies":[{"name":"wp","href":"https:\/\/api.w.org\/{rel}","templated":true}]}}