{"id":26597,"date":"2024-04-22T12:24:03","date_gmt":"2024-04-22T09:24:03","guid":{"rendered":"http:\/\/10motifs.com\/product\/vyriski-marskineliai-coeur\/"},"modified":"2026-02-27T16:05:06","modified_gmt":"2026-02-27T14:05:06","slug":"vyriski-marskineliai-kahayu","status":"publish","type":"product","link":"https:\/\/10motifs.com\/lt\/produktas\/vyriski-marskineliai-kahayu\/","title":{"rendered":"[&nbsp;Vyri\u0161ki mar\u0161kin\u0117liai \u201eKahayu\u201c&nbsp;]"},"content":{"rendered":"<p class=\"p1\" style=\"text-align: center;\">Ilgesn\u0117 mar\u0161kin\u0117li\u0173 forma, puikiai tinka atsipalaidavusiems<br \/>\narba sportiniams \u012fvaizd\u017eiams. \u0160iuos mar\u0161kin\u0117lius galima d\u0117v\u0117ti<br \/>\ntiek su d\u017einsais, tiek su keln\u0117mis ar trikota\u017einiais \u0161ortais.<br \/>\nPagaminti i\u0161 storos, mink\u0161tos medviln\u0117s su ne\u012fprasta matinio<br \/>\npavir\u0161iaus tekst\u016bra. Nat\u016brali med\u017eiaga puikiai praleid\u017eia<br \/>\nor\u0105 ir palaiko optimali\u0105 k\u016bno temperat\u016br\u0105.<\/p>\n","protected":false},"excerpt":{"rendered":"<p>Pagal j\u016bs\u0173 daugyb\u0119 pra\u0161ym\u0173 suk\u016br\u0117me vyri\u0161kas mar\u0161kin\u0117lius. Tai daiktas, kur\u012f verta \u012fra\u0161yti \u012f savo nor\u0173 s\u0105ra\u0161\u0105. Be tokio modelio mar\u0161kin\u0117li\u0173 ne\u012fsivaizduojame pagrindinio garderobo. Pavyko rasti t\u0105 idealiai stor\u0105 ir mink\u0161t\u0105 medviln\u0119.<br \/>\nTai atitinka m\u016bs\u0173 2 motyv\u0105 [Tradicij\u0173 ir rank\u0173 darbo i\u0161saugojimas automatizacijos am\u017eiuje], kuris atsispindi m\u016bs\u0173 rank\u0173 darbo dekore. Jums nereik\u0117s r\u016bpintis supakavimu, nes visada supakuojame savo gaminius \u012f gra\u017ei\u0105 pakuot\u0119 su vardine atvirute.<\/p>\n<p>Dekoras: rank\u0173 darbo<\/p>\n<p class=\"p1\">Avec l&#8217;amour, 10motifs [\ud83e\udd0d]<\/p>\n","protected":false},"featured_media":30870,"template":"","meta":[],"product_brand":[],"product_cat":[838,904],"product_tag":[],"class_list":{"0":"post-26597","1":"product","2":"type-product","3":"status-publish","4":"has-post-thumbnail","6":"product_cat-dovanos","7":"product_cat-vyriski-marskineliai","8":"product_shipping_class-malenkaya-korobka-lt","10":"first","11":"instock","12":"shipping-taxable","13":"purchasable","14":"product-type-variable"},"yoast_head":"<!-- This site is optimized with the Yoast SEO plugin v27.3 - https:\/\/yoast.com\/product\/yoast-seo-wordpress\/ -->\n<title>[ Vyri\u0161ki mar\u0161kin\u0117liai \u201eKahayu\u201c ] pirkti internetu Lietuvoje \u2764\ufe0f 10motifs<\/title>\n<meta name=\"description\" content=\"U\u017esisakykite [ Vyri\u0161ki mar\u0161kin\u0117liai \u201eKahayu\u201c ] su pristatymu Europoje ir JAV. \u2764\ufe0f Kainos Baltarusijos prek\u0117s \u017eenklo drabu\u017ei\u0173 su \u0161irdel\u0117mis internetin\u0117je parduotuv\u0117je 10 motyv\u0173 \u2764\ufe0f 10 motyv\u0173\" \/>\n<meta name=\"robots\" content=\"index, follow, max-snippet:-1, max-image-preview:large, max-video-preview:-1\" \/>\n<link rel=\"canonical\" href=\"https:\/\/10motifs.com\/lt\/produktas\/vyriski-marskineliai-kahayu\/\" \/>\n<meta property=\"og:locale\" content=\"lt_LT\" \/>\n<meta property=\"og:type\" content=\"article\" \/>\n<meta property=\"og:title\" content=\"[ Vyri\u0161ki mar\u0161kin\u0117liai \u201eKahayu\u201c ] pirkti internetu Lietuvoje \u2764\ufe0f 10motifs\" \/>\n<meta property=\"og:description\" content=\"U\u017esisakykite [ Vyri\u0161ki mar\u0161kin\u0117liai \u201eKahayu\u201c ] su pristatymu Europoje ir JAV. \u2764\ufe0f Kainos Baltarusijos prek\u0117s \u017eenklo drabu\u017ei\u0173 su \u0161irdel\u0117mis internetin\u0117je parduotuv\u0117je 10 motyv\u0173 \u2764\ufe0f 10 motyv\u0173\" \/>\n<meta property=\"og:url\" content=\"https:\/\/10motifs.com\/lt\/produktas\/vyriski-marskineliai-kahayu\/\" \/>\n<meta property=\"og:site_name\" content=\"10motifs\" \/>\n<meta property=\"article:modified_time\" content=\"2026-02-27T14:05:06+00:00\" \/>\n<meta property=\"og:image\" content=\"https:\/\/10motifs.com\/wp-content\/uploads\/2024\/04\/futbolka-muzhskaya-kahayu3.jpg\" \/>\n\t<meta property=\"og:image:width\" content=\"700\" \/>\n\t<meta property=\"og:image:height\" content=\"800\" \/>\n\t<meta property=\"og:image:type\" content=\"image\/jpeg\" \/>\n<meta name=\"twitter:card\" content=\"summary_large_image\" \/>\n<meta name=\"twitter:label1\" content=\"Est. reading time\" \/>\n\t<meta name=\"twitter:data1\" content=\"1 minut\u0117\" \/>\n<script type=\"application\/ld+json\" class=\"yoast-schema-graph\">{\"@context\":\"https:\\\/\\\/schema.org\",\"@graph\":[{\"@type\":\"WebPage\",\"@id\":\"https:\\\/\\\/10motifs.com\\\/lt\\\/produktas\\\/vyriski-marskineliai-kahayu\\\/\",\"url\":\"https:\\\/\\\/10motifs.com\\\/lt\\\/produktas\\\/vyriski-marskineliai-kahayu\\\/\",\"name\":\"[ Vyri\u0161ki mar\u0161kin\u0117liai \u201eKahayu\u201c ] pirkti internetu Lietuvoje \u2764\ufe0f 10motifs\",\"isPartOf\":{\"@id\":\"https:\\\/\\\/10motifs.com\\\/lt\\\/#website\"},\"primaryImageOfPage\":{\"@id\":\"https:\\\/\\\/10motifs.com\\\/lt\\\/produktas\\\/vyriski-marskineliai-kahayu\\\/#primaryimage\"},\"image\":{\"@id\":\"https:\\\/\\\/10motifs.com\\\/lt\\\/produktas\\\/vyriski-marskineliai-kahayu\\\/#primaryimage\"},\"thumbnailUrl\":\"https:\\\/\\\/10motifs.com\\\/wp-content\\\/uploads\\\/2024\\\/04\\\/futbolka-muzhskaya-kahayu-1.jpg\",\"datePublished\":\"2024-04-22T09:24:03+00:00\",\"dateModified\":\"2026-02-27T14:05:06+00:00\",\"description\":\"U\u017esisakykite [ Vyri\u0161ki mar\u0161kin\u0117liai \u201eKahayu\u201c ] su pristatymu Europoje ir JAV. \u2764\ufe0f Kainos Baltarusijos prek\u0117s \u017eenklo drabu\u017ei\u0173 su \u0161irdel\u0117mis internetin\u0117je parduotuv\u0117je 10 motyv\u0173 \u2764\ufe0f 10 motyv\u0173\",\"breadcrumb\":{\"@id\":\"https:\\\/\\\/10motifs.com\\\/lt\\\/produktas\\\/vyriski-marskineliai-kahayu\\\/#breadcrumb\"},\"inLanguage\":\"lt-LT\",\"potentialAction\":[{\"@type\":\"ReadAction\",\"target\":[\"https:\\\/\\\/10motifs.com\\\/lt\\\/produktas\\\/vyriski-marskineliai-kahayu\\\/\"]}]},{\"@type\":\"ImageObject\",\"inLanguage\":\"lt-LT\",\"@id\":\"https:\\\/\\\/10motifs.com\\\/lt\\\/produktas\\\/vyriski-marskineliai-kahayu\\\/#primaryimage\",\"url\":\"https:\\\/\\\/10motifs.com\\\/wp-content\\\/uploads\\\/2024\\\/04\\\/futbolka-muzhskaya-kahayu-1.jpg\",\"contentUrl\":\"https:\\\/\\\/10motifs.com\\\/wp-content\\\/uploads\\\/2024\\\/04\\\/futbolka-muzhskaya-kahayu-1.jpg\",\"width\":700,\"height\":800,\"caption\":\"\u0424\u0443\u0442\u0431\u043e\u043b\u043a\u0430 \u043c\u0443\u0436\u0441\u043a\u0430\u044f \u041a\u0430\u0445\u0430\u044e\"},{\"@type\":\"BreadcrumbList\",\"@id\":\"https:\\\/\\\/10motifs.com\\\/lt\\\/produktas\\\/vyriski-marskineliai-kahayu\\\/#breadcrumb\",\"itemListElement\":[{\"@type\":\"ListItem\",\"position\":1,\"name\":\"Pagrindinis puslapis\",\"item\":\"https:\\\/\\\/10motifs.com\\\/lt\\\/\"},{\"@type\":\"ListItem\",\"position\":2,\"name\":\"Parduotuv\u0117\",\"item\":\"https:\\\/\\\/10motifs.com\\\/lt\\\/parduotuve\\\/\"},{\"@type\":\"ListItem\",\"position\":3,\"name\":\"[ Vyri\u0161ki mar\u0161kin\u0117liai \u201eKahayu\u201c ]\"}]},{\"@type\":\"WebSite\",\"@id\":\"https:\\\/\\\/10motifs.com\\\/lt\\\/#website\",\"url\":\"https:\\\/\\\/10motifs.com\\\/lt\\\/\",\"name\":\"10motifs\",\"description\":\"Internetin\u0117 dizaineri\u0173 drabu\u017ei\u0173 parduotuv\u0117\",\"publisher\":{\"@id\":\"https:\\\/\\\/10motifs.com\\\/lt\\\/#organization\"},\"alternateName\":\"10motifs\",\"potentialAction\":[{\"@type\":\"SearchAction\",\"target\":{\"@type\":\"EntryPoint\",\"urlTemplate\":\"https:\\\/\\\/10motifs.com\\\/lt\\\/?s={search_term_string}\"},\"query-input\":{\"@type\":\"PropertyValueSpecification\",\"valueRequired\":true,\"valueName\":\"search_term_string\"}}],\"inLanguage\":\"lt-LT\"},{\"@type\":\"Organization\",\"@id\":\"https:\\\/\\\/10motifs.com\\\/lt\\\/#organization\",\"name\":\"10motifs\",\"alternateName\":\"10motifs\",\"url\":\"https:\\\/\\\/10motifs.com\\\/lt\\\/\",\"logo\":{\"@type\":\"ImageObject\",\"inLanguage\":\"lt-LT\",\"@id\":\"https:\\\/\\\/10motifs.com\\\/lt\\\/#\\\/schema\\\/logo\\\/image\\\/\",\"url\":\"https:\\\/\\\/10motifs.com\\\/wp-content\\\/uploads\\\/2024\\\/04\\\/cropped-img_6859.jpg\",\"contentUrl\":\"https:\\\/\\\/10motifs.com\\\/wp-content\\\/uploads\\\/2024\\\/04\\\/cropped-img_6859.jpg\",\"width\":512,\"height\":512,\"caption\":\"10motifs\"},\"image\":{\"@id\":\"https:\\\/\\\/10motifs.com\\\/lt\\\/#\\\/schema\\\/logo\\\/image\\\/\"},\"sameAs\":[\"https:\\\/\\\/www.instagram.com\\\/10motifs\\\/\"]}]}<\/script>\n<!-- \/ Yoast SEO plugin. -->","yoast_head_json":{"title":"[ Vyri\u0161ki mar\u0161kin\u0117liai \u201eKahayu\u201c ] pirkti internetu Lietuvoje \u2764\ufe0f 10motifs","description":"U\u017esisakykite [ Vyri\u0161ki mar\u0161kin\u0117liai \u201eKahayu\u201c ] su pristatymu Europoje ir JAV. \u2764\ufe0f Kainos Baltarusijos prek\u0117s \u017eenklo drabu\u017ei\u0173 su \u0161irdel\u0117mis internetin\u0117je parduotuv\u0117je 10 motyv\u0173 \u2764\ufe0f 10 motyv\u0173","robots":{"index":"index","follow":"follow","max-snippet":"max-snippet:-1","max-image-preview":"max-image-preview:large","max-video-preview":"max-video-preview:-1"},"canonical":"https:\/\/10motifs.com\/lt\/produktas\/vyriski-marskineliai-kahayu\/","og_locale":"lt_LT","og_type":"article","og_title":"[ Vyri\u0161ki mar\u0161kin\u0117liai \u201eKahayu\u201c ] pirkti internetu Lietuvoje \u2764\ufe0f 10motifs","og_description":"U\u017esisakykite [ Vyri\u0161ki mar\u0161kin\u0117liai \u201eKahayu\u201c ] su pristatymu Europoje ir JAV. \u2764\ufe0f Kainos Baltarusijos prek\u0117s \u017eenklo drabu\u017ei\u0173 su \u0161irdel\u0117mis internetin\u0117je parduotuv\u0117je 10 motyv\u0173 \u2764\ufe0f 10 motyv\u0173","og_url":"https:\/\/10motifs.com\/lt\/produktas\/vyriski-marskineliai-kahayu\/","og_site_name":"10motifs","article_modified_time":"2026-02-27T14:05:06+00:00","og_image":[{"width":700,"height":800,"url":"https:\/\/10motifs.com\/wp-content\/uploads\/2024\/04\/futbolka-muzhskaya-kahayu3.jpg","type":"image\/jpeg"}],"twitter_card":"summary_large_image","twitter_misc":{"Est. reading time":"1 minut\u0117"},"schema":{"@context":"https:\/\/schema.org","@graph":[{"@type":"WebPage","@id":"https:\/\/10motifs.com\/lt\/produktas\/vyriski-marskineliai-kahayu\/","url":"https:\/\/10motifs.com\/lt\/produktas\/vyriski-marskineliai-kahayu\/","name":"[ Vyri\u0161ki mar\u0161kin\u0117liai \u201eKahayu\u201c ] pirkti internetu Lietuvoje \u2764\ufe0f 10motifs","isPartOf":{"@id":"https:\/\/10motifs.com\/lt\/#website"},"primaryImageOfPage":{"@id":"https:\/\/10motifs.com\/lt\/produktas\/vyriski-marskineliai-kahayu\/#primaryimage"},"image":{"@id":"https:\/\/10motifs.com\/lt\/produktas\/vyriski-marskineliai-kahayu\/#primaryimage"},"thumbnailUrl":"https:\/\/10motifs.com\/wp-content\/uploads\/2024\/04\/futbolka-muzhskaya-kahayu-1.jpg","datePublished":"2024-04-22T09:24:03+00:00","dateModified":"2026-02-27T14:05:06+00:00","description":"U\u017esisakykite [ Vyri\u0161ki mar\u0161kin\u0117liai \u201eKahayu\u201c ] su pristatymu Europoje ir JAV. \u2764\ufe0f Kainos Baltarusijos prek\u0117s \u017eenklo drabu\u017ei\u0173 su \u0161irdel\u0117mis internetin\u0117je parduotuv\u0117je 10 motyv\u0173 \u2764\ufe0f 10 motyv\u0173","breadcrumb":{"@id":"https:\/\/10motifs.com\/lt\/produktas\/vyriski-marskineliai-kahayu\/#breadcrumb"},"inLanguage":"lt-LT","potentialAction":[{"@type":"ReadAction","target":["https:\/\/10motifs.com\/lt\/produktas\/vyriski-marskineliai-kahayu\/"]}]},{"@type":"ImageObject","inLanguage":"lt-LT","@id":"https:\/\/10motifs.com\/lt\/produktas\/vyriski-marskineliai-kahayu\/#primaryimage","url":"https:\/\/10motifs.com\/wp-content\/uploads\/2024\/04\/futbolka-muzhskaya-kahayu-1.jpg","contentUrl":"https:\/\/10motifs.com\/wp-content\/uploads\/2024\/04\/futbolka-muzhskaya-kahayu-1.jpg","width":700,"height":800,"caption":"\u0424\u0443\u0442\u0431\u043e\u043b\u043a\u0430 \u043c\u0443\u0436\u0441\u043a\u0430\u044f \u041a\u0430\u0445\u0430\u044e"},{"@type":"BreadcrumbList","@id":"https:\/\/10motifs.com\/lt\/produktas\/vyriski-marskineliai-kahayu\/#breadcrumb","itemListElement":[{"@type":"ListItem","position":1,"name":"Pagrindinis puslapis","item":"https:\/\/10motifs.com\/lt\/"},{"@type":"ListItem","position":2,"name":"Parduotuv\u0117","item":"https:\/\/10motifs.com\/lt\/parduotuve\/"},{"@type":"ListItem","position":3,"name":"[ Vyri\u0161ki mar\u0161kin\u0117liai \u201eKahayu\u201c ]"}]},{"@type":"WebSite","@id":"https:\/\/10motifs.com\/lt\/#website","url":"https:\/\/10motifs.com\/lt\/","name":"10motifs","description":"Internetin\u0117 dizaineri\u0173 drabu\u017ei\u0173 parduotuv\u0117","publisher":{"@id":"https:\/\/10motifs.com\/lt\/#organization"},"alternateName":"10motifs","potentialAction":[{"@type":"SearchAction","target":{"@type":"EntryPoint","urlTemplate":"https:\/\/10motifs.com\/lt\/?s={search_term_string}"},"query-input":{"@type":"PropertyValueSpecification","valueRequired":true,"valueName":"search_term_string"}}],"inLanguage":"lt-LT"},{"@type":"Organization","@id":"https:\/\/10motifs.com\/lt\/#organization","name":"10motifs","alternateName":"10motifs","url":"https:\/\/10motifs.com\/lt\/","logo":{"@type":"ImageObject","inLanguage":"lt-LT","@id":"https:\/\/10motifs.com\/lt\/#\/schema\/logo\/image\/","url":"https:\/\/10motifs.com\/wp-content\/uploads\/2024\/04\/cropped-img_6859.jpg","contentUrl":"https:\/\/10motifs.com\/wp-content\/uploads\/2024\/04\/cropped-img_6859.jpg","width":512,"height":512,"caption":"10motifs"},"image":{"@id":"https:\/\/10motifs.com\/lt\/#\/schema\/logo\/image\/"},"sameAs":["https:\/\/www.instagram.com\/10motifs\/"]}]}},"_links":{"self":[{"href":"https:\/\/10motifs.com\/lt\/wp-json\/wp\/v2\/product\/26597","targetHints":{"allow":["GET"]}}],"collection":[{"href":"https:\/\/10motifs.com\/lt\/wp-json\/wp\/v2\/product"}],"about":[{"href":"https:\/\/10motifs.com\/lt\/wp-json\/wp\/v2\/types\/product"}],"version-history":[{"count":5,"href":"https:\/\/10motifs.com\/lt\/wp-json\/wp\/v2\/product\/26597\/revisions"}],"predecessor-version":[{"id":30866,"href":"https:\/\/10motifs.com\/lt\/wp-json\/wp\/v2\/product\/26597\/revisions\/30866"}],"wp:featuredmedia":[{"embeddable":true,"href":"https:\/\/10motifs.com\/lt\/wp-json\/wp\/v2\/media\/30870"}],"wp:attachment":[{"href":"https:\/\/10motifs.com\/lt\/wp-json\/wp\/v2\/media?parent=26597"}],"wp:term":[{"taxonomy":"product_brand","embeddable":true,"href":"https:\/\/10motifs.com\/lt\/wp-json\/wp\/v2\/product_brand?post=26597"},{"taxonomy":"product_cat","embeddable":true,"href":"https:\/\/10motifs.com\/lt\/wp-json\/wp\/v2\/product_cat?post=26597"},{"taxonomy":"product_tag","embeddable":true,"href":"https:\/\/10motifs.com\/lt\/wp-json\/wp\/v2\/product_tag?post=26597"}],"curies":[{"name":"wp","href":"https:\/\/api.w.org\/{rel}","templated":true}]}}