{"id":26573,"date":"2024-04-22T04:03:09","date_gmt":"2024-04-22T01:03:09","guid":{"rendered":"http:\/\/10motifs.com\/product\/megztinis-fleur\/"},"modified":"2024-12-17T01:40:22","modified_gmt":"2024-12-16T23:40:22","slug":"10motifs-megztinis-fleur","status":"publish","type":"product","link":"https:\/\/10motifs.com\/lt\/produktas\/10motifs-megztinis-fleur\/","title":{"rendered":"[&nbsp;10motifs Megztinis FLEUR&nbsp;]"},"content":{"rendered":"<p style=\"text-align: center;\">Viskas prasid\u0117jo nuo pirm\u0173j\u0173 gamini\u0173 k\u016brimo, ir proceso metu,<br \/>\npjaunant audinius, likdavo \u012fvairi\u0173 ma\u017e\u0173 gabal\u0117li\u0173. Da\u017eniausiai<br \/>\njie b\u016bdavo pakankamai ma\u017ei, ir dauguma j\u0173 b\u016bdavo i\u0161metami,<br \/>\nta\u010diau mes nusprend\u0117me pabandyti su jais sukurti ka\u017ek\u0105 naujo.<br \/>\nA\u0161 renku visus likusius gabal\u0117lius ir i\u0161d\u0117stau juos ant gamini\u0173<br \/>\nkaip \u017eiedlapius, taip susikuria naujas ir labai unikalus ra\u0161tas.<br \/>\nMan tai ma\u017eas ir pirmas \u017eingsnis link gamybos be atliek\u0173,<br \/>\nir a\u0161 noriu toliau kurti id\u0117jas. Applikacijoms pasirinkau<br \/>\n100% \u0161ilk\u0105, apdorojau j\u012f termi\u0161kai, kad gaut\u0173si ne\u012fprasta forma,<br \/>\no v\u0117liau kiekvien\u0105 gabal\u0117l\u012f visi\u0161kai rankiniu b\u016bdu prisiuvau<br \/>\nprie gaminio. Po keli\u0173 valand\u0173 darbo gimsta ma\u017eas ir unikalus<br \/>\nsiuvimo meno k\u016brinys.<\/p>\n","protected":false},"excerpt":{"rendered":"<p class=\"p1\">M\u016bs\u0173 bestseleris \u2013 talpus, jaukus ir \u0161iltas megztinis i\u0161 plonos si\u016bl\u0173 gijos, sud\u0117tos \u012f keturias kryptis. Toks trikota\u017eas tampa tankus, sunkus ir nepaprastai malonus liesti. Megztiniui trinantis su \u0161iurk\u0161\u010diomais pavir\u0161iais, gali susivynioti p\u016bkeliai \u2013 jiems pa\u0161alinti naudokite speciali\u0105 ma\u0161in\u0117l\u0119. Limituota kolekcija, atitinkanti m\u016bs\u0173 3 motyv\u0105 [ekologijos r\u016bpinimasis ir atsakingas po\u017ei\u016bris \u012f jos i\u0161teklius], i\u0161rei\u0161kiamas naudojant audini\u0173 liku\u010dius, kad sukurtume unikalius applikacijas.<\/p>\n<p class=\"p1\">Dydis: oversize (xs, s, m)<br \/>\nRank\u0173 darbo applikacija pagaminta i\u0161 \u0161ilko ir viskoz\u0117s.<\/p>\n<p>Avec l\u2019amour, 10motifs [\ud83e\udd0d]<\/p>\n","protected":false},"featured_media":26578,"template":"","meta":[],"product_brand":[],"product_cat":[838,861],"product_tag":[],"class_list":{"0":"post-26573","1":"product","2":"type-product","3":"status-publish","4":"has-post-thumbnail","6":"product_cat-dovanos","7":"product_cat-megztiniai-moterys","8":"product_shipping_class-didele-deze","10":"first","11":"instock","12":"shipping-taxable","13":"purchasable","14":"product-type-variable"},"yoast_head":"<!-- This site is optimized with the Yoast SEO plugin v27.4 - https:\/\/yoast.com\/product\/yoast-seo-wordpress\/ -->\n<title>[ 10motifs Megztinis FLEUR ] pirkti internetu Lietuvoje \u2764\ufe0f 10motifs<\/title>\n<meta name=\"description\" content=\"U\u017esisakykite [ 10motifs Megztinis FLEUR ] su pristatymu Europoje ir JAV. \u2764\ufe0f Kainos Baltarusijos prek\u0117s \u017eenklo drabu\u017ei\u0173 su \u0161irdel\u0117mis internetin\u0117je parduotuv\u0117je 10 motyv\u0173 \u2764\ufe0f 10 motyv\u0173\" \/>\n<meta name=\"robots\" content=\"index, follow, max-snippet:-1, max-image-preview:large, max-video-preview:-1\" \/>\n<link rel=\"canonical\" href=\"https:\/\/10motifs.com\/lt\/produktas\/10motifs-megztinis-fleur\/\" \/>\n<meta property=\"og:locale\" content=\"lt_LT\" \/>\n<meta property=\"og:type\" content=\"article\" \/>\n<meta property=\"og:title\" content=\"[ 10motifs Megztinis FLEUR ] pirkti internetu Lietuvoje \u2764\ufe0f 10motifs\" \/>\n<meta property=\"og:description\" content=\"U\u017esisakykite [ 10motifs Megztinis FLEUR ] su pristatymu Europoje ir JAV. \u2764\ufe0f Kainos Baltarusijos prek\u0117s \u017eenklo drabu\u017ei\u0173 su \u0161irdel\u0117mis internetin\u0117je parduotuv\u0117je 10 motyv\u0173 \u2764\ufe0f 10 motyv\u0173\" \/>\n<meta property=\"og:url\" content=\"https:\/\/10motifs.com\/lt\/produktas\/10motifs-megztinis-fleur\/\" \/>\n<meta property=\"og:site_name\" content=\"10motifs\" \/>\n<meta property=\"article:modified_time\" content=\"2024-12-16T23:40:22+00:00\" \/>\n<meta property=\"og:image\" content=\"https:\/\/10motifs.com\/wp-content\/uploads\/2024\/04\/10-motifs13858-copy.jpg\" \/>\n\t<meta property=\"og:image:width\" content=\"700\" \/>\n\t<meta property=\"og:image:height\" content=\"800\" \/>\n\t<meta property=\"og:image:type\" content=\"image\/jpeg\" \/>\n<meta name=\"twitter:card\" content=\"summary_large_image\" \/>\n<meta name=\"twitter:label1\" content=\"Est. reading time\" \/>\n\t<meta name=\"twitter:data1\" content=\"1 minut\u0117\" \/>\n<script type=\"application\/ld+json\" class=\"yoast-schema-graph\">{\"@context\":\"https:\\\/\\\/schema.org\",\"@graph\":[{\"@type\":\"WebPage\",\"@id\":\"https:\\\/\\\/10motifs.com\\\/lt\\\/produktas\\\/10motifs-megztinis-fleur\\\/\",\"url\":\"https:\\\/\\\/10motifs.com\\\/lt\\\/produktas\\\/10motifs-megztinis-fleur\\\/\",\"name\":\"[ 10motifs Megztinis FLEUR ] pirkti internetu Lietuvoje \u2764\ufe0f 10motifs\",\"isPartOf\":{\"@id\":\"https:\\\/\\\/10motifs.com\\\/lt\\\/#website\"},\"primaryImageOfPage\":{\"@id\":\"https:\\\/\\\/10motifs.com\\\/lt\\\/produktas\\\/10motifs-megztinis-fleur\\\/#primaryimage\"},\"image\":{\"@id\":\"https:\\\/\\\/10motifs.com\\\/lt\\\/produktas\\\/10motifs-megztinis-fleur\\\/#primaryimage\"},\"thumbnailUrl\":\"https:\\\/\\\/10motifs.com\\\/wp-content\\\/uploads\\\/2024\\\/04\\\/10-motifs13858-copy.jpg\",\"datePublished\":\"2024-04-22T01:03:09+00:00\",\"dateModified\":\"2024-12-16T23:40:22+00:00\",\"description\":\"U\u017esisakykite [ 10motifs Megztinis FLEUR ] su pristatymu Europoje ir JAV. \u2764\ufe0f Kainos Baltarusijos prek\u0117s \u017eenklo drabu\u017ei\u0173 su \u0161irdel\u0117mis internetin\u0117je parduotuv\u0117je 10 motyv\u0173 \u2764\ufe0f 10 motyv\u0173\",\"breadcrumb\":{\"@id\":\"https:\\\/\\\/10motifs.com\\\/lt\\\/produktas\\\/10motifs-megztinis-fleur\\\/#breadcrumb\"},\"inLanguage\":\"lt-LT\",\"potentialAction\":[{\"@type\":\"ReadAction\",\"target\":[\"https:\\\/\\\/10motifs.com\\\/lt\\\/produktas\\\/10motifs-megztinis-fleur\\\/\"]}]},{\"@type\":\"ImageObject\",\"inLanguage\":\"lt-LT\",\"@id\":\"https:\\\/\\\/10motifs.com\\\/lt\\\/produktas\\\/10motifs-megztinis-fleur\\\/#primaryimage\",\"url\":\"https:\\\/\\\/10motifs.com\\\/wp-content\\\/uploads\\\/2024\\\/04\\\/10-motifs13858-copy.jpg\",\"contentUrl\":\"https:\\\/\\\/10motifs.com\\\/wp-content\\\/uploads\\\/2024\\\/04\\\/10-motifs13858-copy.jpg\",\"width\":700,\"height\":800},{\"@type\":\"BreadcrumbList\",\"@id\":\"https:\\\/\\\/10motifs.com\\\/lt\\\/produktas\\\/10motifs-megztinis-fleur\\\/#breadcrumb\",\"itemListElement\":[{\"@type\":\"ListItem\",\"position\":1,\"name\":\"Pagrindinis puslapis\",\"item\":\"https:\\\/\\\/10motifs.com\\\/lt\\\/\"},{\"@type\":\"ListItem\",\"position\":2,\"name\":\"Parduotuv\u0117\",\"item\":\"https:\\\/\\\/10motifs.com\\\/lt\\\/parduotuve\\\/\"},{\"@type\":\"ListItem\",\"position\":3,\"name\":\"[&nbsp;10motifs Megztinis FLEUR&nbsp;]\"}]},{\"@type\":\"WebSite\",\"@id\":\"https:\\\/\\\/10motifs.com\\\/lt\\\/#website\",\"url\":\"https:\\\/\\\/10motifs.com\\\/lt\\\/\",\"name\":\"10motifs\",\"description\":\"Internetin\u0117 dizaineri\u0173 drabu\u017ei\u0173 parduotuv\u0117\",\"publisher\":{\"@id\":\"https:\\\/\\\/10motifs.com\\\/lt\\\/#organization\"},\"alternateName\":\"10motifs\",\"potentialAction\":[{\"@type\":\"SearchAction\",\"target\":{\"@type\":\"EntryPoint\",\"urlTemplate\":\"https:\\\/\\\/10motifs.com\\\/lt\\\/?s={search_term_string}\"},\"query-input\":{\"@type\":\"PropertyValueSpecification\",\"valueRequired\":true,\"valueName\":\"search_term_string\"}}],\"inLanguage\":\"lt-LT\"},{\"@type\":\"Organization\",\"@id\":\"https:\\\/\\\/10motifs.com\\\/lt\\\/#organization\",\"name\":\"10motifs\",\"alternateName\":\"10motifs\",\"url\":\"https:\\\/\\\/10motifs.com\\\/lt\\\/\",\"logo\":{\"@type\":\"ImageObject\",\"inLanguage\":\"lt-LT\",\"@id\":\"https:\\\/\\\/10motifs.com\\\/lt\\\/#\\\/schema\\\/logo\\\/image\\\/\",\"url\":\"https:\\\/\\\/10motifs.com\\\/wp-content\\\/uploads\\\/2024\\\/04\\\/cropped-img_6859.jpg\",\"contentUrl\":\"https:\\\/\\\/10motifs.com\\\/wp-content\\\/uploads\\\/2024\\\/04\\\/cropped-img_6859.jpg\",\"width\":512,\"height\":512,\"caption\":\"10motifs\"},\"image\":{\"@id\":\"https:\\\/\\\/10motifs.com\\\/lt\\\/#\\\/schema\\\/logo\\\/image\\\/\"},\"sameAs\":[\"https:\\\/\\\/www.instagram.com\\\/10motifs\\\/\"]}]}<\/script>\n<!-- \/ Yoast SEO plugin. -->","yoast_head_json":{"title":"[ 10motifs Megztinis FLEUR ] pirkti internetu Lietuvoje \u2764\ufe0f 10motifs","description":"U\u017esisakykite [ 10motifs Megztinis FLEUR ] su pristatymu Europoje ir JAV. \u2764\ufe0f Kainos Baltarusijos prek\u0117s \u017eenklo drabu\u017ei\u0173 su \u0161irdel\u0117mis internetin\u0117je parduotuv\u0117je 10 motyv\u0173 \u2764\ufe0f 10 motyv\u0173","robots":{"index":"index","follow":"follow","max-snippet":"max-snippet:-1","max-image-preview":"max-image-preview:large","max-video-preview":"max-video-preview:-1"},"canonical":"https:\/\/10motifs.com\/lt\/produktas\/10motifs-megztinis-fleur\/","og_locale":"lt_LT","og_type":"article","og_title":"[ 10motifs Megztinis FLEUR ] pirkti internetu Lietuvoje \u2764\ufe0f 10motifs","og_description":"U\u017esisakykite [ 10motifs Megztinis FLEUR ] su pristatymu Europoje ir JAV. \u2764\ufe0f Kainos Baltarusijos prek\u0117s \u017eenklo drabu\u017ei\u0173 su \u0161irdel\u0117mis internetin\u0117je parduotuv\u0117je 10 motyv\u0173 \u2764\ufe0f 10 motyv\u0173","og_url":"https:\/\/10motifs.com\/lt\/produktas\/10motifs-megztinis-fleur\/","og_site_name":"10motifs","article_modified_time":"2024-12-16T23:40:22+00:00","og_image":[{"width":700,"height":800,"url":"https:\/\/10motifs.com\/wp-content\/uploads\/2024\/04\/10-motifs13858-copy.jpg","type":"image\/jpeg"}],"twitter_card":"summary_large_image","twitter_misc":{"Est. reading time":"1 minut\u0117"},"schema":{"@context":"https:\/\/schema.org","@graph":[{"@type":"WebPage","@id":"https:\/\/10motifs.com\/lt\/produktas\/10motifs-megztinis-fleur\/","url":"https:\/\/10motifs.com\/lt\/produktas\/10motifs-megztinis-fleur\/","name":"[ 10motifs Megztinis FLEUR ] pirkti internetu Lietuvoje \u2764\ufe0f 10motifs","isPartOf":{"@id":"https:\/\/10motifs.com\/lt\/#website"},"primaryImageOfPage":{"@id":"https:\/\/10motifs.com\/lt\/produktas\/10motifs-megztinis-fleur\/#primaryimage"},"image":{"@id":"https:\/\/10motifs.com\/lt\/produktas\/10motifs-megztinis-fleur\/#primaryimage"},"thumbnailUrl":"https:\/\/10motifs.com\/wp-content\/uploads\/2024\/04\/10-motifs13858-copy.jpg","datePublished":"2024-04-22T01:03:09+00:00","dateModified":"2024-12-16T23:40:22+00:00","description":"U\u017esisakykite [ 10motifs Megztinis FLEUR ] su pristatymu Europoje ir JAV. \u2764\ufe0f Kainos Baltarusijos prek\u0117s \u017eenklo drabu\u017ei\u0173 su \u0161irdel\u0117mis internetin\u0117je parduotuv\u0117je 10 motyv\u0173 \u2764\ufe0f 10 motyv\u0173","breadcrumb":{"@id":"https:\/\/10motifs.com\/lt\/produktas\/10motifs-megztinis-fleur\/#breadcrumb"},"inLanguage":"lt-LT","potentialAction":[{"@type":"ReadAction","target":["https:\/\/10motifs.com\/lt\/produktas\/10motifs-megztinis-fleur\/"]}]},{"@type":"ImageObject","inLanguage":"lt-LT","@id":"https:\/\/10motifs.com\/lt\/produktas\/10motifs-megztinis-fleur\/#primaryimage","url":"https:\/\/10motifs.com\/wp-content\/uploads\/2024\/04\/10-motifs13858-copy.jpg","contentUrl":"https:\/\/10motifs.com\/wp-content\/uploads\/2024\/04\/10-motifs13858-copy.jpg","width":700,"height":800},{"@type":"BreadcrumbList","@id":"https:\/\/10motifs.com\/lt\/produktas\/10motifs-megztinis-fleur\/#breadcrumb","itemListElement":[{"@type":"ListItem","position":1,"name":"Pagrindinis puslapis","item":"https:\/\/10motifs.com\/lt\/"},{"@type":"ListItem","position":2,"name":"Parduotuv\u0117","item":"https:\/\/10motifs.com\/lt\/parduotuve\/"},{"@type":"ListItem","position":3,"name":"[&nbsp;10motifs Megztinis FLEUR&nbsp;]"}]},{"@type":"WebSite","@id":"https:\/\/10motifs.com\/lt\/#website","url":"https:\/\/10motifs.com\/lt\/","name":"10motifs","description":"Internetin\u0117 dizaineri\u0173 drabu\u017ei\u0173 parduotuv\u0117","publisher":{"@id":"https:\/\/10motifs.com\/lt\/#organization"},"alternateName":"10motifs","potentialAction":[{"@type":"SearchAction","target":{"@type":"EntryPoint","urlTemplate":"https:\/\/10motifs.com\/lt\/?s={search_term_string}"},"query-input":{"@type":"PropertyValueSpecification","valueRequired":true,"valueName":"search_term_string"}}],"inLanguage":"lt-LT"},{"@type":"Organization","@id":"https:\/\/10motifs.com\/lt\/#organization","name":"10motifs","alternateName":"10motifs","url":"https:\/\/10motifs.com\/lt\/","logo":{"@type":"ImageObject","inLanguage":"lt-LT","@id":"https:\/\/10motifs.com\/lt\/#\/schema\/logo\/image\/","url":"https:\/\/10motifs.com\/wp-content\/uploads\/2024\/04\/cropped-img_6859.jpg","contentUrl":"https:\/\/10motifs.com\/wp-content\/uploads\/2024\/04\/cropped-img_6859.jpg","width":512,"height":512,"caption":"10motifs"},"image":{"@id":"https:\/\/10motifs.com\/lt\/#\/schema\/logo\/image\/"},"sameAs":["https:\/\/www.instagram.com\/10motifs\/"]}]}},"_links":{"self":[{"href":"https:\/\/10motifs.com\/lt\/wp-json\/wp\/v2\/product\/26573","targetHints":{"allow":["GET"]}}],"collection":[{"href":"https:\/\/10motifs.com\/lt\/wp-json\/wp\/v2\/product"}],"about":[{"href":"https:\/\/10motifs.com\/lt\/wp-json\/wp\/v2\/types\/product"}],"version-history":[{"count":4,"href":"https:\/\/10motifs.com\/lt\/wp-json\/wp\/v2\/product\/26573\/revisions"}],"predecessor-version":[{"id":29016,"href":"https:\/\/10motifs.com\/lt\/wp-json\/wp\/v2\/product\/26573\/revisions\/29016"}],"wp:featuredmedia":[{"embeddable":true,"href":"https:\/\/10motifs.com\/lt\/wp-json\/wp\/v2\/media\/26578"}],"wp:attachment":[{"href":"https:\/\/10motifs.com\/lt\/wp-json\/wp\/v2\/media?parent=26573"}],"wp:term":[{"taxonomy":"product_brand","embeddable":true,"href":"https:\/\/10motifs.com\/lt\/wp-json\/wp\/v2\/product_brand?post=26573"},{"taxonomy":"product_cat","embeddable":true,"href":"https:\/\/10motifs.com\/lt\/wp-json\/wp\/v2\/product_cat?post=26573"},{"taxonomy":"product_tag","embeddable":true,"href":"https:\/\/10motifs.com\/lt\/wp-json\/wp\/v2\/product_tag?post=26573"}],"curies":[{"name":"wp","href":"https:\/\/api.w.org\/{rel}","templated":true}]}}