{"id":26274,"date":"2024-04-21T19:02:41","date_gmt":"2024-04-21T16:02:41","guid":{"rendered":"http:\/\/10motifs.com\/product\/coeurs-dzemperis-su-uztrauktuku\/"},"modified":"2024-12-16T14:41:00","modified_gmt":"2024-12-16T12:41:00","slug":"10motifs-dzemperis-su-uztrauktuku-coeur","status":"publish","type":"product","link":"https:\/\/10motifs.com\/lt\/produktas\/10motifs-dzemperis-su-uztrauktuku-coeur\/","title":{"rendered":"[&nbsp;10motifs D\u017eemperis su u\u017etrauktuku COEUR&nbsp;]"},"content":{"rendered":"<p class=\"p1\" style=\"text-align: center;\">\u0160velnus d\u017eemperis i\u0161 lengvo medviln\u0117s audinio yra pakankamai plonas,<br \/>\nkad j\u012f b\u016bt\u0173 galima d\u0117v\u0117ti po \u0161varku \u2014 ir tuo pa\u010diu laisvas,<br \/>\nkad jaustum\u0117t\u0117s patogiai. Lengvi medviln\u0117s si\u016blai \u0161velniai<br \/>\n\u0161ildo ir visi\u0161kai nedirgina. Toks trikota\u017eas gerai laiko form\u0105 \u2014 net ir susuktas<br \/>\n\u012f vien\u0105 si\u016bl\u0105,jis i\u0161lieka tvirtas ir elastingas. Aplikacija yra rank\u0173 darbo<br \/>\ni\u0161 \u0161ilko ir viskoz\u0117s, reikalauja d\u0117mesio ir rankinio prie\u017ei\u016bros.<\/p>\n","protected":false},"excerpt":{"rendered":"<p class=\"p1\">\u0160irdingumo kupinas d\u017eemperis \u2013 d\u0117v\u0117kite j\u012f su mini sijonais, \u0161ortais ar pla\u010diomis lino keln\u0117mis. \u0160iam modeliui pasirinkome tekst\u016brin\u0119 si\u016bl\u0105 i\u0161 lengvos medviln\u0117s. Toks si\u016bl\u0173 trikota\u017eas yra lengvas ir form\u0105 i\u0161laikantis, ta\u010diau ne per kar\u0161tas. Elastingas d\u017eemperis i\u0161 medviln\u0117s si\u016bl\u0173 \u2013 nesikand\u017eioja ir beveik nesijau\u010dia ant k\u016bno, d\u0117ka elastingo si\u016bl\u0173 pynimo. Jis lengvai pakeis \u012fprast\u0105 golf\u0105 deriniuose su \u0161varkais ar mar\u0161kiniais. O auk\u0161t\u0105 apykakl\u0119 su tvarkinga metaliniu u\u017etrauktuku bet kuriuo metu galima paversti V formos i\u0161kirpte.<br \/>\n\u012eeina \u012f 2 motyv\u0105 [ Tradicij\u0173 ir rank\u0173 darbo i\u0161saugojimas automatizacijos am\u017eiuje ].<\/p>\n<p class=\"p1\">Rank\u0173 darbo detal\u0117s<br \/>\n[ Kustomizacija ] &#8211; galima u\u017esisakyti su j\u016bs\u0173 \u201eypatinga\u201c fraze.<\/p>\n<p class=\"p1\">Avec l\u2019amour, 10motifs <span style=\"vertical-align: inherit;\">[\ud83e\udd0d<\/span><span style=\"vertical-align: inherit;\">]<\/span><\/p>\n","protected":false},"featured_media":30680,"template":"","meta":[],"product_brand":[],"product_cat":[838,878],"product_tag":[],"class_list":{"0":"post-26274","1":"product","2":"type-product","3":"status-publish","4":"has-post-thumbnail","6":"product_cat-dovanos","7":"product_cat-dzemperiai","8":"product_shipping_class-didele-deze","9":"product_shipping_class-malenkaya-korobka-lt","10":"product_shipping_class-vidurinis-langelis","12":"first","13":"instock","14":"shipping-taxable","15":"purchasable","16":"product-type-variable"},"yoast_head":"<!-- This site is optimized with the Yoast SEO plugin v27.3 - https:\/\/yoast.com\/product\/yoast-seo-wordpress\/ -->\n<title>[ 10motifs D\u017eemperis su u\u017etrauktuku COEUR ] pirkti internetu Lietuvoje \u2764\ufe0f 10motifs<\/title>\n<meta name=\"description\" content=\"U\u017esisakykite [ 10motifs D\u017eemperis su u\u017etrauktuku COEUR ] su pristatymu Europoje ir JAV. \u2764\ufe0f Kainos Baltarusijos prek\u0117s \u017eenklo drabu\u017ei\u0173 su \u0161irdel\u0117mis internetin\u0117je parduotuv\u0117je 10 motyv\u0173 \u2764\ufe0f 10 motyv\u0173\" \/>\n<meta name=\"robots\" content=\"index, follow, max-snippet:-1, max-image-preview:large, max-video-preview:-1\" \/>\n<link rel=\"canonical\" href=\"https:\/\/10motifs.com\/lt\/produktas\/10motifs-dzemperis-su-uztrauktuku-coeur\/\" \/>\n<meta property=\"og:locale\" content=\"lt_LT\" \/>\n<meta property=\"og:type\" content=\"article\" \/>\n<meta property=\"og:title\" content=\"[ 10motifs D\u017eemperis su u\u017etrauktuku COEUR ] pirkti internetu Lietuvoje \u2764\ufe0f 10motifs\" \/>\n<meta property=\"og:description\" content=\"U\u017esisakykite [ 10motifs D\u017eemperis su u\u017etrauktuku COEUR ] su pristatymu Europoje ir JAV. \u2764\ufe0f Kainos Baltarusijos prek\u0117s \u017eenklo drabu\u017ei\u0173 su \u0161irdel\u0117mis internetin\u0117je parduotuv\u0117je 10 motyv\u0173 \u2764\ufe0f 10 motyv\u0173\" \/>\n<meta property=\"og:url\" content=\"https:\/\/10motifs.com\/lt\/produktas\/10motifs-dzemperis-su-uztrauktuku-coeur\/\" \/>\n<meta property=\"og:site_name\" content=\"10motifs\" \/>\n<meta property=\"article:modified_time\" content=\"2024-12-16T12:41:00+00:00\" \/>\n<meta property=\"og:image\" content=\"https:\/\/10motifs.com\/wp-content\/uploads\/2024\/04\/img_4944-2-1.jpg\" \/>\n\t<meta property=\"og:image:width\" content=\"1400\" \/>\n\t<meta property=\"og:image:height\" content=\"1600\" \/>\n\t<meta property=\"og:image:type\" content=\"image\/jpeg\" \/>\n<meta name=\"twitter:card\" content=\"summary_large_image\" \/>\n<meta name=\"twitter:label1\" content=\"Est. reading time\" \/>\n\t<meta name=\"twitter:data1\" content=\"1 minut\u0117\" \/>\n<script type=\"application\/ld+json\" class=\"yoast-schema-graph\">{\"@context\":\"https:\\\/\\\/schema.org\",\"@graph\":[{\"@type\":\"WebPage\",\"@id\":\"https:\\\/\\\/10motifs.com\\\/lt\\\/produktas\\\/10motifs-dzemperis-su-uztrauktuku-coeur\\\/\",\"url\":\"https:\\\/\\\/10motifs.com\\\/lt\\\/produktas\\\/10motifs-dzemperis-su-uztrauktuku-coeur\\\/\",\"name\":\"[ 10motifs D\u017eemperis su u\u017etrauktuku COEUR ] pirkti internetu Lietuvoje \u2764\ufe0f 10motifs\",\"isPartOf\":{\"@id\":\"https:\\\/\\\/10motifs.com\\\/lt\\\/#website\"},\"primaryImageOfPage\":{\"@id\":\"https:\\\/\\\/10motifs.com\\\/lt\\\/produktas\\\/10motifs-dzemperis-su-uztrauktuku-coeur\\\/#primaryimage\"},\"image\":{\"@id\":\"https:\\\/\\\/10motifs.com\\\/lt\\\/produktas\\\/10motifs-dzemperis-su-uztrauktuku-coeur\\\/#primaryimage\"},\"thumbnailUrl\":\"https:\\\/\\\/10motifs.com\\\/wp-content\\\/uploads\\\/2024\\\/09\\\/dzhemper.jpg\",\"datePublished\":\"2024-04-21T16:02:41+00:00\",\"dateModified\":\"2024-12-16T12:41:00+00:00\",\"description\":\"U\u017esisakykite [ 10motifs D\u017eemperis su u\u017etrauktuku COEUR ] su pristatymu Europoje ir JAV. \u2764\ufe0f Kainos Baltarusijos prek\u0117s \u017eenklo drabu\u017ei\u0173 su \u0161irdel\u0117mis internetin\u0117je parduotuv\u0117je 10 motyv\u0173 \u2764\ufe0f 10 motyv\u0173\",\"breadcrumb\":{\"@id\":\"https:\\\/\\\/10motifs.com\\\/lt\\\/produktas\\\/10motifs-dzemperis-su-uztrauktuku-coeur\\\/#breadcrumb\"},\"inLanguage\":\"lt-LT\",\"potentialAction\":[{\"@type\":\"ReadAction\",\"target\":[\"https:\\\/\\\/10motifs.com\\\/lt\\\/produktas\\\/10motifs-dzemperis-su-uztrauktuku-coeur\\\/\"]}]},{\"@type\":\"ImageObject\",\"inLanguage\":\"lt-LT\",\"@id\":\"https:\\\/\\\/10motifs.com\\\/lt\\\/produktas\\\/10motifs-dzemperis-su-uztrauktuku-coeur\\\/#primaryimage\",\"url\":\"https:\\\/\\\/10motifs.com\\\/wp-content\\\/uploads\\\/2024\\\/09\\\/dzhemper.jpg\",\"contentUrl\":\"https:\\\/\\\/10motifs.com\\\/wp-content\\\/uploads\\\/2024\\\/09\\\/dzhemper.jpg\",\"width\":700,\"height\":800,\"caption\":\"\u0414\u0436\u0435\u043c\u043f\u0435\u0440\"},{\"@type\":\"BreadcrumbList\",\"@id\":\"https:\\\/\\\/10motifs.com\\\/lt\\\/produktas\\\/10motifs-dzemperis-su-uztrauktuku-coeur\\\/#breadcrumb\",\"itemListElement\":[{\"@type\":\"ListItem\",\"position\":1,\"name\":\"Pagrindinis puslapis\",\"item\":\"https:\\\/\\\/10motifs.com\\\/lt\\\/\"},{\"@type\":\"ListItem\",\"position\":2,\"name\":\"Parduotuv\u0117\",\"item\":\"https:\\\/\\\/10motifs.com\\\/lt\\\/parduotuve\\\/\"},{\"@type\":\"ListItem\",\"position\":3,\"name\":\"[ 10motifs D\u017eemperis su u\u017etrauktuku COEUR ]\"}]},{\"@type\":\"WebSite\",\"@id\":\"https:\\\/\\\/10motifs.com\\\/lt\\\/#website\",\"url\":\"https:\\\/\\\/10motifs.com\\\/lt\\\/\",\"name\":\"10motifs\",\"description\":\"Internetin\u0117 dizaineri\u0173 drabu\u017ei\u0173 parduotuv\u0117\",\"publisher\":{\"@id\":\"https:\\\/\\\/10motifs.com\\\/lt\\\/#organization\"},\"alternateName\":\"10motifs\",\"potentialAction\":[{\"@type\":\"SearchAction\",\"target\":{\"@type\":\"EntryPoint\",\"urlTemplate\":\"https:\\\/\\\/10motifs.com\\\/lt\\\/?s={search_term_string}\"},\"query-input\":{\"@type\":\"PropertyValueSpecification\",\"valueRequired\":true,\"valueName\":\"search_term_string\"}}],\"inLanguage\":\"lt-LT\"},{\"@type\":\"Organization\",\"@id\":\"https:\\\/\\\/10motifs.com\\\/lt\\\/#organization\",\"name\":\"10motifs\",\"alternateName\":\"10motifs\",\"url\":\"https:\\\/\\\/10motifs.com\\\/lt\\\/\",\"logo\":{\"@type\":\"ImageObject\",\"inLanguage\":\"lt-LT\",\"@id\":\"https:\\\/\\\/10motifs.com\\\/lt\\\/#\\\/schema\\\/logo\\\/image\\\/\",\"url\":\"https:\\\/\\\/10motifs.com\\\/wp-content\\\/uploads\\\/2024\\\/04\\\/cropped-img_6859.jpg\",\"contentUrl\":\"https:\\\/\\\/10motifs.com\\\/wp-content\\\/uploads\\\/2024\\\/04\\\/cropped-img_6859.jpg\",\"width\":512,\"height\":512,\"caption\":\"10motifs\"},\"image\":{\"@id\":\"https:\\\/\\\/10motifs.com\\\/lt\\\/#\\\/schema\\\/logo\\\/image\\\/\"},\"sameAs\":[\"https:\\\/\\\/www.instagram.com\\\/10motifs\\\/\"]}]}<\/script>\n<!-- \/ Yoast SEO plugin. -->","yoast_head_json":{"title":"[ 10motifs D\u017eemperis su u\u017etrauktuku COEUR ] pirkti internetu Lietuvoje \u2764\ufe0f 10motifs","description":"U\u017esisakykite [ 10motifs D\u017eemperis su u\u017etrauktuku COEUR ] su pristatymu Europoje ir JAV. \u2764\ufe0f Kainos Baltarusijos prek\u0117s \u017eenklo drabu\u017ei\u0173 su \u0161irdel\u0117mis internetin\u0117je parduotuv\u0117je 10 motyv\u0173 \u2764\ufe0f 10 motyv\u0173","robots":{"index":"index","follow":"follow","max-snippet":"max-snippet:-1","max-image-preview":"max-image-preview:large","max-video-preview":"max-video-preview:-1"},"canonical":"https:\/\/10motifs.com\/lt\/produktas\/10motifs-dzemperis-su-uztrauktuku-coeur\/","og_locale":"lt_LT","og_type":"article","og_title":"[ 10motifs D\u017eemperis su u\u017etrauktuku COEUR ] pirkti internetu Lietuvoje \u2764\ufe0f 10motifs","og_description":"U\u017esisakykite [ 10motifs D\u017eemperis su u\u017etrauktuku COEUR ] su pristatymu Europoje ir JAV. \u2764\ufe0f Kainos Baltarusijos prek\u0117s \u017eenklo drabu\u017ei\u0173 su \u0161irdel\u0117mis internetin\u0117je parduotuv\u0117je 10 motyv\u0173 \u2764\ufe0f 10 motyv\u0173","og_url":"https:\/\/10motifs.com\/lt\/produktas\/10motifs-dzemperis-su-uztrauktuku-coeur\/","og_site_name":"10motifs","article_modified_time":"2024-12-16T12:41:00+00:00","og_image":[{"width":1400,"height":1600,"url":"https:\/\/10motifs.com\/wp-content\/uploads\/2024\/04\/img_4944-2-1.jpg","type":"image\/jpeg"}],"twitter_card":"summary_large_image","twitter_misc":{"Est. reading time":"1 minut\u0117"},"schema":{"@context":"https:\/\/schema.org","@graph":[{"@type":"WebPage","@id":"https:\/\/10motifs.com\/lt\/produktas\/10motifs-dzemperis-su-uztrauktuku-coeur\/","url":"https:\/\/10motifs.com\/lt\/produktas\/10motifs-dzemperis-su-uztrauktuku-coeur\/","name":"[ 10motifs D\u017eemperis su u\u017etrauktuku COEUR ] pirkti internetu Lietuvoje \u2764\ufe0f 10motifs","isPartOf":{"@id":"https:\/\/10motifs.com\/lt\/#website"},"primaryImageOfPage":{"@id":"https:\/\/10motifs.com\/lt\/produktas\/10motifs-dzemperis-su-uztrauktuku-coeur\/#primaryimage"},"image":{"@id":"https:\/\/10motifs.com\/lt\/produktas\/10motifs-dzemperis-su-uztrauktuku-coeur\/#primaryimage"},"thumbnailUrl":"https:\/\/10motifs.com\/wp-content\/uploads\/2024\/09\/dzhemper.jpg","datePublished":"2024-04-21T16:02:41+00:00","dateModified":"2024-12-16T12:41:00+00:00","description":"U\u017esisakykite [ 10motifs D\u017eemperis su u\u017etrauktuku COEUR ] su pristatymu Europoje ir JAV. \u2764\ufe0f Kainos Baltarusijos prek\u0117s \u017eenklo drabu\u017ei\u0173 su \u0161irdel\u0117mis internetin\u0117je parduotuv\u0117je 10 motyv\u0173 \u2764\ufe0f 10 motyv\u0173","breadcrumb":{"@id":"https:\/\/10motifs.com\/lt\/produktas\/10motifs-dzemperis-su-uztrauktuku-coeur\/#breadcrumb"},"inLanguage":"lt-LT","potentialAction":[{"@type":"ReadAction","target":["https:\/\/10motifs.com\/lt\/produktas\/10motifs-dzemperis-su-uztrauktuku-coeur\/"]}]},{"@type":"ImageObject","inLanguage":"lt-LT","@id":"https:\/\/10motifs.com\/lt\/produktas\/10motifs-dzemperis-su-uztrauktuku-coeur\/#primaryimage","url":"https:\/\/10motifs.com\/wp-content\/uploads\/2024\/09\/dzhemper.jpg","contentUrl":"https:\/\/10motifs.com\/wp-content\/uploads\/2024\/09\/dzhemper.jpg","width":700,"height":800,"caption":"\u0414\u0436\u0435\u043c\u043f\u0435\u0440"},{"@type":"BreadcrumbList","@id":"https:\/\/10motifs.com\/lt\/produktas\/10motifs-dzemperis-su-uztrauktuku-coeur\/#breadcrumb","itemListElement":[{"@type":"ListItem","position":1,"name":"Pagrindinis puslapis","item":"https:\/\/10motifs.com\/lt\/"},{"@type":"ListItem","position":2,"name":"Parduotuv\u0117","item":"https:\/\/10motifs.com\/lt\/parduotuve\/"},{"@type":"ListItem","position":3,"name":"[ 10motifs D\u017eemperis su u\u017etrauktuku COEUR ]"}]},{"@type":"WebSite","@id":"https:\/\/10motifs.com\/lt\/#website","url":"https:\/\/10motifs.com\/lt\/","name":"10motifs","description":"Internetin\u0117 dizaineri\u0173 drabu\u017ei\u0173 parduotuv\u0117","publisher":{"@id":"https:\/\/10motifs.com\/lt\/#organization"},"alternateName":"10motifs","potentialAction":[{"@type":"SearchAction","target":{"@type":"EntryPoint","urlTemplate":"https:\/\/10motifs.com\/lt\/?s={search_term_string}"},"query-input":{"@type":"PropertyValueSpecification","valueRequired":true,"valueName":"search_term_string"}}],"inLanguage":"lt-LT"},{"@type":"Organization","@id":"https:\/\/10motifs.com\/lt\/#organization","name":"10motifs","alternateName":"10motifs","url":"https:\/\/10motifs.com\/lt\/","logo":{"@type":"ImageObject","inLanguage":"lt-LT","@id":"https:\/\/10motifs.com\/lt\/#\/schema\/logo\/image\/","url":"https:\/\/10motifs.com\/wp-content\/uploads\/2024\/04\/cropped-img_6859.jpg","contentUrl":"https:\/\/10motifs.com\/wp-content\/uploads\/2024\/04\/cropped-img_6859.jpg","width":512,"height":512,"caption":"10motifs"},"image":{"@id":"https:\/\/10motifs.com\/lt\/#\/schema\/logo\/image\/"},"sameAs":["https:\/\/www.instagram.com\/10motifs\/"]}]}},"_links":{"self":[{"href":"https:\/\/10motifs.com\/lt\/wp-json\/wp\/v2\/product\/26274","targetHints":{"allow":["GET"]}}],"collection":[{"href":"https:\/\/10motifs.com\/lt\/wp-json\/wp\/v2\/product"}],"about":[{"href":"https:\/\/10motifs.com\/lt\/wp-json\/wp\/v2\/types\/product"}],"version-history":[{"count":4,"href":"https:\/\/10motifs.com\/lt\/wp-json\/wp\/v2\/product\/26274\/revisions"}],"predecessor-version":[{"id":28848,"href":"https:\/\/10motifs.com\/lt\/wp-json\/wp\/v2\/product\/26274\/revisions\/28848"}],"wp:featuredmedia":[{"embeddable":true,"href":"https:\/\/10motifs.com\/lt\/wp-json\/wp\/v2\/media\/30680"}],"wp:attachment":[{"href":"https:\/\/10motifs.com\/lt\/wp-json\/wp\/v2\/media?parent=26274"}],"wp:term":[{"taxonomy":"product_brand","embeddable":true,"href":"https:\/\/10motifs.com\/lt\/wp-json\/wp\/v2\/product_brand?post=26274"},{"taxonomy":"product_cat","embeddable":true,"href":"https:\/\/10motifs.com\/lt\/wp-json\/wp\/v2\/product_cat?post=26274"},{"taxonomy":"product_tag","embeddable":true,"href":"https:\/\/10motifs.com\/lt\/wp-json\/wp\/v2\/product_tag?post=26274"}],"curies":[{"name":"wp","href":"https:\/\/api.w.org\/{rel}","templated":true}]}}