{"id":26235,"date":"2024-04-22T13:49:03","date_gmt":"2024-04-22T10:49:03","guid":{"rendered":"http:\/\/10motifs.com\/product\/vyriskas-dzemperis-coeur\/"},"modified":"2024-12-17T01:12:19","modified_gmt":"2024-12-16T23:12:19","slug":"10motifs-vyriskas-dzemperis-coeur","status":"publish","type":"product","link":"https:\/\/10motifs.com\/lt\/produktas\/10motifs-vyriskas-dzemperis-coeur\/","title":{"rendered":"[&nbsp;10motifs vyri\u0161kas d\u017eemperis COEUR&nbsp;]"},"content":{"rendered":"<p style=\"text-align: center;\">\u0160velnus d\u017eemperis i\u0161 lengvo, plono medviln\u0117s audinio \u2014<br \/>\npakankamai plonas, kad b\u016bt\u0173 patogu vilk\u0117ti po \u0161varku, ta\u010diau<br \/>\npakankamai laisvas, kad jaustum\u0117t\u0117s jaukiai. Lengva medviln\u0117s<br \/>\nsi\u016bla \u0161velniai \u0161ildo ir visi\u0161kai nekanda. \u0160is d\u017eemperis i\u0161laiko<br \/>\nform\u0105 \u2014 net megztas vienu si\u016blu, lieka tvirtas ir lankstus.<br \/>\nAppliqu\u00e9 dekoras atliktas rankomis i\u0161 \u0161ilko ir viskoz\u0117s, tod\u0117l<br \/>\nreikalauja ypatingos prie\u017ei\u016bros ir \u0161velnaus rank\u0173 plovimo.<\/p>\n","protected":false},"excerpt":{"rendered":"<p>Pama\u017eu lauke \u0161yla, o tai rei\u0161kia, kad at\u0117jo metas per\u017ei\u016br\u0117ti garderob\u0105 (jei dar to nepadar\u0117te) ir atnaujinti pa\u010dius patogiausius kasdienius drabu\u017eius. Baland\u012f pristatome nauj\u0105 d\u017eemperi\u0173 ir mar\u0161kin\u0117li\u0173 kolekcij\u0105 \u0161vie\u017eiose, pavasario spalvose. \u0160i kolekcija \u012fk\u016bnija m\u016bs\u0173 antr\u0105j\u012f motyv\u0105 [Tradicij\u0173 ir rank\u0173 darbo i\u0161saugojim\u0105 automatikos am\u017eiuje], atsispindint\u012f m\u016bs\u0173 rank\u0173 darbo dekoruose. Jums nereik\u0117s r\u016bpintis \u012fpakavimu \u2014 visada kruop\u0161\u010diai pakuojame savo gaminius \u012f gra\u017ei\u0105 pakuot\u0119 su asmenine atvirute.<\/p>\n<p>Dekoras \u2014 rank\u0173 darbas<br \/>\n[Individualizavimas] \u2014 galima u\u017esisakyti su j\u016bs\u0173 ypatinga fraze.<\/p>\n<p>Avec l\u2019amour, 10motifs [ \ud83e\udd0d ]<\/p>\n","protected":false},"featured_media":26245,"template":"","meta":[],"product_brand":[],"product_cat":[838,892],"product_tag":[],"class_list":{"0":"post-26235","1":"product","2":"type-product","3":"status-publish","4":"has-post-thumbnail","6":"product_cat-dovanos","7":"product_cat-vyriski-dzemperiai","8":"product_shipping_class-didele-deze","10":"first","11":"instock","12":"shipping-taxable","13":"purchasable","14":"product-type-variable"},"yoast_head":"<!-- This site is optimized with the Yoast SEO plugin v27.3 - https:\/\/yoast.com\/product\/yoast-seo-wordpress\/ -->\n<title>[ 10motifs vyri\u0161kas d\u017eemperis COEUR ] pirkti internetu Lietuvoje \u2764\ufe0f 10motifs<\/title>\n<meta name=\"description\" content=\"U\u017esisakykite [ 10motifs vyri\u0161kas d\u017eemperis COEUR ] su pristatymu Europoje ir JAV. \u2764\ufe0f Kainos Baltarusijos prek\u0117s \u017eenklo drabu\u017ei\u0173 su \u0161irdel\u0117mis internetin\u0117je parduotuv\u0117je 10 motyv\u0173 \u2764\ufe0f 10 motyv\u0173\" \/>\n<meta name=\"robots\" content=\"index, follow, max-snippet:-1, max-image-preview:large, max-video-preview:-1\" \/>\n<link rel=\"canonical\" href=\"https:\/\/10motifs.com\/lt\/produktas\/10motifs-vyriskas-dzemperis-coeur\/\" \/>\n<meta property=\"og:locale\" content=\"lt_LT\" \/>\n<meta property=\"og:type\" content=\"article\" \/>\n<meta property=\"og:title\" content=\"[ 10motifs vyri\u0161kas d\u017eemperis COEUR ] pirkti internetu Lietuvoje \u2764\ufe0f 10motifs\" \/>\n<meta property=\"og:description\" content=\"U\u017esisakykite [ 10motifs vyri\u0161kas d\u017eemperis COEUR ] su pristatymu Europoje ir JAV. \u2764\ufe0f Kainos Baltarusijos prek\u0117s \u017eenklo drabu\u017ei\u0173 su \u0161irdel\u0117mis internetin\u0117je parduotuv\u0117je 10 motyv\u0173 \u2764\ufe0f 10 motyv\u0173\" \/>\n<meta property=\"og:url\" content=\"https:\/\/10motifs.com\/lt\/produktas\/10motifs-vyriskas-dzemperis-coeur\/\" \/>\n<meta property=\"og:site_name\" content=\"10motifs\" \/>\n<meta property=\"article:modified_time\" content=\"2024-12-16T23:12:19+00:00\" \/>\n<meta property=\"og:image\" content=\"https:\/\/10motifs.com\/wp-content\/uploads\/2024\/04\/img_4944-2-1.jpg\" \/>\n\t<meta property=\"og:image:width\" content=\"1400\" \/>\n\t<meta property=\"og:image:height\" content=\"1600\" \/>\n\t<meta property=\"og:image:type\" content=\"image\/jpeg\" \/>\n<meta name=\"twitter:card\" content=\"summary_large_image\" \/>\n<meta name=\"twitter:label1\" content=\"Est. reading time\" \/>\n\t<meta name=\"twitter:data1\" content=\"1 minut\u0117\" \/>\n<script type=\"application\/ld+json\" class=\"yoast-schema-graph\">{\"@context\":\"https:\\\/\\\/schema.org\",\"@graph\":[{\"@type\":\"WebPage\",\"@id\":\"https:\\\/\\\/10motifs.com\\\/lt\\\/produktas\\\/10motifs-vyriskas-dzemperis-coeur\\\/\",\"url\":\"https:\\\/\\\/10motifs.com\\\/lt\\\/produktas\\\/10motifs-vyriskas-dzemperis-coeur\\\/\",\"name\":\"[ 10motifs vyri\u0161kas d\u017eemperis COEUR ] pirkti internetu Lietuvoje \u2764\ufe0f 10motifs\",\"isPartOf\":{\"@id\":\"https:\\\/\\\/10motifs.com\\\/lt\\\/#website\"},\"primaryImageOfPage\":{\"@id\":\"https:\\\/\\\/10motifs.com\\\/lt\\\/produktas\\\/10motifs-vyriskas-dzemperis-coeur\\\/#primaryimage\"},\"image\":{\"@id\":\"https:\\\/\\\/10motifs.com\\\/lt\\\/produktas\\\/10motifs-vyriskas-dzemperis-coeur\\\/#primaryimage\"},\"thumbnailUrl\":\"https:\\\/\\\/10motifs.com\\\/wp-content\\\/uploads\\\/2024\\\/04\\\/img_4944-2-1.jpg\",\"datePublished\":\"2024-04-22T10:49:03+00:00\",\"dateModified\":\"2024-12-16T23:12:19+00:00\",\"description\":\"U\u017esisakykite [ 10motifs vyri\u0161kas d\u017eemperis COEUR ] su pristatymu Europoje ir JAV. \u2764\ufe0f Kainos Baltarusijos prek\u0117s \u017eenklo drabu\u017ei\u0173 su \u0161irdel\u0117mis internetin\u0117je parduotuv\u0117je 10 motyv\u0173 \u2764\ufe0f 10 motyv\u0173\",\"breadcrumb\":{\"@id\":\"https:\\\/\\\/10motifs.com\\\/lt\\\/produktas\\\/10motifs-vyriskas-dzemperis-coeur\\\/#breadcrumb\"},\"inLanguage\":\"lt-LT\",\"potentialAction\":[{\"@type\":\"ReadAction\",\"target\":[\"https:\\\/\\\/10motifs.com\\\/lt\\\/produktas\\\/10motifs-vyriskas-dzemperis-coeur\\\/\"]}]},{\"@type\":\"ImageObject\",\"inLanguage\":\"lt-LT\",\"@id\":\"https:\\\/\\\/10motifs.com\\\/lt\\\/produktas\\\/10motifs-vyriskas-dzemperis-coeur\\\/#primaryimage\",\"url\":\"https:\\\/\\\/10motifs.com\\\/wp-content\\\/uploads\\\/2024\\\/04\\\/img_4944-2-1.jpg\",\"contentUrl\":\"https:\\\/\\\/10motifs.com\\\/wp-content\\\/uploads\\\/2024\\\/04\\\/img_4944-2-1.jpg\",\"width\":1400,\"height\":1600,\"caption\":\"Vyri\u0161kas d\u017eemperis COEUR\"},{\"@type\":\"BreadcrumbList\",\"@id\":\"https:\\\/\\\/10motifs.com\\\/lt\\\/produktas\\\/10motifs-vyriskas-dzemperis-coeur\\\/#breadcrumb\",\"itemListElement\":[{\"@type\":\"ListItem\",\"position\":1,\"name\":\"Pagrindinis puslapis\",\"item\":\"https:\\\/\\\/10motifs.com\\\/lt\\\/\"},{\"@type\":\"ListItem\",\"position\":2,\"name\":\"Parduotuv\u0117\",\"item\":\"https:\\\/\\\/10motifs.com\\\/lt\\\/parduotuve\\\/\"},{\"@type\":\"ListItem\",\"position\":3,\"name\":\"[&nbsp;10motifs vyri\u0161kas d\u017eemperis COEUR&nbsp;]\"}]},{\"@type\":\"WebSite\",\"@id\":\"https:\\\/\\\/10motifs.com\\\/lt\\\/#website\",\"url\":\"https:\\\/\\\/10motifs.com\\\/lt\\\/\",\"name\":\"10motifs\",\"description\":\"Internetin\u0117 dizaineri\u0173 drabu\u017ei\u0173 parduotuv\u0117\",\"publisher\":{\"@id\":\"https:\\\/\\\/10motifs.com\\\/lt\\\/#organization\"},\"alternateName\":\"10motifs\",\"potentialAction\":[{\"@type\":\"SearchAction\",\"target\":{\"@type\":\"EntryPoint\",\"urlTemplate\":\"https:\\\/\\\/10motifs.com\\\/lt\\\/?s={search_term_string}\"},\"query-input\":{\"@type\":\"PropertyValueSpecification\",\"valueRequired\":true,\"valueName\":\"search_term_string\"}}],\"inLanguage\":\"lt-LT\"},{\"@type\":\"Organization\",\"@id\":\"https:\\\/\\\/10motifs.com\\\/lt\\\/#organization\",\"name\":\"10motifs\",\"alternateName\":\"10motifs\",\"url\":\"https:\\\/\\\/10motifs.com\\\/lt\\\/\",\"logo\":{\"@type\":\"ImageObject\",\"inLanguage\":\"lt-LT\",\"@id\":\"https:\\\/\\\/10motifs.com\\\/lt\\\/#\\\/schema\\\/logo\\\/image\\\/\",\"url\":\"https:\\\/\\\/10motifs.com\\\/wp-content\\\/uploads\\\/2024\\\/04\\\/cropped-img_6859.jpg\",\"contentUrl\":\"https:\\\/\\\/10motifs.com\\\/wp-content\\\/uploads\\\/2024\\\/04\\\/cropped-img_6859.jpg\",\"width\":512,\"height\":512,\"caption\":\"10motifs\"},\"image\":{\"@id\":\"https:\\\/\\\/10motifs.com\\\/lt\\\/#\\\/schema\\\/logo\\\/image\\\/\"},\"sameAs\":[\"https:\\\/\\\/www.instagram.com\\\/10motifs\\\/\"]}]}<\/script>\n<!-- \/ Yoast SEO plugin. -->","yoast_head_json":{"title":"[ 10motifs vyri\u0161kas d\u017eemperis COEUR ] pirkti internetu Lietuvoje \u2764\ufe0f 10motifs","description":"U\u017esisakykite [ 10motifs vyri\u0161kas d\u017eemperis COEUR ] su pristatymu Europoje ir JAV. \u2764\ufe0f Kainos Baltarusijos prek\u0117s \u017eenklo drabu\u017ei\u0173 su \u0161irdel\u0117mis internetin\u0117je parduotuv\u0117je 10 motyv\u0173 \u2764\ufe0f 10 motyv\u0173","robots":{"index":"index","follow":"follow","max-snippet":"max-snippet:-1","max-image-preview":"max-image-preview:large","max-video-preview":"max-video-preview:-1"},"canonical":"https:\/\/10motifs.com\/lt\/produktas\/10motifs-vyriskas-dzemperis-coeur\/","og_locale":"lt_LT","og_type":"article","og_title":"[ 10motifs vyri\u0161kas d\u017eemperis COEUR ] pirkti internetu Lietuvoje \u2764\ufe0f 10motifs","og_description":"U\u017esisakykite [ 10motifs vyri\u0161kas d\u017eemperis COEUR ] su pristatymu Europoje ir JAV. \u2764\ufe0f Kainos Baltarusijos prek\u0117s \u017eenklo drabu\u017ei\u0173 su \u0161irdel\u0117mis internetin\u0117je parduotuv\u0117je 10 motyv\u0173 \u2764\ufe0f 10 motyv\u0173","og_url":"https:\/\/10motifs.com\/lt\/produktas\/10motifs-vyriskas-dzemperis-coeur\/","og_site_name":"10motifs","article_modified_time":"2024-12-16T23:12:19+00:00","og_image":[{"width":1400,"height":1600,"url":"https:\/\/10motifs.com\/wp-content\/uploads\/2024\/04\/img_4944-2-1.jpg","type":"image\/jpeg"}],"twitter_card":"summary_large_image","twitter_misc":{"Est. reading time":"1 minut\u0117"},"schema":{"@context":"https:\/\/schema.org","@graph":[{"@type":"WebPage","@id":"https:\/\/10motifs.com\/lt\/produktas\/10motifs-vyriskas-dzemperis-coeur\/","url":"https:\/\/10motifs.com\/lt\/produktas\/10motifs-vyriskas-dzemperis-coeur\/","name":"[ 10motifs vyri\u0161kas d\u017eemperis COEUR ] pirkti internetu Lietuvoje \u2764\ufe0f 10motifs","isPartOf":{"@id":"https:\/\/10motifs.com\/lt\/#website"},"primaryImageOfPage":{"@id":"https:\/\/10motifs.com\/lt\/produktas\/10motifs-vyriskas-dzemperis-coeur\/#primaryimage"},"image":{"@id":"https:\/\/10motifs.com\/lt\/produktas\/10motifs-vyriskas-dzemperis-coeur\/#primaryimage"},"thumbnailUrl":"https:\/\/10motifs.com\/wp-content\/uploads\/2024\/04\/img_4944-2-1.jpg","datePublished":"2024-04-22T10:49:03+00:00","dateModified":"2024-12-16T23:12:19+00:00","description":"U\u017esisakykite [ 10motifs vyri\u0161kas d\u017eemperis COEUR ] su pristatymu Europoje ir JAV. \u2764\ufe0f Kainos Baltarusijos prek\u0117s \u017eenklo drabu\u017ei\u0173 su \u0161irdel\u0117mis internetin\u0117je parduotuv\u0117je 10 motyv\u0173 \u2764\ufe0f 10 motyv\u0173","breadcrumb":{"@id":"https:\/\/10motifs.com\/lt\/produktas\/10motifs-vyriskas-dzemperis-coeur\/#breadcrumb"},"inLanguage":"lt-LT","potentialAction":[{"@type":"ReadAction","target":["https:\/\/10motifs.com\/lt\/produktas\/10motifs-vyriskas-dzemperis-coeur\/"]}]},{"@type":"ImageObject","inLanguage":"lt-LT","@id":"https:\/\/10motifs.com\/lt\/produktas\/10motifs-vyriskas-dzemperis-coeur\/#primaryimage","url":"https:\/\/10motifs.com\/wp-content\/uploads\/2024\/04\/img_4944-2-1.jpg","contentUrl":"https:\/\/10motifs.com\/wp-content\/uploads\/2024\/04\/img_4944-2-1.jpg","width":1400,"height":1600,"caption":"Vyri\u0161kas d\u017eemperis COEUR"},{"@type":"BreadcrumbList","@id":"https:\/\/10motifs.com\/lt\/produktas\/10motifs-vyriskas-dzemperis-coeur\/#breadcrumb","itemListElement":[{"@type":"ListItem","position":1,"name":"Pagrindinis puslapis","item":"https:\/\/10motifs.com\/lt\/"},{"@type":"ListItem","position":2,"name":"Parduotuv\u0117","item":"https:\/\/10motifs.com\/lt\/parduotuve\/"},{"@type":"ListItem","position":3,"name":"[&nbsp;10motifs vyri\u0161kas d\u017eemperis COEUR&nbsp;]"}]},{"@type":"WebSite","@id":"https:\/\/10motifs.com\/lt\/#website","url":"https:\/\/10motifs.com\/lt\/","name":"10motifs","description":"Internetin\u0117 dizaineri\u0173 drabu\u017ei\u0173 parduotuv\u0117","publisher":{"@id":"https:\/\/10motifs.com\/lt\/#organization"},"alternateName":"10motifs","potentialAction":[{"@type":"SearchAction","target":{"@type":"EntryPoint","urlTemplate":"https:\/\/10motifs.com\/lt\/?s={search_term_string}"},"query-input":{"@type":"PropertyValueSpecification","valueRequired":true,"valueName":"search_term_string"}}],"inLanguage":"lt-LT"},{"@type":"Organization","@id":"https:\/\/10motifs.com\/lt\/#organization","name":"10motifs","alternateName":"10motifs","url":"https:\/\/10motifs.com\/lt\/","logo":{"@type":"ImageObject","inLanguage":"lt-LT","@id":"https:\/\/10motifs.com\/lt\/#\/schema\/logo\/image\/","url":"https:\/\/10motifs.com\/wp-content\/uploads\/2024\/04\/cropped-img_6859.jpg","contentUrl":"https:\/\/10motifs.com\/wp-content\/uploads\/2024\/04\/cropped-img_6859.jpg","width":512,"height":512,"caption":"10motifs"},"image":{"@id":"https:\/\/10motifs.com\/lt\/#\/schema\/logo\/image\/"},"sameAs":["https:\/\/www.instagram.com\/10motifs\/"]}]}},"_links":{"self":[{"href":"https:\/\/10motifs.com\/lt\/wp-json\/wp\/v2\/product\/26235","targetHints":{"allow":["GET"]}}],"collection":[{"href":"https:\/\/10motifs.com\/lt\/wp-json\/wp\/v2\/product"}],"about":[{"href":"https:\/\/10motifs.com\/lt\/wp-json\/wp\/v2\/types\/product"}],"version-history":[{"count":5,"href":"https:\/\/10motifs.com\/lt\/wp-json\/wp\/v2\/product\/26235\/revisions"}],"predecessor-version":[{"id":29001,"href":"https:\/\/10motifs.com\/lt\/wp-json\/wp\/v2\/product\/26235\/revisions\/29001"}],"wp:featuredmedia":[{"embeddable":true,"href":"https:\/\/10motifs.com\/lt\/wp-json\/wp\/v2\/media\/26245"}],"wp:attachment":[{"href":"https:\/\/10motifs.com\/lt\/wp-json\/wp\/v2\/media?parent=26235"}],"wp:term":[{"taxonomy":"product_brand","embeddable":true,"href":"https:\/\/10motifs.com\/lt\/wp-json\/wp\/v2\/product_brand?post=26235"},{"taxonomy":"product_cat","embeddable":true,"href":"https:\/\/10motifs.com\/lt\/wp-json\/wp\/v2\/product_cat?post=26235"},{"taxonomy":"product_tag","embeddable":true,"href":"https:\/\/10motifs.com\/lt\/wp-json\/wp\/v2\/product_tag?post=26235"}],"curies":[{"name":"wp","href":"https:\/\/api.w.org\/{rel}","templated":true}]}}