{"id":26221,"date":"2024-04-28T00:51:59","date_gmt":"2024-04-27T21:51:59","guid":{"rendered":"http:\/\/10motifs.com\/product\/vyriska-kepure-su-snapeliu-10motifs-beanie-cap\/"},"modified":"2024-12-17T01:02:37","modified_gmt":"2024-12-16T23:02:37","slug":"vyriska-kepure-su-snapeliu-10motifs-beanie-cap","status":"publish","type":"product","link":"https:\/\/10motifs.com\/lt\/produktas\/vyriska-kepure-su-snapeliu-10motifs-beanie-cap\/","title":{"rendered":"[&nbsp;10motifs vyri\u0161ka kepur\u0117 su snapeliu &#8211; Beanie Cap&nbsp;]"},"content":{"rendered":"<p style=\"text-align: center;\">M\u016bs\u0173 populiariausias aksesuaras i\u0161 \u017eiemos kolekcijos. Sukurtos,<br \/>\nkad pritraukt\u0173 d\u0117mes\u012f, i\u0161laikyt\u0173 \u0161ird\u012f piln\u0105 meil\u0117s, o galv\u0105 \u2013 \u0161ilt\u0105.<br \/>\nUniversalus formos dizainas ir tankus t\u016brinis pynimas \u2013 \u0161ios<br \/>\n\u0161velnios odai kepur\u0117s yra susuktos i\u0161 keturi\u0173 si\u016bl\u0173 ir patikimai<br \/>\napsaugo nuo \u0161al\u010dio.<br \/>\n\u2014 Bini forma, apvado plotis reguliuojamas.<br \/>\n\u2014 Mink\u0161ta, lengva, lygi ir \u0161ilta si\u016blai i\u0161 ypa\u010d verting\u0173 pluo\u0161t\u0173.<br \/>\n\u2014 Fang\u0173 pynimas padeda kepurei i\u0161laikyti form\u0105 \u2013 ji patogiai<br \/>\npriglunda prie galvos ir laikui b\u0117gant nesiplauna.<\/p>\n","protected":false},"excerpt":{"rendered":"<p>\u0160velnios ir \u0161iltos medviln\u0117s bini kepur\u0117s kasdieniams patogiems \u012fvaizd\u017eiams. D\u0117l tvarkingos klasikin\u0117s formos ir universalaus atspalvio ji lengvai derinama su paltukais, striuk\u0117mis, tren\u010dais ir kitais m\u016bs\u0173 kolekcijos gaminiais.<br \/>\nTai atitinka m\u016bs\u0173 2 motyv\u0105 [baltarusi\u0173 tradicij\u0173 ir rank\u0173 darbo i\u0161saugojimas automatizacijos am\u017eiuje], kuris atsispindi m\u016bs\u0173 rank\u0173 darbo dekore. Jums nereik\u0117s r\u016bpintis pakavimu, mes visada supakuosime m\u016bs\u0173 gaminius \u012f gra\u017ei\u0105 pakuot\u0119 su asmenine atvirut\u0117le.<\/p>\n<p>Dydis: universali<br \/>\nDekoras atliktas rankomis.<\/p>\n<p>Avec l&#8217;amour, 10motifs [\ud83e\udd0d]<\/p>\n","protected":false},"featured_media":26237,"template":"","meta":[],"product_brand":[],"product_cat":[838,890],"product_tag":[],"class_list":{"0":"post-26221","1":"product","2":"type-product","3":"status-publish","4":"has-post-thumbnail","6":"product_cat-dovanos","7":"product_cat-vyriski-galvos-apdangalai","8":"product_shipping_class-vidurinis-langelis","10":"first","11":"instock","12":"shipping-taxable","13":"purchasable","14":"product-type-variable"},"yoast_head":"<!-- This site is optimized with the Yoast SEO plugin v27.4 - https:\/\/yoast.com\/product\/yoast-seo-wordpress\/ -->\n<title>[ 10motifs vyri\u0161ka kepur\u0117 su snapeliu - Beanie Cap ] pirkti internetu Lietuvoje \u2764\ufe0f 10motifs<\/title>\n<meta name=\"description\" content=\"U\u017esisakykite [ 10motifs vyri\u0161ka kepur\u0117 su snapeliu - Beanie Cap ] su pristatymu Europoje ir JAV. \u2764\ufe0f Kainos Baltarusijos prek\u0117s \u017eenklo drabu\u017ei\u0173 su \u0161irdel\u0117mis internetin\u0117je parduotuv\u0117je 10 motyv\u0173 \u2764\ufe0f 10 motyv\u0173\" \/>\n<meta name=\"robots\" content=\"index, follow, max-snippet:-1, max-image-preview:large, max-video-preview:-1\" \/>\n<link rel=\"canonical\" href=\"https:\/\/10motifs.com\/lt\/produktas\/vyriska-kepure-su-snapeliu-10motifs-beanie-cap\/\" \/>\n<meta property=\"og:locale\" content=\"lt_LT\" \/>\n<meta property=\"og:type\" content=\"article\" \/>\n<meta property=\"og:title\" content=\"[ 10motifs vyri\u0161ka kepur\u0117 su snapeliu - Beanie Cap ] pirkti internetu Lietuvoje \u2764\ufe0f 10motifs\" \/>\n<meta property=\"og:description\" content=\"U\u017esisakykite [ 10motifs vyri\u0161ka kepur\u0117 su snapeliu - Beanie Cap ] su pristatymu Europoje ir JAV. \u2764\ufe0f Kainos Baltarusijos prek\u0117s \u017eenklo drabu\u017ei\u0173 su \u0161irdel\u0117mis internetin\u0117je parduotuv\u0117je 10 motyv\u0173 \u2764\ufe0f 10 motyv\u0173\" \/>\n<meta property=\"og:url\" content=\"https:\/\/10motifs.com\/lt\/produktas\/vyriska-kepure-su-snapeliu-10motifs-beanie-cap\/\" \/>\n<meta property=\"og:site_name\" content=\"10motifs\" \/>\n<meta property=\"article:modified_time\" content=\"2024-12-16T23:02:37+00:00\" \/>\n<meta property=\"og:image\" content=\"https:\/\/10motifs.com\/wp-content\/uploads\/2024\/04\/photo_2024-04-06-17.01-1.jpg\" \/>\n\t<meta property=\"og:image:width\" content=\"700\" \/>\n\t<meta property=\"og:image:height\" content=\"800\" \/>\n\t<meta property=\"og:image:type\" content=\"image\/jpeg\" \/>\n<meta name=\"twitter:card\" content=\"summary_large_image\" \/>\n<meta name=\"twitter:label1\" content=\"Est. reading time\" \/>\n\t<meta name=\"twitter:data1\" content=\"1 minut\u0117\" \/>\n<script type=\"application\/ld+json\" class=\"yoast-schema-graph\">{\"@context\":\"https:\\\/\\\/schema.org\",\"@graph\":[{\"@type\":\"WebPage\",\"@id\":\"https:\\\/\\\/10motifs.com\\\/lt\\\/produktas\\\/vyriska-kepure-su-snapeliu-10motifs-beanie-cap\\\/\",\"url\":\"https:\\\/\\\/10motifs.com\\\/lt\\\/produktas\\\/vyriska-kepure-su-snapeliu-10motifs-beanie-cap\\\/\",\"name\":\"[ 10motifs vyri\u0161ka kepur\u0117 su snapeliu - Beanie Cap ] pirkti internetu Lietuvoje \u2764\ufe0f 10motifs\",\"isPartOf\":{\"@id\":\"https:\\\/\\\/10motifs.com\\\/lt\\\/#website\"},\"primaryImageOfPage\":{\"@id\":\"https:\\\/\\\/10motifs.com\\\/lt\\\/produktas\\\/vyriska-kepure-su-snapeliu-10motifs-beanie-cap\\\/#primaryimage\"},\"image\":{\"@id\":\"https:\\\/\\\/10motifs.com\\\/lt\\\/produktas\\\/vyriska-kepure-su-snapeliu-10motifs-beanie-cap\\\/#primaryimage\"},\"thumbnailUrl\":\"https:\\\/\\\/10motifs.com\\\/wp-content\\\/uploads\\\/2024\\\/04\\\/photo_2024-04-06-17.01-1.jpg\",\"datePublished\":\"2024-04-27T21:51:59+00:00\",\"dateModified\":\"2024-12-16T23:02:37+00:00\",\"description\":\"U\u017esisakykite [ 10motifs vyri\u0161ka kepur\u0117 su snapeliu - Beanie Cap ] su pristatymu Europoje ir JAV. \u2764\ufe0f Kainos Baltarusijos prek\u0117s \u017eenklo drabu\u017ei\u0173 su \u0161irdel\u0117mis internetin\u0117je parduotuv\u0117je 10 motyv\u0173 \u2764\ufe0f 10 motyv\u0173\",\"breadcrumb\":{\"@id\":\"https:\\\/\\\/10motifs.com\\\/lt\\\/produktas\\\/vyriska-kepure-su-snapeliu-10motifs-beanie-cap\\\/#breadcrumb\"},\"inLanguage\":\"lt-LT\",\"potentialAction\":[{\"@type\":\"ReadAction\",\"target\":[\"https:\\\/\\\/10motifs.com\\\/lt\\\/produktas\\\/vyriska-kepure-su-snapeliu-10motifs-beanie-cap\\\/\"]}]},{\"@type\":\"ImageObject\",\"inLanguage\":\"lt-LT\",\"@id\":\"https:\\\/\\\/10motifs.com\\\/lt\\\/produktas\\\/vyriska-kepure-su-snapeliu-10motifs-beanie-cap\\\/#primaryimage\",\"url\":\"https:\\\/\\\/10motifs.com\\\/wp-content\\\/uploads\\\/2024\\\/04\\\/photo_2024-04-06-17.01-1.jpg\",\"contentUrl\":\"https:\\\/\\\/10motifs.com\\\/wp-content\\\/uploads\\\/2024\\\/04\\\/photo_2024-04-06-17.01-1.jpg\",\"width\":700,\"height\":800,\"caption\":\"Kepur\u0117s su snapeliu 10motyv\u0173\"},{\"@type\":\"BreadcrumbList\",\"@id\":\"https:\\\/\\\/10motifs.com\\\/lt\\\/produktas\\\/vyriska-kepure-su-snapeliu-10motifs-beanie-cap\\\/#breadcrumb\",\"itemListElement\":[{\"@type\":\"ListItem\",\"position\":1,\"name\":\"Pagrindinis puslapis\",\"item\":\"https:\\\/\\\/10motifs.com\\\/lt\\\/\"},{\"@type\":\"ListItem\",\"position\":2,\"name\":\"Parduotuv\u0117\",\"item\":\"https:\\\/\\\/10motifs.com\\\/lt\\\/parduotuve\\\/\"},{\"@type\":\"ListItem\",\"position\":3,\"name\":\"[&nbsp;10motifs vyri\u0161ka kepur\u0117 su snapeliu &#8212; Beanie Cap&nbsp;]\"}]},{\"@type\":\"WebSite\",\"@id\":\"https:\\\/\\\/10motifs.com\\\/lt\\\/#website\",\"url\":\"https:\\\/\\\/10motifs.com\\\/lt\\\/\",\"name\":\"10motifs\",\"description\":\"Internetin\u0117 dizaineri\u0173 drabu\u017ei\u0173 parduotuv\u0117\",\"publisher\":{\"@id\":\"https:\\\/\\\/10motifs.com\\\/lt\\\/#organization\"},\"alternateName\":\"10motifs\",\"potentialAction\":[{\"@type\":\"SearchAction\",\"target\":{\"@type\":\"EntryPoint\",\"urlTemplate\":\"https:\\\/\\\/10motifs.com\\\/lt\\\/?s={search_term_string}\"},\"query-input\":{\"@type\":\"PropertyValueSpecification\",\"valueRequired\":true,\"valueName\":\"search_term_string\"}}],\"inLanguage\":\"lt-LT\"},{\"@type\":\"Organization\",\"@id\":\"https:\\\/\\\/10motifs.com\\\/lt\\\/#organization\",\"name\":\"10motifs\",\"alternateName\":\"10motifs\",\"url\":\"https:\\\/\\\/10motifs.com\\\/lt\\\/\",\"logo\":{\"@type\":\"ImageObject\",\"inLanguage\":\"lt-LT\",\"@id\":\"https:\\\/\\\/10motifs.com\\\/lt\\\/#\\\/schema\\\/logo\\\/image\\\/\",\"url\":\"https:\\\/\\\/10motifs.com\\\/wp-content\\\/uploads\\\/2024\\\/04\\\/cropped-img_6859.jpg\",\"contentUrl\":\"https:\\\/\\\/10motifs.com\\\/wp-content\\\/uploads\\\/2024\\\/04\\\/cropped-img_6859.jpg\",\"width\":512,\"height\":512,\"caption\":\"10motifs\"},\"image\":{\"@id\":\"https:\\\/\\\/10motifs.com\\\/lt\\\/#\\\/schema\\\/logo\\\/image\\\/\"},\"sameAs\":[\"https:\\\/\\\/www.instagram.com\\\/10motifs\\\/\"]}]}<\/script>\n<!-- \/ Yoast SEO plugin. -->","yoast_head_json":{"title":"[ 10motifs vyri\u0161ka kepur\u0117 su snapeliu - Beanie Cap ] pirkti internetu Lietuvoje \u2764\ufe0f 10motifs","description":"U\u017esisakykite [ 10motifs vyri\u0161ka kepur\u0117 su snapeliu - Beanie Cap ] su pristatymu Europoje ir JAV. \u2764\ufe0f Kainos Baltarusijos prek\u0117s \u017eenklo drabu\u017ei\u0173 su \u0161irdel\u0117mis internetin\u0117je parduotuv\u0117je 10 motyv\u0173 \u2764\ufe0f 10 motyv\u0173","robots":{"index":"index","follow":"follow","max-snippet":"max-snippet:-1","max-image-preview":"max-image-preview:large","max-video-preview":"max-video-preview:-1"},"canonical":"https:\/\/10motifs.com\/lt\/produktas\/vyriska-kepure-su-snapeliu-10motifs-beanie-cap\/","og_locale":"lt_LT","og_type":"article","og_title":"[ 10motifs vyri\u0161ka kepur\u0117 su snapeliu - Beanie Cap ] pirkti internetu Lietuvoje \u2764\ufe0f 10motifs","og_description":"U\u017esisakykite [ 10motifs vyri\u0161ka kepur\u0117 su snapeliu - Beanie Cap ] su pristatymu Europoje ir JAV. \u2764\ufe0f Kainos Baltarusijos prek\u0117s \u017eenklo drabu\u017ei\u0173 su \u0161irdel\u0117mis internetin\u0117je parduotuv\u0117je 10 motyv\u0173 \u2764\ufe0f 10 motyv\u0173","og_url":"https:\/\/10motifs.com\/lt\/produktas\/vyriska-kepure-su-snapeliu-10motifs-beanie-cap\/","og_site_name":"10motifs","article_modified_time":"2024-12-16T23:02:37+00:00","og_image":[{"width":700,"height":800,"url":"https:\/\/10motifs.com\/wp-content\/uploads\/2024\/04\/photo_2024-04-06-17.01-1.jpg","type":"image\/jpeg"}],"twitter_card":"summary_large_image","twitter_misc":{"Est. reading time":"1 minut\u0117"},"schema":{"@context":"https:\/\/schema.org","@graph":[{"@type":"WebPage","@id":"https:\/\/10motifs.com\/lt\/produktas\/vyriska-kepure-su-snapeliu-10motifs-beanie-cap\/","url":"https:\/\/10motifs.com\/lt\/produktas\/vyriska-kepure-su-snapeliu-10motifs-beanie-cap\/","name":"[ 10motifs vyri\u0161ka kepur\u0117 su snapeliu - Beanie Cap ] pirkti internetu Lietuvoje \u2764\ufe0f 10motifs","isPartOf":{"@id":"https:\/\/10motifs.com\/lt\/#website"},"primaryImageOfPage":{"@id":"https:\/\/10motifs.com\/lt\/produktas\/vyriska-kepure-su-snapeliu-10motifs-beanie-cap\/#primaryimage"},"image":{"@id":"https:\/\/10motifs.com\/lt\/produktas\/vyriska-kepure-su-snapeliu-10motifs-beanie-cap\/#primaryimage"},"thumbnailUrl":"https:\/\/10motifs.com\/wp-content\/uploads\/2024\/04\/photo_2024-04-06-17.01-1.jpg","datePublished":"2024-04-27T21:51:59+00:00","dateModified":"2024-12-16T23:02:37+00:00","description":"U\u017esisakykite [ 10motifs vyri\u0161ka kepur\u0117 su snapeliu - Beanie Cap ] su pristatymu Europoje ir JAV. \u2764\ufe0f Kainos Baltarusijos prek\u0117s \u017eenklo drabu\u017ei\u0173 su \u0161irdel\u0117mis internetin\u0117je parduotuv\u0117je 10 motyv\u0173 \u2764\ufe0f 10 motyv\u0173","breadcrumb":{"@id":"https:\/\/10motifs.com\/lt\/produktas\/vyriska-kepure-su-snapeliu-10motifs-beanie-cap\/#breadcrumb"},"inLanguage":"lt-LT","potentialAction":[{"@type":"ReadAction","target":["https:\/\/10motifs.com\/lt\/produktas\/vyriska-kepure-su-snapeliu-10motifs-beanie-cap\/"]}]},{"@type":"ImageObject","inLanguage":"lt-LT","@id":"https:\/\/10motifs.com\/lt\/produktas\/vyriska-kepure-su-snapeliu-10motifs-beanie-cap\/#primaryimage","url":"https:\/\/10motifs.com\/wp-content\/uploads\/2024\/04\/photo_2024-04-06-17.01-1.jpg","contentUrl":"https:\/\/10motifs.com\/wp-content\/uploads\/2024\/04\/photo_2024-04-06-17.01-1.jpg","width":700,"height":800,"caption":"Kepur\u0117s su snapeliu 10motyv\u0173"},{"@type":"BreadcrumbList","@id":"https:\/\/10motifs.com\/lt\/produktas\/vyriska-kepure-su-snapeliu-10motifs-beanie-cap\/#breadcrumb","itemListElement":[{"@type":"ListItem","position":1,"name":"Pagrindinis puslapis","item":"https:\/\/10motifs.com\/lt\/"},{"@type":"ListItem","position":2,"name":"Parduotuv\u0117","item":"https:\/\/10motifs.com\/lt\/parduotuve\/"},{"@type":"ListItem","position":3,"name":"[&nbsp;10motifs vyri\u0161ka kepur\u0117 su snapeliu &#8212; Beanie Cap&nbsp;]"}]},{"@type":"WebSite","@id":"https:\/\/10motifs.com\/lt\/#website","url":"https:\/\/10motifs.com\/lt\/","name":"10motifs","description":"Internetin\u0117 dizaineri\u0173 drabu\u017ei\u0173 parduotuv\u0117","publisher":{"@id":"https:\/\/10motifs.com\/lt\/#organization"},"alternateName":"10motifs","potentialAction":[{"@type":"SearchAction","target":{"@type":"EntryPoint","urlTemplate":"https:\/\/10motifs.com\/lt\/?s={search_term_string}"},"query-input":{"@type":"PropertyValueSpecification","valueRequired":true,"valueName":"search_term_string"}}],"inLanguage":"lt-LT"},{"@type":"Organization","@id":"https:\/\/10motifs.com\/lt\/#organization","name":"10motifs","alternateName":"10motifs","url":"https:\/\/10motifs.com\/lt\/","logo":{"@type":"ImageObject","inLanguage":"lt-LT","@id":"https:\/\/10motifs.com\/lt\/#\/schema\/logo\/image\/","url":"https:\/\/10motifs.com\/wp-content\/uploads\/2024\/04\/cropped-img_6859.jpg","contentUrl":"https:\/\/10motifs.com\/wp-content\/uploads\/2024\/04\/cropped-img_6859.jpg","width":512,"height":512,"caption":"10motifs"},"image":{"@id":"https:\/\/10motifs.com\/lt\/#\/schema\/logo\/image\/"},"sameAs":["https:\/\/www.instagram.com\/10motifs\/"]}]}},"_links":{"self":[{"href":"https:\/\/10motifs.com\/lt\/wp-json\/wp\/v2\/product\/26221","targetHints":{"allow":["GET"]}}],"collection":[{"href":"https:\/\/10motifs.com\/lt\/wp-json\/wp\/v2\/product"}],"about":[{"href":"https:\/\/10motifs.com\/lt\/wp-json\/wp\/v2\/types\/product"}],"version-history":[{"count":4,"href":"https:\/\/10motifs.com\/lt\/wp-json\/wp\/v2\/product\/26221\/revisions"}],"predecessor-version":[{"id":27542,"href":"https:\/\/10motifs.com\/lt\/wp-json\/wp\/v2\/product\/26221\/revisions\/27542"}],"wp:featuredmedia":[{"embeddable":true,"href":"https:\/\/10motifs.com\/lt\/wp-json\/wp\/v2\/media\/26237"}],"wp:attachment":[{"href":"https:\/\/10motifs.com\/lt\/wp-json\/wp\/v2\/media?parent=26221"}],"wp:term":[{"taxonomy":"product_brand","embeddable":true,"href":"https:\/\/10motifs.com\/lt\/wp-json\/wp\/v2\/product_brand?post=26221"},{"taxonomy":"product_cat","embeddable":true,"href":"https:\/\/10motifs.com\/lt\/wp-json\/wp\/v2\/product_cat?post=26221"},{"taxonomy":"product_tag","embeddable":true,"href":"https:\/\/10motifs.com\/lt\/wp-json\/wp\/v2\/product_tag?post=26221"}],"curies":[{"name":"wp","href":"https:\/\/api.w.org\/{rel}","templated":true}]}}