{"id":26190,"date":"2024-04-22T13:33:33","date_gmt":"2024-04-22T10:33:33","guid":{"rendered":"http:\/\/10motifs.com\/product\/vyriskos-vilnones-kojines-10motifs\/"},"modified":"2024-12-17T01:17:10","modified_gmt":"2024-12-16T23:17:10","slug":"vyriskos-vilnones-kojines-10motifs","status":"publish","type":"product","link":"https:\/\/10motifs.com\/lt\/produktas\/vyriskos-vilnones-kojines-10motifs\/","title":{"rendered":"[&nbsp;10motifs vyri\u0161kos vilnon\u0117s kojin\u0117s&nbsp;]"},"content":{"rendered":"<p style=\"text-align: center;\">Gyvenimas yra toks ry\u0161kus, kok\u012f dr\u0105siai j\u012f nuspalvinate. B\u016bkite<br \/>\ndr\u0105s\u016bs, b\u016bkite ry\u0161k\u016bs kartu su 10motifs. Nauji pavasario atspalviai<br \/>\nm\u016bs\u0173 \u0161irdel\u0117mis dekoruotoms kojin\u0117ms jau m\u016bs\u0173 salonuose.<br \/>\nAteikite pasirinkti savo baland\u017eio spalv\u0105.<\/p>\n","protected":false},"excerpt":{"rendered":"<p>Auk\u0161tos, su mink\u0161ta gumele \u2014 \u0161ios kojin\u0117s puikiai dera tiek su kostiumin\u0117mis keln\u0117mis, tiek su d\u017einsais. Mezgame jas i\u0161 tvirtos, \u0161velnios medviln\u0117s ir vilnos su elastanu, kuris padeda kojin\u0117ms i\u0161laikyti form\u0105 ir nesitempti net po da\u017enos skalbimo. \u0160is gaminys \u012fk\u016bnija m\u016bs\u0173 antr\u0105j\u012f motyv\u0105 [tradicij\u0173 ir rank\u0173 darbo i\u0161saugojim\u0105 automatizacios am\u017eiuje], o rank\u0173 darbo dekoras suteikia ypatingo \u017eavesio. Jums nereik\u0117s r\u016bpintis \u012fpakavimu \u2014 m\u016bs\u0173 gaminiai visada pakuojami \u012f gra\u017ei\u0105 pakuot\u0119 su vardine atvirute.<\/p>\n<p>Dydis: vienas dydis<br \/>\nDekoras: rank\u0173 darbas<\/p>\n<p class=\"p1\">Avec l\u2019amour, 10motifs [\ud83e\udd0d]<\/p>\n","protected":false},"featured_media":26208,"template":"","meta":[],"product_brand":[],"product_cat":[838,839],"product_tag":[],"class_list":{"0":"post-26190","1":"product","2":"type-product","3":"status-publish","4":"has-post-thumbnail","6":"product_cat-dovanos","7":"product_cat-vyriskos-kojines","8":"product_shipping_class-malenkaya-korobka-lt","10":"first","11":"instock","12":"shipping-taxable","13":"purchasable","14":"product-type-variable"},"yoast_head":"<!-- This site is optimized with the Yoast SEO plugin v27.3 - https:\/\/yoast.com\/product\/yoast-seo-wordpress\/ -->\n<title>[ 10motifs vyri\u0161kos vilnon\u0117s kojin\u0117s ] pirkti internetu Lietuvoje \u2764\ufe0f 10motifs<\/title>\n<meta name=\"description\" content=\"U\u017esisakykite [ 10motifs vyri\u0161kos vilnon\u0117s kojin\u0117s ] su pristatymu Europoje ir JAV. \u2764\ufe0f Kainos Baltarusijos prek\u0117s \u017eenklo drabu\u017ei\u0173 su \u0161irdel\u0117mis internetin\u0117je parduotuv\u0117je 10 motyv\u0173 \u2764\ufe0f 10 motyv\u0173\" \/>\n<meta name=\"robots\" content=\"index, follow, max-snippet:-1, max-image-preview:large, max-video-preview:-1\" \/>\n<link rel=\"canonical\" href=\"https:\/\/10motifs.com\/lt\/produktas\/vyriskos-vilnones-kojines-10motifs\/\" \/>\n<meta property=\"og:locale\" content=\"lt_LT\" \/>\n<meta property=\"og:type\" content=\"article\" \/>\n<meta property=\"og:title\" content=\"[ 10motifs vyri\u0161kos vilnon\u0117s kojin\u0117s ] pirkti internetu Lietuvoje \u2764\ufe0f 10motifs\" \/>\n<meta property=\"og:description\" content=\"U\u017esisakykite [ 10motifs vyri\u0161kos vilnon\u0117s kojin\u0117s ] su pristatymu Europoje ir JAV. \u2764\ufe0f Kainos Baltarusijos prek\u0117s \u017eenklo drabu\u017ei\u0173 su \u0161irdel\u0117mis internetin\u0117je parduotuv\u0117je 10 motyv\u0173 \u2764\ufe0f 10 motyv\u0173\" \/>\n<meta property=\"og:url\" content=\"https:\/\/10motifs.com\/lt\/produktas\/vyriskos-vilnones-kojines-10motifs\/\" \/>\n<meta property=\"og:site_name\" content=\"10motifs\" \/>\n<meta property=\"article:modified_time\" content=\"2024-12-16T23:17:10+00:00\" \/>\n<meta property=\"og:image\" content=\"https:\/\/10motifs.com\/wp-content\/uploads\/2024\/04\/image-35.jpg\" \/>\n\t<meta property=\"og:image:width\" content=\"1400\" \/>\n\t<meta property=\"og:image:height\" content=\"1600\" \/>\n\t<meta property=\"og:image:type\" content=\"image\/jpeg\" \/>\n<meta name=\"twitter:card\" content=\"summary_large_image\" \/>\n<meta name=\"twitter:label1\" content=\"Est. reading time\" \/>\n\t<meta name=\"twitter:data1\" content=\"1 minut\u0117\" \/>\n<script type=\"application\/ld+json\" class=\"yoast-schema-graph\">{\"@context\":\"https:\\\/\\\/schema.org\",\"@graph\":[{\"@type\":\"WebPage\",\"@id\":\"https:\\\/\\\/10motifs.com\\\/lt\\\/produktas\\\/vyriskos-vilnones-kojines-10motifs\\\/\",\"url\":\"https:\\\/\\\/10motifs.com\\\/lt\\\/produktas\\\/vyriskos-vilnones-kojines-10motifs\\\/\",\"name\":\"[ 10motifs vyri\u0161kos vilnon\u0117s kojin\u0117s ] pirkti internetu Lietuvoje \u2764\ufe0f 10motifs\",\"isPartOf\":{\"@id\":\"https:\\\/\\\/10motifs.com\\\/lt\\\/#website\"},\"primaryImageOfPage\":{\"@id\":\"https:\\\/\\\/10motifs.com\\\/lt\\\/produktas\\\/vyriskos-vilnones-kojines-10motifs\\\/#primaryimage\"},\"image\":{\"@id\":\"https:\\\/\\\/10motifs.com\\\/lt\\\/produktas\\\/vyriskos-vilnones-kojines-10motifs\\\/#primaryimage\"},\"thumbnailUrl\":\"https:\\\/\\\/10motifs.com\\\/wp-content\\\/uploads\\\/2024\\\/04\\\/image-35.jpg\",\"datePublished\":\"2024-04-22T10:33:33+00:00\",\"dateModified\":\"2024-12-16T23:17:10+00:00\",\"description\":\"U\u017esisakykite [ 10motifs vyri\u0161kos vilnon\u0117s kojin\u0117s ] su pristatymu Europoje ir JAV. \u2764\ufe0f Kainos Baltarusijos prek\u0117s \u017eenklo drabu\u017ei\u0173 su \u0161irdel\u0117mis internetin\u0117je parduotuv\u0117je 10 motyv\u0173 \u2764\ufe0f 10 motyv\u0173\",\"breadcrumb\":{\"@id\":\"https:\\\/\\\/10motifs.com\\\/lt\\\/produktas\\\/vyriskos-vilnones-kojines-10motifs\\\/#breadcrumb\"},\"inLanguage\":\"lt-LT\",\"potentialAction\":[{\"@type\":\"ReadAction\",\"target\":[\"https:\\\/\\\/10motifs.com\\\/lt\\\/produktas\\\/vyriskos-vilnones-kojines-10motifs\\\/\"]}]},{\"@type\":\"ImageObject\",\"inLanguage\":\"lt-LT\",\"@id\":\"https:\\\/\\\/10motifs.com\\\/lt\\\/produktas\\\/vyriskos-vilnones-kojines-10motifs\\\/#primaryimage\",\"url\":\"https:\\\/\\\/10motifs.com\\\/wp-content\\\/uploads\\\/2024\\\/04\\\/image-35.jpg\",\"contentUrl\":\"https:\\\/\\\/10motifs.com\\\/wp-content\\\/uploads\\\/2024\\\/04\\\/image-35.jpg\",\"width\":1400,\"height\":1600},{\"@type\":\"BreadcrumbList\",\"@id\":\"https:\\\/\\\/10motifs.com\\\/lt\\\/produktas\\\/vyriskos-vilnones-kojines-10motifs\\\/#breadcrumb\",\"itemListElement\":[{\"@type\":\"ListItem\",\"position\":1,\"name\":\"Pagrindinis puslapis\",\"item\":\"https:\\\/\\\/10motifs.com\\\/lt\\\/\"},{\"@type\":\"ListItem\",\"position\":2,\"name\":\"Parduotuv\u0117\",\"item\":\"https:\\\/\\\/10motifs.com\\\/lt\\\/parduotuve\\\/\"},{\"@type\":\"ListItem\",\"position\":3,\"name\":\"[&nbsp;10motifs vyri\u0161kos vilnon\u0117s kojin\u0117s&nbsp;]\"}]},{\"@type\":\"WebSite\",\"@id\":\"https:\\\/\\\/10motifs.com\\\/lt\\\/#website\",\"url\":\"https:\\\/\\\/10motifs.com\\\/lt\\\/\",\"name\":\"10motifs\",\"description\":\"Internetin\u0117 dizaineri\u0173 drabu\u017ei\u0173 parduotuv\u0117\",\"publisher\":{\"@id\":\"https:\\\/\\\/10motifs.com\\\/lt\\\/#organization\"},\"alternateName\":\"10motifs\",\"potentialAction\":[{\"@type\":\"SearchAction\",\"target\":{\"@type\":\"EntryPoint\",\"urlTemplate\":\"https:\\\/\\\/10motifs.com\\\/lt\\\/?s={search_term_string}\"},\"query-input\":{\"@type\":\"PropertyValueSpecification\",\"valueRequired\":true,\"valueName\":\"search_term_string\"}}],\"inLanguage\":\"lt-LT\"},{\"@type\":\"Organization\",\"@id\":\"https:\\\/\\\/10motifs.com\\\/lt\\\/#organization\",\"name\":\"10motifs\",\"alternateName\":\"10motifs\",\"url\":\"https:\\\/\\\/10motifs.com\\\/lt\\\/\",\"logo\":{\"@type\":\"ImageObject\",\"inLanguage\":\"lt-LT\",\"@id\":\"https:\\\/\\\/10motifs.com\\\/lt\\\/#\\\/schema\\\/logo\\\/image\\\/\",\"url\":\"https:\\\/\\\/10motifs.com\\\/wp-content\\\/uploads\\\/2024\\\/04\\\/cropped-img_6859.jpg\",\"contentUrl\":\"https:\\\/\\\/10motifs.com\\\/wp-content\\\/uploads\\\/2024\\\/04\\\/cropped-img_6859.jpg\",\"width\":512,\"height\":512,\"caption\":\"10motifs\"},\"image\":{\"@id\":\"https:\\\/\\\/10motifs.com\\\/lt\\\/#\\\/schema\\\/logo\\\/image\\\/\"},\"sameAs\":[\"https:\\\/\\\/www.instagram.com\\\/10motifs\\\/\"]}]}<\/script>\n<!-- \/ Yoast SEO plugin. -->","yoast_head_json":{"title":"[ 10motifs vyri\u0161kos vilnon\u0117s kojin\u0117s ] pirkti internetu Lietuvoje \u2764\ufe0f 10motifs","description":"U\u017esisakykite [ 10motifs vyri\u0161kos vilnon\u0117s kojin\u0117s ] su pristatymu Europoje ir JAV. \u2764\ufe0f Kainos Baltarusijos prek\u0117s \u017eenklo drabu\u017ei\u0173 su \u0161irdel\u0117mis internetin\u0117je parduotuv\u0117je 10 motyv\u0173 \u2764\ufe0f 10 motyv\u0173","robots":{"index":"index","follow":"follow","max-snippet":"max-snippet:-1","max-image-preview":"max-image-preview:large","max-video-preview":"max-video-preview:-1"},"canonical":"https:\/\/10motifs.com\/lt\/produktas\/vyriskos-vilnones-kojines-10motifs\/","og_locale":"lt_LT","og_type":"article","og_title":"[ 10motifs vyri\u0161kos vilnon\u0117s kojin\u0117s ] pirkti internetu Lietuvoje \u2764\ufe0f 10motifs","og_description":"U\u017esisakykite [ 10motifs vyri\u0161kos vilnon\u0117s kojin\u0117s ] su pristatymu Europoje ir JAV. \u2764\ufe0f Kainos Baltarusijos prek\u0117s \u017eenklo drabu\u017ei\u0173 su \u0161irdel\u0117mis internetin\u0117je parduotuv\u0117je 10 motyv\u0173 \u2764\ufe0f 10 motyv\u0173","og_url":"https:\/\/10motifs.com\/lt\/produktas\/vyriskos-vilnones-kojines-10motifs\/","og_site_name":"10motifs","article_modified_time":"2024-12-16T23:17:10+00:00","og_image":[{"width":1400,"height":1600,"url":"https:\/\/10motifs.com\/wp-content\/uploads\/2024\/04\/image-35.jpg","type":"image\/jpeg"}],"twitter_card":"summary_large_image","twitter_misc":{"Est. reading time":"1 minut\u0117"},"schema":{"@context":"https:\/\/schema.org","@graph":[{"@type":"WebPage","@id":"https:\/\/10motifs.com\/lt\/produktas\/vyriskos-vilnones-kojines-10motifs\/","url":"https:\/\/10motifs.com\/lt\/produktas\/vyriskos-vilnones-kojines-10motifs\/","name":"[ 10motifs vyri\u0161kos vilnon\u0117s kojin\u0117s ] pirkti internetu Lietuvoje \u2764\ufe0f 10motifs","isPartOf":{"@id":"https:\/\/10motifs.com\/lt\/#website"},"primaryImageOfPage":{"@id":"https:\/\/10motifs.com\/lt\/produktas\/vyriskos-vilnones-kojines-10motifs\/#primaryimage"},"image":{"@id":"https:\/\/10motifs.com\/lt\/produktas\/vyriskos-vilnones-kojines-10motifs\/#primaryimage"},"thumbnailUrl":"https:\/\/10motifs.com\/wp-content\/uploads\/2024\/04\/image-35.jpg","datePublished":"2024-04-22T10:33:33+00:00","dateModified":"2024-12-16T23:17:10+00:00","description":"U\u017esisakykite [ 10motifs vyri\u0161kos vilnon\u0117s kojin\u0117s ] su pristatymu Europoje ir JAV. \u2764\ufe0f Kainos Baltarusijos prek\u0117s \u017eenklo drabu\u017ei\u0173 su \u0161irdel\u0117mis internetin\u0117je parduotuv\u0117je 10 motyv\u0173 \u2764\ufe0f 10 motyv\u0173","breadcrumb":{"@id":"https:\/\/10motifs.com\/lt\/produktas\/vyriskos-vilnones-kojines-10motifs\/#breadcrumb"},"inLanguage":"lt-LT","potentialAction":[{"@type":"ReadAction","target":["https:\/\/10motifs.com\/lt\/produktas\/vyriskos-vilnones-kojines-10motifs\/"]}]},{"@type":"ImageObject","inLanguage":"lt-LT","@id":"https:\/\/10motifs.com\/lt\/produktas\/vyriskos-vilnones-kojines-10motifs\/#primaryimage","url":"https:\/\/10motifs.com\/wp-content\/uploads\/2024\/04\/image-35.jpg","contentUrl":"https:\/\/10motifs.com\/wp-content\/uploads\/2024\/04\/image-35.jpg","width":1400,"height":1600},{"@type":"BreadcrumbList","@id":"https:\/\/10motifs.com\/lt\/produktas\/vyriskos-vilnones-kojines-10motifs\/#breadcrumb","itemListElement":[{"@type":"ListItem","position":1,"name":"Pagrindinis puslapis","item":"https:\/\/10motifs.com\/lt\/"},{"@type":"ListItem","position":2,"name":"Parduotuv\u0117","item":"https:\/\/10motifs.com\/lt\/parduotuve\/"},{"@type":"ListItem","position":3,"name":"[&nbsp;10motifs vyri\u0161kos vilnon\u0117s kojin\u0117s&nbsp;]"}]},{"@type":"WebSite","@id":"https:\/\/10motifs.com\/lt\/#website","url":"https:\/\/10motifs.com\/lt\/","name":"10motifs","description":"Internetin\u0117 dizaineri\u0173 drabu\u017ei\u0173 parduotuv\u0117","publisher":{"@id":"https:\/\/10motifs.com\/lt\/#organization"},"alternateName":"10motifs","potentialAction":[{"@type":"SearchAction","target":{"@type":"EntryPoint","urlTemplate":"https:\/\/10motifs.com\/lt\/?s={search_term_string}"},"query-input":{"@type":"PropertyValueSpecification","valueRequired":true,"valueName":"search_term_string"}}],"inLanguage":"lt-LT"},{"@type":"Organization","@id":"https:\/\/10motifs.com\/lt\/#organization","name":"10motifs","alternateName":"10motifs","url":"https:\/\/10motifs.com\/lt\/","logo":{"@type":"ImageObject","inLanguage":"lt-LT","@id":"https:\/\/10motifs.com\/lt\/#\/schema\/logo\/image\/","url":"https:\/\/10motifs.com\/wp-content\/uploads\/2024\/04\/cropped-img_6859.jpg","contentUrl":"https:\/\/10motifs.com\/wp-content\/uploads\/2024\/04\/cropped-img_6859.jpg","width":512,"height":512,"caption":"10motifs"},"image":{"@id":"https:\/\/10motifs.com\/lt\/#\/schema\/logo\/image\/"},"sameAs":["https:\/\/www.instagram.com\/10motifs\/"]}]}},"_links":{"self":[{"href":"https:\/\/10motifs.com\/lt\/wp-json\/wp\/v2\/product\/26190","targetHints":{"allow":["GET"]}}],"collection":[{"href":"https:\/\/10motifs.com\/lt\/wp-json\/wp\/v2\/product"}],"about":[{"href":"https:\/\/10motifs.com\/lt\/wp-json\/wp\/v2\/types\/product"}],"version-history":[{"count":4,"href":"https:\/\/10motifs.com\/lt\/wp-json\/wp\/v2\/product\/26190\/revisions"}],"predecessor-version":[{"id":27518,"href":"https:\/\/10motifs.com\/lt\/wp-json\/wp\/v2\/product\/26190\/revisions\/27518"}],"wp:featuredmedia":[{"embeddable":true,"href":"https:\/\/10motifs.com\/lt\/wp-json\/wp\/v2\/media\/26208"}],"wp:attachment":[{"href":"https:\/\/10motifs.com\/lt\/wp-json\/wp\/v2\/media?parent=26190"}],"wp:term":[{"taxonomy":"product_brand","embeddable":true,"href":"https:\/\/10motifs.com\/lt\/wp-json\/wp\/v2\/product_brand?post=26190"},{"taxonomy":"product_cat","embeddable":true,"href":"https:\/\/10motifs.com\/lt\/wp-json\/wp\/v2\/product_cat?post=26190"},{"taxonomy":"product_tag","embeddable":true,"href":"https:\/\/10motifs.com\/lt\/wp-json\/wp\/v2\/product_tag?post=26190"}],"curies":[{"name":"wp","href":"https:\/\/api.w.org\/{rel}","templated":true}]}}