{"id":25998,"date":"2024-05-01T22:05:09","date_gmt":"2024-05-01T19:05:09","guid":{"rendered":"http:\/\/10motifs.com\/product\/dzemperis-coeur\/"},"modified":"2024-12-17T00:04:58","modified_gmt":"2024-12-16T22:04:58","slug":"10motifs-dzemperis-coeur","status":"publish","type":"product","link":"https:\/\/10motifs.com\/lt\/produktas\/10motifs-dzemperis-coeur\/","title":{"rendered":"[&nbsp;10motifs D\u017eemperis COEUR&nbsp;]"},"content":{"rendered":"<p>\u0160velnus d\u017eemperis i\u0161 lengvo, orui pralaidaus medviln\u0117s ir vilnos<br \/>\nderinio su nuleistomis rankov\u0117mis \u2014 toks laisvas ir patogus,<br \/>\nkad jau\u010diat\u0117s kaip apgaubti jaukumo. Lengva medviln\u0117s ir vilnos<br \/>\nsi\u016blai \u0161velniai \u0161ildo ir visi\u0161kai nedirgina. Toks trikota\u017eas gerai<br \/>\nlaiko form\u0105 \u2014 net ir susuktas \u012f vien\u0105 si\u016bl\u0105, jis i\u0161lieka tvirtas ir elastingas.<\/p>\n","protected":false},"excerpt":{"rendered":"<p class=\"p1\">\u0160irdingumo kupinas d\u017eemperis \u2013 d\u0117v\u0117kite j\u012f su mini sijonais, \u0161ortais ar pla\u010diomis lino keln\u0117mis. \u0160iam modeliui pasirinkome tekst\u016brin\u0119 si\u016bl\u0105 i\u0161 lengvos medviln\u0117s. Toki\u0173 si\u016bl\u0173 trikota\u017eas yra lengvas ir form\u0105 i\u0161laikantis. Elastingas d\u017eemperis i\u0161 medviln\u0117s si\u016bl\u0173 \u2013 nesikand\u017eioja ir beveik nesijau\u010dia ant k\u016bno, d\u0117ka elastingo si\u016bl\u0173 pynimo. Jis lengvai pakeis \u012fprast\u0105 golf\u0105 deriniuose su \u0161varkais ar mar\u0161kiniais. O auk\u0161t\u0105 apykakl\u0119 su tvarkinga metaliniu u\u017etrauktuku bet kuriuo metu galima paversti V formos i\u0161kirpte.<br \/>\n\u012eeina \u012f 2 motyv\u0105 [ Tradicij\u0173 ir rank\u0173 darbo i\u0161saugojimas automatizacijos am\u017eiuje ].<\/p>\n<p class=\"p1\">Rank\u0173 darbo detal\u0117s<br \/>\n[ Individualus pritaikymas ] &#8211; galima u\u017esisakyti su j\u016bs\u0173 \u201eypatinga\u201c fraze.<\/p>\n<p class=\"p1\">Avec l\u2019amour, 10motifs <span style=\"vertical-align: inherit;\">[\ud83e\udd0d<\/span><span style=\"vertical-align: inherit;\">]<\/span><\/p>\n","protected":false},"featured_media":26015,"template":"","meta":[],"product_brand":[],"product_cat":[838,878],"product_tag":[],"class_list":{"0":"post-25998","1":"product","2":"type-product","3":"status-publish","4":"has-post-thumbnail","6":"product_cat-dovanos","7":"product_cat-dzemperiai","8":"product_shipping_class-didele-deze","10":"first","11":"instock","12":"shipping-taxable","13":"purchasable","14":"product-type-variable"},"yoast_head":"<!-- This site is optimized with the Yoast SEO plugin v27.3 - https:\/\/yoast.com\/product\/yoast-seo-wordpress\/ -->\n<title>[ 10motifs D\u017eemperis COEUR ] pirkti internetu Lietuvoje \u2764\ufe0f 10motifs<\/title>\n<meta name=\"description\" content=\"U\u017esisakykite [ 10motifs D\u017eemperis COEUR ] su pristatymu Europoje ir JAV. \u2764\ufe0f Kainos Baltarusijos prek\u0117s \u017eenklo drabu\u017ei\u0173 su \u0161irdel\u0117mis internetin\u0117je parduotuv\u0117je 10 motyv\u0173 \u2764\ufe0f 10 motyv\u0173\" \/>\n<meta name=\"robots\" content=\"index, follow, max-snippet:-1, max-image-preview:large, max-video-preview:-1\" \/>\n<link rel=\"canonical\" href=\"https:\/\/10motifs.com\/lt\/produktas\/10motifs-dzemperis-coeur\/\" \/>\n<meta property=\"og:locale\" content=\"lt_LT\" \/>\n<meta property=\"og:type\" content=\"article\" \/>\n<meta property=\"og:title\" content=\"[ 10motifs D\u017eemperis COEUR ] pirkti internetu Lietuvoje \u2764\ufe0f 10motifs\" \/>\n<meta property=\"og:description\" content=\"U\u017esisakykite [ 10motifs D\u017eemperis COEUR ] su pristatymu Europoje ir JAV. \u2764\ufe0f Kainos Baltarusijos prek\u0117s \u017eenklo drabu\u017ei\u0173 su \u0161irdel\u0117mis internetin\u0117je parduotuv\u0117je 10 motyv\u0173 \u2764\ufe0f 10 motyv\u0173\" \/>\n<meta property=\"og:url\" content=\"https:\/\/10motifs.com\/lt\/produktas\/10motifs-dzemperis-coeur\/\" \/>\n<meta property=\"og:site_name\" content=\"10motifs\" \/>\n<meta property=\"article:modified_time\" content=\"2024-12-16T22:04:58+00:00\" \/>\n<meta property=\"og:image\" content=\"https:\/\/10motifs.com\/wp-content\/uploads\/2024\/05\/dsc_0783.jpg\" \/>\n\t<meta property=\"og:image:width\" content=\"700\" \/>\n\t<meta property=\"og:image:height\" content=\"800\" \/>\n\t<meta property=\"og:image:type\" content=\"image\/jpeg\" \/>\n<meta name=\"twitter:card\" content=\"summary_large_image\" \/>\n<meta name=\"twitter:label1\" content=\"Est. reading time\" \/>\n\t<meta name=\"twitter:data1\" content=\"1 minut\u0117\" \/>\n<script type=\"application\/ld+json\" class=\"yoast-schema-graph\">{\"@context\":\"https:\\\/\\\/schema.org\",\"@graph\":[{\"@type\":\"WebPage\",\"@id\":\"https:\\\/\\\/10motifs.com\\\/lt\\\/produktas\\\/10motifs-dzemperis-coeur\\\/\",\"url\":\"https:\\\/\\\/10motifs.com\\\/lt\\\/produktas\\\/10motifs-dzemperis-coeur\\\/\",\"name\":\"[ 10motifs D\u017eemperis COEUR ] pirkti internetu Lietuvoje \u2764\ufe0f 10motifs\",\"isPartOf\":{\"@id\":\"https:\\\/\\\/10motifs.com\\\/lt\\\/#website\"},\"primaryImageOfPage\":{\"@id\":\"https:\\\/\\\/10motifs.com\\\/lt\\\/produktas\\\/10motifs-dzemperis-coeur\\\/#primaryimage\"},\"image\":{\"@id\":\"https:\\\/\\\/10motifs.com\\\/lt\\\/produktas\\\/10motifs-dzemperis-coeur\\\/#primaryimage\"},\"thumbnailUrl\":\"https:\\\/\\\/10motifs.com\\\/wp-content\\\/uploads\\\/2024\\\/05\\\/img_9529.jpg\",\"datePublished\":\"2024-05-01T19:05:09+00:00\",\"dateModified\":\"2024-12-16T22:04:58+00:00\",\"description\":\"U\u017esisakykite [ 10motifs D\u017eemperis COEUR ] su pristatymu Europoje ir JAV. \u2764\ufe0f Kainos Baltarusijos prek\u0117s \u017eenklo drabu\u017ei\u0173 su \u0161irdel\u0117mis internetin\u0117je parduotuv\u0117je 10 motyv\u0173 \u2764\ufe0f 10 motyv\u0173\",\"breadcrumb\":{\"@id\":\"https:\\\/\\\/10motifs.com\\\/lt\\\/produktas\\\/10motifs-dzemperis-coeur\\\/#breadcrumb\"},\"inLanguage\":\"lt-LT\",\"potentialAction\":[{\"@type\":\"ReadAction\",\"target\":[\"https:\\\/\\\/10motifs.com\\\/lt\\\/produktas\\\/10motifs-dzemperis-coeur\\\/\"]}]},{\"@type\":\"ImageObject\",\"inLanguage\":\"lt-LT\",\"@id\":\"https:\\\/\\\/10motifs.com\\\/lt\\\/produktas\\\/10motifs-dzemperis-coeur\\\/#primaryimage\",\"url\":\"https:\\\/\\\/10motifs.com\\\/wp-content\\\/uploads\\\/2024\\\/05\\\/img_9529.jpg\",\"contentUrl\":\"https:\\\/\\\/10motifs.com\\\/wp-content\\\/uploads\\\/2024\\\/05\\\/img_9529.jpg\",\"width\":1400,\"height\":1600},{\"@type\":\"BreadcrumbList\",\"@id\":\"https:\\\/\\\/10motifs.com\\\/lt\\\/produktas\\\/10motifs-dzemperis-coeur\\\/#breadcrumb\",\"itemListElement\":[{\"@type\":\"ListItem\",\"position\":1,\"name\":\"Pagrindinis puslapis\",\"item\":\"https:\\\/\\\/10motifs.com\\\/lt\\\/\"},{\"@type\":\"ListItem\",\"position\":2,\"name\":\"Parduotuv\u0117\",\"item\":\"https:\\\/\\\/10motifs.com\\\/lt\\\/parduotuve\\\/\"},{\"@type\":\"ListItem\",\"position\":3,\"name\":\"[&nbsp;10motifs D\u017eemperis COEUR&nbsp;]\"}]},{\"@type\":\"WebSite\",\"@id\":\"https:\\\/\\\/10motifs.com\\\/lt\\\/#website\",\"url\":\"https:\\\/\\\/10motifs.com\\\/lt\\\/\",\"name\":\"10motifs\",\"description\":\"Internetin\u0117 dizaineri\u0173 drabu\u017ei\u0173 parduotuv\u0117\",\"publisher\":{\"@id\":\"https:\\\/\\\/10motifs.com\\\/lt\\\/#organization\"},\"alternateName\":\"10motifs\",\"potentialAction\":[{\"@type\":\"SearchAction\",\"target\":{\"@type\":\"EntryPoint\",\"urlTemplate\":\"https:\\\/\\\/10motifs.com\\\/lt\\\/?s={search_term_string}\"},\"query-input\":{\"@type\":\"PropertyValueSpecification\",\"valueRequired\":true,\"valueName\":\"search_term_string\"}}],\"inLanguage\":\"lt-LT\"},{\"@type\":\"Organization\",\"@id\":\"https:\\\/\\\/10motifs.com\\\/lt\\\/#organization\",\"name\":\"10motifs\",\"alternateName\":\"10motifs\",\"url\":\"https:\\\/\\\/10motifs.com\\\/lt\\\/\",\"logo\":{\"@type\":\"ImageObject\",\"inLanguage\":\"lt-LT\",\"@id\":\"https:\\\/\\\/10motifs.com\\\/lt\\\/#\\\/schema\\\/logo\\\/image\\\/\",\"url\":\"https:\\\/\\\/10motifs.com\\\/wp-content\\\/uploads\\\/2024\\\/04\\\/cropped-img_6859.jpg\",\"contentUrl\":\"https:\\\/\\\/10motifs.com\\\/wp-content\\\/uploads\\\/2024\\\/04\\\/cropped-img_6859.jpg\",\"width\":512,\"height\":512,\"caption\":\"10motifs\"},\"image\":{\"@id\":\"https:\\\/\\\/10motifs.com\\\/lt\\\/#\\\/schema\\\/logo\\\/image\\\/\"},\"sameAs\":[\"https:\\\/\\\/www.instagram.com\\\/10motifs\\\/\"]}]}<\/script>\n<!-- \/ Yoast SEO plugin. -->","yoast_head_json":{"title":"[ 10motifs D\u017eemperis COEUR ] pirkti internetu Lietuvoje \u2764\ufe0f 10motifs","description":"U\u017esisakykite [ 10motifs D\u017eemperis COEUR ] su pristatymu Europoje ir JAV. \u2764\ufe0f Kainos Baltarusijos prek\u0117s \u017eenklo drabu\u017ei\u0173 su \u0161irdel\u0117mis internetin\u0117je parduotuv\u0117je 10 motyv\u0173 \u2764\ufe0f 10 motyv\u0173","robots":{"index":"index","follow":"follow","max-snippet":"max-snippet:-1","max-image-preview":"max-image-preview:large","max-video-preview":"max-video-preview:-1"},"canonical":"https:\/\/10motifs.com\/lt\/produktas\/10motifs-dzemperis-coeur\/","og_locale":"lt_LT","og_type":"article","og_title":"[ 10motifs D\u017eemperis COEUR ] pirkti internetu Lietuvoje \u2764\ufe0f 10motifs","og_description":"U\u017esisakykite [ 10motifs D\u017eemperis COEUR ] su pristatymu Europoje ir JAV. \u2764\ufe0f Kainos Baltarusijos prek\u0117s \u017eenklo drabu\u017ei\u0173 su \u0161irdel\u0117mis internetin\u0117je parduotuv\u0117je 10 motyv\u0173 \u2764\ufe0f 10 motyv\u0173","og_url":"https:\/\/10motifs.com\/lt\/produktas\/10motifs-dzemperis-coeur\/","og_site_name":"10motifs","article_modified_time":"2024-12-16T22:04:58+00:00","og_image":[{"width":700,"height":800,"url":"https:\/\/10motifs.com\/wp-content\/uploads\/2024\/05\/dsc_0783.jpg","type":"image\/jpeg"}],"twitter_card":"summary_large_image","twitter_misc":{"Est. reading time":"1 minut\u0117"},"schema":{"@context":"https:\/\/schema.org","@graph":[{"@type":"WebPage","@id":"https:\/\/10motifs.com\/lt\/produktas\/10motifs-dzemperis-coeur\/","url":"https:\/\/10motifs.com\/lt\/produktas\/10motifs-dzemperis-coeur\/","name":"[ 10motifs D\u017eemperis COEUR ] pirkti internetu Lietuvoje \u2764\ufe0f 10motifs","isPartOf":{"@id":"https:\/\/10motifs.com\/lt\/#website"},"primaryImageOfPage":{"@id":"https:\/\/10motifs.com\/lt\/produktas\/10motifs-dzemperis-coeur\/#primaryimage"},"image":{"@id":"https:\/\/10motifs.com\/lt\/produktas\/10motifs-dzemperis-coeur\/#primaryimage"},"thumbnailUrl":"https:\/\/10motifs.com\/wp-content\/uploads\/2024\/05\/img_9529.jpg","datePublished":"2024-05-01T19:05:09+00:00","dateModified":"2024-12-16T22:04:58+00:00","description":"U\u017esisakykite [ 10motifs D\u017eemperis COEUR ] su pristatymu Europoje ir JAV. \u2764\ufe0f Kainos Baltarusijos prek\u0117s \u017eenklo drabu\u017ei\u0173 su \u0161irdel\u0117mis internetin\u0117je parduotuv\u0117je 10 motyv\u0173 \u2764\ufe0f 10 motyv\u0173","breadcrumb":{"@id":"https:\/\/10motifs.com\/lt\/produktas\/10motifs-dzemperis-coeur\/#breadcrumb"},"inLanguage":"lt-LT","potentialAction":[{"@type":"ReadAction","target":["https:\/\/10motifs.com\/lt\/produktas\/10motifs-dzemperis-coeur\/"]}]},{"@type":"ImageObject","inLanguage":"lt-LT","@id":"https:\/\/10motifs.com\/lt\/produktas\/10motifs-dzemperis-coeur\/#primaryimage","url":"https:\/\/10motifs.com\/wp-content\/uploads\/2024\/05\/img_9529.jpg","contentUrl":"https:\/\/10motifs.com\/wp-content\/uploads\/2024\/05\/img_9529.jpg","width":1400,"height":1600},{"@type":"BreadcrumbList","@id":"https:\/\/10motifs.com\/lt\/produktas\/10motifs-dzemperis-coeur\/#breadcrumb","itemListElement":[{"@type":"ListItem","position":1,"name":"Pagrindinis puslapis","item":"https:\/\/10motifs.com\/lt\/"},{"@type":"ListItem","position":2,"name":"Parduotuv\u0117","item":"https:\/\/10motifs.com\/lt\/parduotuve\/"},{"@type":"ListItem","position":3,"name":"[&nbsp;10motifs D\u017eemperis COEUR&nbsp;]"}]},{"@type":"WebSite","@id":"https:\/\/10motifs.com\/lt\/#website","url":"https:\/\/10motifs.com\/lt\/","name":"10motifs","description":"Internetin\u0117 dizaineri\u0173 drabu\u017ei\u0173 parduotuv\u0117","publisher":{"@id":"https:\/\/10motifs.com\/lt\/#organization"},"alternateName":"10motifs","potentialAction":[{"@type":"SearchAction","target":{"@type":"EntryPoint","urlTemplate":"https:\/\/10motifs.com\/lt\/?s={search_term_string}"},"query-input":{"@type":"PropertyValueSpecification","valueRequired":true,"valueName":"search_term_string"}}],"inLanguage":"lt-LT"},{"@type":"Organization","@id":"https:\/\/10motifs.com\/lt\/#organization","name":"10motifs","alternateName":"10motifs","url":"https:\/\/10motifs.com\/lt\/","logo":{"@type":"ImageObject","inLanguage":"lt-LT","@id":"https:\/\/10motifs.com\/lt\/#\/schema\/logo\/image\/","url":"https:\/\/10motifs.com\/wp-content\/uploads\/2024\/04\/cropped-img_6859.jpg","contentUrl":"https:\/\/10motifs.com\/wp-content\/uploads\/2024\/04\/cropped-img_6859.jpg","width":512,"height":512,"caption":"10motifs"},"image":{"@id":"https:\/\/10motifs.com\/lt\/#\/schema\/logo\/image\/"},"sameAs":["https:\/\/www.instagram.com\/10motifs\/"]}]}},"_links":{"self":[{"href":"https:\/\/10motifs.com\/lt\/wp-json\/wp\/v2\/product\/25998","targetHints":{"allow":["GET"]}}],"collection":[{"href":"https:\/\/10motifs.com\/lt\/wp-json\/wp\/v2\/product"}],"about":[{"href":"https:\/\/10motifs.com\/lt\/wp-json\/wp\/v2\/types\/product"}],"version-history":[{"count":4,"href":"https:\/\/10motifs.com\/lt\/wp-json\/wp\/v2\/product\/25998\/revisions"}],"predecessor-version":[{"id":28958,"href":"https:\/\/10motifs.com\/lt\/wp-json\/wp\/v2\/product\/25998\/revisions\/28958"}],"wp:featuredmedia":[{"embeddable":true,"href":"https:\/\/10motifs.com\/lt\/wp-json\/wp\/v2\/media\/26015"}],"wp:attachment":[{"href":"https:\/\/10motifs.com\/lt\/wp-json\/wp\/v2\/media?parent=25998"}],"wp:term":[{"taxonomy":"product_brand","embeddable":true,"href":"https:\/\/10motifs.com\/lt\/wp-json\/wp\/v2\/product_brand?post=25998"},{"taxonomy":"product_cat","embeddable":true,"href":"https:\/\/10motifs.com\/lt\/wp-json\/wp\/v2\/product_cat?post=25998"},{"taxonomy":"product_tag","embeddable":true,"href":"https:\/\/10motifs.com\/lt\/wp-json\/wp\/v2\/product_tag?post=25998"}],"curies":[{"name":"wp","href":"https:\/\/api.w.org\/{rel}","templated":true}]}}