{"id":25969,"date":"2024-05-07T14:57:23","date_gmt":"2024-05-07T11:57:23","guid":{"rendered":"http:\/\/10motifs.com\/product\/rozes-apatiniai-marskineliai\/"},"modified":"2026-02-27T16:44:19","modified_gmt":"2026-02-27T14:44:19","slug":"10motifs-dryzuoti-marskineliai-la-mer","status":"publish","type":"product","link":"https:\/\/10motifs.com\/lt\/produktas\/10motifs-dryzuoti-marskineliai-la-mer\/","title":{"rendered":"[&nbsp;10motifs dry\u017euoti mar\u0161kin\u0117liai LA MER&nbsp;]"},"content":{"rendered":"<p class=\"p1\" style=\"text-align: center;\">U\u017e juodos juostos visada eina balta, arba \u201emar\u0161kin\u0117li\u0173 principas\u201c<br \/>\ni\u0161 10motifs. Daugiau nereikia rinktis tarp gro\u017eio ir komforto,<br \/>\nklasikos ir tendencij\u0173 \u2014 mar\u0161kin\u0117liai i\u0161 10motifs turi visk\u0105.<br \/>\nPatog\u016bs ir nepriekai\u0161tingai stilingi, mar\u0161kin\u0117liai pravers<br \/>\nkiekvienos moters garderobe. Taigi, kas yra \u201emar\u0161kin\u0117li\u0173<br \/>\nprincipas\u201c? Geb\u0117jimas b\u016bti savimi ir i\u0161laikyti savo individualum\u0105<br \/>\nbet kokiame stiliuje \u2014 nuo kasdienio iki i\u0161kilmingo.<\/p>\n","protected":false},"excerpt":{"rendered":"<p class=\"p1\">Dry\u017euoti mar\u0161kin\u0117liai \u2013 tai istorija apie tai, kaip vienas komplektas puikiai tinka tiek kasdienai, tiek \u0161vent\u0117ms. Su \u0161varku biure arba su sijonu \u0161e\u0161tadienio pasivaik\u0161\u010diojime parke, m\u016bs\u0173 naujienos taps j\u016bs\u0173 garderobo pagrindu visam pavasario-vasaros sezonui.<br \/>\n\u012e m\u016bs\u0173 2 motyv\u0105 [ Tradicij\u0173 ir rank\u0173 darbo i\u0161saugojimas automatizacijos am\u017eiuje ] atsispindi m\u016bs\u0173 rank\u0173 darbo dekore. Tokia universali apranga kalba apie vientisum\u0105 \u2013 j\u016bs\u0173 ir prek\u0117s \u017eenklo 10motifs.<\/p>\n<p class=\"p1\">Dydis: onesize (S, M, L)<\/p>\n<p class=\"p1\">Dekoras rank\u0173 darbo<br \/>\nRibotas leidimas<br \/>\n[ Kustomizacija ] &#8211; galima u\u017esisakyti su j\u016bs\u0173 \u201eypatinga\u201c fraze<\/p>\n<p>Avec l&#8217;amour, 10motifs [\ud83e\udd0d]<\/p>\n","protected":false},"featured_media":30906,"template":"","meta":[],"product_brand":[],"product_cat":[838,867],"product_tag":[],"class_list":{"0":"post-25969","1":"product","2":"type-product","3":"status-publish","4":"has-post-thumbnail","6":"product_cat-dovanos","7":"product_cat-dryzuoti-marskineliai","8":"product_shipping_class-vidurinis-langelis","10":"first","11":"instock","12":"shipping-taxable","13":"purchasable","14":"product-type-variable","15":"has-default-attributes"},"yoast_head":"<!-- This site is optimized with the Yoast SEO plugin v27.3 - https:\/\/yoast.com\/product\/yoast-seo-wordpress\/ -->\n<title>[ 10motifs dry\u017euoti mar\u0161kin\u0117liai LA MER ] pirkti internetu Lietuvoje \u2764\ufe0f 10motifs<\/title>\n<meta name=\"description\" content=\"U\u017esisakykite [ 10motifs dry\u017euoti mar\u0161kin\u0117liai LA MER ] su pristatymu Europoje ir JAV. \u2764\ufe0f Kainos Baltarusijos prek\u0117s \u017eenklo drabu\u017ei\u0173 su \u0161irdel\u0117mis internetin\u0117je parduotuv\u0117je 10 motyv\u0173 \u2764\ufe0f 10 motyv\u0173\" \/>\n<meta name=\"robots\" content=\"index, follow, max-snippet:-1, max-image-preview:large, max-video-preview:-1\" \/>\n<link rel=\"canonical\" href=\"https:\/\/10motifs.com\/lt\/produktas\/10motifs-dryzuoti-marskineliai-la-mer\/\" \/>\n<meta property=\"og:locale\" content=\"lt_LT\" \/>\n<meta property=\"og:type\" content=\"article\" \/>\n<meta property=\"og:title\" content=\"[ 10motifs dry\u017euoti mar\u0161kin\u0117liai LA MER ] pirkti internetu Lietuvoje \u2764\ufe0f 10motifs\" \/>\n<meta property=\"og:description\" content=\"U\u017esisakykite [ 10motifs dry\u017euoti mar\u0161kin\u0117liai LA MER ] su pristatymu Europoje ir JAV. \u2764\ufe0f Kainos Baltarusijos prek\u0117s \u017eenklo drabu\u017ei\u0173 su \u0161irdel\u0117mis internetin\u0117je parduotuv\u0117je 10 motyv\u0173 \u2764\ufe0f 10 motyv\u0173\" \/>\n<meta property=\"og:url\" content=\"https:\/\/10motifs.com\/lt\/produktas\/10motifs-dryzuoti-marskineliai-la-mer\/\" \/>\n<meta property=\"og:site_name\" content=\"10motifs\" \/>\n<meta property=\"article:modified_time\" content=\"2026-02-27T14:44:19+00:00\" \/>\n<meta property=\"og:image\" content=\"https:\/\/10motifs.com\/wp-content\/uploads\/2024\/09\/telnyashka3.jpg\" \/>\n\t<meta property=\"og:image:width\" content=\"700\" \/>\n\t<meta property=\"og:image:height\" content=\"800\" \/>\n\t<meta property=\"og:image:type\" content=\"image\/jpeg\" \/>\n<meta name=\"twitter:card\" content=\"summary_large_image\" \/>\n<meta name=\"twitter:label1\" content=\"Est. reading time\" \/>\n\t<meta name=\"twitter:data1\" content=\"1 minut\u0117\" \/>\n<script type=\"application\/ld+json\" class=\"yoast-schema-graph\">{\"@context\":\"https:\\\/\\\/schema.org\",\"@graph\":[{\"@type\":\"WebPage\",\"@id\":\"https:\\\/\\\/10motifs.com\\\/lt\\\/produktas\\\/10motifs-dryzuoti-marskineliai-la-mer\\\/\",\"url\":\"https:\\\/\\\/10motifs.com\\\/lt\\\/produktas\\\/10motifs-dryzuoti-marskineliai-la-mer\\\/\",\"name\":\"[ 10motifs dry\u017euoti mar\u0161kin\u0117liai LA MER ] pirkti internetu Lietuvoje \u2764\ufe0f 10motifs\",\"isPartOf\":{\"@id\":\"https:\\\/\\\/10motifs.com\\\/lt\\\/#website\"},\"primaryImageOfPage\":{\"@id\":\"https:\\\/\\\/10motifs.com\\\/lt\\\/produktas\\\/10motifs-dryzuoti-marskineliai-la-mer\\\/#primaryimage\"},\"image\":{\"@id\":\"https:\\\/\\\/10motifs.com\\\/lt\\\/produktas\\\/10motifs-dryzuoti-marskineliai-la-mer\\\/#primaryimage\"},\"thumbnailUrl\":\"https:\\\/\\\/10motifs.com\\\/wp-content\\\/uploads\\\/2024\\\/09\\\/telnyashka3.jpg\",\"datePublished\":\"2024-05-07T11:57:23+00:00\",\"dateModified\":\"2026-02-27T14:44:19+00:00\",\"description\":\"U\u017esisakykite [ 10motifs dry\u017euoti mar\u0161kin\u0117liai LA MER ] su pristatymu Europoje ir JAV. \u2764\ufe0f Kainos Baltarusijos prek\u0117s \u017eenklo drabu\u017ei\u0173 su \u0161irdel\u0117mis internetin\u0117je parduotuv\u0117je 10 motyv\u0173 \u2764\ufe0f 10 motyv\u0173\",\"breadcrumb\":{\"@id\":\"https:\\\/\\\/10motifs.com\\\/lt\\\/produktas\\\/10motifs-dryzuoti-marskineliai-la-mer\\\/#breadcrumb\"},\"inLanguage\":\"lt-LT\",\"potentialAction\":[{\"@type\":\"ReadAction\",\"target\":[\"https:\\\/\\\/10motifs.com\\\/lt\\\/produktas\\\/10motifs-dryzuoti-marskineliai-la-mer\\\/\"]}]},{\"@type\":\"ImageObject\",\"inLanguage\":\"lt-LT\",\"@id\":\"https:\\\/\\\/10motifs.com\\\/lt\\\/produktas\\\/10motifs-dryzuoti-marskineliai-la-mer\\\/#primaryimage\",\"url\":\"https:\\\/\\\/10motifs.com\\\/wp-content\\\/uploads\\\/2024\\\/09\\\/telnyashka3.jpg\",\"contentUrl\":\"https:\\\/\\\/10motifs.com\\\/wp-content\\\/uploads\\\/2024\\\/09\\\/telnyashka3.jpg\",\"width\":700,\"height\":800,\"caption\":\"\u0422\u0435\u043b\u044c\u043d\u044f\u0448\u043a\u0430\"},{\"@type\":\"BreadcrumbList\",\"@id\":\"https:\\\/\\\/10motifs.com\\\/lt\\\/produktas\\\/10motifs-dryzuoti-marskineliai-la-mer\\\/#breadcrumb\",\"itemListElement\":[{\"@type\":\"ListItem\",\"position\":1,\"name\":\"Pagrindinis puslapis\",\"item\":\"https:\\\/\\\/10motifs.com\\\/lt\\\/\"},{\"@type\":\"ListItem\",\"position\":2,\"name\":\"Parduotuv\u0117\",\"item\":\"https:\\\/\\\/10motifs.com\\\/lt\\\/parduotuve\\\/\"},{\"@type\":\"ListItem\",\"position\":3,\"name\":\"[ 10motifs dry\u017euoti mar\u0161kin\u0117liai LA MER ]\"}]},{\"@type\":\"WebSite\",\"@id\":\"https:\\\/\\\/10motifs.com\\\/lt\\\/#website\",\"url\":\"https:\\\/\\\/10motifs.com\\\/lt\\\/\",\"name\":\"10motifs\",\"description\":\"Internetin\u0117 dizaineri\u0173 drabu\u017ei\u0173 parduotuv\u0117\",\"publisher\":{\"@id\":\"https:\\\/\\\/10motifs.com\\\/lt\\\/#organization\"},\"alternateName\":\"10motifs\",\"potentialAction\":[{\"@type\":\"SearchAction\",\"target\":{\"@type\":\"EntryPoint\",\"urlTemplate\":\"https:\\\/\\\/10motifs.com\\\/lt\\\/?s={search_term_string}\"},\"query-input\":{\"@type\":\"PropertyValueSpecification\",\"valueRequired\":true,\"valueName\":\"search_term_string\"}}],\"inLanguage\":\"lt-LT\"},{\"@type\":\"Organization\",\"@id\":\"https:\\\/\\\/10motifs.com\\\/lt\\\/#organization\",\"name\":\"10motifs\",\"alternateName\":\"10motifs\",\"url\":\"https:\\\/\\\/10motifs.com\\\/lt\\\/\",\"logo\":{\"@type\":\"ImageObject\",\"inLanguage\":\"lt-LT\",\"@id\":\"https:\\\/\\\/10motifs.com\\\/lt\\\/#\\\/schema\\\/logo\\\/image\\\/\",\"url\":\"https:\\\/\\\/10motifs.com\\\/wp-content\\\/uploads\\\/2024\\\/04\\\/cropped-img_6859.jpg\",\"contentUrl\":\"https:\\\/\\\/10motifs.com\\\/wp-content\\\/uploads\\\/2024\\\/04\\\/cropped-img_6859.jpg\",\"width\":512,\"height\":512,\"caption\":\"10motifs\"},\"image\":{\"@id\":\"https:\\\/\\\/10motifs.com\\\/lt\\\/#\\\/schema\\\/logo\\\/image\\\/\"},\"sameAs\":[\"https:\\\/\\\/www.instagram.com\\\/10motifs\\\/\"]}]}<\/script>\n<!-- \/ Yoast SEO plugin. -->","yoast_head_json":{"title":"[ 10motifs dry\u017euoti mar\u0161kin\u0117liai LA MER ] pirkti internetu Lietuvoje \u2764\ufe0f 10motifs","description":"U\u017esisakykite [ 10motifs dry\u017euoti mar\u0161kin\u0117liai LA MER ] su pristatymu Europoje ir JAV. \u2764\ufe0f Kainos Baltarusijos prek\u0117s \u017eenklo drabu\u017ei\u0173 su \u0161irdel\u0117mis internetin\u0117je parduotuv\u0117je 10 motyv\u0173 \u2764\ufe0f 10 motyv\u0173","robots":{"index":"index","follow":"follow","max-snippet":"max-snippet:-1","max-image-preview":"max-image-preview:large","max-video-preview":"max-video-preview:-1"},"canonical":"https:\/\/10motifs.com\/lt\/produktas\/10motifs-dryzuoti-marskineliai-la-mer\/","og_locale":"lt_LT","og_type":"article","og_title":"[ 10motifs dry\u017euoti mar\u0161kin\u0117liai LA MER ] pirkti internetu Lietuvoje \u2764\ufe0f 10motifs","og_description":"U\u017esisakykite [ 10motifs dry\u017euoti mar\u0161kin\u0117liai LA MER ] su pristatymu Europoje ir JAV. \u2764\ufe0f Kainos Baltarusijos prek\u0117s \u017eenklo drabu\u017ei\u0173 su \u0161irdel\u0117mis internetin\u0117je parduotuv\u0117je 10 motyv\u0173 \u2764\ufe0f 10 motyv\u0173","og_url":"https:\/\/10motifs.com\/lt\/produktas\/10motifs-dryzuoti-marskineliai-la-mer\/","og_site_name":"10motifs","article_modified_time":"2026-02-27T14:44:19+00:00","og_image":[{"width":700,"height":800,"url":"https:\/\/10motifs.com\/wp-content\/uploads\/2024\/09\/telnyashka3.jpg","type":"image\/jpeg"}],"twitter_card":"summary_large_image","twitter_misc":{"Est. reading time":"1 minut\u0117"},"schema":{"@context":"https:\/\/schema.org","@graph":[{"@type":"WebPage","@id":"https:\/\/10motifs.com\/lt\/produktas\/10motifs-dryzuoti-marskineliai-la-mer\/","url":"https:\/\/10motifs.com\/lt\/produktas\/10motifs-dryzuoti-marskineliai-la-mer\/","name":"[ 10motifs dry\u017euoti mar\u0161kin\u0117liai LA MER ] pirkti internetu Lietuvoje \u2764\ufe0f 10motifs","isPartOf":{"@id":"https:\/\/10motifs.com\/lt\/#website"},"primaryImageOfPage":{"@id":"https:\/\/10motifs.com\/lt\/produktas\/10motifs-dryzuoti-marskineliai-la-mer\/#primaryimage"},"image":{"@id":"https:\/\/10motifs.com\/lt\/produktas\/10motifs-dryzuoti-marskineliai-la-mer\/#primaryimage"},"thumbnailUrl":"https:\/\/10motifs.com\/wp-content\/uploads\/2024\/09\/telnyashka3.jpg","datePublished":"2024-05-07T11:57:23+00:00","dateModified":"2026-02-27T14:44:19+00:00","description":"U\u017esisakykite [ 10motifs dry\u017euoti mar\u0161kin\u0117liai LA MER ] su pristatymu Europoje ir JAV. \u2764\ufe0f Kainos Baltarusijos prek\u0117s \u017eenklo drabu\u017ei\u0173 su \u0161irdel\u0117mis internetin\u0117je parduotuv\u0117je 10 motyv\u0173 \u2764\ufe0f 10 motyv\u0173","breadcrumb":{"@id":"https:\/\/10motifs.com\/lt\/produktas\/10motifs-dryzuoti-marskineliai-la-mer\/#breadcrumb"},"inLanguage":"lt-LT","potentialAction":[{"@type":"ReadAction","target":["https:\/\/10motifs.com\/lt\/produktas\/10motifs-dryzuoti-marskineliai-la-mer\/"]}]},{"@type":"ImageObject","inLanguage":"lt-LT","@id":"https:\/\/10motifs.com\/lt\/produktas\/10motifs-dryzuoti-marskineliai-la-mer\/#primaryimage","url":"https:\/\/10motifs.com\/wp-content\/uploads\/2024\/09\/telnyashka3.jpg","contentUrl":"https:\/\/10motifs.com\/wp-content\/uploads\/2024\/09\/telnyashka3.jpg","width":700,"height":800,"caption":"\u0422\u0435\u043b\u044c\u043d\u044f\u0448\u043a\u0430"},{"@type":"BreadcrumbList","@id":"https:\/\/10motifs.com\/lt\/produktas\/10motifs-dryzuoti-marskineliai-la-mer\/#breadcrumb","itemListElement":[{"@type":"ListItem","position":1,"name":"Pagrindinis puslapis","item":"https:\/\/10motifs.com\/lt\/"},{"@type":"ListItem","position":2,"name":"Parduotuv\u0117","item":"https:\/\/10motifs.com\/lt\/parduotuve\/"},{"@type":"ListItem","position":3,"name":"[ 10motifs dry\u017euoti mar\u0161kin\u0117liai LA MER ]"}]},{"@type":"WebSite","@id":"https:\/\/10motifs.com\/lt\/#website","url":"https:\/\/10motifs.com\/lt\/","name":"10motifs","description":"Internetin\u0117 dizaineri\u0173 drabu\u017ei\u0173 parduotuv\u0117","publisher":{"@id":"https:\/\/10motifs.com\/lt\/#organization"},"alternateName":"10motifs","potentialAction":[{"@type":"SearchAction","target":{"@type":"EntryPoint","urlTemplate":"https:\/\/10motifs.com\/lt\/?s={search_term_string}"},"query-input":{"@type":"PropertyValueSpecification","valueRequired":true,"valueName":"search_term_string"}}],"inLanguage":"lt-LT"},{"@type":"Organization","@id":"https:\/\/10motifs.com\/lt\/#organization","name":"10motifs","alternateName":"10motifs","url":"https:\/\/10motifs.com\/lt\/","logo":{"@type":"ImageObject","inLanguage":"lt-LT","@id":"https:\/\/10motifs.com\/lt\/#\/schema\/logo\/image\/","url":"https:\/\/10motifs.com\/wp-content\/uploads\/2024\/04\/cropped-img_6859.jpg","contentUrl":"https:\/\/10motifs.com\/wp-content\/uploads\/2024\/04\/cropped-img_6859.jpg","width":512,"height":512,"caption":"10motifs"},"image":{"@id":"https:\/\/10motifs.com\/lt\/#\/schema\/logo\/image\/"},"sameAs":["https:\/\/www.instagram.com\/10motifs\/"]}]}},"_links":{"self":[{"href":"https:\/\/10motifs.com\/lt\/wp-json\/wp\/v2\/product\/25969","targetHints":{"allow":["GET"]}}],"collection":[{"href":"https:\/\/10motifs.com\/lt\/wp-json\/wp\/v2\/product"}],"about":[{"href":"https:\/\/10motifs.com\/lt\/wp-json\/wp\/v2\/types\/product"}],"version-history":[{"count":5,"href":"https:\/\/10motifs.com\/lt\/wp-json\/wp\/v2\/product\/25969\/revisions"}],"predecessor-version":[{"id":30933,"href":"https:\/\/10motifs.com\/lt\/wp-json\/wp\/v2\/product\/25969\/revisions\/30933"}],"wp:featuredmedia":[{"embeddable":true,"href":"https:\/\/10motifs.com\/lt\/wp-json\/wp\/v2\/media\/30906"}],"wp:attachment":[{"href":"https:\/\/10motifs.com\/lt\/wp-json\/wp\/v2\/media?parent=25969"}],"wp:term":[{"taxonomy":"product_brand","embeddable":true,"href":"https:\/\/10motifs.com\/lt\/wp-json\/wp\/v2\/product_brand?post=25969"},{"taxonomy":"product_cat","embeddable":true,"href":"https:\/\/10motifs.com\/lt\/wp-json\/wp\/v2\/product_cat?post=25969"},{"taxonomy":"product_tag","embeddable":true,"href":"https:\/\/10motifs.com\/lt\/wp-json\/wp\/v2\/product_tag?post=25969"}],"curies":[{"name":"wp","href":"https:\/\/api.w.org\/{rel}","templated":true}]}}