{"id":25783,"date":"2024-10-28T19:07:58","date_gmt":"2024-10-28T17:07:58","guid":{"rendered":"http:\/\/10motifs.com\/product\/nuosirdus-advento-kalendorius-kalyadny-patalunak-2025\/"},"modified":"2024-12-17T02:21:34","modified_gmt":"2024-12-17T00:21:34","slug":"10motifs-advento-kalendorius-kaledinis-bucinys-2025","status":"publish","type":"product","link":"https:\/\/10motifs.com\/lt\/produktas\/10motifs-advento-kalendorius-kaledinis-bucinys-2025\/","title":{"rendered":"10motifs advento kalendorius [&nbsp;Kal\u0117dinis bu\u010dinys&nbsp;] 2025"},"content":{"rendered":"<p class=\"p1\" style=\"text-align: center;\">Kelion\u0117 \u012f \u0161ven\u010di\u0173 dvasi\u0105:<br \/>\nJ\u016bs\u0173 rytas gruod\u017eio m\u0117nes\u012f prasid\u0117s i\u0161pakuojant nauj\u0105 dovan\u0105,<br \/>\no kas gali b\u016bti geriau nei prad\u0117ti dien\u0105 su puikiomis emocijomis?<br \/>\nNaujos dovanos i\u0161pakavimas priartina \u0161ventin\u012f jausm\u0105.<br \/>\nNaujos dovanos i\u0161pakavimas \u2013 tai +1 istorija j\u016bs\u0173 gruod\u017eio m\u0117nesiui.<\/p>\n<p style=\"text-align: center;\">Advento kalendorius &#8211; tai daugiau nei &#8222;a\u0161 tave myliu&#8221; &#8211; tai meil\u0117s<br \/>\ni\u0161rai\u0161ka sau ar artimiausiems \u017emon\u0117ms! Advento kalendorius &#8211;<br \/>\ntai ry\u0161kus prisiminimas, kurio kiekviena dovana visada bus su jumis!<\/p>\n","protected":false},"excerpt":{"rendered":"<p class=\"p1\">Advento kalendorius &#8211; tai daugiau nei &#8222;a\u0161 tave myliu&#8221; &#8211; tai meil\u0117s i\u0161rai\u0161ka sau ar artimiausiems \u017emon\u0117ms!<br \/>\nAdvento kalendorius &#8211; tai ry\u0161kus prisiminimas, kurio kiekviena dovana visada bus su jumis!<\/p>\n<p class=\"p1\">\u2764\ufe0fUnisex medvilnin\u0117 kepur\u0117;<br \/>\n\u2764\ufe0f\u012ekvepiantis dizainerio pakabukas;<br \/>\n\u2764\ufe0f\u0160irdinga man\u0161eta;<br \/>\n\u2764\ufe0fMeil\u0117s u\u017era\u0161u papuo\u0161tos kojin\u0117s;<br \/>\n\u2764\ufe0f\u0160irdingas d\u0117kingumo dienora\u0161tis, puikiai papildantis \u017evakes, kar\u0161t\u0105 kakav\u0105 ir kal\u0117dinius filmus;<br \/>\n\u2764\ufe0fEstetinis \u017evaki\u0173 prie\u017ei\u016bros rinkinys;<br \/>\n\u2764\ufe0fAutorinio kvapo difuzorius;<br \/>\n\u2764\ufe0f\u017dvak\u0117s su m\u016bs\u0173 aromatu;<br \/>\n\u2764\ufe0fIr dar daugyb\u0117 maloni\u0173 staigmen\u0173 i\u0161 10motifs, paruo\u0161t\u0173 su meile ir r\u016bpes\u010diu.<\/p>\n<p class=\"p1\">Visi daiktai bus medvilniniai, tod\u0117l bus tinkami nuo \u017eiemi\u0161kos Europos iki saul\u0117tos Australijos.<\/p>\n<p>Avec l\u2019amour, 10motifs [\ud83e\udd0d]<\/p>\n","protected":false},"featured_media":29698,"template":"","meta":[],"product_brand":[],"product_cat":[838,862],"product_tag":[],"class_list":{"0":"post-25783","1":"product","2":"type-product","3":"status-publish","4":"has-post-thumbnail","6":"product_cat-dovanos","7":"product_cat-moterys","8":"product_shipping_class-didele-deze","10":"first","11":"instock","12":"featured","13":"shipping-taxable","14":"purchasable","15":"product-type-simple"},"yoast_head":"<!-- This site is optimized with the Yoast SEO plugin v27.4 - https:\/\/yoast.com\/product\/yoast-seo-wordpress\/ -->\n<title>Advento kalendorius 2024-2025 pirkti \u2764\ufe0f 10motifs<\/title>\n<meta name=\"description\" content=\"\ud83c\udf81 Advento kalendoriai 2024 pirkti internetu \ud83c\udf84 Advento kalendorius 2025 [ Kal\u0117dinis bu\u010dinys ] \u2764\ufe0f 10 Motifs \u26c4 U\u017esisakykite dabar!\" \/>\n<meta name=\"robots\" content=\"index, follow, max-snippet:-1, max-image-preview:large, max-video-preview:-1\" \/>\n<link rel=\"canonical\" href=\"https:\/\/10motifs.com\/lt\/produktas\/10motifs-advento-kalendorius-kaledinis-bucinys-2025\/\" \/>\n<meta property=\"og:locale\" content=\"lt_LT\" \/>\n<meta property=\"og:type\" content=\"article\" \/>\n<meta property=\"og:title\" content=\"Advento kalendorius 2024-2025 pirkti \u2764\ufe0f 10motifs\" \/>\n<meta property=\"og:description\" content=\"\ud83c\udf81 Advento kalendoriai 2024 pirkti internetu \ud83c\udf84 Advento kalendorius 2025 [ Kal\u0117dinis bu\u010dinys ] \u2764\ufe0f 10 Motifs \u26c4 U\u017esisakykite dabar!\" \/>\n<meta property=\"og:url\" content=\"https:\/\/10motifs.com\/lt\/produktas\/10motifs-advento-kalendorius-kaledinis-bucinys-2025\/\" \/>\n<meta property=\"og:site_name\" content=\"10motifs\" \/>\n<meta property=\"article:modified_time\" content=\"2024-12-17T00:21:34+00:00\" \/>\n<meta property=\"og:image\" content=\"https:\/\/10motifs.com\/wp-content\/uploads\/2024\/10\/photo_2025-11-04_21-25-34.jpg\" \/>\n\t<meta property=\"og:image:width\" content=\"720\" \/>\n\t<meta property=\"og:image:height\" content=\"1280\" \/>\n\t<meta property=\"og:image:type\" content=\"image\/jpeg\" \/>\n<meta name=\"twitter:card\" content=\"summary_large_image\" \/>\n<meta name=\"twitter:label1\" content=\"Est. reading time\" \/>\n\t<meta name=\"twitter:data1\" content=\"1 minut\u0117\" \/>\n<script type=\"application\/ld+json\" class=\"yoast-schema-graph\">{\"@context\":\"https:\\\/\\\/schema.org\",\"@graph\":[{\"@type\":\"WebPage\",\"@id\":\"https:\\\/\\\/10motifs.com\\\/lt\\\/produktas\\\/10motifs-advento-kalendorius-kaledinis-bucinys-2025\\\/\",\"url\":\"https:\\\/\\\/10motifs.com\\\/lt\\\/produktas\\\/10motifs-advento-kalendorius-kaledinis-bucinys-2025\\\/\",\"name\":\"Advento kalendorius 2024-2025 pirkti \u2764\ufe0f 10motifs\",\"isPartOf\":{\"@id\":\"https:\\\/\\\/10motifs.com\\\/lt\\\/#website\"},\"primaryImageOfPage\":{\"@id\":\"https:\\\/\\\/10motifs.com\\\/lt\\\/produktas\\\/10motifs-advento-kalendorius-kaledinis-bucinys-2025\\\/#primaryimage\"},\"image\":{\"@id\":\"https:\\\/\\\/10motifs.com\\\/lt\\\/produktas\\\/10motifs-advento-kalendorius-kaledinis-bucinys-2025\\\/#primaryimage\"},\"thumbnailUrl\":\"https:\\\/\\\/10motifs.com\\\/wp-content\\\/uploads\\\/2024\\\/10\\\/photo_2025-11-04_21-25-34.jpg\",\"datePublished\":\"2024-10-28T17:07:58+00:00\",\"dateModified\":\"2024-12-17T00:21:34+00:00\",\"description\":\"\ud83c\udf81 Advento kalendoriai 2024 pirkti internetu \ud83c\udf84 Advento kalendorius 2025 [ Kal\u0117dinis bu\u010dinys ] \u2764\ufe0f 10 Motifs \u26c4 U\u017esisakykite dabar!\",\"breadcrumb\":{\"@id\":\"https:\\\/\\\/10motifs.com\\\/lt\\\/produktas\\\/10motifs-advento-kalendorius-kaledinis-bucinys-2025\\\/#breadcrumb\"},\"inLanguage\":\"lt-LT\",\"potentialAction\":[{\"@type\":\"ReadAction\",\"target\":[\"https:\\\/\\\/10motifs.com\\\/lt\\\/produktas\\\/10motifs-advento-kalendorius-kaledinis-bucinys-2025\\\/\"]}]},{\"@type\":\"ImageObject\",\"inLanguage\":\"lt-LT\",\"@id\":\"https:\\\/\\\/10motifs.com\\\/lt\\\/produktas\\\/10motifs-advento-kalendorius-kaledinis-bucinys-2025\\\/#primaryimage\",\"url\":\"https:\\\/\\\/10motifs.com\\\/wp-content\\\/uploads\\\/2024\\\/10\\\/photo_2025-11-04_21-25-34.jpg\",\"contentUrl\":\"https:\\\/\\\/10motifs.com\\\/wp-content\\\/uploads\\\/2024\\\/10\\\/photo_2025-11-04_21-25-34.jpg\",\"width\":720,\"height\":1280},{\"@type\":\"BreadcrumbList\",\"@id\":\"https:\\\/\\\/10motifs.com\\\/lt\\\/produktas\\\/10motifs-advento-kalendorius-kaledinis-bucinys-2025\\\/#breadcrumb\",\"itemListElement\":[{\"@type\":\"ListItem\",\"position\":1,\"name\":\"Pagrindinis puslapis\",\"item\":\"https:\\\/\\\/10motifs.com\\\/lt\\\/\"},{\"@type\":\"ListItem\",\"position\":2,\"name\":\"Parduotuv\u0117\",\"item\":\"https:\\\/\\\/10motifs.com\\\/lt\\\/parduotuve\\\/\"},{\"@type\":\"ListItem\",\"position\":3,\"name\":\"10motifs advento kalendorius [&nbsp;Kal\u0117dinis bu\u010dinys&nbsp;] 2025\"}]},{\"@type\":\"WebSite\",\"@id\":\"https:\\\/\\\/10motifs.com\\\/lt\\\/#website\",\"url\":\"https:\\\/\\\/10motifs.com\\\/lt\\\/\",\"name\":\"10motifs\",\"description\":\"Internetin\u0117 dizaineri\u0173 drabu\u017ei\u0173 parduotuv\u0117\",\"publisher\":{\"@id\":\"https:\\\/\\\/10motifs.com\\\/lt\\\/#organization\"},\"alternateName\":\"10motifs\",\"potentialAction\":[{\"@type\":\"SearchAction\",\"target\":{\"@type\":\"EntryPoint\",\"urlTemplate\":\"https:\\\/\\\/10motifs.com\\\/lt\\\/?s={search_term_string}\"},\"query-input\":{\"@type\":\"PropertyValueSpecification\",\"valueRequired\":true,\"valueName\":\"search_term_string\"}}],\"inLanguage\":\"lt-LT\"},{\"@type\":\"Organization\",\"@id\":\"https:\\\/\\\/10motifs.com\\\/lt\\\/#organization\",\"name\":\"10motifs\",\"alternateName\":\"10motifs\",\"url\":\"https:\\\/\\\/10motifs.com\\\/lt\\\/\",\"logo\":{\"@type\":\"ImageObject\",\"inLanguage\":\"lt-LT\",\"@id\":\"https:\\\/\\\/10motifs.com\\\/lt\\\/#\\\/schema\\\/logo\\\/image\\\/\",\"url\":\"https:\\\/\\\/10motifs.com\\\/wp-content\\\/uploads\\\/2024\\\/04\\\/cropped-img_6859.jpg\",\"contentUrl\":\"https:\\\/\\\/10motifs.com\\\/wp-content\\\/uploads\\\/2024\\\/04\\\/cropped-img_6859.jpg\",\"width\":512,\"height\":512,\"caption\":\"10motifs\"},\"image\":{\"@id\":\"https:\\\/\\\/10motifs.com\\\/lt\\\/#\\\/schema\\\/logo\\\/image\\\/\"},\"sameAs\":[\"https:\\\/\\\/www.instagram.com\\\/10motifs\\\/\"]}]}<\/script>\n<!-- \/ Yoast SEO plugin. -->","yoast_head_json":{"title":"Advento kalendorius 2024-2025 pirkti \u2764\ufe0f 10motifs","description":"\ud83c\udf81 Advento kalendoriai 2024 pirkti internetu \ud83c\udf84 Advento kalendorius 2025 [ Kal\u0117dinis bu\u010dinys ] \u2764\ufe0f 10 Motifs \u26c4 U\u017esisakykite dabar!","robots":{"index":"index","follow":"follow","max-snippet":"max-snippet:-1","max-image-preview":"max-image-preview:large","max-video-preview":"max-video-preview:-1"},"canonical":"https:\/\/10motifs.com\/lt\/produktas\/10motifs-advento-kalendorius-kaledinis-bucinys-2025\/","og_locale":"lt_LT","og_type":"article","og_title":"Advento kalendorius 2024-2025 pirkti \u2764\ufe0f 10motifs","og_description":"\ud83c\udf81 Advento kalendoriai 2024 pirkti internetu \ud83c\udf84 Advento kalendorius 2025 [ Kal\u0117dinis bu\u010dinys ] \u2764\ufe0f 10 Motifs \u26c4 U\u017esisakykite dabar!","og_url":"https:\/\/10motifs.com\/lt\/produktas\/10motifs-advento-kalendorius-kaledinis-bucinys-2025\/","og_site_name":"10motifs","article_modified_time":"2024-12-17T00:21:34+00:00","og_image":[{"width":720,"height":1280,"url":"https:\/\/10motifs.com\/wp-content\/uploads\/2024\/10\/photo_2025-11-04_21-25-34.jpg","type":"image\/jpeg"}],"twitter_card":"summary_large_image","twitter_misc":{"Est. reading time":"1 minut\u0117"},"schema":{"@context":"https:\/\/schema.org","@graph":[{"@type":"WebPage","@id":"https:\/\/10motifs.com\/lt\/produktas\/10motifs-advento-kalendorius-kaledinis-bucinys-2025\/","url":"https:\/\/10motifs.com\/lt\/produktas\/10motifs-advento-kalendorius-kaledinis-bucinys-2025\/","name":"Advento kalendorius 2024-2025 pirkti \u2764\ufe0f 10motifs","isPartOf":{"@id":"https:\/\/10motifs.com\/lt\/#website"},"primaryImageOfPage":{"@id":"https:\/\/10motifs.com\/lt\/produktas\/10motifs-advento-kalendorius-kaledinis-bucinys-2025\/#primaryimage"},"image":{"@id":"https:\/\/10motifs.com\/lt\/produktas\/10motifs-advento-kalendorius-kaledinis-bucinys-2025\/#primaryimage"},"thumbnailUrl":"https:\/\/10motifs.com\/wp-content\/uploads\/2024\/10\/photo_2025-11-04_21-25-34.jpg","datePublished":"2024-10-28T17:07:58+00:00","dateModified":"2024-12-17T00:21:34+00:00","description":"\ud83c\udf81 Advento kalendoriai 2024 pirkti internetu \ud83c\udf84 Advento kalendorius 2025 [ Kal\u0117dinis bu\u010dinys ] \u2764\ufe0f 10 Motifs \u26c4 U\u017esisakykite dabar!","breadcrumb":{"@id":"https:\/\/10motifs.com\/lt\/produktas\/10motifs-advento-kalendorius-kaledinis-bucinys-2025\/#breadcrumb"},"inLanguage":"lt-LT","potentialAction":[{"@type":"ReadAction","target":["https:\/\/10motifs.com\/lt\/produktas\/10motifs-advento-kalendorius-kaledinis-bucinys-2025\/"]}]},{"@type":"ImageObject","inLanguage":"lt-LT","@id":"https:\/\/10motifs.com\/lt\/produktas\/10motifs-advento-kalendorius-kaledinis-bucinys-2025\/#primaryimage","url":"https:\/\/10motifs.com\/wp-content\/uploads\/2024\/10\/photo_2025-11-04_21-25-34.jpg","contentUrl":"https:\/\/10motifs.com\/wp-content\/uploads\/2024\/10\/photo_2025-11-04_21-25-34.jpg","width":720,"height":1280},{"@type":"BreadcrumbList","@id":"https:\/\/10motifs.com\/lt\/produktas\/10motifs-advento-kalendorius-kaledinis-bucinys-2025\/#breadcrumb","itemListElement":[{"@type":"ListItem","position":1,"name":"Pagrindinis puslapis","item":"https:\/\/10motifs.com\/lt\/"},{"@type":"ListItem","position":2,"name":"Parduotuv\u0117","item":"https:\/\/10motifs.com\/lt\/parduotuve\/"},{"@type":"ListItem","position":3,"name":"10motifs advento kalendorius [&nbsp;Kal\u0117dinis bu\u010dinys&nbsp;] 2025"}]},{"@type":"WebSite","@id":"https:\/\/10motifs.com\/lt\/#website","url":"https:\/\/10motifs.com\/lt\/","name":"10motifs","description":"Internetin\u0117 dizaineri\u0173 drabu\u017ei\u0173 parduotuv\u0117","publisher":{"@id":"https:\/\/10motifs.com\/lt\/#organization"},"alternateName":"10motifs","potentialAction":[{"@type":"SearchAction","target":{"@type":"EntryPoint","urlTemplate":"https:\/\/10motifs.com\/lt\/?s={search_term_string}"},"query-input":{"@type":"PropertyValueSpecification","valueRequired":true,"valueName":"search_term_string"}}],"inLanguage":"lt-LT"},{"@type":"Organization","@id":"https:\/\/10motifs.com\/lt\/#organization","name":"10motifs","alternateName":"10motifs","url":"https:\/\/10motifs.com\/lt\/","logo":{"@type":"ImageObject","inLanguage":"lt-LT","@id":"https:\/\/10motifs.com\/lt\/#\/schema\/logo\/image\/","url":"https:\/\/10motifs.com\/wp-content\/uploads\/2024\/04\/cropped-img_6859.jpg","contentUrl":"https:\/\/10motifs.com\/wp-content\/uploads\/2024\/04\/cropped-img_6859.jpg","width":512,"height":512,"caption":"10motifs"},"image":{"@id":"https:\/\/10motifs.com\/lt\/#\/schema\/logo\/image\/"},"sameAs":["https:\/\/www.instagram.com\/10motifs\/"]}]}},"_links":{"self":[{"href":"https:\/\/10motifs.com\/lt\/wp-json\/wp\/v2\/product\/25783","targetHints":{"allow":["GET"]}}],"collection":[{"href":"https:\/\/10motifs.com\/lt\/wp-json\/wp\/v2\/product"}],"about":[{"href":"https:\/\/10motifs.com\/lt\/wp-json\/wp\/v2\/types\/product"}],"version-history":[{"count":10,"href":"https:\/\/10motifs.com\/lt\/wp-json\/wp\/v2\/product\/25783\/revisions"}],"predecessor-version":[{"id":26960,"href":"https:\/\/10motifs.com\/lt\/wp-json\/wp\/v2\/product\/25783\/revisions\/26960"}],"wp:featuredmedia":[{"embeddable":true,"href":"https:\/\/10motifs.com\/lt\/wp-json\/wp\/v2\/media\/29698"}],"wp:attachment":[{"href":"https:\/\/10motifs.com\/lt\/wp-json\/wp\/v2\/media?parent=25783"}],"wp:term":[{"taxonomy":"product_brand","embeddable":true,"href":"https:\/\/10motifs.com\/lt\/wp-json\/wp\/v2\/product_brand?post=25783"},{"taxonomy":"product_cat","embeddable":true,"href":"https:\/\/10motifs.com\/lt\/wp-json\/wp\/v2\/product_cat?post=25783"},{"taxonomy":"product_tag","embeddable":true,"href":"https:\/\/10motifs.com\/lt\/wp-json\/wp\/v2\/product_tag?post=25783"}],"curies":[{"name":"wp","href":"https:\/\/api.w.org\/{rel}","templated":true}]}}