{"id":25740,"date":"2024-09-04T01:12:22","date_gmt":"2024-09-03T22:12:22","guid":{"rendered":"http:\/\/10motifs.com\/product\/marskineliai-10motyvu-auliniai\/"},"modified":"2024-12-17T12:08:06","modified_gmt":"2024-12-17T10:08:06","slug":"10motifs-raudoni-marskineliai","status":"publish","type":"product","link":"https:\/\/10motifs.com\/lt\/produktas\/10motifs-raudoni-marskineliai\/","title":{"rendered":"[&nbsp;10motifs Raudoni mar\u0161kin\u0117liai&nbsp;]"},"content":{"rendered":"<p style=\"text-align: center;\">Labas, vasaros kolekcija \u0161ird\u017ei\u0173 mar\u0161kin\u0117li\u0173 i\u0161 10motifs<br \/>\nNuo \u0161ios dienos kiekvienas i\u0161 j\u016bs\u0173 gali tapti k\u016br\u0117ju<br \/>\nir kurti kartu su mumis<\/p>\n<p style=\"text-align: center;\">\u2665\ufe0f Sugalvokite u\u017era\u0161\u0105, kuris atsiliepia j\u016bs\u0173 \u0161ird\u017eiai;<br \/>\n\u2665\ufe0f pasakykite pasauliui apie save arba mylimiesiems \u2014 apie savo jausmus;<br \/>\n\u2665\ufe0f \u012fkv\u0117pkite ir \u012fkv\u0117pkite kitus;<br \/>\n\u2665\ufe0f b\u016bkite savo gyvenimo autoriumi.<\/p>\n<p style=\"text-align: center;\">Kurti geriausias emocijas ir dovanoti jas visam pasauliui<br \/>\nkartu su 10motifs! M\u016bs\u0173 komanda sudar\u0117 palet\u0119<br \/>\ni\u0161 pa\u010di\u0173 madingiausi\u0173 vasaros sezono atspalvi\u0173.<br \/>\nGavosi labai \u0161velniai ir tikrai ne nuobod\u017eiai, ar sutinkate?<br \/>\nLabas, ne\u0161ioti \u201emeil\u0119\u201c nuo galvos iki koj\u0173 \u0161i\u0105 vasar\u0105<br \/>\nMes jau ne kart\u0105 pasteb\u0117jome, kaip viena laiminga \u0161ypsena<br \/>\ngali papuo\u0161ti geriau nei bet koks makia\u017eas ir stilius.<br \/>\nAtsitiktinis komplimentas gatv\u0117je, netik\u0117tas mirktel\u0117jimas<br \/>\nnepa\u017e\u012fstamojo kavin\u0117je arba m\u0117gstamas daiktas, puikiai<br \/>\ntransformav\u0119s \u012fprast\u0105 \u012fvaizd\u012f, ir \u0161tai tas momentas \u2014<br \/>\n\u017eie\u017eirba, sprogimas viduje ir norisi apkabinti vis\u0105 pasaul\u012f &#8230;<br \/>\n10motifs mar\u0161kiniai veikia taip pat: prideda \u017eaismingumo,<br \/>\nentuziazmo ir tokios sveikos saviironijos, kad aplinkiniams<br \/>\nlieka tik \u017eav\u0117tis jumis<\/p>\n","protected":false},"excerpt":{"rendered":"<p>Merserizuota medviln\u0117 \u2013 mink\u0161ta ir lygi, su \u0161ilkiniu blizgesiu. Specialus pluo\u0161to apdorojimas daro med\u017eiag\u0105 tvirtesn\u0119 ir apsaugo nuo i\u0161blukimo.<br \/>\n[ Kustomizacija ] &#8211; galite u\u017esisakyti mar\u0161kin\u0117lius su j\u016bs\u0173 \u201eypatingu\u201c \u017eod\u017eiu, nurodykite tai u\u017esakyme komentaruose.<\/p>\n<p>Dydis: oversize ( S, M, L )<br \/>\nRank\u0173 darbo detal\u0117s<\/p>\n<p>Avec l&#8217;amour, 10motifs [\ud83e\udd0d]<\/p>\n","protected":false},"featured_media":25747,"template":"","meta":[],"product_brand":[],"product_cat":[838,849],"product_tag":[],"class_list":{"0":"post-25740","1":"product","2":"type-product","3":"status-publish","4":"has-post-thumbnail","6":"product_cat-dovanos","7":"product_cat-marskineliai","8":"product_shipping_class-malenkaya-korobka-lt","10":"first","11":"instock","12":"shipping-taxable","13":"purchasable","14":"product-type-variable"},"yoast_head":"<!-- This site is optimized with the Yoast SEO plugin v27.3 - https:\/\/yoast.com\/product\/yoast-seo-wordpress\/ -->\n<title>[ 10motifs Raudoni mar\u0161kin\u0117liai ] pirkti internetu Lietuvoje \u2764\ufe0f 10motifs<\/title>\n<meta name=\"description\" content=\"U\u017esisakykite [ 10motifs Raudoni mar\u0161kin\u0117liai ] su pristatymu Europoje ir JAV. \u2764\ufe0f Kainos Baltarusijos prek\u0117s \u017eenklo drabu\u017ei\u0173 su \u0161irdel\u0117mis internetin\u0117je parduotuv\u0117je 10 motyv\u0173 \u2764\ufe0f 10 motyv\u0173\" \/>\n<meta name=\"robots\" content=\"index, follow, max-snippet:-1, max-image-preview:large, max-video-preview:-1\" \/>\n<link rel=\"canonical\" href=\"https:\/\/10motifs.com\/lt\/produktas\/10motifs-raudoni-marskineliai\/\" \/>\n<meta property=\"og:locale\" content=\"lt_LT\" \/>\n<meta property=\"og:type\" content=\"article\" \/>\n<meta property=\"og:title\" content=\"[ 10motifs Raudoni mar\u0161kin\u0117liai ] pirkti internetu Lietuvoje \u2764\ufe0f 10motifs\" \/>\n<meta property=\"og:description\" content=\"U\u017esisakykite [ 10motifs Raudoni mar\u0161kin\u0117liai ] su pristatymu Europoje ir JAV. \u2764\ufe0f Kainos Baltarusijos prek\u0117s \u017eenklo drabu\u017ei\u0173 su \u0161irdel\u0117mis internetin\u0117je parduotuv\u0117je 10 motyv\u0173 \u2764\ufe0f 10 motyv\u0173\" \/>\n<meta property=\"og:url\" content=\"https:\/\/10motifs.com\/lt\/produktas\/10motifs-raudoni-marskineliai\/\" \/>\n<meta property=\"og:site_name\" content=\"10motifs\" \/>\n<meta property=\"article:modified_time\" content=\"2024-12-17T10:08:06+00:00\" \/>\n<meta property=\"og:image\" content=\"https:\/\/10motifs.com\/wp-content\/uploads\/2024\/09\/img_5024.webp\" \/>\n\t<meta property=\"og:image:width\" content=\"700\" \/>\n\t<meta property=\"og:image:height\" content=\"800\" \/>\n\t<meta property=\"og:image:type\" content=\"image\/webp\" \/>\n<meta name=\"twitter:card\" content=\"summary_large_image\" \/>\n<meta name=\"twitter:label1\" content=\"Est. reading time\" \/>\n\t<meta name=\"twitter:data1\" content=\"1 minut\u0117\" \/>\n<script type=\"application\/ld+json\" class=\"yoast-schema-graph\">{\"@context\":\"https:\\\/\\\/schema.org\",\"@graph\":[{\"@type\":\"WebPage\",\"@id\":\"https:\\\/\\\/10motifs.com\\\/lt\\\/produktas\\\/10motifs-raudoni-marskineliai\\\/\",\"url\":\"https:\\\/\\\/10motifs.com\\\/lt\\\/produktas\\\/10motifs-raudoni-marskineliai\\\/\",\"name\":\"[ 10motifs Raudoni mar\u0161kin\u0117liai ] pirkti internetu Lietuvoje \u2764\ufe0f 10motifs\",\"isPartOf\":{\"@id\":\"https:\\\/\\\/10motifs.com\\\/lt\\\/#website\"},\"primaryImageOfPage\":{\"@id\":\"https:\\\/\\\/10motifs.com\\\/lt\\\/produktas\\\/10motifs-raudoni-marskineliai\\\/#primaryimage\"},\"image\":{\"@id\":\"https:\\\/\\\/10motifs.com\\\/lt\\\/produktas\\\/10motifs-raudoni-marskineliai\\\/#primaryimage\"},\"thumbnailUrl\":\"https:\\\/\\\/10motifs.com\\\/wp-content\\\/uploads\\\/2024\\\/09\\\/img_5024.webp\",\"datePublished\":\"2024-09-03T22:12:22+00:00\",\"dateModified\":\"2024-12-17T10:08:06+00:00\",\"description\":\"U\u017esisakykite [ 10motifs Raudoni mar\u0161kin\u0117liai ] su pristatymu Europoje ir JAV. \u2764\ufe0f Kainos Baltarusijos prek\u0117s \u017eenklo drabu\u017ei\u0173 su \u0161irdel\u0117mis internetin\u0117je parduotuv\u0117je 10 motyv\u0173 \u2764\ufe0f 10 motyv\u0173\",\"breadcrumb\":{\"@id\":\"https:\\\/\\\/10motifs.com\\\/lt\\\/produktas\\\/10motifs-raudoni-marskineliai\\\/#breadcrumb\"},\"inLanguage\":\"lt-LT\",\"potentialAction\":[{\"@type\":\"ReadAction\",\"target\":[\"https:\\\/\\\/10motifs.com\\\/lt\\\/produktas\\\/10motifs-raudoni-marskineliai\\\/\"]}]},{\"@type\":\"ImageObject\",\"inLanguage\":\"lt-LT\",\"@id\":\"https:\\\/\\\/10motifs.com\\\/lt\\\/produktas\\\/10motifs-raudoni-marskineliai\\\/#primaryimage\",\"url\":\"https:\\\/\\\/10motifs.com\\\/wp-content\\\/uploads\\\/2024\\\/09\\\/img_5024.webp\",\"contentUrl\":\"https:\\\/\\\/10motifs.com\\\/wp-content\\\/uploads\\\/2024\\\/09\\\/img_5024.webp\",\"width\":700,\"height\":800},{\"@type\":\"BreadcrumbList\",\"@id\":\"https:\\\/\\\/10motifs.com\\\/lt\\\/produktas\\\/10motifs-raudoni-marskineliai\\\/#breadcrumb\",\"itemListElement\":[{\"@type\":\"ListItem\",\"position\":1,\"name\":\"Pagrindinis puslapis\",\"item\":\"https:\\\/\\\/10motifs.com\\\/lt\\\/\"},{\"@type\":\"ListItem\",\"position\":2,\"name\":\"Parduotuv\u0117\",\"item\":\"https:\\\/\\\/10motifs.com\\\/lt\\\/parduotuve\\\/\"},{\"@type\":\"ListItem\",\"position\":3,\"name\":\"[ 10motifs Raudoni mar\u0161kin\u0117liai ]\"}]},{\"@type\":\"WebSite\",\"@id\":\"https:\\\/\\\/10motifs.com\\\/lt\\\/#website\",\"url\":\"https:\\\/\\\/10motifs.com\\\/lt\\\/\",\"name\":\"10motifs\",\"description\":\"Internetin\u0117 dizaineri\u0173 drabu\u017ei\u0173 parduotuv\u0117\",\"publisher\":{\"@id\":\"https:\\\/\\\/10motifs.com\\\/lt\\\/#organization\"},\"alternateName\":\"10motifs\",\"potentialAction\":[{\"@type\":\"SearchAction\",\"target\":{\"@type\":\"EntryPoint\",\"urlTemplate\":\"https:\\\/\\\/10motifs.com\\\/lt\\\/?s={search_term_string}\"},\"query-input\":{\"@type\":\"PropertyValueSpecification\",\"valueRequired\":true,\"valueName\":\"search_term_string\"}}],\"inLanguage\":\"lt-LT\"},{\"@type\":\"Organization\",\"@id\":\"https:\\\/\\\/10motifs.com\\\/lt\\\/#organization\",\"name\":\"10motifs\",\"alternateName\":\"10motifs\",\"url\":\"https:\\\/\\\/10motifs.com\\\/lt\\\/\",\"logo\":{\"@type\":\"ImageObject\",\"inLanguage\":\"lt-LT\",\"@id\":\"https:\\\/\\\/10motifs.com\\\/lt\\\/#\\\/schema\\\/logo\\\/image\\\/\",\"url\":\"https:\\\/\\\/10motifs.com\\\/wp-content\\\/uploads\\\/2024\\\/04\\\/cropped-img_6859.jpg\",\"contentUrl\":\"https:\\\/\\\/10motifs.com\\\/wp-content\\\/uploads\\\/2024\\\/04\\\/cropped-img_6859.jpg\",\"width\":512,\"height\":512,\"caption\":\"10motifs\"},\"image\":{\"@id\":\"https:\\\/\\\/10motifs.com\\\/lt\\\/#\\\/schema\\\/logo\\\/image\\\/\"},\"sameAs\":[\"https:\\\/\\\/www.instagram.com\\\/10motifs\\\/\"]}]}<\/script>\n<!-- \/ Yoast SEO plugin. -->","yoast_head_json":{"title":"[ 10motifs Raudoni mar\u0161kin\u0117liai ] pirkti internetu Lietuvoje \u2764\ufe0f 10motifs","description":"U\u017esisakykite [ 10motifs Raudoni mar\u0161kin\u0117liai ] su pristatymu Europoje ir JAV. \u2764\ufe0f Kainos Baltarusijos prek\u0117s \u017eenklo drabu\u017ei\u0173 su \u0161irdel\u0117mis internetin\u0117je parduotuv\u0117je 10 motyv\u0173 \u2764\ufe0f 10 motyv\u0173","robots":{"index":"index","follow":"follow","max-snippet":"max-snippet:-1","max-image-preview":"max-image-preview:large","max-video-preview":"max-video-preview:-1"},"canonical":"https:\/\/10motifs.com\/lt\/produktas\/10motifs-raudoni-marskineliai\/","og_locale":"lt_LT","og_type":"article","og_title":"[ 10motifs Raudoni mar\u0161kin\u0117liai ] pirkti internetu Lietuvoje \u2764\ufe0f 10motifs","og_description":"U\u017esisakykite [ 10motifs Raudoni mar\u0161kin\u0117liai ] su pristatymu Europoje ir JAV. \u2764\ufe0f Kainos Baltarusijos prek\u0117s \u017eenklo drabu\u017ei\u0173 su \u0161irdel\u0117mis internetin\u0117je parduotuv\u0117je 10 motyv\u0173 \u2764\ufe0f 10 motyv\u0173","og_url":"https:\/\/10motifs.com\/lt\/produktas\/10motifs-raudoni-marskineliai\/","og_site_name":"10motifs","article_modified_time":"2024-12-17T10:08:06+00:00","og_image":[{"width":700,"height":800,"url":"https:\/\/10motifs.com\/wp-content\/uploads\/2024\/09\/img_5024.webp","type":"image\/webp"}],"twitter_card":"summary_large_image","twitter_misc":{"Est. reading time":"1 minut\u0117"},"schema":{"@context":"https:\/\/schema.org","@graph":[{"@type":"WebPage","@id":"https:\/\/10motifs.com\/lt\/produktas\/10motifs-raudoni-marskineliai\/","url":"https:\/\/10motifs.com\/lt\/produktas\/10motifs-raudoni-marskineliai\/","name":"[ 10motifs Raudoni mar\u0161kin\u0117liai ] pirkti internetu Lietuvoje \u2764\ufe0f 10motifs","isPartOf":{"@id":"https:\/\/10motifs.com\/lt\/#website"},"primaryImageOfPage":{"@id":"https:\/\/10motifs.com\/lt\/produktas\/10motifs-raudoni-marskineliai\/#primaryimage"},"image":{"@id":"https:\/\/10motifs.com\/lt\/produktas\/10motifs-raudoni-marskineliai\/#primaryimage"},"thumbnailUrl":"https:\/\/10motifs.com\/wp-content\/uploads\/2024\/09\/img_5024.webp","datePublished":"2024-09-03T22:12:22+00:00","dateModified":"2024-12-17T10:08:06+00:00","description":"U\u017esisakykite [ 10motifs Raudoni mar\u0161kin\u0117liai ] su pristatymu Europoje ir JAV. \u2764\ufe0f Kainos Baltarusijos prek\u0117s \u017eenklo drabu\u017ei\u0173 su \u0161irdel\u0117mis internetin\u0117je parduotuv\u0117je 10 motyv\u0173 \u2764\ufe0f 10 motyv\u0173","breadcrumb":{"@id":"https:\/\/10motifs.com\/lt\/produktas\/10motifs-raudoni-marskineliai\/#breadcrumb"},"inLanguage":"lt-LT","potentialAction":[{"@type":"ReadAction","target":["https:\/\/10motifs.com\/lt\/produktas\/10motifs-raudoni-marskineliai\/"]}]},{"@type":"ImageObject","inLanguage":"lt-LT","@id":"https:\/\/10motifs.com\/lt\/produktas\/10motifs-raudoni-marskineliai\/#primaryimage","url":"https:\/\/10motifs.com\/wp-content\/uploads\/2024\/09\/img_5024.webp","contentUrl":"https:\/\/10motifs.com\/wp-content\/uploads\/2024\/09\/img_5024.webp","width":700,"height":800},{"@type":"BreadcrumbList","@id":"https:\/\/10motifs.com\/lt\/produktas\/10motifs-raudoni-marskineliai\/#breadcrumb","itemListElement":[{"@type":"ListItem","position":1,"name":"Pagrindinis puslapis","item":"https:\/\/10motifs.com\/lt\/"},{"@type":"ListItem","position":2,"name":"Parduotuv\u0117","item":"https:\/\/10motifs.com\/lt\/parduotuve\/"},{"@type":"ListItem","position":3,"name":"[ 10motifs Raudoni mar\u0161kin\u0117liai ]"}]},{"@type":"WebSite","@id":"https:\/\/10motifs.com\/lt\/#website","url":"https:\/\/10motifs.com\/lt\/","name":"10motifs","description":"Internetin\u0117 dizaineri\u0173 drabu\u017ei\u0173 parduotuv\u0117","publisher":{"@id":"https:\/\/10motifs.com\/lt\/#organization"},"alternateName":"10motifs","potentialAction":[{"@type":"SearchAction","target":{"@type":"EntryPoint","urlTemplate":"https:\/\/10motifs.com\/lt\/?s={search_term_string}"},"query-input":{"@type":"PropertyValueSpecification","valueRequired":true,"valueName":"search_term_string"}}],"inLanguage":"lt-LT"},{"@type":"Organization","@id":"https:\/\/10motifs.com\/lt\/#organization","name":"10motifs","alternateName":"10motifs","url":"https:\/\/10motifs.com\/lt\/","logo":{"@type":"ImageObject","inLanguage":"lt-LT","@id":"https:\/\/10motifs.com\/lt\/#\/schema\/logo\/image\/","url":"https:\/\/10motifs.com\/wp-content\/uploads\/2024\/04\/cropped-img_6859.jpg","contentUrl":"https:\/\/10motifs.com\/wp-content\/uploads\/2024\/04\/cropped-img_6859.jpg","width":512,"height":512,"caption":"10motifs"},"image":{"@id":"https:\/\/10motifs.com\/lt\/#\/schema\/logo\/image\/"},"sameAs":["https:\/\/www.instagram.com\/10motifs\/"]}]}},"_links":{"self":[{"href":"https:\/\/10motifs.com\/lt\/wp-json\/wp\/v2\/product\/25740","targetHints":{"allow":["GET"]}}],"collection":[{"href":"https:\/\/10motifs.com\/lt\/wp-json\/wp\/v2\/product"}],"about":[{"href":"https:\/\/10motifs.com\/lt\/wp-json\/wp\/v2\/types\/product"}],"version-history":[{"count":4,"href":"https:\/\/10motifs.com\/lt\/wp-json\/wp\/v2\/product\/25740\/revisions"}],"predecessor-version":[{"id":29090,"href":"https:\/\/10motifs.com\/lt\/wp-json\/wp\/v2\/product\/25740\/revisions\/29090"}],"wp:featuredmedia":[{"embeddable":true,"href":"https:\/\/10motifs.com\/lt\/wp-json\/wp\/v2\/media\/25747"}],"wp:attachment":[{"href":"https:\/\/10motifs.com\/lt\/wp-json\/wp\/v2\/media?parent=25740"}],"wp:term":[{"taxonomy":"product_brand","embeddable":true,"href":"https:\/\/10motifs.com\/lt\/wp-json\/wp\/v2\/product_brand?post=25740"},{"taxonomy":"product_cat","embeddable":true,"href":"https:\/\/10motifs.com\/lt\/wp-json\/wp\/v2\/product_cat?post=25740"},{"taxonomy":"product_tag","embeddable":true,"href":"https:\/\/10motifs.com\/lt\/wp-json\/wp\/v2\/product_tag?post=25740"}],"curies":[{"name":"wp","href":"https:\/\/api.w.org\/{rel}","templated":true}]}}