{"id":26933,"date":"2024-04-02T03:31:48","date_gmt":"2024-04-02T00:31:48","guid":{"rendered":"http:\/\/10motifs.com\/mano-paskyra\/"},"modified":"2024-12-01T15:57:14","modified_gmt":"2024-12-01T13:57:14","slug":"mano-paskyra","status":"publish","type":"page","link":"https:\/\/10motifs.com\/lt\/mano-paskyra\/","title":{"rendered":"Mano paskyra"},"content":{"rendered":"<div class=\"woocommerce\"><div class=\"woocommerce-notices-wrapper\"><\/div>\n<div class=\"wd-registration-page wd-register-tabs\">\n\n\n<div class=\"wd-grid-f-col\" id=\"customer_login\">\n\n\t<div class=\"wd-col col-login\">\n\n\n\t\t<h2 class=\"wd-login-title\">Prisijungti<\/h2>\n\n\t\t\t\t\t<form method=\"post\" class=\"login woocommerce-form woocommerce-form-login\" action=\"https:\/\/10motifs.com\/lt\/mano-paskyra\/?action=login\">\n\n\t\t\t\t\n\t\t\t\t\n\t\t\t\t<p class=\"woocommerce-FormRow woocommerce-FormRow--wide form-row form-row-wide form-row-username\">\n\t\t\t\t\t<label for=\"username\">Vartotojo vardas arba el. pa\u0161tas&nbsp;<span class=\"required\" aria-hidden=\"true\">*<\/span><span class=\"screen-reader-text\">Privalomas<\/span><\/label>\n\t\t\t\t\t<input type=\"text\" class=\"woocommerce-Input woocommerce-Input--text input-text\" name=\"username\" id=\"username\" autocomplete=\"username\" value=\"\" \/>\t\t\t\t<\/p>\n\t\t\t\t<p class=\"woocommerce-FormRow woocommerce-FormRow--wide form-row form-row-wide form-row-password\">\n\t\t\t\t\t<label for=\"password\">Password&nbsp;<span class=\"required\" aria-hidden=\"true\">*<\/span><span class=\"screen-reader-text\">Privalomas<\/span><\/label>\n\t\t\t\t\t<input class=\"woocommerce-Input woocommerce-Input--text input-text\" type=\"password\" name=\"password\" id=\"password\" autocomplete=\"current-password\" \/>\n\t\t\t\t<\/p>\n\n\t\t\t\t<input type=\"hidden\" name=\"g-recaptcha-response\" class=\"agr-recaptcha-response\" value=\"\" \/><script>\r\n                function wpcaptcha_captcha(){\r\n                    grecaptcha.execute(\"6LfPlQMsAAAAAA_-DEJeECnStDhkd3uB6tlhK_GF\", {action: \"submit\"}).then(function(token) {\r\n                        var captchas = document.querySelectorAll(\".agr-recaptcha-response\");\r\n                        captchas.forEach(function(captcha) {\r\n                            captcha.value = token;\r\n                        });\r\n                    });\r\n                }\r\n                <\/script><script>\r\n                    jQuery(document.body).on(\"checkout_error\", function(){\r\n                        setTimeout(wpcaptcha_captcha, 50);\r\n                    });\r\n\r\n                    jQuery(document.body).on(\"updated_checkout\", function(){\r\n                        setTimeout(wpcaptcha_captcha, 50);\r\n                    });\r\n                <\/script><script src='https:\/\/www.google.com\/recaptcha\/api.js?onload=wpcaptcha_captcha&render=6LfPlQMsAAAAAA_-DEJeECnStDhkd3uB6tlhK_GF&ver=1.34' id='wpcaptcha-recaptcha-js'><\/script>\n\t\t\t\t<p class=\"form-row form-row-btn\">\n\t\t\t\t\t<input type=\"hidden\" id=\"woocommerce-login-nonce\" name=\"woocommerce-login-nonce\" value=\"56c23475ba\" \/><input type=\"hidden\" name=\"_wp_http_referer\" value=\"\/lt\/wp-json\/wp\/v2\/pages\/26933\" \/>\t\t\t\t\t\t\t\t\t\t<button type=\"submit\" class=\"button btn btn-accent woocommerce-button woocommerce-form-login__submit\" name=\"login\" value=\"Log in\">Log in<\/button>\n\t\t\t\t<\/p>\n\n\t\t\t\t<p class=\"login-form-footer\">\n\t\t\t\t\t<a href=\"https:\/\/10motifs.com\/lt\/mano-paskyra\/lost-password\/\" class=\"woocommerce-LostPassword lost_password\">Lost your password?<\/a>\n\t\t\t\t\t<label class=\"woocommerce-form__label woocommerce-form__label-for-checkbox woocommerce-form-login__rememberme\">\n\t\t\t\t\t\t<input class=\"woocommerce-form__input woocommerce-form__input-checkbox\" name=\"rememberme\" type=\"checkbox\" value=\"forever\" title=\"Remember me\" aria-label=\"Remember me\" \/> <span>Remember me<\/span>\n\t\t\t\t\t<\/label>\n\t\t\t\t<\/p>\n\n\t\t\t\t\n\t\t\t\t\t\t\t<\/form>\n\n\t\t\n\n\t<\/div>\n\n\t<div class=\"wd-col col-register\">\n\n\t\t<h2 class=\"wd-login-title\">Registruotis<\/h2>\n\n\t\t\t\t<form method=\"post\" action=\"https:\/\/10motifs.com\/lt\/mano-paskyra\/?action=register\" class=\"woocommerce-form woocommerce-form-register register\"  >\n\t\t\n\t\t\t\t\t\n\t\t\t\t\t\n\t\t\t<p class=\"woocommerce-form-row woocommerce-form-row--wide form-row form-row-wide\">\n\t\t\t\t<label for=\"reg_email\">El. pa\u0161tas&nbsp;<span class=\"required\" aria-hidden=\"true\">*<\/span><span class=\"screen-reader-text\">Privalomas<\/span><\/label>\n\t\t\t\t<input type=\"email\" class=\"woocommerce-Input woocommerce-Input--text input-text\" name=\"email\" id=\"reg_email\" autocomplete=\"email\" value=\"\" \/>\t\t\t<\/p>\n\t\t\n\t\t\t\t\t\n\t\t\t\t<p>Naujo slapta\u017eod\u017eio nustatymo nuoroda bus i\u0161si\u0173sta \u012f j\u016bs\u0173 el. pa\u0161to adres\u0105.<\/p>\n\t\t\n\t\t\t\t\t\n\t\t\t<div style=\"left: -999em; position: absolute;\"><label for=\"trap\">Anti-spam<\/label><input type=\"text\" name=\"email_2\" id=\"trap\" tabindex=\"-1\" \/><\/div>\n\t\t\n\t\t\t<p class=\"form-row form-row-wide\" id=\"receive_newsletter_field\" data-priority=\"\"><span class=\"woocommerce-input-wrapper\"><label class=\"checkbox \" ><input type=\"checkbox\" name=\"receive_newsletter\" id=\"receive_newsletter\" value=\"1\" class=\"input-checkbox \"  \/> \u041f\u043e\u0434\u043f\u0438\u0448\u0438\u0442\u0435\u0441\u044c \u043d\u0430 \u043d\u0430\u0448\u0443 \u0440\u0430\u0441\u0441\u044b\u043b\u043a\u0443?&nbsp;<span class=\"optional\">(neb\u016btinas)<\/span><\/label><\/span><\/p><input type=\"hidden\" name=\"g-recaptcha-response\" class=\"agr-recaptcha-response\" value=\"\" \/><script>\r\n                function wpcaptcha_captcha(){\r\n                    grecaptcha.execute(\"6LfPlQMsAAAAAA_-DEJeECnStDhkd3uB6tlhK_GF\", {action: \"submit\"}).then(function(token) {\r\n                        var captchas = document.querySelectorAll(\".agr-recaptcha-response\");\r\n                        captchas.forEach(function(captcha) {\r\n                            captcha.value = token;\r\n                        });\r\n                    });\r\n                }\r\n                <\/script><script>\r\n                    jQuery(document.body).on(\"checkout_error\", function(){\r\n                        setTimeout(wpcaptcha_captcha, 50);\r\n                    });\r\n\r\n                    jQuery(document.body).on(\"updated_checkout\", function(){\r\n                        setTimeout(wpcaptcha_captcha, 50);\r\n                    });\r\n                <\/script><script src='https:\/\/www.google.com\/recaptcha\/api.js?onload=wpcaptcha_captcha&render=6LfPlQMsAAAAAA_-DEJeECnStDhkd3uB6tlhK_GF&ver=1.34' id='wpcaptcha-recaptcha-js'><\/script><wc-order-attribution-inputs><\/wc-order-attribution-inputs><div class=\"woocommerce-privacy-policy-text\"><p>J\u016bs\u0173 asmens duomenys bus naudojami siekiant palengvinti j\u016bs\u0173 b\u016bsim\u0105 s\u0105veik\u0105 su svetaine, valdyti prieig\u0105 prie j\u016bs\u0173 paskyros ir kitais <a href=\"https:\/\/10motifs.com\/privacy-policy\/\" class=\"woocommerce-privacy-policy-link\" target=\"_blank\">privatumo politikoje<\/a> dokumente apra\u0161ytais tikslais.<\/p>\n<\/div>\t\t\n\t\t\t<p class=\"woocommerce-form-row form-row form-row-btn\">\n\t\t\t\t<input type=\"hidden\" id=\"woocommerce-register-nonce\" name=\"woocommerce-register-nonce\" value=\"219a06770d\" \/><input type=\"hidden\" name=\"_wp_http_referer\" value=\"\/lt\/wp-json\/wp\/v2\/pages\/26933\" \/>\t\t\t\t<button type=\"submit\" class=\"woocommerce-Button woocommerce-button btn btn-accent button\" name=\"register\" value=\"Registruotis\">Registruotis<\/button>\n\t\t\t<\/p>\n\t\t\n\t\t\t\t\t\n\t\t<\/form>\n\t\t\n\t<\/div>\n\n\t\t\t<div class=\"wd-col col-register-text\">\n\n\t\t\t<p class=\"title wd-login-divider\"><span>Or<\/span><\/p>\n\n\t\t\t\n\t\t\t\t\t\t\t<h2 class=\"wd-login-title\">Registruotis<\/h2>\n\t\t\t\n\t\t\t\n\t\t\t\t\t\t\t<div class=\"registration-info\">\n<p class=\"wp-block-wd-paragraph wd-8dda7e2c\"><\/p>\n\n\n\n\u0417\u0430\u0440\u0435\u0433\u0438\u0441\u0442\u0440\u0438\u0440\u0443\u0439\u0441\u044f \u0438 \u043f\u043e\u043b\u0443\u0447\u0438<br>\u043d\u0430 \u0441\u0432\u043e\u0439 \u043f\u0435\u0440\u0432\u044b\u0439 \u0437\u0430\u043a\u0430\u0437<br>\n<span style=\"font-size: 32px; font-weight: 700; color: #e53935;\">5\u20ac<\/span><br>\n<\/div>\n\t\t\t\n\t\t\t\n\t\t\t<a href=\"#\" rel=\"nofollow noopener\" class=\"btn btn-default wd-switch-to-register\" data-login=\"Prisijungti\" data-login-title=\"Prisijunkite\" data-reg-title=\"Registruotis\" data-register=\"Registruotis\">Registruotis<\/a>\n\n\t\t<\/div>\n\t\n<\/div>\n\n<\/div>\n\n<\/div>\n","protected":false},"excerpt":{"rendered":"","protected":false},"author":1,"featured_media":0,"parent":0,"menu_order":0,"comment_status":"closed","ping_status":"closed","template":"","meta":{"footnotes":""},"class_list":["post-26933","page","type-page","status-publish","hentry"],"yoast_head":"<!-- This site is optimized with the Yoast SEO plugin v27.3 - https:\/\/yoast.com\/product\/yoast-seo-wordpress\/ -->\n<title>Mano paskyra \u043a\u0443\u043f\u0438\u0442\u044c \u0441 \u0434\u043e\u0441\u0442\u0430\u0432\u043a\u043e\u0439 \u043f\u043e \u0415\u0432\u0440\u043e\u043f\u0435 \u0438 \u0421\u0428\u0410 \u2764\ufe0f 10motifs<\/title>\n<meta name=\"description\" content=\"Mano paskyra\" \/>\n<meta name=\"robots\" content=\"index, follow, max-snippet:-1, max-image-preview:large, max-video-preview:-1\" \/>\n<link rel=\"canonical\" href=\"https:\/\/10motifs.com\/lt\/mano-paskyra\/\" \/>\n<meta property=\"og:locale\" content=\"lt_LT\" \/>\n<meta property=\"og:type\" content=\"article\" \/>\n<meta property=\"og:title\" content=\"Mano paskyra \u043a\u0443\u043f\u0438\u0442\u044c \u0441 \u0434\u043e\u0441\u0442\u0430\u0432\u043a\u043e\u0439 \u043f\u043e \u0415\u0432\u0440\u043e\u043f\u0435 \u0438 \u0421\u0428\u0410 \u2764\ufe0f 10motifs\" \/>\n<meta property=\"og:description\" content=\"Mano paskyra\" \/>\n<meta property=\"og:url\" content=\"https:\/\/10motifs.com\/lt\/mano-paskyra\/\" \/>\n<meta property=\"og:site_name\" content=\"10motifs\" \/>\n<meta property=\"article:modified_time\" content=\"2024-12-01T13:57:14+00:00\" \/>\n<meta name=\"twitter:card\" content=\"summary_large_image\" \/>\n<meta name=\"twitter:label1\" content=\"Est. reading time\" \/>\n\t<meta name=\"twitter:data1\" content=\"1 minut\u0117\" \/>\n<script type=\"application\/ld+json\" class=\"yoast-schema-graph\">{\"@context\":\"https:\\\/\\\/schema.org\",\"@graph\":[{\"@type\":\"WebPage\",\"@id\":\"https:\\\/\\\/10motifs.com\\\/lt\\\/mano-paskyra\\\/\",\"url\":\"https:\\\/\\\/10motifs.com\\\/lt\\\/mano-paskyra\\\/\",\"name\":\"Mano paskyra \u043a\u0443\u043f\u0438\u0442\u044c \u0441 \u0434\u043e\u0441\u0442\u0430\u0432\u043a\u043e\u0439 \u043f\u043e \u0415\u0432\u0440\u043e\u043f\u0435 \u0438 \u0421\u0428\u0410 \u2764\ufe0f 10motifs\",\"isPartOf\":{\"@id\":\"https:\\\/\\\/10motifs.com\\\/lt\\\/#website\"},\"datePublished\":\"2024-04-02T00:31:48+00:00\",\"dateModified\":\"2024-12-01T13:57:14+00:00\",\"description\":\"Mano paskyra\",\"breadcrumb\":{\"@id\":\"https:\\\/\\\/10motifs.com\\\/lt\\\/mano-paskyra\\\/#breadcrumb\"},\"inLanguage\":\"lt-LT\",\"potentialAction\":[{\"@type\":\"ReadAction\",\"target\":[\"https:\\\/\\\/10motifs.com\\\/lt\\\/mano-paskyra\\\/\"]}]},{\"@type\":\"BreadcrumbList\",\"@id\":\"https:\\\/\\\/10motifs.com\\\/lt\\\/mano-paskyra\\\/#breadcrumb\",\"itemListElement\":[{\"@type\":\"ListItem\",\"position\":1,\"name\":\"Pagrindinis puslapis\",\"item\":\"https:\\\/\\\/10motifs.com\\\/lt\\\/\"},{\"@type\":\"ListItem\",\"position\":2,\"name\":\"Mano paskyra\"}]},{\"@type\":\"WebSite\",\"@id\":\"https:\\\/\\\/10motifs.com\\\/lt\\\/#website\",\"url\":\"https:\\\/\\\/10motifs.com\\\/lt\\\/\",\"name\":\"10motifs\",\"description\":\"Internetin\u0117 dizaineri\u0173 drabu\u017ei\u0173 parduotuv\u0117\",\"publisher\":{\"@id\":\"https:\\\/\\\/10motifs.com\\\/lt\\\/#organization\"},\"alternateName\":\"10motifs\",\"potentialAction\":[{\"@type\":\"SearchAction\",\"target\":{\"@type\":\"EntryPoint\",\"urlTemplate\":\"https:\\\/\\\/10motifs.com\\\/lt\\\/?s={search_term_string}\"},\"query-input\":{\"@type\":\"PropertyValueSpecification\",\"valueRequired\":true,\"valueName\":\"search_term_string\"}}],\"inLanguage\":\"lt-LT\"},{\"@type\":\"Organization\",\"@id\":\"https:\\\/\\\/10motifs.com\\\/lt\\\/#organization\",\"name\":\"10motifs\",\"alternateName\":\"10motifs\",\"url\":\"https:\\\/\\\/10motifs.com\\\/lt\\\/\",\"logo\":{\"@type\":\"ImageObject\",\"inLanguage\":\"lt-LT\",\"@id\":\"https:\\\/\\\/10motifs.com\\\/lt\\\/#\\\/schema\\\/logo\\\/image\\\/\",\"url\":\"https:\\\/\\\/10motifs.com\\\/wp-content\\\/uploads\\\/2024\\\/04\\\/cropped-img_6859.jpg\",\"contentUrl\":\"https:\\\/\\\/10motifs.com\\\/wp-content\\\/uploads\\\/2024\\\/04\\\/cropped-img_6859.jpg\",\"width\":512,\"height\":512,\"caption\":\"10motifs\"},\"image\":{\"@id\":\"https:\\\/\\\/10motifs.com\\\/lt\\\/#\\\/schema\\\/logo\\\/image\\\/\"},\"sameAs\":[\"https:\\\/\\\/www.instagram.com\\\/10motifs\\\/\"]}]}<\/script>\n<!-- \/ Yoast SEO plugin. -->","yoast_head_json":{"title":"Mano paskyra \u043a\u0443\u043f\u0438\u0442\u044c \u0441 \u0434\u043e\u0441\u0442\u0430\u0432\u043a\u043e\u0439 \u043f\u043e \u0415\u0432\u0440\u043e\u043f\u0435 \u0438 \u0421\u0428\u0410 \u2764\ufe0f 10motifs","description":"Mano paskyra","robots":{"index":"index","follow":"follow","max-snippet":"max-snippet:-1","max-image-preview":"max-image-preview:large","max-video-preview":"max-video-preview:-1"},"canonical":"https:\/\/10motifs.com\/lt\/mano-paskyra\/","og_locale":"lt_LT","og_type":"article","og_title":"Mano paskyra \u043a\u0443\u043f\u0438\u0442\u044c \u0441 \u0434\u043e\u0441\u0442\u0430\u0432\u043a\u043e\u0439 \u043f\u043e \u0415\u0432\u0440\u043e\u043f\u0435 \u0438 \u0421\u0428\u0410 \u2764\ufe0f 10motifs","og_description":"Mano paskyra","og_url":"https:\/\/10motifs.com\/lt\/mano-paskyra\/","og_site_name":"10motifs","article_modified_time":"2024-12-01T13:57:14+00:00","twitter_card":"summary_large_image","twitter_misc":{"Est. reading time":"1 minut\u0117"},"schema":{"@context":"https:\/\/schema.org","@graph":[{"@type":"WebPage","@id":"https:\/\/10motifs.com\/lt\/mano-paskyra\/","url":"https:\/\/10motifs.com\/lt\/mano-paskyra\/","name":"Mano paskyra \u043a\u0443\u043f\u0438\u0442\u044c \u0441 \u0434\u043e\u0441\u0442\u0430\u0432\u043a\u043e\u0439 \u043f\u043e \u0415\u0432\u0440\u043e\u043f\u0435 \u0438 \u0421\u0428\u0410 \u2764\ufe0f 10motifs","isPartOf":{"@id":"https:\/\/10motifs.com\/lt\/#website"},"datePublished":"2024-04-02T00:31:48+00:00","dateModified":"2024-12-01T13:57:14+00:00","description":"Mano paskyra","breadcrumb":{"@id":"https:\/\/10motifs.com\/lt\/mano-paskyra\/#breadcrumb"},"inLanguage":"lt-LT","potentialAction":[{"@type":"ReadAction","target":["https:\/\/10motifs.com\/lt\/mano-paskyra\/"]}]},{"@type":"BreadcrumbList","@id":"https:\/\/10motifs.com\/lt\/mano-paskyra\/#breadcrumb","itemListElement":[{"@type":"ListItem","position":1,"name":"Pagrindinis puslapis","item":"https:\/\/10motifs.com\/lt\/"},{"@type":"ListItem","position":2,"name":"Mano paskyra"}]},{"@type":"WebSite","@id":"https:\/\/10motifs.com\/lt\/#website","url":"https:\/\/10motifs.com\/lt\/","name":"10motifs","description":"Internetin\u0117 dizaineri\u0173 drabu\u017ei\u0173 parduotuv\u0117","publisher":{"@id":"https:\/\/10motifs.com\/lt\/#organization"},"alternateName":"10motifs","potentialAction":[{"@type":"SearchAction","target":{"@type":"EntryPoint","urlTemplate":"https:\/\/10motifs.com\/lt\/?s={search_term_string}"},"query-input":{"@type":"PropertyValueSpecification","valueRequired":true,"valueName":"search_term_string"}}],"inLanguage":"lt-LT"},{"@type":"Organization","@id":"https:\/\/10motifs.com\/lt\/#organization","name":"10motifs","alternateName":"10motifs","url":"https:\/\/10motifs.com\/lt\/","logo":{"@type":"ImageObject","inLanguage":"lt-LT","@id":"https:\/\/10motifs.com\/lt\/#\/schema\/logo\/image\/","url":"https:\/\/10motifs.com\/wp-content\/uploads\/2024\/04\/cropped-img_6859.jpg","contentUrl":"https:\/\/10motifs.com\/wp-content\/uploads\/2024\/04\/cropped-img_6859.jpg","width":512,"height":512,"caption":"10motifs"},"image":{"@id":"https:\/\/10motifs.com\/lt\/#\/schema\/logo\/image\/"},"sameAs":["https:\/\/www.instagram.com\/10motifs\/"]}]}},"_links":{"self":[{"href":"https:\/\/10motifs.com\/lt\/wp-json\/wp\/v2\/pages\/26933","targetHints":{"allow":["GET"]}}],"collection":[{"href":"https:\/\/10motifs.com\/lt\/wp-json\/wp\/v2\/pages"}],"about":[{"href":"https:\/\/10motifs.com\/lt\/wp-json\/wp\/v2\/types\/page"}],"author":[{"embeddable":true,"href":"https:\/\/10motifs.com\/lt\/wp-json\/wp\/v2\/users\/1"}],"replies":[{"embeddable":true,"href":"https:\/\/10motifs.com\/lt\/wp-json\/wp\/v2\/comments?post=26933"}],"version-history":[{"count":3,"href":"https:\/\/10motifs.com\/lt\/wp-json\/wp\/v2\/pages\/26933\/revisions"}],"predecessor-version":[{"id":27989,"href":"https:\/\/10motifs.com\/lt\/wp-json\/wp\/v2\/pages\/26933\/revisions\/27989"}],"wp:attachment":[{"href":"https:\/\/10motifs.com\/lt\/wp-json\/wp\/v2\/media?parent=26933"}],"curies":[{"name":"wp","href":"https:\/\/api.w.org\/{rel}","templated":true}]}}