{"id":26083,"date":"2024-05-03T17:12:32","date_gmt":"2024-05-03T14:12:32","guid":{"rendered":"http:\/\/10motifs.com\/pristatymas\/"},"modified":"2024-11-06T00:35:01","modified_gmt":"2024-11-05T22:35:01","slug":"pristatymas","status":"publish","type":"page","link":"https:\/\/10motifs.com\/lt\/pristatymas\/","title":{"rendered":"Pristatymas"},"content":{"rendered":"\t\t<div data-elementor-type=\"wp-page\" data-elementor-id=\"26083\" class=\"elementor elementor-26083 elementor-20759\">\n\t\t\t\t<a class=\"elementor-element elementor-element-9eb4fd9 e-flex e-con-boxed e-con e-parent\" data-id=\"9eb4fd9\" data-element_type=\"container\" data-e-type=\"container\">\n\t\t\t\t\t<div class=\"e-con-inner\">\n\t\t\t\t<div class=\"elementor-element elementor-element-803387c elementor-widget elementor-widget-wd_tabs\" data-id=\"803387c\" data-element_type=\"widget\" data-e-type=\"widget\" data-widget_type=\"wd_tabs.default\">\n\t\t\t\t<div class=\"elementor-widget-container\">\n\t\t\t\t\t\t\t<div class=\"wd-tabs tabs-design-default\">\n\t\t\t<div class=\"wd-tabs-header text-center\">\n\t\t\t\t\n\t\t\t\t\n\t\t\t\t<div class=\"wd-nav-wrapper wd-nav-tabs-wrapper wd-mb-action-swipe\">\n\t\t\t\t\t<ul class=\"wd-nav wd-nav-tabs wd-icon-pos-left wd-style-underline\">\n\t\t\t\t\t\t\t\t\t\t\t\t\t\n\t\t\t\t\t\t\t<li>\n\t\t\t\t\t\t\t\t<a href=\"#\" class=\"wd-nav-link\">\n\t\t\t\t\t\t\t\t\t\n\t\t\t\t\t\t\t\t\t<span class=\"nav-link-text wd-tabs-title\">\n\t\t\t\t\t\t\t\t\t\tPristatymas\t\t\t\t\t\t\t\t\t<\/span>\n\t\t\t\t\t\t\t\t<\/a>\n\t\t\t\t\t\t\t<\/li>\n\n\t\t\t\t\t\t\t\t\t\t\t\t\t\n\t\t\t\t\t\t\t<li>\n\t\t\t\t\t\t\t\t<a href=\"#\" class=\"wd-nav-link\">\n\t\t\t\t\t\t\t\t\t\n\t\t\t\t\t\t\t\t\t<span class=\"nav-link-text wd-tabs-title\">\n\t\t\t\t\t\t\t\t\t\tGr\u0105\u017einimas\t\t\t\t\t\t\t\t\t<\/span>\n\t\t\t\t\t\t\t\t<\/a>\n\t\t\t\t\t\t\t<\/li>\n\n\t\t\t\t\t\t\t\t\t\t\t<\/ul>\n\t\t\t\t<\/div>\n\t\t\t<\/div>\n\n\t\t\t<div class=\"wd-tabs-content-wrapper\">\n\t\t\t\t\t\t\t\t\t\t\t\t\t\t\n\t\t\t\t\t<div class=\"wd-tab-content wd-entry-content\">\n\t\t\t\t\t\t\t\t\t\t\t\t\t<div >\n\t\t\t\t\t\t\t\t<p><span style=\"font-size: 14px; text-align: var(--text-align); background-color: var(--wd-main-bgcolor); color: var(--wd-text-color);\">Vilniuje, Europoje ir Amerikoje galimi u\u017esakymo gavimo b\u016bdai:<\/span><\/p><ul><li><span style=\"text-decoration: underline;\"><a href=\"#unique-identifier1\">Kurjerio pristatymas (Vilnius)<\/a><\/span><\/li><li><a href=\"#unique-identifier2\"><span style=\"text-decoration: underline;\">Atsi\u0117mimas i\u0161 10MOTIFS parduotuv\u0117s<\/span><\/a><\/li><li><a href=\"#unique-identifier3\"><span style=\"text-decoration: underline;\">Atsi\u0117mimas DPD, Omniva, LPExpress pa\u0161tomatuose<\/span><\/a><\/li><li><a href=\"#unique-identifier4\"><span style=\"text-decoration: underline;\">Pristatymas pa\u0161to tarnybomis (DPD, Omniva, LPExpress, Lietuvos pa\u0161tas) Lietuvoje, Latvijoje, Estijoje, Lenkijoje<\/span><\/a> ir kitos ES \u0161alys<\/li><li><a href=\"#unique-identifier4\"><span style=\"text-decoration: underline;\">Lietuvos pa\u0161to pristatymas \u012f JAV, Kanad\u0105, Gruzij\u0105, Izrael\u012f, Kipr\u0105, Anglij\u0105<\/span><\/a><\/li><\/ul><h3><span style=\"color: #dd3333;\">Kurjerio pristatymas Vilniuje<\/span><\/h3><p>Pristatymas naudojant Bolt kurjerio tarnyb\u0105.<br>Kaina: 15 \u20ac.<br>Pristatymo laikas Vilniuje, ribojamas \u017eiediniu keliu: galima nurodyti pageidaujam\u0105 dat\u0105 ir laik\u0105, taip pat gav\u0117jo kontaktin\u012f numer\u012f. Kai perduosime u\u017esakym\u0105 kurjeriui, gausite SMS su nuoroda sekti pristatym\u0105.<br>Apmok\u0117jimas: svetain\u0117je (kortele internetu).<\/p><h3><span style=\"color: #dd3333;\">Atsi\u0117mimas i\u0161 10MOTIFS parduotuv\u0117s<\/span><\/h3><p><span style=\"font-size: 14px; text-align: var(--text-align); background-color: var(--wd-main-bgcolor); color: var(--wd-text-color);\">Kaina: nemokamai.\n<\/span><span style=\"background-color: var(--wd-main-bgcolor); color: var(--wd-text-color); font-size: 14px; text-align: var(--text-align);\">Laikas: 1-5 dienos (nuo u\u017esakymo parengimo ir prieinamumo parduotuv\u0117je).\n<\/span><span style=\"font-size: 14px; text-align: var(--text-align); background-color: var(--wd-main-bgcolor); color: var(--wd-text-color);\">Apmok\u0117jimas: svetain\u0117je (kortele internetu).<\/span><\/p><h3><span style=\"color: #dd3333;\">Atsi\u0117mimas DPD, Omniva, LPExpress pa\u0161tuomatuose<\/span><\/h3>Kaina: 10-20 \u20ac (priklausomai nuo u\u017esakymo dyd\u017eio ir svorio).<br>Laikas: 2-7 dienos (nuo u\u017esakymo parengimo ir prieinamumo parduotuv\u0117je).<br>Apmok\u0117jimas: svetain\u0117je (kortele internetu).<br>U\u017esakymo saugojimo terminas pa\u0161tomate \u2013 3-5 dienos. Gavus SMS su PIN kodu, \u012fveskite j\u012f nor\u0117dami atsiimti u\u017esakym\u0105. Pasiimti artimiausi\u0105 pa\u0161tomat\u0105 galite pasirinkti DPD, Omniva ar LPExpress svetain\u0117je.<br><br><h3><span style=\"color: #dd3333;\">Pristatymas pa\u0161to tarnybomis Lietuvoje, Latvijoje, Estijoje, Lenkijoje<\/span><\/h3><p>Kaina: 10-20 \u20ac, priklausomai nuo u\u017esakymo dyd\u017eio ir svorio.<br>Pristatymo laikas Lietuvoje, Latvijoje, Estijoje, Lenkijoje: 3-5 dienos (nuo u\u017esakymo parengimo ir prieinamumo parduotuv\u0117je).<br>Pristatymo laikas \u012f kitas ES \u0161alis: 5-7 dienos.<br>Apmok\u0117jimas: svetain\u0117je (kortele internetu).<\/p><h3><span style=\"color: #dd3333;\">Lietuvos pa\u0161to siunt\u0173 pristatymas \u012f JAV valstijas, Kanad\u0105, D\u017eord\u017eij\u0105, Izrael\u012f, Kipr\u0105, Anglij\u0105 Pristatymas Lietuvos pa\u0161tu \u012f JAV, Kanad\u0105, Gruzij\u0105, Izrael\u012f, Kipr\u0105, JK<\/span><\/h3><p><span style=\"font-size: 14px; text-align: var(--text-align); background-color: var(--wd-main-bgcolor); color: var(--wd-text-color);\">Kaina: 15-45 \u20ac (priklausomai nuo u\u017esakymo dyd\u017eio ir svorio).<\/span><\/p>Pristatymo laikas: 10-15 dien\u0173 (nuo u\u017esakymo parengimo ir prieinamumo parduotuv\u0117je).<br>Apmok\u0117jimas: svetain\u0117je (kortele internetu).<br><br><h3><br><\/h3><p><b>U\u017esakymo galiojimo laikas pristatymo vietoje yra 14 dien\u0173.<br>Nor\u0117dami gauti u\u017esakym\u0105, turite parodyti pas\u0105.<br>\"Belpochta\" svetain\u0117je galite rasti pristatymo viet\u0105 savo mieste ir nurodyti pristatymo s\u0105lygas (priklausomai nuo u\u017esakymo dyd\u017eio ir svorio).<\/b><\/p><p><strong>Pristatymo i\u0161laidos apskai\u010diuojamos automati\u0161kai, kai pateikiate u\u017esakym\u0105. Jei j\u016bs\u0173 \u0161alyje pristatymo i\u0161laid\u0173 ne\u012fmanoma apskai\u010diuoti i\u0161 anksto, tokiu atveju atskirai apskai\u010diuosime pristatymo i\u0161laidas pateikus u\u017esakym\u0105 ir atskirai suformuosime papildom\u0105 mok\u0117jim\u0105 u\u017e pristatym\u0105. <\/strong><\/p><p><strong>Pateikus u\u017esakym\u0105 su jumis susisieks m\u016bs\u0173 vadybininkas ir gal\u0117site pakeisti adres\u0105 ir pristatymo b\u016bd\u0105 (tai taip pat galite padaryti pateikdami u\u017esakym\u0105 laukelyje \"Pastabos\").<\/strong><\/p>\t\t\t\t\t\t\t<\/div>\n\t\t\t\t\t\t\t\t\t\t\t<\/div>\n\n\t\t\t\t\t\t\t\t\t\t\t\t\t\t\n\t\t\t\t\t<div class=\"wd-tab-content wd-entry-content\">\n\t\t\t\t\t\t\t\t\t\t\t\t\t<div >\n\t\t\t\t\t\t\t\t<p>Mums svarbu teikti tikrai auk\u0161tos kokyb\u0117s paslaugas. Tod\u0117l bet kok\u012f remont\u0105, keitim\u0105 ar gr\u0105\u017einim\u0105 atliekame be biurokratini\u0173 proced\u016br\u0173. Jums tereikia atvykti \u012f m\u016bs\u0173 parduotuv\u0119, para\u0161yti el. pa\u0161tu, Instagram arba per \u017einut\u0119 ir mes visk\u0105 sutvarkysime. Jei prek\u0117 turi gamyklin\u012f brok\u0105, visas siuntimo i\u0161laidas padengsime mes.<\/p><p>Mes visuomet siekiame pad\u0117ti klientui ir supaprastinti gr\u0105\u017einimo bei gin\u010dytin\u0173 situacij\u0173 sprendimo proces\u0105. Tod\u0117l tiesiog susisiekite su mumis, jei kyla problem\u0173 d\u0117l \u012fsigyto produkto.<\/p><p>Klausimus arba gr\u0105\u017einimo u\u017eklausas galite pateikti Jums patogiausiu b\u016bdu: socialiniuose tinkluose, per \u017einutes, telefonu arba el. pa\u0161tu <a rel=\"noopener\">info@<\/a><a style=\"font-style: normal; font-variant-ligatures: normal; font-variant-caps: normal; font-weight: 400; font-family: Montserrat, Arial, Helvetica, sans-serif; font-size: 14px; transition-property: all; outline: 0px;\" rel=\"noopener\">10motifs<\/a><a rel=\"noopener\">.com<\/a>.<\/p><p>Jeigu pirk\u0117jui buvo parduota nekokybi\u0161ka prek\u0117, apie defektus i\u0161 anksto neinformavus, jis turi teis\u0119:<\/p><ul><li>pakeisti nekokybi\u0161k\u0105 prek\u0119 \u012f kokybi\u0161k\u0105;<\/li><li>atitinkamai suma\u017einti prek\u0117s kain\u0105;<\/li><li>gr\u0105\u017einti sumok\u0117tus pinigus.<\/li><\/ul><p>Jeigu gr\u0105\u017einama nekokybi\u0161ka prek\u0117, siuntimo i\u0161laidos negr\u0105\u017einamos. Jei nustatoma, kad prek\u0117 buvo sugadinta d\u0117l pirk\u0117jo kalt\u0117s, prek\u0117 bus gr\u0105\u017einta pirk\u0117jui tik apmok\u0117jus gr\u0105\u017einimo, pakartotinio siuntimo (jei pirk\u0117jas nepageidauja atsiimti prek\u0117s parduotuv\u0117je) ir kokyb\u0117s vertinimo (jei tokia reikalinga) i\u0161laidas.<\/p><p>Pagal Lietuvos Respublikos civilinio kodekso 6.362 straipsn\u012f pirk\u0117jas turi teis\u0119 prek\u0119 gr\u0105\u017einti\/keisti per\u00a0<strong>14 dien\u0173<\/strong> nuo prek\u0117s gavimo.\u00a0<\/p><p>Kokybi\u0161k\u0173 preki\u0173 gr\u0105\u017einimo s\u0105lygos:<\/p><ul><li>gr\u0105\u017einama prek\u0117 turi b\u016bti originalioje ir nepa\u017eeistoje pakuot\u0117je;<\/li><li>prek\u0117 neturi b\u016bti sugadinta Pirk\u0117jo;<\/li><li>prek\u0117 turi b\u016bti i\u0161laikyta prekin\u0117je i\u0161vaizdoje (jei prek\u0117 buvo plombuota, plomba turi b\u016bti i\u0161likusi, etiket\u0117s ir apsaugin\u0117s pl\u0117vel\u0117s turi b\u016bti nepa\u017eeistos, pavir\u0161ius nesubrai\u017eytas, komplektacija ar kiti prek\u0117s elementai nepakit\u0119 ir pan.).<\/li><\/ul><p>Gr\u0105\u017einant ar kei\u010diant kokybi\u0161kas prekes, gr\u0105\u017einimo i\u0161laidas apmoka pirk\u0117jas.<\/p><p>Prek\u0117s turi b\u016bti gr\u0105\u017eintos \u0161iuo adresu: Totori\u0173 g. 21-2, Vilnius, Lietuva, 01121 LT, \u012f flagmanin\u0119 parduotuv\u0119 \u201e10MOTIFS\u201c.<\/p><p>Prie\u0161 gr\u0105\u017einant prek\u0119, bet ne v\u0117liau kaip per 14 dien\u0173 nuo prek\u0117s pristatymo, pirk\u0117jas turi informuoti apie gr\u0105\u017einim\u0105 vienu i\u0161 \u0161i\u0173 b\u016bd\u0173:<\/p><ul><li>atsi\u0173sti el. lai\u0161k\u0105 adresu <a style=\"font-style: normal; font-variant-ligatures: normal; font-variant-caps: normal; font-weight: 400; font-family: Montserrat, Arial, Helvetica, sans-serif; font-size: 14px; transition-property: all;\" rel=\"noopener\">info@<\/a><a style=\"font-style: normal; font-variant-ligatures: normal; font-variant-caps: normal; font-weight: 400; font-family: Montserrat, Arial, Helvetica, sans-serif; font-size: 14px; transition-property: all; outline: 0px;\" rel=\"noopener\">10motifs<\/a>.com su prek\u0117s gr\u0105\u017einimo forma. Prek\u0117s gr\u0105\u017einimo form\u0105 galite atsisi\u0173sti paspaud\u0119 \u0161i\u0105 <a href=\"https:\/\/view.officeapps.live.com\/op\/view.aspx?src=http%3A%2F%2Fdokumentuvaldymas.lt%2Fprasymas-grazinti-pinigus-uz-nekokybiska-preke%2Fprasymas-grazinti-pinigus-uz-nekokybiska-preke.doc&amp;wdOrigin=BROWSELINK\">nuorod\u0105<\/a>;<\/li><li>atsi\u0173sti el. lai\u0161k\u0105 adresu <a rel=\"noopener\">i<\/a><a style=\"font-style: normal; font-variant-ligatures: normal; font-variant-caps: normal; font-weight: 400; font-family: Montserrat, Arial, Helvetica, sans-serif; font-size: 14px; transition-property: all;\" rel=\"noopener\">nfo@<\/a><a style=\"font-style: normal; font-variant-ligatures: normal; font-variant-caps: normal; font-weight: 400; font-family: Montserrat, Arial, Helvetica, sans-serif; font-size: 14px; transition-property: all; outline: 0px;\" rel=\"noopener\">10motifs<\/a>.com, nurodant: pirk\u0117jo vard\u0105 ir pavard\u0119, adres\u0105, i\u0161 kurio galima paimti nekokybi\u0161k\u0105 prek\u0119, dien\u0105 (darbo dien\u0105), kada prek\u0117 gali b\u016bti paimta, visus kontaktinius duomenis (telefono numer\u012f, el. pa\u0161to adres\u0105), u\u017esakymo numer\u012f, pirkimo ir gavimo dat\u0105, sumok\u0117t\u0105 sum\u0105, prek\u0117s pavadinim\u0105 bei informacij\u0105 apie rastus defektus.<\/li><\/ul><p>Gavus \u0161i\u0105 informacij\u0105, m\u016bs\u0173 darbuotojai susisieks su pirk\u0117ju ir i\u0161spr\u0119s visus reikiamus klausimus. Prek\u0117s turi b\u016bti gr\u0105\u017eintos originalioje pakuot\u0117je ir pilnos komplektacijos.<\/p><p>Atspausdinta ir u\u017epildyta gr\u0105\u017einimo forma turi b\u016bti \u012fd\u0117ta \u012f gr\u0105\u017einamos prek\u0117s pakuot\u0119. Taip gr\u0105\u017einama prek\u0117 bus grei\u010diau identifikuota ir gr\u0105\u017einimo procesas bus trumpesnis.<\/p><p>Nekokybi\u0161k\u0173 preki\u0173 gr\u0105\u017einimo ir pakeitimo kokybi\u0161komis preki\u0173 i\u0161laidas padengia \u201e10MOTIFS\u201c<\/p>\t\t\t\t\t\t\t<\/div>\n\t\t\t\t\t\t\t\t\t\t\t<\/div>\n\n\t\t\t\t\t\t\t<\/div>\n\t\t<\/div>\n\t\t\t\t\t\t<\/div>\n\t\t\t\t<\/div>\n\t\t\t\t\t<\/div>\n\t\t\t\t<\/a>\n\t\t\t\t<\/div>\n\t\t","protected":false},"excerpt":{"rendered":"<p>Pristatymas Gr\u0105\u017einimas Vilniuje, Europoje ir Amerikoje galimi u\u017esakymo gavimo b\u016bdai: Kurjerio pristatymas (Vilnius) Atsi\u0117mimas i\u0161 10MOTIFS parduotuv\u0117s Atsi\u0117mimas DPD, Omniva,<\/p>\n","protected":false},"author":1,"featured_media":0,"parent":0,"menu_order":0,"comment_status":"closed","ping_status":"closed","template":"elementor_theme","meta":{"footnotes":""},"class_list":["post-26083","page","type-page","status-publish","hentry"],"yoast_head":"<!-- This site is optimized with the Yoast SEO plugin v27.3 - https:\/\/yoast.com\/product\/yoast-seo-wordpress\/ -->\n<title>Pristatymas \u043a\u0443\u043f\u0438\u0442\u044c \u0441 \u0434\u043e\u0441\u0442\u0430\u0432\u043a\u043e\u0439 \u043f\u043e \u0415\u0432\u0440\u043e\u043f\u0435 \u0438 \u0421\u0428\u0410 \u2764\ufe0f 10motifs<\/title>\n<meta name=\"description\" content=\"Pristatymas\" \/>\n<meta name=\"robots\" content=\"index, follow, max-snippet:-1, max-image-preview:large, max-video-preview:-1\" \/>\n<link rel=\"canonical\" href=\"https:\/\/10motifs.com\/lt\/pristatymas\/\" \/>\n<meta property=\"og:locale\" content=\"lt_LT\" \/>\n<meta property=\"og:type\" content=\"article\" \/>\n<meta property=\"og:title\" content=\"Pristatymas \u043a\u0443\u043f\u0438\u0442\u044c \u0441 \u0434\u043e\u0441\u0442\u0430\u0432\u043a\u043e\u0439 \u043f\u043e \u0415\u0432\u0440\u043e\u043f\u0435 \u0438 \u0421\u0428\u0410 \u2764\ufe0f 10motifs\" \/>\n<meta property=\"og:description\" content=\"Pristatymas\" \/>\n<meta property=\"og:url\" content=\"https:\/\/10motifs.com\/lt\/pristatymas\/\" \/>\n<meta property=\"og:site_name\" content=\"10motifs\" \/>\n<meta property=\"article:modified_time\" content=\"2024-11-05T22:35:01+00:00\" \/>\n<meta name=\"twitter:card\" content=\"summary_large_image\" \/>\n<meta name=\"twitter:label1\" content=\"Est. reading time\" \/>\n\t<meta name=\"twitter:data1\" content=\"4 minut\u0117s\" \/>\n<script type=\"application\/ld+json\" class=\"yoast-schema-graph\">{\"@context\":\"https:\\\/\\\/schema.org\",\"@graph\":[{\"@type\":\"WebPage\",\"@id\":\"https:\\\/\\\/10motifs.com\\\/lt\\\/pristatymas\\\/\",\"url\":\"https:\\\/\\\/10motifs.com\\\/lt\\\/pristatymas\\\/\",\"name\":\"Pristatymas \u043a\u0443\u043f\u0438\u0442\u044c \u0441 \u0434\u043e\u0441\u0442\u0430\u0432\u043a\u043e\u0439 \u043f\u043e \u0415\u0432\u0440\u043e\u043f\u0435 \u0438 \u0421\u0428\u0410 \u2764\ufe0f 10motifs\",\"isPartOf\":{\"@id\":\"https:\\\/\\\/10motifs.com\\\/lt\\\/#website\"},\"datePublished\":\"2024-05-03T14:12:32+00:00\",\"dateModified\":\"2024-11-05T22:35:01+00:00\",\"description\":\"Pristatymas\",\"breadcrumb\":{\"@id\":\"https:\\\/\\\/10motifs.com\\\/lt\\\/pristatymas\\\/#breadcrumb\"},\"inLanguage\":\"lt-LT\",\"potentialAction\":[{\"@type\":\"ReadAction\",\"target\":[\"https:\\\/\\\/10motifs.com\\\/lt\\\/pristatymas\\\/\"]}]},{\"@type\":\"BreadcrumbList\",\"@id\":\"https:\\\/\\\/10motifs.com\\\/lt\\\/pristatymas\\\/#breadcrumb\",\"itemListElement\":[{\"@type\":\"ListItem\",\"position\":1,\"name\":\"Pagrindinis puslapis\",\"item\":\"https:\\\/\\\/10motifs.com\\\/lt\\\/\"},{\"@type\":\"ListItem\",\"position\":2,\"name\":\"Pristatymas\"}]},{\"@type\":\"WebSite\",\"@id\":\"https:\\\/\\\/10motifs.com\\\/lt\\\/#website\",\"url\":\"https:\\\/\\\/10motifs.com\\\/lt\\\/\",\"name\":\"10motifs\",\"description\":\"Internetin\u0117 dizaineri\u0173 drabu\u017ei\u0173 parduotuv\u0117\",\"publisher\":{\"@id\":\"https:\\\/\\\/10motifs.com\\\/lt\\\/#organization\"},\"alternateName\":\"10motifs\",\"potentialAction\":[{\"@type\":\"SearchAction\",\"target\":{\"@type\":\"EntryPoint\",\"urlTemplate\":\"https:\\\/\\\/10motifs.com\\\/lt\\\/?s={search_term_string}\"},\"query-input\":{\"@type\":\"PropertyValueSpecification\",\"valueRequired\":true,\"valueName\":\"search_term_string\"}}],\"inLanguage\":\"lt-LT\"},{\"@type\":\"Organization\",\"@id\":\"https:\\\/\\\/10motifs.com\\\/lt\\\/#organization\",\"name\":\"10motifs\",\"alternateName\":\"10motifs\",\"url\":\"https:\\\/\\\/10motifs.com\\\/lt\\\/\",\"logo\":{\"@type\":\"ImageObject\",\"inLanguage\":\"lt-LT\",\"@id\":\"https:\\\/\\\/10motifs.com\\\/lt\\\/#\\\/schema\\\/logo\\\/image\\\/\",\"url\":\"https:\\\/\\\/10motifs.com\\\/wp-content\\\/uploads\\\/2024\\\/04\\\/cropped-img_6859.jpg\",\"contentUrl\":\"https:\\\/\\\/10motifs.com\\\/wp-content\\\/uploads\\\/2024\\\/04\\\/cropped-img_6859.jpg\",\"width\":512,\"height\":512,\"caption\":\"10motifs\"},\"image\":{\"@id\":\"https:\\\/\\\/10motifs.com\\\/lt\\\/#\\\/schema\\\/logo\\\/image\\\/\"},\"sameAs\":[\"https:\\\/\\\/www.instagram.com\\\/10motifs\\\/\"]}]}<\/script>\n<!-- \/ Yoast SEO plugin. -->","yoast_head_json":{"title":"Pristatymas \u043a\u0443\u043f\u0438\u0442\u044c \u0441 \u0434\u043e\u0441\u0442\u0430\u0432\u043a\u043e\u0439 \u043f\u043e \u0415\u0432\u0440\u043e\u043f\u0435 \u0438 \u0421\u0428\u0410 \u2764\ufe0f 10motifs","description":"Pristatymas","robots":{"index":"index","follow":"follow","max-snippet":"max-snippet:-1","max-image-preview":"max-image-preview:large","max-video-preview":"max-video-preview:-1"},"canonical":"https:\/\/10motifs.com\/lt\/pristatymas\/","og_locale":"lt_LT","og_type":"article","og_title":"Pristatymas \u043a\u0443\u043f\u0438\u0442\u044c \u0441 \u0434\u043e\u0441\u0442\u0430\u0432\u043a\u043e\u0439 \u043f\u043e \u0415\u0432\u0440\u043e\u043f\u0435 \u0438 \u0421\u0428\u0410 \u2764\ufe0f 10motifs","og_description":"Pristatymas","og_url":"https:\/\/10motifs.com\/lt\/pristatymas\/","og_site_name":"10motifs","article_modified_time":"2024-11-05T22:35:01+00:00","twitter_card":"summary_large_image","twitter_misc":{"Est. reading time":"4 minut\u0117s"},"schema":{"@context":"https:\/\/schema.org","@graph":[{"@type":"WebPage","@id":"https:\/\/10motifs.com\/lt\/pristatymas\/","url":"https:\/\/10motifs.com\/lt\/pristatymas\/","name":"Pristatymas \u043a\u0443\u043f\u0438\u0442\u044c \u0441 \u0434\u043e\u0441\u0442\u0430\u0432\u043a\u043e\u0439 \u043f\u043e \u0415\u0432\u0440\u043e\u043f\u0435 \u0438 \u0421\u0428\u0410 \u2764\ufe0f 10motifs","isPartOf":{"@id":"https:\/\/10motifs.com\/lt\/#website"},"datePublished":"2024-05-03T14:12:32+00:00","dateModified":"2024-11-05T22:35:01+00:00","description":"Pristatymas","breadcrumb":{"@id":"https:\/\/10motifs.com\/lt\/pristatymas\/#breadcrumb"},"inLanguage":"lt-LT","potentialAction":[{"@type":"ReadAction","target":["https:\/\/10motifs.com\/lt\/pristatymas\/"]}]},{"@type":"BreadcrumbList","@id":"https:\/\/10motifs.com\/lt\/pristatymas\/#breadcrumb","itemListElement":[{"@type":"ListItem","position":1,"name":"Pagrindinis puslapis","item":"https:\/\/10motifs.com\/lt\/"},{"@type":"ListItem","position":2,"name":"Pristatymas"}]},{"@type":"WebSite","@id":"https:\/\/10motifs.com\/lt\/#website","url":"https:\/\/10motifs.com\/lt\/","name":"10motifs","description":"Internetin\u0117 dizaineri\u0173 drabu\u017ei\u0173 parduotuv\u0117","publisher":{"@id":"https:\/\/10motifs.com\/lt\/#organization"},"alternateName":"10motifs","potentialAction":[{"@type":"SearchAction","target":{"@type":"EntryPoint","urlTemplate":"https:\/\/10motifs.com\/lt\/?s={search_term_string}"},"query-input":{"@type":"PropertyValueSpecification","valueRequired":true,"valueName":"search_term_string"}}],"inLanguage":"lt-LT"},{"@type":"Organization","@id":"https:\/\/10motifs.com\/lt\/#organization","name":"10motifs","alternateName":"10motifs","url":"https:\/\/10motifs.com\/lt\/","logo":{"@type":"ImageObject","inLanguage":"lt-LT","@id":"https:\/\/10motifs.com\/lt\/#\/schema\/logo\/image\/","url":"https:\/\/10motifs.com\/wp-content\/uploads\/2024\/04\/cropped-img_6859.jpg","contentUrl":"https:\/\/10motifs.com\/wp-content\/uploads\/2024\/04\/cropped-img_6859.jpg","width":512,"height":512,"caption":"10motifs"},"image":{"@id":"https:\/\/10motifs.com\/lt\/#\/schema\/logo\/image\/"},"sameAs":["https:\/\/www.instagram.com\/10motifs\/"]}]}},"_links":{"self":[{"href":"https:\/\/10motifs.com\/lt\/wp-json\/wp\/v2\/pages\/26083","targetHints":{"allow":["GET"]}}],"collection":[{"href":"https:\/\/10motifs.com\/lt\/wp-json\/wp\/v2\/pages"}],"about":[{"href":"https:\/\/10motifs.com\/lt\/wp-json\/wp\/v2\/types\/page"}],"author":[{"embeddable":true,"href":"https:\/\/10motifs.com\/lt\/wp-json\/wp\/v2\/users\/1"}],"replies":[{"embeddable":true,"href":"https:\/\/10motifs.com\/lt\/wp-json\/wp\/v2\/comments?post=26083"}],"version-history":[{"count":11,"href":"https:\/\/10motifs.com\/lt\/wp-json\/wp\/v2\/pages\/26083\/revisions"}],"predecessor-version":[{"id":27461,"href":"https:\/\/10motifs.com\/lt\/wp-json\/wp\/v2\/pages\/26083\/revisions\/27461"}],"wp:attachment":[{"href":"https:\/\/10motifs.com\/lt\/wp-json\/wp\/v2\/media?parent=26083"}],"curies":[{"name":"wp","href":"https:\/\/api.w.org\/{rel}","templated":true}]}}