{"id":25994,"date":"2024-05-07T22:13:43","date_gmt":"2024-05-07T19:13:43","guid":{"rendered":"http:\/\/10motifs.com\/jam\/"},"modified":"2024-11-04T01:12:30","modified_gmt":"2024-11-03T23:12:30","slug":"jam","status":"publish","type":"page","link":"https:\/\/10motifs.com\/lt\/jam\/","title":{"rendered":"Jam"},"content":{"rendered":"\t\t<div data-elementor-type=\"wp-page\" data-elementor-id=\"25994\" class=\"elementor elementor-25994 elementor-21594\">\n\t\t\t\t<div class=\"wd-negative-gap elementor-element elementor-element-27fc6bb e-flex e-con-boxed e-con e-parent\" data-id=\"27fc6bb\" data-element_type=\"container\" data-e-type=\"container\">\n\t\t\t\t\t<div class=\"e-con-inner\">\n\t\t\t\t<div class=\"elementor-element elementor-element-d7ada2b wd-width-100 wd-nav-accordion-mb-on elementor-widget elementor-widget-wd_product_categories\" data-id=\"d7ada2b\" data-element_type=\"widget\" data-e-type=\"widget\" data-widget_type=\"wd_product_categories.default\">\n\t\t\t\t<div class=\"elementor-widget-container\">\n\t\t\t\t\t\t\t\t\t\t\t\t\t\t\n\t\t\t\t<div class=\"wd-cats-element\">\n\t\t\t\t\t<div class=\"wd-grid-g wd-cats products columns-4 elements-grid\" style=\"--wd-col-lg:4;--wd-col-md:4;--wd-col-sm:2;--wd-gap-lg:20px;--wd-gap-sm:10px;\">\n\t\t\t\t\t\t\t\t\t\t\t\t\t\n<div class=\"wd-col category-grid-item wd-cat cat-design-alt without-product-count wd-with-subcat product-category product first\" data-loop=\"1\">\n\t\n\t<div class=\"wd-cat-inner wrapp-category\">\n\t\t<div class=\"wd-cat-thumb category-image-wrapp\">\n\t\t\t<a class=\"wd-cat-image category-image\" href=\"https:\/\/10motifs.com\/lt\/produkto-kategorija\/vyrai\/vyriskos-pirstines\/\" aria-label=\"[\u00a0Pir\u0161tin\u0117s\u00a0]\">\n\t\t\t\t\n\t\t\t\t<img loading=\"lazy\" decoding=\"async\" width=\"700\" height=\"800\" src=\"https:\/\/10motifs.com\/wp-content\/uploads\/2024\/04\/image-34-700x800.jpg\" class=\"attachment-large size-large\" alt=\"\" srcset=\"https:\/\/10motifs.com\/wp-content\/uploads\/2024\/04\/image-34-700x800.jpg 700w, https:\/\/10motifs.com\/wp-content\/uploads\/2024\/04\/image-34-430x491.jpg 430w, https:\/\/10motifs.com\/wp-content\/uploads\/2024\/04\/image-34-150x171.jpg 150w, https:\/\/10motifs.com\/wp-content\/uploads\/2024\/04\/image-34-263x300.jpg 263w, https:\/\/10motifs.com\/wp-content\/uploads\/2024\/04\/image-34-768x878.jpg 768w, https:\/\/10motifs.com\/wp-content\/uploads\/2024\/04\/image-34-1344x1536.jpg 1344w, https:\/\/10motifs.com\/wp-content\/uploads\/2024\/04\/image-34-860x983.jpg 860w, https:\/\/10motifs.com\/wp-content\/uploads\/2024\/04\/image-34.jpg 1400w\" sizes=\"auto, (max-width: 700px) 100vw, 700px\" \/>\t\t\t<\/a>\n\t\t<\/div>\n\t\t<div class=\"wd-cat-content hover-mask\">\n\t\t\t<h3 class=\"wd-entities-title\">\n\t\t\t\t[\u00a0Pir\u0161tin\u0117s\u00a0]\t\t\t<\/h3>\n\n\t\t\t\n\t\t\t\t\t<\/div>\n\n\t\t\t\t<a class=\"wd-fill category-link\" href=\"https:\/\/10motifs.com\/lt\/produkto-kategorija\/vyrai\/vyriskos-pirstines\/\" aria-label=\"Product category vyriskos-pirstines\"><\/a>\n\t\t\t<\/div>\n\n\t<\/div>\n\t\t\t\t\t\t\t\t\t\t\t\t\t\n<div class=\"wd-col category-grid-item wd-cat cat-design-alt without-product-count wd-with-subcat product-category product\" data-loop=\"2\">\n\t\n\t<div class=\"wd-cat-inner wrapp-category\">\n\t\t<div class=\"wd-cat-thumb category-image-wrapp\">\n\t\t\t<a class=\"wd-cat-image category-image\" href=\"https:\/\/10motifs.com\/lt\/produkto-kategorija\/vyrai\/vyriski-megztiniai\/\" aria-label=\"[\u00a0Megztiniai\u00a0]\">\n\t\t\t\t\n\t\t\t\t<img loading=\"lazy\" decoding=\"async\" width=\"700\" height=\"800\" src=\"https:\/\/10motifs.com\/wp-content\/uploads\/2024\/04\/photo_2024-05-07-23.02-2-700x800.jpg\" class=\"attachment-large size-large\" alt=\"\" srcset=\"https:\/\/10motifs.com\/wp-content\/uploads\/2024\/04\/photo_2024-05-07-23.02-2-700x800.jpg 700w, https:\/\/10motifs.com\/wp-content\/uploads\/2024\/04\/photo_2024-05-07-23.02-2-430x491.jpg 430w, https:\/\/10motifs.com\/wp-content\/uploads\/2024\/04\/photo_2024-05-07-23.02-2-150x171.jpg 150w, https:\/\/10motifs.com\/wp-content\/uploads\/2024\/04\/photo_2024-05-07-23.02-2-263x300.jpg 263w, https:\/\/10motifs.com\/wp-content\/uploads\/2024\/04\/photo_2024-05-07-23.02-2-768x878.jpg 768w, https:\/\/10motifs.com\/wp-content\/uploads\/2024\/04\/photo_2024-05-07-23.02-2-1344x1536.jpg 1344w, https:\/\/10motifs.com\/wp-content\/uploads\/2024\/04\/photo_2024-05-07-23.02-2-860x983.jpg 860w, https:\/\/10motifs.com\/wp-content\/uploads\/2024\/04\/photo_2024-05-07-23.02-2.jpg 1400w\" sizes=\"auto, (max-width: 700px) 100vw, 700px\" \/>\t\t\t<\/a>\n\t\t<\/div>\n\t\t<div class=\"wd-cat-content hover-mask\">\n\t\t\t<h3 class=\"wd-entities-title\">\n\t\t\t\t[\u00a0Megztiniai\u00a0]\t\t\t<\/h3>\n\n\t\t\t\n\t\t\t\t\t<\/div>\n\n\t\t\t\t<a class=\"wd-fill category-link\" href=\"https:\/\/10motifs.com\/lt\/produkto-kategorija\/vyrai\/vyriski-megztiniai\/\" aria-label=\"Product category vyriski-megztiniai\"><\/a>\n\t\t\t<\/div>\n\n\t<\/div>\n\t\t\t\t\t\t\t\t\t\t\t\t\t\n<div class=\"wd-col category-grid-item wd-cat cat-design-alt without-product-count wd-with-subcat product-category product\" data-loop=\"3\">\n\t\n\t<div class=\"wd-cat-inner wrapp-category\">\n\t\t<div class=\"wd-cat-thumb category-image-wrapp\">\n\t\t\t<a class=\"wd-cat-image category-image\" href=\"https:\/\/10motifs.com\/lt\/produkto-kategorija\/vyrai\/vyriski-marskineliai\/\" aria-label=\"[\u00a0Mar\u0161kin\u0117liai\u00a0]\">\n\t\t\t\t\n\t\t\t\t<img loading=\"lazy\" decoding=\"async\" width=\"700\" height=\"800\" src=\"https:\/\/10motifs.com\/wp-content\/uploads\/2024\/04\/photo_2024-05-07-23.02-700x800.jpg\" class=\"attachment-large size-large\" alt=\"Vyri\u0161ki mar\u0161kin\u0117liai COEUR\" srcset=\"https:\/\/10motifs.com\/wp-content\/uploads\/2024\/04\/photo_2024-05-07-23.02-700x800.jpg 700w, https:\/\/10motifs.com\/wp-content\/uploads\/2024\/04\/photo_2024-05-07-23.02-430x491.jpg 430w, https:\/\/10motifs.com\/wp-content\/uploads\/2024\/04\/photo_2024-05-07-23.02-150x171.jpg 150w, https:\/\/10motifs.com\/wp-content\/uploads\/2024\/04\/photo_2024-05-07-23.02-263x300.jpg 263w, https:\/\/10motifs.com\/wp-content\/uploads\/2024\/04\/photo_2024-05-07-23.02-768x878.jpg 768w, https:\/\/10motifs.com\/wp-content\/uploads\/2024\/04\/photo_2024-05-07-23.02-1344x1536.jpg 1344w, https:\/\/10motifs.com\/wp-content\/uploads\/2024\/04\/photo_2024-05-07-23.02-860x983.jpg 860w, https:\/\/10motifs.com\/wp-content\/uploads\/2024\/04\/photo_2024-05-07-23.02.jpg 1400w\" sizes=\"auto, (max-width: 700px) 100vw, 700px\" \/>\t\t\t<\/a>\n\t\t<\/div>\n\t\t<div class=\"wd-cat-content hover-mask\">\n\t\t\t<h3 class=\"wd-entities-title\">\n\t\t\t\t[\u00a0Mar\u0161kin\u0117liai\u00a0]\t\t\t<\/h3>\n\n\t\t\t\n\t\t\t\t\t<\/div>\n\n\t\t\t\t<a class=\"wd-fill category-link\" href=\"https:\/\/10motifs.com\/lt\/produkto-kategorija\/vyrai\/vyriski-marskineliai\/\" aria-label=\"Product category vyriski-marskineliai\"><\/a>\n\t\t\t<\/div>\n\n\t<\/div>\n\t\t\t\t\t\t\t\t\t\t\t\t\t\n<div class=\"wd-col category-grid-item wd-cat cat-design-alt without-product-count wd-with-subcat product-category product last\" data-loop=\"4\">\n\t\n\t<div class=\"wd-cat-inner wrapp-category\">\n\t\t<div class=\"wd-cat-thumb category-image-wrapp\">\n\t\t\t<a class=\"wd-cat-image category-image\" href=\"https:\/\/10motifs.com\/lt\/produkto-kategorija\/vyrai\/vyriskos-kojines\/\" aria-label=\"[\u00a0Kojin\u0117s\u00a0]\">\n\t\t\t\t\n\t\t\t\t<img loading=\"lazy\" decoding=\"async\" width=\"700\" height=\"800\" src=\"https:\/\/10motifs.com\/wp-content\/uploads\/2024\/04\/img_9146-1-1-700x800.jpg\" class=\"attachment-large size-large\" alt=\"\" srcset=\"https:\/\/10motifs.com\/wp-content\/uploads\/2024\/04\/img_9146-1-1-700x800.jpg 700w, https:\/\/10motifs.com\/wp-content\/uploads\/2024\/04\/img_9146-1-1-430x491.jpg 430w, https:\/\/10motifs.com\/wp-content\/uploads\/2024\/04\/img_9146-1-1-150x171.jpg 150w, https:\/\/10motifs.com\/wp-content\/uploads\/2024\/04\/img_9146-1-1-263x300.jpg 263w, https:\/\/10motifs.com\/wp-content\/uploads\/2024\/04\/img_9146-1-1-768x878.jpg 768w, https:\/\/10motifs.com\/wp-content\/uploads\/2024\/04\/img_9146-1-1-1344x1536.jpg 1344w, https:\/\/10motifs.com\/wp-content\/uploads\/2024\/04\/img_9146-1-1-860x983.jpg 860w, https:\/\/10motifs.com\/wp-content\/uploads\/2024\/04\/img_9146-1-1.jpg 1400w\" sizes=\"auto, (max-width: 700px) 100vw, 700px\" \/>\t\t\t<\/a>\n\t\t<\/div>\n\t\t<div class=\"wd-cat-content hover-mask\">\n\t\t\t<h3 class=\"wd-entities-title\">\n\t\t\t\t[\u00a0Kojin\u0117s\u00a0]\t\t\t<\/h3>\n\n\t\t\t\n\t\t\t\t\t<\/div>\n\n\t\t\t\t<a class=\"wd-fill category-link\" href=\"https:\/\/10motifs.com\/lt\/produkto-kategorija\/vyrai\/vyriskos-kojines\/\" aria-label=\"Product category vyriskos-kojines\"><\/a>\n\t\t\t<\/div>\n\n\t<\/div>\n\t\t\t\t\t\t\t\t\t\t\t\t\t\n<div class=\"wd-col category-grid-item wd-cat cat-design-alt without-product-count wd-with-subcat product-category product first\" data-loop=\"5\">\n\t\n\t<div class=\"wd-cat-inner wrapp-category\">\n\t\t<div class=\"wd-cat-thumb category-image-wrapp\">\n\t\t\t<a class=\"wd-cat-image category-image\" href=\"https:\/\/10motifs.com\/lt\/produkto-kategorija\/vyrai\/vyriski-galvos-apdangalai\/\" aria-label=\"[\u00a0Galvos apdangalai\u00a0]\">\n\t\t\t\t\n\t\t\t\t<img loading=\"lazy\" decoding=\"async\" width=\"700\" height=\"800\" src=\"https:\/\/10motifs.com\/wp-content\/uploads\/2024\/04\/img_6557-700x800.jpg\" class=\"attachment-large size-large\" alt=\"\" srcset=\"https:\/\/10motifs.com\/wp-content\/uploads\/2024\/04\/img_6557-700x800.jpg 700w, https:\/\/10motifs.com\/wp-content\/uploads\/2024\/04\/img_6557-430x491.jpg 430w, https:\/\/10motifs.com\/wp-content\/uploads\/2024\/04\/img_6557-150x171.jpg 150w, https:\/\/10motifs.com\/wp-content\/uploads\/2024\/04\/img_6557-263x300.jpg 263w, https:\/\/10motifs.com\/wp-content\/uploads\/2024\/04\/img_6557-768x878.jpg 768w, https:\/\/10motifs.com\/wp-content\/uploads\/2024\/04\/img_6557-1344x1536.jpg 1344w, https:\/\/10motifs.com\/wp-content\/uploads\/2024\/04\/img_6557-860x983.jpg 860w, https:\/\/10motifs.com\/wp-content\/uploads\/2024\/04\/img_6557.jpg 1400w\" sizes=\"auto, (max-width: 700px) 100vw, 700px\" \/>\t\t\t<\/a>\n\t\t<\/div>\n\t\t<div class=\"wd-cat-content hover-mask\">\n\t\t\t<h3 class=\"wd-entities-title\">\n\t\t\t\t[\u00a0Galvos apdangalai\u00a0]\t\t\t<\/h3>\n\n\t\t\t\n\t\t\t\t\t<\/div>\n\n\t\t\t\t<a class=\"wd-fill category-link\" href=\"https:\/\/10motifs.com\/lt\/produkto-kategorija\/vyrai\/vyriski-galvos-apdangalai\/\" aria-label=\"Product category vyriski-galvos-apdangalai\"><\/a>\n\t\t\t<\/div>\n\n\t<\/div>\n\t\t\t\t\t\t\t\t\t\t\t\t\t\n<div class=\"wd-col category-grid-item wd-cat cat-design-alt without-product-count wd-with-subcat product-category product\" data-loop=\"6\">\n\t\n\t<div class=\"wd-cat-inner wrapp-category\">\n\t\t<div class=\"wd-cat-thumb category-image-wrapp\">\n\t\t\t<a class=\"wd-cat-image category-image\" href=\"https:\/\/10motifs.com\/lt\/produkto-kategorija\/vyrai\/vyriski-dzemperiai\/\" aria-label=\"[\u00a0D\u017eemperiai\u00a0]\">\n\t\t\t\t\n\t\t\t\t<img loading=\"lazy\" decoding=\"async\" width=\"700\" height=\"800\" src=\"https:\/\/10motifs.com\/wp-content\/uploads\/2024\/04\/photo_2024-04-30-00.03-2-700x800.jpg\" class=\"attachment-large size-large\" alt=\"\" srcset=\"https:\/\/10motifs.com\/wp-content\/uploads\/2024\/04\/photo_2024-04-30-00.03-2-700x800.jpg 700w, https:\/\/10motifs.com\/wp-content\/uploads\/2024\/04\/photo_2024-04-30-00.03-2-430x491.jpg 430w, https:\/\/10motifs.com\/wp-content\/uploads\/2024\/04\/photo_2024-04-30-00.03-2-150x171.jpg 150w, https:\/\/10motifs.com\/wp-content\/uploads\/2024\/04\/photo_2024-04-30-00.03-2-263x300.jpg 263w, https:\/\/10motifs.com\/wp-content\/uploads\/2024\/04\/photo_2024-04-30-00.03-2-768x878.jpg 768w, https:\/\/10motifs.com\/wp-content\/uploads\/2024\/04\/photo_2024-04-30-00.03-2-1344x1536.jpg 1344w, https:\/\/10motifs.com\/wp-content\/uploads\/2024\/04\/photo_2024-04-30-00.03-2-860x983.jpg 860w, https:\/\/10motifs.com\/wp-content\/uploads\/2024\/04\/photo_2024-04-30-00.03-2.jpg 1400w\" sizes=\"auto, (max-width: 700px) 100vw, 700px\" \/>\t\t\t<\/a>\n\t\t<\/div>\n\t\t<div class=\"wd-cat-content hover-mask\">\n\t\t\t<h3 class=\"wd-entities-title\">\n\t\t\t\t[\u00a0D\u017eemperiai\u00a0]\t\t\t<\/h3>\n\n\t\t\t\n\t\t\t\t\t<\/div>\n\n\t\t\t\t<a class=\"wd-fill category-link\" href=\"https:\/\/10motifs.com\/lt\/produkto-kategorija\/vyrai\/vyriski-dzemperiai\/\" aria-label=\"Product category vyriski-dzemperiai\"><\/a>\n\t\t\t<\/div>\n\n\t<\/div>\n\t\t\t\t\t\t\t\t\t\t\t<\/div>\n\t\t\t\t<\/div>\n\t\t\t\t\t\t\t\t\t\t\t<\/div>\n\t\t\t\t<\/div>\n\t\t\t\t\t<\/div>\n\t\t\t\t<\/div>\n\t\t\t\t<\/div>\n\t\t","protected":false},"excerpt":{"rendered":"<p>[\u0413\u043e\u043b\u043e\u0432\u043d\u044b\u0435 \u0443\u0431\u043e\u0440\u044b \u043c\u0443\u0436\u0441\u043a\u0438\u0435] (2) [ \u0424\u0443\u0442\u0431\u043e\u043b\u043a\u0438 \u043c\u0443\u0436\u0441\u043a\u0438\u0435 ] (2) [ \u0421\u0432\u0438\u0442\u0435\u0440\u0430 \u043c\u0443\u0436\u0441\u043a\u0438\u0435 ] (7) [ \u041d\u043e\u0441\u043a\u0438 \u043c\u0443\u0436\u0441\u043a\u0438\u0435 ] (2) [<\/p>\n","protected":false},"author":1,"featured_media":0,"parent":0,"menu_order":0,"comment_status":"closed","ping_status":"closed","template":"","meta":{"footnotes":""},"class_list":["post-25994","page","type-page","status-publish","hentry"],"yoast_head":"<!-- This site is optimized with the Yoast SEO plugin v27.3 - https:\/\/yoast.com\/product\/yoast-seo-wordpress\/ -->\n<title>Jam \u043a\u0443\u043f\u0438\u0442\u044c \u0441 \u0434\u043e\u0441\u0442\u0430\u0432\u043a\u043e\u0439 \u043f\u043e \u0415\u0432\u0440\u043e\u043f\u0435 \u0438 \u0421\u0428\u0410 \u2764\ufe0f 10motifs<\/title>\n<meta name=\"description\" content=\"Jam\" \/>\n<meta name=\"robots\" content=\"index, follow, max-snippet:-1, max-image-preview:large, max-video-preview:-1\" \/>\n<link rel=\"canonical\" href=\"https:\/\/10motifs.com\/lt\/jam\/\" \/>\n<meta property=\"og:locale\" content=\"lt_LT\" \/>\n<meta property=\"og:type\" content=\"article\" \/>\n<meta property=\"og:title\" content=\"Jam \u043a\u0443\u043f\u0438\u0442\u044c \u0441 \u0434\u043e\u0441\u0442\u0430\u0432\u043a\u043e\u0439 \u043f\u043e \u0415\u0432\u0440\u043e\u043f\u0435 \u0438 \u0421\u0428\u0410 \u2764\ufe0f 10motifs\" \/>\n<meta property=\"og:description\" content=\"Jam\" \/>\n<meta property=\"og:url\" content=\"https:\/\/10motifs.com\/lt\/jam\/\" \/>\n<meta property=\"og:site_name\" content=\"10motifs\" \/>\n<meta property=\"article:modified_time\" content=\"2024-11-03T23:12:30+00:00\" \/>\n<meta property=\"og:image\" content=\"http:\/\/10motifs.com\/wp-content\/uploads\/2024\/04\/img_6557-700x800.jpg\" \/>\n<meta name=\"twitter:card\" content=\"summary_large_image\" \/>\n<meta name=\"twitter:label1\" content=\"Est. reading time\" \/>\n\t<meta name=\"twitter:data1\" content=\"2 minut\u0117s\" \/>\n<script type=\"application\/ld+json\" class=\"yoast-schema-graph\">{\"@context\":\"https:\\\/\\\/schema.org\",\"@graph\":[{\"@type\":\"WebPage\",\"@id\":\"https:\\\/\\\/10motifs.com\\\/lt\\\/jam\\\/\",\"url\":\"https:\\\/\\\/10motifs.com\\\/lt\\\/jam\\\/\",\"name\":\"Jam \u043a\u0443\u043f\u0438\u0442\u044c \u0441 \u0434\u043e\u0441\u0442\u0430\u0432\u043a\u043e\u0439 \u043f\u043e \u0415\u0432\u0440\u043e\u043f\u0435 \u0438 \u0421\u0428\u0410 \u2764\ufe0f 10motifs\",\"isPartOf\":{\"@id\":\"https:\\\/\\\/10motifs.com\\\/lt\\\/#website\"},\"primaryImageOfPage\":{\"@id\":\"https:\\\/\\\/10motifs.com\\\/lt\\\/jam\\\/#primaryimage\"},\"image\":{\"@id\":\"https:\\\/\\\/10motifs.com\\\/lt\\\/jam\\\/#primaryimage\"},\"thumbnailUrl\":\"http:\\\/\\\/10motifs.com\\\/wp-content\\\/uploads\\\/2024\\\/04\\\/img_6557-700x800.jpg\",\"datePublished\":\"2024-05-07T19:13:43+00:00\",\"dateModified\":\"2024-11-03T23:12:30+00:00\",\"description\":\"Jam\",\"breadcrumb\":{\"@id\":\"https:\\\/\\\/10motifs.com\\\/lt\\\/jam\\\/#breadcrumb\"},\"inLanguage\":\"lt-LT\",\"potentialAction\":[{\"@type\":\"ReadAction\",\"target\":[\"https:\\\/\\\/10motifs.com\\\/lt\\\/jam\\\/\"]}]},{\"@type\":\"ImageObject\",\"inLanguage\":\"lt-LT\",\"@id\":\"https:\\\/\\\/10motifs.com\\\/lt\\\/jam\\\/#primaryimage\",\"url\":\"http:\\\/\\\/10motifs.com\\\/wp-content\\\/uploads\\\/2024\\\/04\\\/img_6557-700x800.jpg\",\"contentUrl\":\"http:\\\/\\\/10motifs.com\\\/wp-content\\\/uploads\\\/2024\\\/04\\\/img_6557-700x800.jpg\"},{\"@type\":\"BreadcrumbList\",\"@id\":\"https:\\\/\\\/10motifs.com\\\/lt\\\/jam\\\/#breadcrumb\",\"itemListElement\":[{\"@type\":\"ListItem\",\"position\":1,\"name\":\"Pagrindinis puslapis\",\"item\":\"https:\\\/\\\/10motifs.com\\\/lt\\\/\"},{\"@type\":\"ListItem\",\"position\":2,\"name\":\"Jam\"}]},{\"@type\":\"WebSite\",\"@id\":\"https:\\\/\\\/10motifs.com\\\/lt\\\/#website\",\"url\":\"https:\\\/\\\/10motifs.com\\\/lt\\\/\",\"name\":\"10motifs\",\"description\":\"Internetin\u0117 dizaineri\u0173 drabu\u017ei\u0173 parduotuv\u0117\",\"publisher\":{\"@id\":\"https:\\\/\\\/10motifs.com\\\/lt\\\/#organization\"},\"alternateName\":\"10motifs\",\"potentialAction\":[{\"@type\":\"SearchAction\",\"target\":{\"@type\":\"EntryPoint\",\"urlTemplate\":\"https:\\\/\\\/10motifs.com\\\/lt\\\/?s={search_term_string}\"},\"query-input\":{\"@type\":\"PropertyValueSpecification\",\"valueRequired\":true,\"valueName\":\"search_term_string\"}}],\"inLanguage\":\"lt-LT\"},{\"@type\":\"Organization\",\"@id\":\"https:\\\/\\\/10motifs.com\\\/lt\\\/#organization\",\"name\":\"10motifs\",\"alternateName\":\"10motifs\",\"url\":\"https:\\\/\\\/10motifs.com\\\/lt\\\/\",\"logo\":{\"@type\":\"ImageObject\",\"inLanguage\":\"lt-LT\",\"@id\":\"https:\\\/\\\/10motifs.com\\\/lt\\\/#\\\/schema\\\/logo\\\/image\\\/\",\"url\":\"https:\\\/\\\/10motifs.com\\\/wp-content\\\/uploads\\\/2024\\\/04\\\/cropped-img_6859.jpg\",\"contentUrl\":\"https:\\\/\\\/10motifs.com\\\/wp-content\\\/uploads\\\/2024\\\/04\\\/cropped-img_6859.jpg\",\"width\":512,\"height\":512,\"caption\":\"10motifs\"},\"image\":{\"@id\":\"https:\\\/\\\/10motifs.com\\\/lt\\\/#\\\/schema\\\/logo\\\/image\\\/\"},\"sameAs\":[\"https:\\\/\\\/www.instagram.com\\\/10motifs\\\/\"]}]}<\/script>\n<!-- \/ Yoast SEO plugin. -->","yoast_head_json":{"title":"Jam \u043a\u0443\u043f\u0438\u0442\u044c \u0441 \u0434\u043e\u0441\u0442\u0430\u0432\u043a\u043e\u0439 \u043f\u043e \u0415\u0432\u0440\u043e\u043f\u0435 \u0438 \u0421\u0428\u0410 \u2764\ufe0f 10motifs","description":"Jam","robots":{"index":"index","follow":"follow","max-snippet":"max-snippet:-1","max-image-preview":"max-image-preview:large","max-video-preview":"max-video-preview:-1"},"canonical":"https:\/\/10motifs.com\/lt\/jam\/","og_locale":"lt_LT","og_type":"article","og_title":"Jam \u043a\u0443\u043f\u0438\u0442\u044c \u0441 \u0434\u043e\u0441\u0442\u0430\u0432\u043a\u043e\u0439 \u043f\u043e \u0415\u0432\u0440\u043e\u043f\u0435 \u0438 \u0421\u0428\u0410 \u2764\ufe0f 10motifs","og_description":"Jam","og_url":"https:\/\/10motifs.com\/lt\/jam\/","og_site_name":"10motifs","article_modified_time":"2024-11-03T23:12:30+00:00","og_image":[{"url":"http:\/\/10motifs.com\/wp-content\/uploads\/2024\/04\/img_6557-700x800.jpg","type":"","width":"","height":""}],"twitter_card":"summary_large_image","twitter_misc":{"Est. reading time":"2 minut\u0117s"},"schema":{"@context":"https:\/\/schema.org","@graph":[{"@type":"WebPage","@id":"https:\/\/10motifs.com\/lt\/jam\/","url":"https:\/\/10motifs.com\/lt\/jam\/","name":"Jam \u043a\u0443\u043f\u0438\u0442\u044c \u0441 \u0434\u043e\u0441\u0442\u0430\u0432\u043a\u043e\u0439 \u043f\u043e \u0415\u0432\u0440\u043e\u043f\u0435 \u0438 \u0421\u0428\u0410 \u2764\ufe0f 10motifs","isPartOf":{"@id":"https:\/\/10motifs.com\/lt\/#website"},"primaryImageOfPage":{"@id":"https:\/\/10motifs.com\/lt\/jam\/#primaryimage"},"image":{"@id":"https:\/\/10motifs.com\/lt\/jam\/#primaryimage"},"thumbnailUrl":"http:\/\/10motifs.com\/wp-content\/uploads\/2024\/04\/img_6557-700x800.jpg","datePublished":"2024-05-07T19:13:43+00:00","dateModified":"2024-11-03T23:12:30+00:00","description":"Jam","breadcrumb":{"@id":"https:\/\/10motifs.com\/lt\/jam\/#breadcrumb"},"inLanguage":"lt-LT","potentialAction":[{"@type":"ReadAction","target":["https:\/\/10motifs.com\/lt\/jam\/"]}]},{"@type":"ImageObject","inLanguage":"lt-LT","@id":"https:\/\/10motifs.com\/lt\/jam\/#primaryimage","url":"http:\/\/10motifs.com\/wp-content\/uploads\/2024\/04\/img_6557-700x800.jpg","contentUrl":"http:\/\/10motifs.com\/wp-content\/uploads\/2024\/04\/img_6557-700x800.jpg"},{"@type":"BreadcrumbList","@id":"https:\/\/10motifs.com\/lt\/jam\/#breadcrumb","itemListElement":[{"@type":"ListItem","position":1,"name":"Pagrindinis puslapis","item":"https:\/\/10motifs.com\/lt\/"},{"@type":"ListItem","position":2,"name":"Jam"}]},{"@type":"WebSite","@id":"https:\/\/10motifs.com\/lt\/#website","url":"https:\/\/10motifs.com\/lt\/","name":"10motifs","description":"Internetin\u0117 dizaineri\u0173 drabu\u017ei\u0173 parduotuv\u0117","publisher":{"@id":"https:\/\/10motifs.com\/lt\/#organization"},"alternateName":"10motifs","potentialAction":[{"@type":"SearchAction","target":{"@type":"EntryPoint","urlTemplate":"https:\/\/10motifs.com\/lt\/?s={search_term_string}"},"query-input":{"@type":"PropertyValueSpecification","valueRequired":true,"valueName":"search_term_string"}}],"inLanguage":"lt-LT"},{"@type":"Organization","@id":"https:\/\/10motifs.com\/lt\/#organization","name":"10motifs","alternateName":"10motifs","url":"https:\/\/10motifs.com\/lt\/","logo":{"@type":"ImageObject","inLanguage":"lt-LT","@id":"https:\/\/10motifs.com\/lt\/#\/schema\/logo\/image\/","url":"https:\/\/10motifs.com\/wp-content\/uploads\/2024\/04\/cropped-img_6859.jpg","contentUrl":"https:\/\/10motifs.com\/wp-content\/uploads\/2024\/04\/cropped-img_6859.jpg","width":512,"height":512,"caption":"10motifs"},"image":{"@id":"https:\/\/10motifs.com\/lt\/#\/schema\/logo\/image\/"},"sameAs":["https:\/\/www.instagram.com\/10motifs\/"]}]}},"_links":{"self":[{"href":"https:\/\/10motifs.com\/lt\/wp-json\/wp\/v2\/pages\/25994","targetHints":{"allow":["GET"]}}],"collection":[{"href":"https:\/\/10motifs.com\/lt\/wp-json\/wp\/v2\/pages"}],"about":[{"href":"https:\/\/10motifs.com\/lt\/wp-json\/wp\/v2\/types\/page"}],"author":[{"embeddable":true,"href":"https:\/\/10motifs.com\/lt\/wp-json\/wp\/v2\/users\/1"}],"replies":[{"embeddable":true,"href":"https:\/\/10motifs.com\/lt\/wp-json\/wp\/v2\/comments?post=25994"}],"version-history":[{"count":2,"href":"https:\/\/10motifs.com\/lt\/wp-json\/wp\/v2\/pages\/25994\/revisions"}],"predecessor-version":[{"id":25996,"href":"https:\/\/10motifs.com\/lt\/wp-json\/wp\/v2\/pages\/25994\/revisions\/25996"}],"wp:attachment":[{"href":"https:\/\/10motifs.com\/lt\/wp-json\/wp\/v2\/media?parent=25994"}],"curies":[{"name":"wp","href":"https:\/\/api.w.org\/{rel}","templated":true}]}}